{"id":9757,"date":"2018-06-18T21:17:08","date_gmt":"2018-06-18T19:17:08","guid":{"rendered":"http:\/\/culturesconnection.com\/?page_id=9757"},"modified":"2022-06-03T02:17:19","modified_gmt":"2022-06-03T00:17:19","slug":"servicos-de-traducao-medica","status":"publish","type":"page","link":"https:\/\/culturesconnection.com\/pt-br\/servicos-de-traducao-medica\/","title":{"rendered":"Nossos Servi\u00e7os de Tradu\u00e7\u00e3o M\u00e9dica"},"content":{"rendered":"\n<h2 class=\"wp-block-heading\">Tradu\u00e7\u00e3o m\u00e9dica: precis\u00e3o acima de tudo<\/h2>\n\n\n\n<p>Documentos m\u00e9dicos desenvolvem ideias t\u00e9cnicas por meio de termos precisos e espec\u00edficos. Esta terminologia deve ser respeitada a todo custo. Al\u00e9m disso, a <strong>tradu\u00e7\u00e3o m\u00e9dica baseia-se em muitas \u00e1reas diferentes de especializa\u00e7\u00e3o<\/strong>. Portanto, \u00e9 necess\u00e1rio encontrar um especialista qualificado e experiente para trabalhar em seu projeto. Da mesma forma que voc\u00ea iria a um cardiologista para um problema de cora\u00e7\u00e3o, voc\u00ea precisa de um <a href=\"https:\/\/culturesconnection.com\/pt-br\/servicos-de-traducao\/\">tradutor especializado<\/a> na \u00e1rea abrangida em seu documento para fazer sua tradu\u00e7\u00e3o. N\u00e3o confiar sua tradu\u00e7\u00e3o a um especialista seria como entrar em contato com um cl\u00ednico geral para realizar uma cirurgia. Ciente dos desafios envolvidos por qualquer tradu\u00e7\u00e3o m\u00e9dica, nossa ag\u00eancia de tradu\u00e7\u00e3o m\u00e9dica designar\u00e1 o profissional mais adequado ao seu projeto.<\/p>\n\n\n\n<h2 class=\"wp-block-heading\">Tradu\u00e7\u00e3o m\u00e9dica e farmac\u00eautica<\/h2>\n\n\n\n<p>No campo da tradu\u00e7\u00e3o m\u00e9dica e farmac\u00eautica, erros e imprecis\u00f5es s\u00e3o inaceit\u00e1veis. Eles podem causar consequ\u00eancias graves em termos de sa\u00fade, custo e credibilidade. Seja uma <strong>brochura m\u00e9dica, um trabalho de interesse geral, um folheto ou a dosagem para um novo produto<\/strong>, somente um especialista pode fazer esse tipo de tradu\u00e7\u00e3o.<\/p>\n\n\n\n<h2 class=\"wp-block-heading\">Nossa ag\u00eancia de tradu\u00e7\u00e3o m\u00e9dica<\/h2>\n\n\n\n<p>Ao longo dos anos, <a href=\"https:\/\/culturesconnection.com\/pt-br\/\">Cultures Connection<\/a> tem trabalhado com uma <a href=\"https:\/\/culturesconnection.com\/pt-br\/tradutor-profissional\/\">extensa rede de tradutores profissionais<\/a> m\u00e9dicos. O processo de recrutamento \u00e9 extremamente rigoroso: eles s\u00e3o selecionados com base em suas qualifica\u00e7\u00f5es, sua experi\u00eancia e tamb\u00e9m seu idioma e habilidade t\u00e9cnica. Eles s\u00e3o testados regularmente durante a sua parceria com a nossa empresa de tradu\u00e7\u00e3o a fim de fornecer servi\u00e7os de alta qualidade. Eles s\u00e3o todos excelentes linguistas que desenvolveram com perfei\u00e7\u00e3o suas l\u00ednguas de trabalho e conhecem como a palma da sua m\u00e3o os regulamentos dos pa\u00edses visados pelos seus documentos m\u00e9dicos e farmac\u00eauticos.&nbsp;&nbsp;<\/p>\n\n\n\n<h2 class=\"wp-block-heading\">Tradu\u00e7\u00e3o de documentos m\u00e9dicos: uma ampla gama de escolhas<\/h2>\n\n\n\n<p>Aqui est\u00e1 uma lista n\u00e3o exaustiva das tradu\u00e7\u00f5es m\u00e9dicas que lidamos todos os dias:<\/p>\n\n\n\n<ul class=\"wp-block-list\"><li>Revistas<\/li><li>Relat\u00f3rios de confer\u00eancia<\/li><li>Publica\u00e7\u00f5es<\/li><li>Relat\u00f3rios de projeto e pesquisa<\/li><li>Resultados de estudos e relat\u00f3rios de novas pesquisas<\/li><li>Obras de interesse geral<\/li><li>Relat\u00f3rios de auditoria<\/li><li>Folhetos<\/li><li>Dosagens para novos produtos<\/li><li>Resultados de ensaios cl\u00ednicos<\/li><li>Regulamenta\u00e7\u00e3o farmac\u00eautica<\/li><li>Relat\u00f3rios m\u00e9dicos<\/li><\/ul>\n\n\n\n<h2 class=\"wp-block-heading\">Nossas \u00faltimas tradu\u00e7\u00f5es m\u00e9dicas<\/h2>\n\n\n\n<p>Em breve&#8230;<\/p>\n\n\n\n<p><img decoding=\"async\" src=\"https:\/\/upload.wikimedia.org\/wikipedia\/commons\/thumb\/8\/8d\/U%2B2192.svg\/25px-U%2B2192.svg.png\" alt=\"U + 2192.svg\">&nbsp;Encontre mais projetos<\/p>\n\n\n\n<h2 class=\"wp-block-heading\">Tradu\u00e7\u00e3o m\u00e9dica em todos os idiomas<\/h2>\n\n\n\n<ul class=\"wp-block-list\"><li><a href=\"https:\/\/culturesconnection.com\/pt-br\/servicos-de-traducao-medica-em-frances\/\">Tradu\u00e7\u00e3o m\u00e9dica em franc\u00eas<\/a><\/li><li><a href=\"https:\/\/culturesconnection.com\/pt-br\/servicos-de-traducao-medica-em-espanhol\/\">Tradu\u00e7\u00e3o m\u00e9dica em espanhol<\/a><\/li><li><a href=\"https:\/\/culturesconnection.com\/pt-br\/servicos-de-traducao-medica-em-alemao\/\">Tradu\u00e7\u00e3o m\u00e9dica em alem\u00e3o<\/a><\/li><li><a href=\"https:\/\/culturesconnection.com\/pt-br\/servicos-de-traducao-de-medicina-em-chines\/\">Tradu\u00e7\u00e3o m\u00e9dica em chin\u00eas<\/a><\/li><li><a href=\"https:\/\/culturesconnection.com\/pt-br\/servicos-de-traducao-medica-em-arabe\/\">Tradu\u00e7\u00e3o m\u00e9dica em \u00e1rabe<\/a><\/li><li><a href=\"https:\/\/culturesconnection.com\/pt-br\/servicos-de-traducao-medica-em-italiano\/\">Tradu\u00e7\u00e3o m\u00e9dica em italiano<\/a><\/li><li><a href=\"https:\/\/culturesconnection.com\/pt-br\/servicos-de-traducao-medica-em-holandes\/\">Tradu\u00e7\u00e3o m\u00e9dica em holand\u00eas<\/a><\/li><li><a href=\"https:\/\/culturesconnection.com\/pt-br\/servicos-de-traducao-medica-em-turco\/\">Tradu\u00e7\u00e3o m\u00e9dica em turco<\/a><\/li><li><a href=\"https:\/\/culturesconnection.com\/pt-br\/servicos-de-traducao-medica-em-japones\/\">Tradu\u00e7\u00e3o m\u00e9dica em japon\u00eas<\/a><\/li><li><a href=\"https:\/\/culturesconnection.com\/pt-br\/servicos-de-traducao-medica-em-russo\/\">Tradu\u00e7\u00e3o m\u00e9dica em russo<\/a><\/li><\/ul>\n","protected":false},"excerpt":{"rendered":"<p>Tradu\u00e7\u00e3o m\u00e9dica: precis\u00e3o acima de tudo Documentos m\u00e9dicos desenvolvem ideias t\u00e9cnicas por meio de termos precisos e espec\u00edficos. Esta terminologia deve ser respeitada a todo [&#8230;]<\/p>\n<p><a class=\"btn btn-secondary understrap-read-more-link\" href=\"https:\/\/culturesconnection.com\/pt-br\/servicos-de-traducao-medica\/\">Leia mais&#8230;<span class=\"screen-reader-text\"> from Nossos Servi\u00e7os de Tradu\u00e7\u00e3o M\u00e9dica<\/span><\/a><\/p>\n","protected":false},"author":22,"featured_media":25993,"parent":0,"menu_order":0,"comment_status":"closed","ping_status":"closed","template":"","meta":{"_acf_changed":false,"_editorskit_title_hidden":false,"_editorskit_reading_time":0,"_editorskit_is_block_options_detached":false,"_editorskit_block_options_position":"{}","footnotes":""},"class_list":["post-9757","page","type-page","status-publish","has-post-thumbnail","hentry"],"acf":[],"_links":{"self":[{"href":"https:\/\/culturesconnection.com\/pt-br\/wp-json\/wp\/v2\/pages\/9757","targetHints":{"allow":["GET"]}}],"collection":[{"href":"https:\/\/culturesconnection.com\/pt-br\/wp-json\/wp\/v2\/pages"}],"about":[{"href":"https:\/\/culturesconnection.com\/pt-br\/wp-json\/wp\/v2\/types\/page"}],"author":[{"embeddable":true,"href":"https:\/\/culturesconnection.com\/pt-br\/wp-json\/wp\/v2\/users\/22"}],"replies":[{"embeddable":true,"href":"https:\/\/culturesconnection.com\/pt-br\/wp-json\/wp\/v2\/comments?post=9757"}],"version-history":[{"count":0,"href":"https:\/\/culturesconnection.com\/pt-br\/wp-json\/wp\/v2\/pages\/9757\/revisions"}],"wp:featuredmedia":[{"embeddable":true,"href":"https:\/\/culturesconnection.com\/pt-br\/wp-json\/wp\/v2\/media\/25993"}],"wp:attachment":[{"href":"https:\/\/culturesconnection.com\/pt-br\/wp-json\/wp\/v2\/media?parent=9757"}],"curies":[{"name":"wp","href":"https:\/\/api.w.org\/{rel}","templated":true}]}}