{"id":9755,"date":"2018-06-18T21:27:04","date_gmt":"2018-06-18T19:27:04","guid":{"rendered":"http:\/\/culturesconnection.com\/?page_id=9755"},"modified":"2022-06-03T02:46:52","modified_gmt":"2022-06-03T00:46:52","slug":"servicos-de-traducao-juridica","status":"publish","type":"page","link":"https:\/\/culturesconnection.com\/pt-br\/servicos-de-traducao-juridica\/","title":{"rendered":"Nossos Servi\u00e7os de Tradu\u00e7\u00e3o Jur\u00eddica"},"content":{"rendered":"\n<h2 class=\"wp-block-heading\">Tradu\u00e7\u00e3o de documentos jur\u00eddicos: Experi\u00eancia e conhecimento<\/h2>\n\n\n\n<p>Tradu\u00e7\u00e3o jur\u00eddica \u00e9 um exerc\u00edcio intelectual complexo. Alguns conceitos jur\u00eddicos e termos, por exemplo, n\u00e3o s\u00e3o compartilhados por cada pa\u00eds\/jurisdi\u00e7\u00e3o e n\u00e3o t\u00eam nenhum equivalente. Um profundo conhecimento das quest\u00f5es jur\u00eddicas em torno dos textos de origem e destino \u00e9, portanto, essencial para n\u00e3o mencionar que cada erro de tradu\u00e7\u00e3o pode ter consequ\u00eancias graves, especialmente em direito corporativo. Desnecess\u00e1rio repetir que, em mat\u00e9ria jur\u00eddica, a linguagem usada e sua exatid\u00e3o s\u00e3o de extrema import\u00e2ncia<\/p>\n\n\n\n<h2 class=\"wp-block-heading\">Nossa ag\u00eancia de tradu\u00e7\u00e3o jur\u00eddica<\/h2>\n\n\n\n<p>Escolher nossa <strong>empresa de tradu\u00e7\u00e3o jur\u00eddica<\/strong> \u00e9 escolher a garantia de tradu\u00e7\u00f5es confi\u00e1veis, precisas e r\u00e1pidas. Na <a href=\"https:\/\/culturesconnection.com\/pt-br\/\">Cultures Connection<\/a>, temos ampla experi\u00eancia na tradu\u00e7\u00e3o de uma grande variedade de documentos legais. Mantemos nossos padr\u00f5es rigorosamente elevados na tradu\u00e7\u00e3o de documentos legais, atribuindo o trabalho de tradu\u00e7\u00e3o somente para nossa equipe de profissionais de tradu\u00e7\u00e3o jur\u00eddica. <a href=\"https:\/\/culturesconnection.com\/pt-br\/tradutor-profissional\/\">Nossos tradutores e revisores<\/a> tem tamb\u00e9m ampla experi\u00eancia trabalhando no setor jur\u00eddico, ou foram submetidos a treinamento de tradu\u00e7\u00e3o jur\u00eddica completa. Por esta raz\u00e3o, este tipo de <a href=\"https:\/\/culturesconnection.com\/pt-br\/servicos-de-traducao\/\">servi\u00e7o de tradu\u00e7\u00e3o<\/a> \u00e9 geralmente mais caro que a tradu\u00e7\u00e3o de textos menos complexos.<\/p>\n\n\n\n<h2 class=\"wp-block-heading\">Gloss\u00e1rios de termos jur\u00eddicos<\/h2>\n\n\n\n<p>Nossa equipe de tradutores jur\u00eddicos tamb\u00e9m constr\u00f3i e mant\u00e9m <strong>gloss\u00e1rios de termos jur\u00eddicos<\/strong>. Para nossos clientes regulares, esses gloss\u00e1rios&nbsp;re\u00fanem a terminologia ou jarg\u00e3o espec\u00edficos para o seu neg\u00f3cio. Esta aten\u00e7\u00e3o meticulosa aos detalhes lingu\u00edstico e jur\u00eddico nos permitiu desenvolver fortes relacionamentos de longo prazo com grandes firmas jur\u00eddicas, bem como com os departamentos jur\u00eddicos e de contratos de um n\u00famero crescente de empresas multinacionais.<\/p>\n\n\n\n<h2 class=\"wp-block-heading\">Servi\u00e7os de tradu\u00e7\u00e3o jur\u00eddica<\/h2>\n\n\n\n<p>A seguir est\u00e3o alguns exemplos de documentos que a Cultures Connection traduz:<\/p>\n\n\n\n<ul class=\"wp-block-list\"><li>Contratos comerciais, acordos de venda, contratos de trabalho, acordos de distribui\u00e7\u00e3o<\/li><li>Cl\u00e1usulas de n\u00e3o concorr\u00eancia e n\u00e3o-confidencialidade<\/li><li>Termos e condi\u00e7\u00f5es<\/li><li>Regulamentos<\/li><li>Reclama\u00e7\u00f5es<\/li><li>Procura\u00e7\u00f5es<\/li><li>Arquivos de im\u00f3veis<\/li><li>Procedimentos criminais<\/li><li>Processo de div\u00f3rcio<\/li><li>Liberta\u00e7\u00e3o legal<\/li><li>Cartas de inten\u00e7\u00e3o<\/li><li>Estatutos da empresa<\/li><li>Relat\u00f3rios de pesquisa<\/li><li>E muito mais&#8230;<\/li><\/ul>\n\n\n\n<h2 class=\"wp-block-heading\">Nossas \u00faltimas tradu\u00e7\u00f5es jur\u00eddicas<\/h2>\n\n\n\n<ul class=\"wp-block-list\"><li>Tradu\u00e7\u00e3o franc\u00eas-ingl\u00eas, contrato de trabalho<\/li><\/ul>\n\n\n\n<h2 class=\"wp-block-heading\">Tradu\u00e7\u00e3o jur\u00eddica em todos os idiomas<\/h2>\n\n\n\n<ul class=\"wp-block-list\"><li><a href=\"https:\/\/culturesconnection.com\/pt-br\/servicos-de-traducao-juridica-em-frances\/\">Tradu\u00e7\u00e3o jur\u00eddica em franc\u00eas<\/a><\/li><li><a href=\"https:\/\/culturesconnection.com\/pt-br\/servicos-de-traducao-juridica-em-espanhol\/\">Tradu\u00e7\u00e3o jur\u00eddica em espanhol<\/a><\/li><li><a href=\"https:\/\/culturesconnection.com\/pt-br\/servicos-de-traducao-juridica-em-alemao\/\">Tradu\u00e7\u00e3o jur\u00eddica em alem\u00e3o<\/a><\/li><li><a href=\"https:\/\/culturesconnection.com\/pt-br\/servicos-de-traducao-juridica-em-chines\/\">Tradu\u00e7\u00e3o jur\u00eddica em chin\u00eas<\/a><\/li><li><a href=\"https:\/\/culturesconnection.com\/pt-br\/servicos-de-traducao-juridica-em-arabe\/\">Tradu\u00e7\u00e3o jur\u00eddica em \u00e1rabe<\/a><\/li><li><a href=\"https:\/\/culturesconnection.com\/pt-br\/servicos-de-traducao-juridica-em-italiano\/\">Tradu\u00e7\u00e3o jur\u00eddica em italiano<\/a><\/li><li><a href=\"https:\/\/culturesconnection.com\/pt-br\/servicos-de-traducao-juridica-em-holandes\/\">Tradu\u00e7\u00e3o jur\u00eddica em holand\u00eas<\/a><\/li><li><a href=\"https:\/\/culturesconnection.com\/pt-br\/servicos-de-traducao-juridica-em-turco\/\">Tradu\u00e7\u00e3o jur\u00eddica em turco<\/a><\/li><li><a href=\"https:\/\/culturesconnection.com\/pt-br\/servicos-de-traducao-juridica-em-japones\/\">Tradu\u00e7\u00e3o jur\u00eddica em japon\u00eas<\/a><\/li><li><a href=\"https:\/\/culturesconnection.com\/pt-br\/servicos-de-traducao-juridica-em-russo\/\">Tradu\u00e7\u00e3o jur\u00eddica em russo<\/a><\/li><\/ul>\n","protected":false},"excerpt":{"rendered":"<p>Tradu\u00e7\u00e3o de documentos jur\u00eddicos: Experi\u00eancia e conhecimento Tradu\u00e7\u00e3o jur\u00eddica \u00e9 um exerc\u00edcio intelectual complexo. Alguns conceitos jur\u00eddicos e termos, por exemplo, n\u00e3o s\u00e3o compartilhados por [&#8230;]<\/p>\n<p><a class=\"btn btn-secondary understrap-read-more-link\" href=\"https:\/\/culturesconnection.com\/pt-br\/servicos-de-traducao-juridica\/\">Leia mais&#8230;<span class=\"screen-reader-text\"> from Nossos Servi\u00e7os de Tradu\u00e7\u00e3o Jur\u00eddica<\/span><\/a><\/p>\n","protected":false},"author":22,"featured_media":25996,"parent":0,"menu_order":0,"comment_status":"closed","ping_status":"closed","template":"","meta":{"_acf_changed":false,"_editorskit_title_hidden":false,"_editorskit_reading_time":0,"_editorskit_is_block_options_detached":false,"_editorskit_block_options_position":"{}","footnotes":""},"class_list":["post-9755","page","type-page","status-publish","has-post-thumbnail","hentry"],"acf":[],"_links":{"self":[{"href":"https:\/\/culturesconnection.com\/pt-br\/wp-json\/wp\/v2\/pages\/9755","targetHints":{"allow":["GET"]}}],"collection":[{"href":"https:\/\/culturesconnection.com\/pt-br\/wp-json\/wp\/v2\/pages"}],"about":[{"href":"https:\/\/culturesconnection.com\/pt-br\/wp-json\/wp\/v2\/types\/page"}],"author":[{"embeddable":true,"href":"https:\/\/culturesconnection.com\/pt-br\/wp-json\/wp\/v2\/users\/22"}],"replies":[{"embeddable":true,"href":"https:\/\/culturesconnection.com\/pt-br\/wp-json\/wp\/v2\/comments?post=9755"}],"version-history":[{"count":0,"href":"https:\/\/culturesconnection.com\/pt-br\/wp-json\/wp\/v2\/pages\/9755\/revisions"}],"wp:featuredmedia":[{"embeddable":true,"href":"https:\/\/culturesconnection.com\/pt-br\/wp-json\/wp\/v2\/media\/25996"}],"wp:attachment":[{"href":"https:\/\/culturesconnection.com\/pt-br\/wp-json\/wp\/v2\/media?parent=9755"}],"curies":[{"name":"wp","href":"https:\/\/api.w.org\/{rel}","templated":true}]}}