{"id":9754,"date":"2018-06-18T21:27:06","date_gmt":"2018-06-18T19:27:06","guid":{"rendered":"http:\/\/culturesconnection.com\/?page_id=9754"},"modified":"2022-06-03T18:29:27","modified_gmt":"2022-06-03T16:29:27","slug":"servicos-de-traducao-financeira","status":"publish","type":"page","link":"https:\/\/culturesconnection.com\/pt-br\/servicos-de-traducao-financeira\/","title":{"rendered":"Nossos Servi\u00e7os de Tradu\u00e7\u00e3o Financeira"},"content":{"rendered":"\n<h2 class=\"wp-block-heading\">Servi\u00e7os de tradu\u00e7\u00e3o financeira: uma quest\u00e3o de precis\u00e3o<\/h2>\n\n\n\n<p>A tradu\u00e7\u00e3o financeira requer um conhecimento aprofundado e exato do assunto e uma flu\u00eancia perfeita da terminologia relacionada. A experi\u00eancia de profissionais que entendem a complexidade dos documentos financeiros \u00e9 essencial. Qualquer erro na tradu\u00e7\u00e3o da an\u00e1lise de informa\u00e7\u00f5es financeiras podem induzir \u00e0 incompreens\u00f5es por parte do leitor e acabar\u00e1 por afetar seu processo de tomada de decis\u00e3o. Nossa <a href=\"https:\/\/culturesconnection.com\/pt-br\/\">ag\u00eancia de tradu\u00e7\u00e3o<\/a>, consciente das consequ\u00eancias \u00e0s vezes desastrosas que podem resultar de tradu\u00e7\u00f5es imprecisas, seleciona tradutores profissionais especializados em tradu\u00e7\u00e3o financeira para seus projetos, com base em sua gradua\u00e7\u00e3o e experi\u00eancia. &nbsp;A escolha de Cultures Connection \u00e9 a garantia de <strong>tradu\u00e7\u00e3o financeira profissional de alta qualidade<\/strong>.<\/p>\n\n\n\n<h2 class=\"wp-block-heading\">Tradu\u00e7\u00e3o de documentos financeiros<\/h2>\n\n\n\n<p>A tradu\u00e7\u00e3o financeira e econ\u00f4mica abrange uma ampla gama de documentos: documentos-chave de informa\u00e7\u00e3o ao investidor, prospectos, relat\u00f3rios de fundos de investimento, relat\u00f3rios de atividades, balan\u00e7os, documentos de bolsa de valores, documentos banc\u00e1rios, boletins informativos financeiros, documentos de pesquisa, documentos de gest\u00e3o de riscos e ativos, relat\u00f3rios de auditoria ou textos de fus\u00f5es e aquisi\u00e7\u00f5es.<\/p>\n\n\n\n<p>A tradu\u00e7\u00e3o de documentos financeiros \u00e9 um exerc\u00edcio delicado, devido \u00e0 especificidade do vocabul\u00e1rio financeiro. A necessidade de profissionais especializados \u00e9 crucial para um servi\u00e7o de alta qualidade. Nossa empresa de tradu\u00e7\u00e3o se baseia em uma <a href=\"https:\/\/culturesconnection.com\/pt-br\/tradutor-profissional\/\">vasta rede de tradutores profissionais<\/a> rigorosamente selecionados com base na sua experi\u00eancia e diplomas.<\/p>\n\n\n\n<h2 class=\"wp-block-heading\">Tradu\u00e7\u00e3o de documentos de seguros: uma disciplina relacionada<\/h2>\n\n\n\n<p>Cultures Connection fornece <a href=\"https:\/\/culturesconnection.com\/pt-br\/servicos-de-traducao\/\">servi\u00e7os de tradu\u00e7\u00e3o<\/a> especializada para a ind\u00fastria de seguros. Tradu\u00e7\u00f5es precisas s\u00e3o essenciais neste campo. N\u00e3o s\u00f3 elas poderiam afetar sua capacidade de obter novos clientes, elas tamb\u00e9m poderiam afetar sua cobertura. Uma tradu\u00e7\u00e3o de documentos de seguros de m\u00e1 qualidade n\u00e3o s\u00f3 pode impedir a obten\u00e7\u00e3o de novos clientes como tamb\u00e9m pode afetar as garantias dadas a eles. As conseq\u00fc\u00eancias podem ser financeiramente significativas.<\/p>\n\n\n\n<p>Os documentos de seguros s\u00e3o transversais e cont\u00eam n\u00e3o s\u00f3 informa\u00e7\u00f5es sobre condi\u00e7\u00f5es e dados de seguros, mas tamb\u00e9m informa\u00e7\u00f5es legais, financeiras, m\u00e9dicas e outras, muitas vezes de natureza muito espec\u00edfica.<\/p>\n\n\n\n<h2 class=\"wp-block-heading\">Tradu\u00e7\u00e3o financeira em todos os idiomas<\/h2>\n\n\n\n<ul class=\"wp-block-list\"><li><a href=\"https:\/\/culturesconnection.com\/pt-br\/servicos-de-traducao-financeira-em-frances\/\">Tradu\u00e7\u00e3o financeira em franc\u00eas<\/a><\/li><li><a href=\"https:\/\/culturesconnection.com\/pt-br\/servicos-de-traducao-financeira-em-espanhol\/\">Tradu\u00e7\u00e3o financeira em espanhol<\/a><\/li><li><a href=\"https:\/\/culturesconnection.com\/pt-br\/servicos-de-traducao-financeira-em-alemao\/\">Tradu\u00e7\u00e3o financeira em alem\u00e3o<\/a><\/li><li><a href=\"https:\/\/culturesconnection.com\/pt-br\/servicos-de-traducao-financeira-chinesa\/\">Tradu\u00e7\u00e3o financeira em chin\u00eas<\/a><\/li><li><a href=\"https:\/\/culturesconnection.com\/pt-br\/servicos-de-traducao-financeira-arabe\/\">Tradu\u00e7\u00e3o financeira em \u00e1rabe<\/a><\/li><li><a href=\"https:\/\/culturesconnection.com\/pt-br\/nossos-servicos-de-traducao-financeira-em-ingles\/\">Tradu\u00e7\u00e3o financeira em ingl\u00eas<\/a><\/li><li><a href=\"https:\/\/culturesconnection.com\/pt-br\/servicos-de-traducao-financeira-em-italiano\/\">Tradu\u00e7\u00e3o financeira em italiano<\/a><\/li><li><a href=\"https:\/\/culturesconnection.com\/pt-br\/servicos-de-traducao-financeira-em-holandes\/\">Tradu\u00e7\u00e3o financeira em holand\u00eas<\/a><\/li><li><a href=\"https:\/\/culturesconnection.com\/pt-br\/servicos-de-traducao-financeira-em-turco\/\">Tradu\u00e7\u00e3o financeira em turco<\/a><\/li><li><a href=\"https:\/\/culturesconnection.com\/pt-br\/servicos-de-traducao-financeira-em-japones\/\">Tradu\u00e7\u00e3o financeira em japon\u00eas<\/a><\/li><li><a href=\"https:\/\/culturesconnection.com\/pt-br\/servicos-de-traducao-financeira-em-russo\/\">Tradu\u00e7\u00e3o financeira em russo<\/a><\/li><\/ul>\n","protected":false},"excerpt":{"rendered":"<p>Servi\u00e7os de tradu\u00e7\u00e3o financeira: uma quest\u00e3o de precis\u00e3o A tradu\u00e7\u00e3o financeira requer um conhecimento aprofundado e exato do assunto e uma flu\u00eancia perfeita da terminologia [&#8230;]<\/p>\n<p><a class=\"btn btn-secondary understrap-read-more-link\" href=\"https:\/\/culturesconnection.com\/pt-br\/servicos-de-traducao-financeira\/\">Leia mais&#8230;<span class=\"screen-reader-text\"> from Nossos Servi\u00e7os de Tradu\u00e7\u00e3o Financeira<\/span><\/a><\/p>\n","protected":false},"author":22,"featured_media":22967,"parent":0,"menu_order":0,"comment_status":"closed","ping_status":"closed","template":"","meta":{"_acf_changed":false,"_editorskit_title_hidden":false,"_editorskit_reading_time":0,"_editorskit_is_block_options_detached":false,"_editorskit_block_options_position":"{}","footnotes":""},"class_list":["post-9754","page","type-page","status-publish","has-post-thumbnail","hentry"],"acf":[],"_links":{"self":[{"href":"https:\/\/culturesconnection.com\/pt-br\/wp-json\/wp\/v2\/pages\/9754","targetHints":{"allow":["GET"]}}],"collection":[{"href":"https:\/\/culturesconnection.com\/pt-br\/wp-json\/wp\/v2\/pages"}],"about":[{"href":"https:\/\/culturesconnection.com\/pt-br\/wp-json\/wp\/v2\/types\/page"}],"author":[{"embeddable":true,"href":"https:\/\/culturesconnection.com\/pt-br\/wp-json\/wp\/v2\/users\/22"}],"replies":[{"embeddable":true,"href":"https:\/\/culturesconnection.com\/pt-br\/wp-json\/wp\/v2\/comments?post=9754"}],"version-history":[{"count":0,"href":"https:\/\/culturesconnection.com\/pt-br\/wp-json\/wp\/v2\/pages\/9754\/revisions"}],"wp:featuredmedia":[{"embeddable":true,"href":"https:\/\/culturesconnection.com\/pt-br\/wp-json\/wp\/v2\/media\/22967"}],"wp:attachment":[{"href":"https:\/\/culturesconnection.com\/pt-br\/wp-json\/wp\/v2\/media?parent=9754"}],"curies":[{"name":"wp","href":"https:\/\/api.w.org\/{rel}","templated":true}]}}