{"id":9752,"date":"2018-06-18T21:27:09","date_gmt":"2018-06-18T19:27:09","guid":{"rendered":"http:\/\/culturesconnection.com\/?page_id=9752"},"modified":"2022-06-22T20:19:32","modified_gmt":"2022-06-22T18:19:32","slug":"servicos-de-traducao-de-web-site-em-turco","status":"publish","type":"page","link":"https:\/\/culturesconnection.com\/pt-br\/servicos-de-traducao-em-turco\/servicos-de-traducao-de-web-site-em-turco\/","title":{"rendered":"Nossos servi\u00e7os de tradu\u00e7\u00e3o de website em turco"},"content":{"rendered":"\n<h2 class=\"wp-block-heading\">Servi\u00e7os de tradu\u00e7\u00e3o de sites em turco: abertura a novos mercados<\/h2>\n\n\n\n<p>Voc\u00ea quer que seu site seja compreendido na Turquia e em outras partes do mundo? Ou voc\u00ea quer que seu produto seja vendido em outros lugares do mundo al\u00e9m da Turquia? Com a globaliza\u00e7\u00e3o, mercados estrangeiros nunca estiveram t\u00e3o perto. Ter seu site traduzido, \u00e9 a melhor maneira para que as pessoas te conhe\u00e7am. Mais e mais sites s\u00e3o multil\u00edngues, mas a qualidade da sua tradu\u00e7\u00e3o n\u00e3o \u00e9 sempre a ideal e pode levar a mal-entendidos. H\u00e1 muitos exemplos na internet. Ent\u00e3o tenha cuidado para n\u00e3o difamar a sua empresa por querer economizar dinheiro e escolha um servi\u00e7o de tradu\u00e7\u00e3o de p\u00e1gina web realizado por nossa <a href=\"https:\/\/culturesconnection.com\/pt-br\/\">companhia&nbsp;de tradutores profissionais<\/a>.<\/p>\n\n\n\n<h2 class=\"wp-block-heading\">Localize seu site com a nossa ag\u00eancia de servi\u00e7os de tradu\u00e7\u00e3o<\/h2>\n\n\n\n<p>Traduzir seu web site em turco nunca foi t\u00e3o f\u00e1cil e r\u00e1pido como com os <a href=\"https:\/\/culturesconnection.com\/pt-br\/servicos-de-traducao\/\">servi\u00e7os de tradu\u00e7\u00e3o&nbsp;<\/a>da Cultures Connection. Nossos tradutores turcos especializados em <a href=\"https:\/\/culturesconnection.com\/pt-br\/servicos-de-traducao-de-web-site\/\">tradu\u00e7\u00e3o em rede<\/a> podem trabalhar em v\u00e1rios formatos: Word, arquivos de texto ou diretamente no CMS (Joomla, WordPress, PrestaShop, Magento, etc.) Eles v\u00eam do mercado em que sua empresa deseja estabelecer-se, e s\u00e3o portanto capazes de melhor adaptar seu site. Abra-se para o mundo com o nosso escrit\u00f3rio de tradu\u00e7\u00e3o, n\u00f3s o acompanharemos em sua expans\u00e3o internacional.<\/p>\n\n\n\n<h2 class=\"wp-block-heading\">Servi\u00e7os de tradu\u00e7\u00e3o de conte\u00fado web em turco<\/h2>\n\n\n\n<p>Cultures Connection fornece servi\u00e7os de tradu\u00e7\u00e3o em uma ampla variedade de m\u00eddias de web. Aqui est\u00e3o alguns exemplos:<\/p>\n\n\n\n<ul class=\"wp-block-list\"><li>Conte\u00fado Web<\/li><li>Com\u00e9rcio eletr\u00f4nico<\/li><li>Aplicativos m\u00f3veis<\/li><li>Plataformas de negocia\u00e7\u00e3o<\/li><li>Descri\u00e7\u00e3o de produto<\/li><\/ul>\n\n\n\n<h3 class=\"wp-block-heading\"><img decoding=\"async\" src=\"https:\/\/upload.wikimedia.org\/wikipedia\/commons\/thumb\/8\/8d\/U%2B2192.svg\/25px-U%2B2192.svg.png\" alt=\"U + 2192.svg\"> Tradu\u00e7\u00e3o de site em todos os idiomas<\/h3>\n\n\n\n<ul class=\"wp-block-list\"><li><a href=\"https:\/\/culturesconnection.com\/pt-br\/servicos-de-traducao-de-website-em-frances\/\">Tradu\u00e7\u00e3o de websites em franc\u00eas<\/a><\/li><li><a href=\"https:\/\/culturesconnection.com\/pt-br\/servicos-de-traducao-de-websites-em-espanhol\/\">Tradu\u00e7\u00e3o de websites em espanhol<\/a><\/li><li><a href=\"https:\/\/culturesconnection.com\/pt-br\/servicos-de-traducao-de-websites-em-alemao\/\">Tradu\u00e7\u00e3o de websites em alem\u00e3o<\/a><\/li><li><a href=\"https:\/\/culturesconnection.com\/pt-br\/servicos-de-traducao-de-site-chines\/\">Tradu\u00e7\u00e3o de websites em chin\u00eas<\/a><\/li><li><a href=\"https:\/\/culturesconnection.com\/pt-br\/servicos-de-traducao-de-site-arabe\/\">Tradu\u00e7\u00e3o de websites em \u00e1rabe<\/a><\/li><li><a href=\"https:\/\/culturesconnection.com\/pt-br\/nossos-servicos-de-traducao-de-sites-em-ingles\/\">Tradu\u00e7\u00e3o de web site em&nbsp;ingl\u00eas<\/a><\/li><li><a href=\"https:\/\/culturesconnection.com\/pt-br\/servicos-de-traducao-de-websites-em-italiano\/\">Tradu\u00e7\u00e3o de websites em italiano<\/a><\/li><li><a href=\"https:\/\/culturesconnection.com\/pt-br\/servicos-de-traducao-de-site-em-holandes\/\">Tradu\u00e7\u00e3o de websites em holand\u00eas<\/a><\/li><li><a href=\"https:\/\/culturesconnection.com\/pt-br\/servicos-de-traducao-de-site-em-japones\/\">Tradu\u00e7\u00e3o de websites em japon\u00eas<\/a><\/li><li><a href=\"https:\/\/culturesconnection.com\/pt-br\/servicos-de-traducao-de-website-em-russo\/\">Tradu\u00e7\u00e3o de websites em russo<\/a><\/li><\/ul>\n","protected":false},"excerpt":{"rendered":"<p>Servi\u00e7os de tradu\u00e7\u00e3o de sites em turco: abertura a novos mercados Voc\u00ea quer que seu site seja compreendido na Turquia e em outras partes do [&#8230;]<\/p>\n<p><a class=\"btn btn-secondary understrap-read-more-link\" href=\"https:\/\/culturesconnection.com\/pt-br\/servicos-de-traducao-em-turco\/servicos-de-traducao-de-web-site-em-turco\/\">Leia mais&#8230;<span class=\"screen-reader-text\"> from Nossos servi\u00e7os de tradu\u00e7\u00e3o de website em turco<\/span><\/a><\/p>\n","protected":false},"author":22,"featured_media":24335,"parent":9751,"menu_order":0,"comment_status":"closed","ping_status":"closed","template":"","meta":{"_acf_changed":false,"_editorskit_title_hidden":false,"_editorskit_reading_time":0,"_editorskit_is_block_options_detached":false,"_editorskit_block_options_position":"{}","footnotes":""},"class_list":["post-9752","page","type-page","status-publish","has-post-thumbnail","hentry"],"acf":[],"_links":{"self":[{"href":"https:\/\/culturesconnection.com\/pt-br\/wp-json\/wp\/v2\/pages\/9752","targetHints":{"allow":["GET"]}}],"collection":[{"href":"https:\/\/culturesconnection.com\/pt-br\/wp-json\/wp\/v2\/pages"}],"about":[{"href":"https:\/\/culturesconnection.com\/pt-br\/wp-json\/wp\/v2\/types\/page"}],"author":[{"embeddable":true,"href":"https:\/\/culturesconnection.com\/pt-br\/wp-json\/wp\/v2\/users\/22"}],"replies":[{"embeddable":true,"href":"https:\/\/culturesconnection.com\/pt-br\/wp-json\/wp\/v2\/comments?post=9752"}],"version-history":[{"count":0,"href":"https:\/\/culturesconnection.com\/pt-br\/wp-json\/wp\/v2\/pages\/9752\/revisions"}],"up":[{"embeddable":true,"href":"https:\/\/culturesconnection.com\/pt-br\/wp-json\/wp\/v2\/pages\/9751"}],"wp:featuredmedia":[{"embeddable":true,"href":"https:\/\/culturesconnection.com\/pt-br\/wp-json\/wp\/v2\/media\/24335"}],"wp:attachment":[{"href":"https:\/\/culturesconnection.com\/pt-br\/wp-json\/wp\/v2\/media?parent=9752"}],"curies":[{"name":"wp","href":"https:\/\/api.w.org\/{rel}","templated":true}]}}