{"id":9747,"date":"2018-06-18T21:27:14","date_gmt":"2018-06-18T19:27:14","guid":{"rendered":"http:\/\/culturesconnection.com\/?page_id=9747"},"modified":"2022-06-21T06:23:57","modified_gmt":"2022-06-21T04:23:57","slug":"servicos-de-traducao-cientifica-em-turco","status":"publish","type":"page","link":"https:\/\/culturesconnection.com\/pt-br\/servicos-de-traducao-em-turco\/servicos-de-traducao-cientifica-em-turco\/","title":{"rendered":"Nossos servi\u00e7os de tradu\u00e7\u00e3o cient\u00edfica em turco"},"content":{"rendered":"\n<h2 class=\"wp-block-heading\">Tradu\u00e7\u00e3o cient\u00edfica portugu\u00eas-turco requer um trabalho meticuloso<\/h2>\n\n\n\n<p>A tradu\u00e7\u00e3o cientifica e a pesquisa de terminologia caminham lado a lado. De fato, \u00e9 impens\u00e1vel para come\u00e7ar uma tradu\u00e7\u00e3o cient\u00edfica em turco, sem ter previamente preparado a terminologia. \u00c9 uma pesquisa cuidadosa, pois os termos podem diferir bastante de uma \u00e1rea para a outra. Dicion\u00e1rios e livros especializados est\u00e3o dispon\u00edveis para apoiar o tradutor t\u00e9cnico, mas \u00e0s vezes \u00e9 requerida a ajuda do cliente.<\/p>\n\n\n\n<h2 class=\"wp-block-heading\">Nossa ag\u00eancia de tradu\u00e7\u00e3o<\/h2>\n\n\n\n<p>A <a href=\"https:\/\/culturesconnection.com\/pt-br\/\">Cultures Connection<\/a> trabalha com muitos tradutores e revisores turcos. Nossa vasta rede nos permite cobrir uma grande variedade de \u00e1reas cient\u00edficas como a manipula\u00e7\u00e3o de DNA, geologia, desenvolvimento sustent\u00e1vel e medicina, para citar apenas alguns. Trabalhamos com profissionais altamente proficientes em suas l\u00ednguas de trabalho e em suas \u00e1reas espec\u00edficas. Nossos tradutores cient\u00edficos turcos, produzem um trabalho que combina precis\u00e3o, qualidade e pontualidade. Se voc\u00ea estiver procurando \u00f3timos <a href=\"https:\/\/culturesconnection.com\/pt-br\/servicos-de-traducao\/\">servi\u00e7os de tradu\u00e7\u00e3o<\/a>, escolha a nossa ag\u00eancia.<\/p>\n\n\n\n<h2 class=\"wp-block-heading\">Tradu\u00e7\u00e3o de documento cient\u00edfico em turco<\/h2>\n\n\n\n<p>Nossa empresa de tradu\u00e7\u00e3o oferece seus <a href=\"https:\/\/culturesconnection.com\/pt-br\/servicos-de-traducao-cientifica\/\">servi\u00e7os de tradu\u00e7\u00e3o cient\u00edfica<\/a> para uma ampla gama de documentos. Aqui est\u00e3o alguns exemplos:<\/p>\n\n\n\n<ul class=\"wp-block-list\"><li>L\u00e9xicos, enciclop\u00e9dias cient\u00edficas e gloss\u00e1rios<\/li><li>Documentos t\u00e9cnicos e artigos de pesquisa<\/li><li>Manuais de operador e usu\u00e1rio<\/li><li>Testes de laborat\u00f3rio, testes de protocolos<\/li><li>Orienta\u00e7\u00f5es, patentes e documentos legais<\/li><li>Especifica\u00e7\u00f5es<\/li><li>Estudos de mercado e projeto entre pa\u00edses<\/li><li>Simula\u00e7\u00e3o de software (biotecnologia, ambiental, remodela\u00e7\u00e3o de unidade industrial)<\/li><li>Apresenta\u00e7\u00f5es multim\u00eddia e v\u00eddeo<\/li><li>Tradu\u00e7\u00e3o e localiza\u00e7\u00e3o de websites<\/li><li>Tradu\u00e7\u00e3o de manuais t\u00e9cnicos, apresenta\u00e7\u00f5es de confer\u00eancia<\/li><\/ul>\n\n\n\n<h2 class=\"wp-block-heading\">Tradu\u00e7\u00e3o cient\u00edfica em todos os idiomas<\/h2>\n\n\n\n<ul class=\"wp-block-list\"><li><a href=\"https:\/\/culturesconnection.com\/pt-br\/servicos-de-traducao-cientifica-em-frances\/\">Tradu\u00e7\u00e3o cient\u00edfica em franc\u00eas<\/a><\/li><li><a href=\"https:\/\/culturesconnection.com\/pt-br\/servicos-de-traducao-cientifica-em-espanhol\/\">Tradu\u00e7\u00e3o cient\u00edfica em espanhol<\/a><\/li><li><a href=\"https:\/\/culturesconnection.com\/pt-br\/servicos-de-traducao-cientifica-alema\/\">Tradu\u00e7\u00e3o cient\u00edfica em alem\u00e3o<\/a><\/li><li><a href=\"https:\/\/culturesconnection.com\/pt-br\/servicos-de-traducao-cientifica-chinesa\/\">Tradu\u00e7\u00e3o cient\u00edfica em chin\u00eas<\/a><\/li><li><a href=\"https:\/\/culturesconnection.com\/pt-br\/servicos-de-traducao-cientifica-em-arabe\/\">Tradu\u00e7\u00e3o cient\u00edfica em \u00e1rabe<\/a><\/li><li><a href=\"https:\/\/culturesconnection.com\/pt-br\/nossos-servicos-de-traducao-cientifica-em-ingles\/\">Tradu\u00e7\u00e3o cient\u00edfica em ingl\u00eas<\/a><\/li><li><a href=\"https:\/\/culturesconnection.com\/pt-br\/servicos-de-traducao-cientifica-em-italiano\/\">Tradu\u00e7\u00e3o cient\u00edfica em italiano<\/a><\/li><li><a href=\"https:\/\/culturesconnection.com\/pt-br\/servicos-de-traducao-cientifica-em-holandes\/\">Tradu\u00e7\u00e3o cient\u00edfica em holand\u00eas<\/a><\/li><li><a href=\"https:\/\/culturesconnection.com\/pt-br\/servicos-de-traducao-cientifica-em-japones\/\">Tradu\u00e7\u00e3o cient\u00edfica em japon\u00eas<\/a><\/li><li><a href=\"https:\/\/culturesconnection.com\/pt-br\/servicos-de-traducao-cientifica-em-russo\/\">Tradu\u00e7\u00e3o cient\u00edfica em russo<\/a><\/li><\/ul>\n","protected":false},"excerpt":{"rendered":"<p>Tradu\u00e7\u00e3o cient\u00edfica portugu\u00eas-turco requer um trabalho meticuloso A tradu\u00e7\u00e3o cientifica e a pesquisa de terminologia caminham lado a lado. De fato, \u00e9 impens\u00e1vel para come\u00e7ar [&#8230;]<\/p>\n<p><a class=\"btn btn-secondary understrap-read-more-link\" href=\"https:\/\/culturesconnection.com\/pt-br\/servicos-de-traducao-em-turco\/servicos-de-traducao-cientifica-em-turco\/\">Leia mais&#8230;<span class=\"screen-reader-text\"> from Nossos servi\u00e7os de tradu\u00e7\u00e3o cient\u00edfica em turco<\/span><\/a><\/p>\n","protected":false},"author":22,"featured_media":24335,"parent":9751,"menu_order":0,"comment_status":"closed","ping_status":"closed","template":"","meta":{"_acf_changed":false,"_editorskit_title_hidden":false,"_editorskit_reading_time":0,"_editorskit_is_block_options_detached":false,"_editorskit_block_options_position":"{}","footnotes":""},"class_list":["post-9747","page","type-page","status-publish","has-post-thumbnail","hentry"],"acf":[],"_links":{"self":[{"href":"https:\/\/culturesconnection.com\/pt-br\/wp-json\/wp\/v2\/pages\/9747","targetHints":{"allow":["GET"]}}],"collection":[{"href":"https:\/\/culturesconnection.com\/pt-br\/wp-json\/wp\/v2\/pages"}],"about":[{"href":"https:\/\/culturesconnection.com\/pt-br\/wp-json\/wp\/v2\/types\/page"}],"author":[{"embeddable":true,"href":"https:\/\/culturesconnection.com\/pt-br\/wp-json\/wp\/v2\/users\/22"}],"replies":[{"embeddable":true,"href":"https:\/\/culturesconnection.com\/pt-br\/wp-json\/wp\/v2\/comments?post=9747"}],"version-history":[{"count":0,"href":"https:\/\/culturesconnection.com\/pt-br\/wp-json\/wp\/v2\/pages\/9747\/revisions"}],"up":[{"embeddable":true,"href":"https:\/\/culturesconnection.com\/pt-br\/wp-json\/wp\/v2\/pages\/9751"}],"wp:featuredmedia":[{"embeddable":true,"href":"https:\/\/culturesconnection.com\/pt-br\/wp-json\/wp\/v2\/media\/24335"}],"wp:attachment":[{"href":"https:\/\/culturesconnection.com\/pt-br\/wp-json\/wp\/v2\/media?parent=9747"}],"curies":[{"name":"wp","href":"https:\/\/api.w.org\/{rel}","templated":true}]}}