{"id":9745,"date":"2018-06-18T21:27:17","date_gmt":"2018-06-18T19:27:17","guid":{"rendered":"http:\/\/culturesconnection.com\/?page_id=9745"},"modified":"2022-06-21T01:20:54","modified_gmt":"2022-06-20T23:20:54","slug":"servicos-de-traducao-financeira-em-turco","status":"publish","type":"page","link":"https:\/\/culturesconnection.com\/pt-br\/servicos-de-traducao-em-turco\/servicos-de-traducao-financeira-em-turco\/","title":{"rendered":"Nossos servi\u00e7os de tradu\u00e7\u00e3o financeira em turco"},"content":{"rendered":"\n<h2 class=\"wp-block-heading\">Especialistas de tradu\u00e7\u00e3o financeira de portugu\u00eas-turco \u00e0 sua disposi\u00e7\u00e3o<\/h2>\n\n\n\n<p>Precis\u00e3o e rigor s\u00e3o palavras chaves para tradu\u00e7\u00e3o de documentos financeiros em turco. O tradutor deve ter um conhecimento profundo do mundo das finan\u00e7as, da sua terminologia e dos regulamentos relacionados. Um simples erro de tradu\u00e7\u00e3o pode ter consequ\u00eancias graves, especialmente a partir de um vi\u00e9s financeiro. Por exemplo, um erro num documento de seguros pode lesar o cliente em rela\u00e7\u00e3o aos seus direitos e garantias. A fim de evitar este tipo de situa\u00e7\u00e3o, \u00e9 importante escolher uma <a href=\"https:\/\/culturesconnection.com\/pt-br\/\">empresa de tradu\u00e7\u00e3o,<\/a> que lhe fornecer\u00e1 servi\u00e7os de alta qualidade.<\/p>\n\n\n\n<h2 class=\"wp-block-heading\">Nossa ag\u00eancia de tradu\u00e7\u00e3o financeira<\/h2>\n\n\n\n<p>A Cultures Connection disp\u00f5e de uma extensa rede de profissionais entre eles tradutores financeiros especializados em turco. Nossos profissionais s\u00e3o cuidadosamente selecionados com base em suas qualifica\u00e7\u00f5es e experi\u00eancias e s\u00e3o altamente proficientes em suas l\u00ednguas de trabalho, portugu\u00eas e turco. Nossos tradutores profissionais cuidam de seus projetos com muita seriedade e trabalham somente em sua l\u00edngua materna. Garantimos tamb\u00e9m estrito sigilo de seus <a href=\"https:\/\/culturesconnection.com\/pt-br\/servicos-de-traducao-financeira\/\">documentos financeiros<\/a>. Escolher nossa ag\u00eancia \u00e9 a melhor op\u00e7\u00e3o para a tradu\u00e7\u00e3o de seus documentos financeiros em turco.<\/p>\n\n\n\n<h2 class=\"wp-block-heading\">Tradu\u00e7\u00e3o de documentos financeiros em turco<\/h2>\n\n\n\n<p>Eis alguns exemplos de diferentes tipos de <a href=\"https:\/\/culturesconnection.com\/pt-br\/servicos-de-traducao\/\">servi\u00e7os de tradu\u00e7\u00e3o<\/a> econ\u00f4micos e financeiros que nossa empresa realiza para o turco:<\/p>\n\n\n\n<ul class=\"wp-block-list\"><li>Documentos informativos para investidores<\/li><li>Folhetos<\/li><li>Relat\u00f3rios do fundo de investimento<\/li><li>Relat\u00f3rios de atividade<\/li><li>Folhas de balan\u00e7os<\/li><li>Bolsa de valores<\/li><li>Documentos banc\u00e1rios<\/li><li>Documentos de informa\u00e7\u00e3o financeira<\/li><li>Trabalhos de investiga\u00e7\u00e3o<\/li><li>Documentos de gest\u00e3o de risco e gest\u00e3o de ativos<\/li><li>Relat\u00f3rios de auditoria<\/li><li>Textos sobre fus\u00f5es e aquisi\u00e7\u00f5es<\/li><\/ul>\n\n\n\n<h3 class=\"wp-block-heading\"><img decoding=\"async\" src=\"https:\/\/upload.wikimedia.org\/wikipedia\/commons\/thumb\/8\/8d\/U%2B2192.svg\/25px-U%2B2192.svg.png\" alt=\"U + 2192.svg\"> Tradu\u00e7\u00e3o financeira em todos os idiomas<\/h3>\n\n\n\n<ul class=\"wp-block-list\"><li><a href=\"https:\/\/culturesconnection.com\/pt-br\/servicos-de-traducao-financeira-em-frances\/\">Tradu\u00e7\u00e3o financeira em franc\u00eas<\/a><\/li><li><a href=\"https:\/\/culturesconnection.com\/pt-br\/servicos-de-traducao-financeira-em-espanhol\/\">Tradu\u00e7\u00e3o financeira em espanhol<\/a><\/li><li><a href=\"https:\/\/culturesconnection.com\/pt-br\/servicos-de-traducao-financeira-em-alemao\/\">Tradu\u00e7\u00e3o financeira em alem\u00e3o<\/a><\/li><li><a href=\"https:\/\/culturesconnection.com\/pt-br\/servicos-de-traducao-financeira-chinesa\/\">Tradu\u00e7\u00e3o financeira em chin\u00eas<\/a><\/li><li><a href=\"https:\/\/culturesconnection.com\/pt-br\/servicos-de-traducao-financeira-arabe\/\">Tradu\u00e7\u00e3o financeira em \u00e1rabe<\/a><\/li><li><a href=\"https:\/\/culturesconnection.com\/pt-br\/nossos-servicos-de-traducao-financeira-em-ingles\/\">Tradu\u00e7\u00e3o financeira em ingl\u00eas<\/a><\/li><li><a href=\"https:\/\/culturesconnection.com\/pt-br\/servicos-de-traducao-financeira-em-italiano\/\">Tradu\u00e7\u00e3o financeira em italiano<\/a><\/li><li><a href=\"https:\/\/culturesconnection.com\/pt-br\/servicos-de-traducao-financeira-em-holandes\/\">Tradu\u00e7\u00e3o financeira em holand\u00eas<\/a><\/li><li><a href=\"https:\/\/culturesconnection.com\/pt-br\/servicos-de-traducao-financeira-em-japones\/\">Tradu\u00e7\u00e3o financeira em japon\u00eas<\/a><\/li><li><a href=\"https:\/\/culturesconnection.com\/pt-br\/servicos-de-traducao-financeira-em-russo\/\">Tradu\u00e7\u00e3o financeira em russo<\/a><\/li><\/ul>\n","protected":false},"excerpt":{"rendered":"<p>Especialistas de tradu\u00e7\u00e3o financeira de portugu\u00eas-turco \u00e0 sua disposi\u00e7\u00e3o Precis\u00e3o e rigor s\u00e3o palavras chaves para tradu\u00e7\u00e3o de documentos financeiros em turco. O tradutor deve [&#8230;]<\/p>\n<p><a class=\"btn btn-secondary understrap-read-more-link\" href=\"https:\/\/culturesconnection.com\/pt-br\/servicos-de-traducao-em-turco\/servicos-de-traducao-financeira-em-turco\/\">Leia mais&#8230;<span class=\"screen-reader-text\"> from Nossos servi\u00e7os de tradu\u00e7\u00e3o financeira em turco<\/span><\/a><\/p>\n","protected":false},"author":22,"featured_media":24335,"parent":9751,"menu_order":0,"comment_status":"closed","ping_status":"closed","template":"","meta":{"_acf_changed":false,"_editorskit_title_hidden":false,"_editorskit_reading_time":0,"_editorskit_is_block_options_detached":false,"_editorskit_block_options_position":"{}","footnotes":""},"class_list":["post-9745","page","type-page","status-publish","has-post-thumbnail","hentry"],"acf":[],"_links":{"self":[{"href":"https:\/\/culturesconnection.com\/pt-br\/wp-json\/wp\/v2\/pages\/9745","targetHints":{"allow":["GET"]}}],"collection":[{"href":"https:\/\/culturesconnection.com\/pt-br\/wp-json\/wp\/v2\/pages"}],"about":[{"href":"https:\/\/culturesconnection.com\/pt-br\/wp-json\/wp\/v2\/types\/page"}],"author":[{"embeddable":true,"href":"https:\/\/culturesconnection.com\/pt-br\/wp-json\/wp\/v2\/users\/22"}],"replies":[{"embeddable":true,"href":"https:\/\/culturesconnection.com\/pt-br\/wp-json\/wp\/v2\/comments?post=9745"}],"version-history":[{"count":0,"href":"https:\/\/culturesconnection.com\/pt-br\/wp-json\/wp\/v2\/pages\/9745\/revisions"}],"up":[{"embeddable":true,"href":"https:\/\/culturesconnection.com\/pt-br\/wp-json\/wp\/v2\/pages\/9751"}],"wp:featuredmedia":[{"embeddable":true,"href":"https:\/\/culturesconnection.com\/pt-br\/wp-json\/wp\/v2\/media\/24335"}],"wp:attachment":[{"href":"https:\/\/culturesconnection.com\/pt-br\/wp-json\/wp\/v2\/media?parent=9745"}],"curies":[{"name":"wp","href":"https:\/\/api.w.org\/{rel}","templated":true}]}}