{"id":9744,"date":"2018-06-18T21:28:09","date_gmt":"2018-06-18T19:28:09","guid":{"rendered":"http:\/\/culturesconnection.com\/?page_id=9744"},"modified":"2022-06-22T00:19:34","modified_gmt":"2022-06-21T22:19:34","slug":"servicos-de-traducao-empresarial-em-turco","status":"publish","type":"page","link":"https:\/\/culturesconnection.com\/pt-br\/servicos-de-traducao-em-turco\/servicos-de-traducao-empresarial-em-turco\/","title":{"rendered":"Nossos servi\u00e7os de tradu\u00e7\u00e3o de neg\u00f3cios em turco"},"content":{"rendered":"\n<h2 class=\"wp-block-heading\">Tradu\u00e7\u00e3o empresarial portugu\u00eas-turco: garantia de sucesso a sua expans\u00e3o internacional<\/h2>\n\n\n\n<p>Sua empresa quer expandir na Turquia? Nossa ag\u00eancia de tradu\u00e7\u00e3o est\u00e1 aqui para ajudar voc\u00ea. Considere a tradu\u00e7\u00e3o de seus documentos empresariais para o turco, pois pode ser o seu melhor aliado nas negocia\u00e7\u00f5es com seus futuros clientes. Comunicar com seus poss\u00edveis parceiros comerciais na l\u00edngua materna deles tem um impacto e uma receptividade muito maior do que se for apresentada em outra l\u00edngua, por exemplo em ingl\u00eas, mesmo se estes forem fluentes nesse idioma. O documento comercial ou de marketing, deve ser adaptado \u00e0 cultura local do p\u00fablico-alvo. Para assim ser, o tradutor empresarial deve conhecer, perfeitamente, as l\u00ednguas e as culturas dos pa\u00edses envolvidos. \u00c9 necess\u00e1rio, por exemplo, conhecer os valores, o estilo de escrita e as pr\u00e1ticas mais usadas em ambos os idiomas.<\/p>\n\n\n\n<h2 class=\"wp-block-heading\">Procurando por uma ag\u00eancia de tradu\u00e7\u00e3o empresarial?<\/h2>\n\n\n\n<p>Selecionados com base em sua experi\u00eancia e qualifica\u00e7\u00f5es, nossos tradutores e revisores especializados na tradu\u00e7\u00e3o de documentos empresarias em turco, t\u00eam profundo conhecimento de turco e portugu\u00eas e da cultura dos pa\u00edses onde estas l\u00ednguas s\u00e3o faladas. Adquiridas atrav\u00e9s da experi\u00eancia de trabalho anterior ou de forma\u00e7\u00e3o na \u00e1rea em quest\u00e3o, suas experi\u00eancias garantem tradu\u00e7\u00f5es de alta qualidade. Al\u00e9m disso, eles s\u00f3 traduzem para sua l\u00edngua materna e s\u00e3o, portanto, mais capazes de entender os meandros do mercado alvo. A <a href=\"https:\/\/culturesconnection.com\/pt-br\/\">Cultures Connection<\/a> oferece \u00f3timos <a href=\"https:\/\/culturesconnection.com\/pt-br\/servicos-de-traducao\/\">servi\u00e7os de tradu\u00e7\u00e3o<\/a> e \u00e9 a escolha mais s\u00f3lida para o seu marketing e para os seus projetos de <a href=\"https:\/\/culturesconnection.com\/pt-br\/servicos-de-traducao-de-negocios\/\">tradu\u00e7\u00e3o empresarial<\/a> em turco.<\/p>\n\n\n\n<h2 class=\"wp-block-heading\">Tradu\u00e7\u00e3o de documentos empresarias em turco<\/h2>\n\n\n\n<p>Nossa empresa de tradu\u00e7\u00e3o, oferece seus servi\u00e7os em uma ampla gama de documentos empresariais e de marketing. Voc\u00ea encontrar\u00e1 abaixo, uma lista de alguns destes materiais:<\/p>\n\n\n\n<ul class=\"wp-block-list\"><li>Brochuras<\/li><li>Livretos<\/li><li>Cart\u00f5es de visita<\/li><li>Lan\u00e7amentos<\/li><li>Campanhas<\/li><li>Websites<\/li><li>Cat\u00e1logos<\/li><li>Apresenta\u00e7\u00f5es<\/li><li>Suportes publicit\u00e1rios<\/li><li>Estudos de mercado<\/li><li>Boletins de neg\u00f3cios<\/li><li>White papers<\/li><li>Publicidade<\/li><\/ul>\n\n\n\n<h3 class=\"wp-block-heading\"><img decoding=\"async\" src=\"https:\/\/upload.wikimedia.org\/wikipedia\/commons\/thumb\/8\/8d\/U%2B2192.svg\/25px-U%2B2192.svg.png\" alt=\"U + 2192.svg\"> Tradu\u00e7\u00e3o empresarial em todos os idiomas<\/h3>\n\n\n\n<ul class=\"wp-block-list\"><li><a href=\"https:\/\/culturesconnection.com\/pt-br\/servicos-de-traducao-empresarial-em-frances\/\">Tradu\u00e7\u00e3o empresarial em franc\u00eas<\/a><\/li><li><a href=\"https:\/\/culturesconnection.com\/pt-br\/servicos-de-traducao-empresarial-em-espanhol\/\">Tradu\u00e7\u00e3o empresarial em espanhol<\/a><\/li><li><a href=\"https:\/\/culturesconnection.com\/pt-br\/servicos-de-traducao-empresarial-em-alemao\/\">Tradu\u00e7\u00e3o empresarial em alem\u00e3o<\/a><\/li><li><a href=\"https:\/\/culturesconnection.com\/pt-br\/servicos-de-traducao-negocios-em-chines\/\">Tradu\u00e7\u00e3o empresarial em chin\u00eas<\/a><\/li><li><a href=\"https:\/\/culturesconnection.com\/pt-br\/servicos-de-traducao-de-negocios-em-arabe\/\">Tradu\u00e7\u00e3o empresarial em \u00e1rabe<\/a><\/li><li><a href=\"https:\/\/culturesconnection.com\/pt-br\/servicos-de-traducao-empresarial-em-italiano\/\">Tradu\u00e7\u00e3o empresarial em italiano<\/a><\/li><li><a href=\"https:\/\/culturesconnection.com\/pt-br\/servicos-de-traducao-de-negocios-em-holandes\/\">Tradu\u00e7\u00e3o empresarial em holand\u00eas<\/a><\/li><li><a href=\"https:\/\/culturesconnection.com\/pt-br\/servicos-de-traducao-empresarial-em-japones\/\">Tradu\u00e7\u00e3o empresarial em japon\u00eas<\/a><\/li><li><a href=\"https:\/\/culturesconnection.com\/pt-br\/servicos-de-traducao-empresarial-em-russo\/\">Tradu\u00e7\u00e3o empresarial erm russo<\/a><\/li><\/ul>\n","protected":false},"excerpt":{"rendered":"<p>Tradu\u00e7\u00e3o empresarial portugu\u00eas-turco: garantia de sucesso a sua expans\u00e3o internacional Sua empresa quer expandir na Turquia? Nossa ag\u00eancia de tradu\u00e7\u00e3o est\u00e1 aqui para ajudar voc\u00ea. [&#8230;]<\/p>\n<p><a class=\"btn btn-secondary understrap-read-more-link\" href=\"https:\/\/culturesconnection.com\/pt-br\/servicos-de-traducao-em-turco\/servicos-de-traducao-empresarial-em-turco\/\">Leia mais&#8230;<span class=\"screen-reader-text\"> from Nossos servi\u00e7os de tradu\u00e7\u00e3o de neg\u00f3cios em turco<\/span><\/a><\/p>\n","protected":false},"author":22,"featured_media":24335,"parent":9751,"menu_order":0,"comment_status":"closed","ping_status":"closed","template":"","meta":{"_acf_changed":false,"_editorskit_title_hidden":false,"_editorskit_reading_time":0,"_editorskit_is_block_options_detached":false,"_editorskit_block_options_position":"{}","footnotes":""},"class_list":["post-9744","page","type-page","status-publish","has-post-thumbnail","hentry"],"acf":[],"_links":{"self":[{"href":"https:\/\/culturesconnection.com\/pt-br\/wp-json\/wp\/v2\/pages\/9744","targetHints":{"allow":["GET"]}}],"collection":[{"href":"https:\/\/culturesconnection.com\/pt-br\/wp-json\/wp\/v2\/pages"}],"about":[{"href":"https:\/\/culturesconnection.com\/pt-br\/wp-json\/wp\/v2\/types\/page"}],"author":[{"embeddable":true,"href":"https:\/\/culturesconnection.com\/pt-br\/wp-json\/wp\/v2\/users\/22"}],"replies":[{"embeddable":true,"href":"https:\/\/culturesconnection.com\/pt-br\/wp-json\/wp\/v2\/comments?post=9744"}],"version-history":[{"count":0,"href":"https:\/\/culturesconnection.com\/pt-br\/wp-json\/wp\/v2\/pages\/9744\/revisions"}],"up":[{"embeddable":true,"href":"https:\/\/culturesconnection.com\/pt-br\/wp-json\/wp\/v2\/pages\/9751"}],"wp:featuredmedia":[{"embeddable":true,"href":"https:\/\/culturesconnection.com\/pt-br\/wp-json\/wp\/v2\/media\/24335"}],"wp:attachment":[{"href":"https:\/\/culturesconnection.com\/pt-br\/wp-json\/wp\/v2\/media?parent=9744"}],"curies":[{"name":"wp","href":"https:\/\/api.w.org\/{rel}","templated":true}]}}