{"id":9743,"date":"2018-06-18T21:28:11","date_gmt":"2018-06-18T19:28:11","guid":{"rendered":"http:\/\/culturesconnection.com\/?page_id=9743"},"modified":"2022-06-22T05:22:17","modified_gmt":"2022-06-22T03:22:17","slug":"servicos-de-traducao-de-websites-em-espanhol","status":"publish","type":"page","link":"https:\/\/culturesconnection.com\/pt-br\/servicos-de-traducao-em-espanhol\/servicos-de-traducao-de-websites-em-espanhol\/","title":{"rendered":"Nossos servi\u00e7os de tradu\u00e7\u00e3o de website em espanhol"},"content":{"rendered":"\n<h2 class=\"wp-block-heading\">Servi\u00e7os de tradu\u00e7\u00e3o profissional de sites em espanhol<\/h2>\n\n\n\n<p>A globaliza\u00e7\u00e3o diminuiu a dist\u00e2ncia entre os pa\u00edses e a Internet \u00e9 uma porta para acessar os mercados internacionais. Portanto, se voc\u00ea quiser expandir sua empresa, seu website \u00e9 um excelente aliado. Para o seu desenvolvimento ser bem-sucedido, \u00e9 importante confiar a tradu\u00e7\u00e3o do seu site \u00e0 profissionais competentes de tradu\u00e7\u00e3o de websites em espanhol. Uma p\u00e1gina bem escrita vai inspirar mais confian\u00e7a do que uma repleta de erros. Nossos tradutores de espanhol-portugu\u00eas e portugu\u00eas-espanhol ir\u00e3o ajud\u00e1-lo a construir credibilidade e atrair novos clientes.<\/p>\n\n\n\n<h2 class=\"wp-block-heading\">Nossa ag\u00eancia de servi\u00e7os de tradu\u00e7\u00e3o<\/h2>\n\n\n\n<p>Com vasta experi\u00eancia no campo de localiza\u00e7\u00e3o de websites, a <a href=\"https:\/\/culturesconnection.com\/pt-br\/\">Cultures Connection<\/a> lhe proporciona servi\u00e7os com padr\u00f5es de alta qualidade. Se voc\u00ea prev\u00ea desenvolver o seu neg\u00f3cio na Espanha, Am\u00e9rica Latina ou em qualquer outra parte do mundo, sempre atribu\u00edmos seus projetos a tradutores de website nativos do mercado alvo. Eles adaptam o conte\u00fado \u00e0 cultura local e podem inclusive ajustar elementos gr\u00e1ficos, uma vez que as cores n\u00e3o s\u00e3o interpretadas da mesma forma em todos os lugares. Nossa empresa de tradu\u00e7\u00e3o oferece <a href=\"https:\/\/culturesconnection.com\/pt-br\/servicos-de-traducao\/\">servi\u00e7os de tradu\u00e7\u00e3o<\/a> de alt\u00edssima qualidade para seus projetos.<\/p>\n\n\n\n<h2 class=\"wp-block-heading\">Servi\u00e7os de tradu\u00e7\u00e3o de conte\u00fado web em espanhol<\/h2>\n\n\n\n<p>Nossos servi\u00e7os de <a href=\"https:\/\/culturesconnection.com\/pt-br\/servicos-de-traducao-de-web-site\/\">tradu\u00e7\u00e3o de website<\/a> incluem diferentes tipos de m\u00eddia da web. Abaixo voc\u00ea encontrar\u00e1 alguns exemplos:<\/p>\n\n\n\n<ul class=\"wp-block-list\"><li>Conte\u00fado Web<\/li><li>Com\u00e9rcio eletr\u00f4nico<\/li><li>Aplicativos m\u00f3veis<\/li><li>Plataformas de negocia\u00e7\u00e3o<\/li><li>Folha de produto<\/li><\/ul>\n\n\n\n<h3 class=\"wp-block-heading\"><img decoding=\"async\" src=\"https:\/\/upload.wikimedia.org\/wikipedia\/commons\/thumb\/8\/8d\/U%2B2192.svg\/25px-U%2B2192.svg.png\" alt=\"U + 2192.svg\"> Tradu\u00e7\u00e3o de website em todos os idiomas<\/h3>\n\n\n\n<ul class=\"wp-block-list\"><li><a href=\"https:\/\/culturesconnection.com\/pt-br\/servicos-de-traducao-de-website-em-frances\/\">Tradu\u00e7\u00e3o de website em franc\u00eas<\/a><\/li><li><a href=\"https:\/\/culturesconnection.com\/pt-br\/servicos-de-traducao-de-websites-em-alemao\/\">Tradu\u00e7\u00e3o de website em alem\u00e3o<\/a><\/li><li><a href=\"https:\/\/culturesconnection.com\/pt-br\/servicos-de-traducao-de-site-chines\/\">Tradu\u00e7\u00e3o de website em chin\u00eas<\/a><\/li><li><a href=\"https:\/\/culturesconnection.com\/pt-br\/servicos-de-traducao-de-site-arabe\/\">Tradu\u00e7\u00e3o de website em \u00e1rabe<\/a><\/li><li><a href=\"https:\/\/culturesconnection.com\/pt-br\/nossos-servicos-de-traducao-de-sites-em-ingles\/\">Tradu\u00e7\u00e3o de web site em&nbsp;ingl\u00eas<\/a><\/li><li><a href=\"https:\/\/culturesconnection.com\/pt-br\/servicos-de-traducao-de-websites-em-italiano\/\">Tradu\u00e7\u00e3o de website em italiano<\/a><\/li><li><a href=\"https:\/\/culturesconnection.com\/pt-br\/servicos-de-traducao-de-site-em-holandes\/\">Tradu\u00e7\u00e3o de website em holand\u00eas<\/a><\/li><li><a href=\"https:\/\/culturesconnection.com\/pt-br\/servicos-de-traducao-de-web-site-em-turco\/\">Tradu\u00e7\u00e3o de website em turco<\/a><\/li><li><a href=\"https:\/\/culturesconnection.com\/pt-br\/servicos-de-traducao-de-site-em-japones\/\">Tradu\u00e7\u00e3o de website em japon\u00eas<\/a><\/li><li><a href=\"https:\/\/culturesconnection.com\/pt-br\/servicos-de-traducao-de-website-em-russo\/\">Tradu\u00e7\u00e3o de website em russo<\/a><\/li><\/ul>\n","protected":false},"excerpt":{"rendered":"<p>Servi\u00e7os de tradu\u00e7\u00e3o profissional de sites em espanhol A globaliza\u00e7\u00e3o diminuiu a dist\u00e2ncia entre os pa\u00edses e a Internet \u00e9 uma porta para acessar os [&#8230;]<\/p>\n<p><a class=\"btn btn-secondary understrap-read-more-link\" href=\"https:\/\/culturesconnection.com\/pt-br\/servicos-de-traducao-em-espanhol\/servicos-de-traducao-de-websites-em-espanhol\/\">Leia mais&#8230;<span class=\"screen-reader-text\"> from Nossos servi\u00e7os de tradu\u00e7\u00e3o de website em espanhol<\/span><\/a><\/p>\n","protected":false},"author":22,"featured_media":24335,"parent":9742,"menu_order":0,"comment_status":"closed","ping_status":"closed","template":"","meta":{"_acf_changed":false,"_editorskit_title_hidden":false,"_editorskit_reading_time":0,"_editorskit_is_block_options_detached":false,"_editorskit_block_options_position":"{}","footnotes":""},"class_list":["post-9743","page","type-page","status-publish","has-post-thumbnail","hentry"],"acf":[],"_links":{"self":[{"href":"https:\/\/culturesconnection.com\/pt-br\/wp-json\/wp\/v2\/pages\/9743","targetHints":{"allow":["GET"]}}],"collection":[{"href":"https:\/\/culturesconnection.com\/pt-br\/wp-json\/wp\/v2\/pages"}],"about":[{"href":"https:\/\/culturesconnection.com\/pt-br\/wp-json\/wp\/v2\/types\/page"}],"author":[{"embeddable":true,"href":"https:\/\/culturesconnection.com\/pt-br\/wp-json\/wp\/v2\/users\/22"}],"replies":[{"embeddable":true,"href":"https:\/\/culturesconnection.com\/pt-br\/wp-json\/wp\/v2\/comments?post=9743"}],"version-history":[{"count":0,"href":"https:\/\/culturesconnection.com\/pt-br\/wp-json\/wp\/v2\/pages\/9743\/revisions"}],"up":[{"embeddable":true,"href":"https:\/\/culturesconnection.com\/pt-br\/wp-json\/wp\/v2\/pages\/9742"}],"wp:featuredmedia":[{"embeddable":true,"href":"https:\/\/culturesconnection.com\/pt-br\/wp-json\/wp\/v2\/media\/24335"}],"wp:attachment":[{"href":"https:\/\/culturesconnection.com\/pt-br\/wp-json\/wp\/v2\/media?parent=9743"}],"curies":[{"name":"wp","href":"https:\/\/api.w.org\/{rel}","templated":true}]}}