{"id":9741,"date":"2018-06-18T21:28:15","date_gmt":"2018-06-18T19:28:15","guid":{"rendered":"http:\/\/culturesconnection.com\/?page_id=9741"},"modified":"2022-06-18T21:24:17","modified_gmt":"2022-06-18T19:24:17","slug":"servicos-de-traducao-tecnica-em-espanhol","status":"publish","type":"page","link":"https:\/\/culturesconnection.com\/pt-br\/servicos-de-traducao-em-espanhol\/servicos-de-traducao-tecnica-em-espanhol\/","title":{"rendered":"Nossos servi\u00e7os de tradu\u00e7\u00e3o t\u00e9cnica em espanhol"},"content":{"rendered":"\n<h2 class=\"wp-block-heading\">Especialistas em tradu\u00e7\u00e3o t\u00e9cnica de portugu\u00eas-espanhol ao seu dispor<\/h2>\n\n\n\n<p>Sua empresa faz parte do setor t\u00e9cnico ou cient\u00edfico e voc\u00ea deseja expandir suas opera\u00e7\u00f5es na Espanha e Am\u00e9rica Latina? Para implementar sua estrat\u00e9gia voc\u00ea precisar\u00e1 apresentar seus documentos em espanhol e apenas um profissional multi-qualificado poder\u00e1 realizar essa tarefa. O meio da ci\u00eancia e da tecnologia se baseia em documentos que exigem clareza e precis\u00e3o. Na <a href=\"https:\/\/culturesconnection.com\/pt-br\/\">Cultures Connection<\/a>, auxiliamos empresas da \u00e1rea t\u00e9cnica que necessitam de tradu\u00e7\u00f5es em espanhol de qualidade impec\u00e1vel. Neste campo, tradutores devem ter excelentes compet\u00eancias lingu\u00edsticas e t\u00e9cnicas. Eles deve ter conhecimento aprofundado de suas respectivas \u00e1reas de especializa\u00e7\u00e3o e profici\u00eancia em suas l\u00ednguas de trabalho.<\/p>\n\n\n\n<h2 class=\"wp-block-heading\">Nossos servi\u00e7os de tradu\u00e7\u00e3o t\u00e9cnica<\/h2>\n\n\n\n<p>Com a nossa ag\u00eancia de tradu\u00e7\u00e3o t\u00e9cnica, voc\u00ea pode ter certeza de que seu projeto est\u00e1 em boas m\u00e3os. Nossa rede de tradutores conta com mais de 750 profissionais e certamente teremos o especialista mais adequado para traduzir seus documentos de ou para o espanhol. Em qualquer tipo de <a href=\"https:\/\/culturesconnection.com\/pt-br\/servicos-de-traducao\/\">servi\u00e7o de tradu\u00e7\u00e3o<\/a>, a terminologia \u00e9 fundamental e essencial, e erros ou imprecis\u00f5es s\u00e3o inadmiss\u00edveis. Seu documento ser\u00e1 lido por especialistas e qualquer falha poder\u00e1 colocar em risco sua credibilidade. Para evitar esse tipo de situa\u00e7\u00e3o, entre em contato conosco. Nossos profissionais s\u00e3o qualificados, experientes e sempre traduzem em sua l\u00edngua nativa.<\/p>\n\n\n\n<h2 class=\"wp-block-heading\">Tradu\u00e7\u00e3o de documentos t\u00e9cnicos em espanhol<\/h2>\n\n\n\n<p>Nossos clientes confiam-nos muitos tipos de <a href=\"https:\/\/culturesconnection.com\/pt-br\/servicos-de-traducao-tecnica\/\">documentos t\u00e9cnicos<\/a> a serem traduzidos de ou para o espanhol. Eis alguns exemplos:<\/p>\n\n\n\n<ul class=\"wp-block-list\"><li>Or\u00e7amento<\/li><li>Textos de engenharia<\/li><li>Manuais para maquinaria (ou outros tipos de m\u00e1quinas)<\/li><li>Descri\u00e7\u00f5es e fichas de dados t\u00e9cnicas<\/li><li>Normas<\/li><li>Especifica\u00e7\u00f5es<\/li><li>Patentes t\u00e9cnicas<\/li><li>Manuais t\u00e9cnicos<\/li><li>Manuais de instru\u00e7\u00f5es<\/li><li>Guias do usu\u00e1rio<\/li><\/ul>\n\n\n\n<h3 class=\"wp-block-heading\"><img decoding=\"async\" src=\"https:\/\/upload.wikimedia.org\/wikipedia\/commons\/thumb\/8\/8d\/U%2B2192.svg\/25px-U%2B2192.svg.png\" alt=\"U + 2192.svg\"> Tradu\u00e7\u00e3o t\u00e9cnica em todos os idiomas<\/h3>\n\n\n\n<ul class=\"wp-block-list\"><li><a href=\"https:\/\/culturesconnection.com\/pt-br\/servicos-de-traducao-tecnica-em-frances\/\">Tradu\u00e7\u00e3o t\u00e9cnica em franc\u00eas<\/a><\/li><li><a href=\"https:\/\/culturesconnection.com\/pt-br\/servicos-de-traducao-tecnica-alema\/\">Tradu\u00e7\u00e3o t\u00e9cnica em alem\u00e3o<\/a><\/li><li><a href=\"https:\/\/culturesconnection.com\/pt-br\/servicos-de-traducao-tecnica-em-chines\/\">Tradu\u00e7\u00e3o t\u00e9cnica em chin\u00eas<\/a><\/li><li><a href=\"https:\/\/culturesconnection.com\/pt-br\/servicos-de-traducao-tecnica-arabe\/\">Tradu\u00e7\u00e3o t\u00e9cnica em \u00e1rabe<\/a><\/li><li><a href=\"https:\/\/culturesconnection.com\/pt-br\/servicos-de-traducao-tecnica-em-italiano\/\">Tradu\u00e7\u00e3o t\u00e9cnica em italiano<\/a><\/li><li><a href=\"https:\/\/culturesconnection.com\/pt-br\/servicos-de-traducao-tecnica-em-holandes\/\">Tradu\u00e7\u00e3o t\u00e9cnica em holand\u00eas<\/a><\/li><li><a href=\"https:\/\/culturesconnection.com\/pt-br\/servicos-de-traducao-tecnica-em-turco\/\">Tradu\u00e7\u00e3o t\u00e9cnica em turco<\/a><\/li><li><a href=\"https:\/\/culturesconnection.com\/pt-br\/servicos-de-traducao-tecnica-em-japones\/\">Tradu\u00e7\u00e3o t\u00e9cnica em japon\u00eas<\/a><\/li><li><a href=\"https:\/\/culturesconnection.com\/pt-br\/servicos-de-traducao-tecnica-em-russo\/\">Tradu\u00e7\u00e3o t\u00e9cnica em russo<\/a><\/li><\/ul>\n","protected":false},"excerpt":{"rendered":"<p>Especialistas em tradu\u00e7\u00e3o t\u00e9cnica de portugu\u00eas-espanhol ao seu dispor Sua empresa faz parte do setor t\u00e9cnico ou cient\u00edfico e voc\u00ea deseja expandir suas opera\u00e7\u00f5es na [&#8230;]<\/p>\n<p><a class=\"btn btn-secondary understrap-read-more-link\" href=\"https:\/\/culturesconnection.com\/pt-br\/servicos-de-traducao-em-espanhol\/servicos-de-traducao-tecnica-em-espanhol\/\">Leia mais&#8230;<span class=\"screen-reader-text\"> from Nossos servi\u00e7os de tradu\u00e7\u00e3o t\u00e9cnica em espanhol<\/span><\/a><\/p>\n","protected":false},"author":22,"featured_media":24335,"parent":9742,"menu_order":0,"comment_status":"closed","ping_status":"closed","template":"","meta":{"_acf_changed":false,"_editorskit_title_hidden":false,"_editorskit_reading_time":0,"_editorskit_is_block_options_detached":false,"_editorskit_block_options_position":"{}","footnotes":""},"class_list":["post-9741","page","type-page","status-publish","has-post-thumbnail","hentry"],"acf":[],"_links":{"self":[{"href":"https:\/\/culturesconnection.com\/pt-br\/wp-json\/wp\/v2\/pages\/9741","targetHints":{"allow":["GET"]}}],"collection":[{"href":"https:\/\/culturesconnection.com\/pt-br\/wp-json\/wp\/v2\/pages"}],"about":[{"href":"https:\/\/culturesconnection.com\/pt-br\/wp-json\/wp\/v2\/types\/page"}],"author":[{"embeddable":true,"href":"https:\/\/culturesconnection.com\/pt-br\/wp-json\/wp\/v2\/users\/22"}],"replies":[{"embeddable":true,"href":"https:\/\/culturesconnection.com\/pt-br\/wp-json\/wp\/v2\/comments?post=9741"}],"version-history":[{"count":0,"href":"https:\/\/culturesconnection.com\/pt-br\/wp-json\/wp\/v2\/pages\/9741\/revisions"}],"up":[{"embeddable":true,"href":"https:\/\/culturesconnection.com\/pt-br\/wp-json\/wp\/v2\/pages\/9742"}],"wp:featuredmedia":[{"embeddable":true,"href":"https:\/\/culturesconnection.com\/pt-br\/wp-json\/wp\/v2\/media\/24335"}],"wp:attachment":[{"href":"https:\/\/culturesconnection.com\/pt-br\/wp-json\/wp\/v2\/media?parent=9741"}],"curies":[{"name":"wp","href":"https:\/\/api.w.org\/{rel}","templated":true}]}}