{"id":9740,"date":"2018-06-18T21:17:18","date_gmt":"2018-06-18T19:17:18","guid":{"rendered":"http:\/\/culturesconnection.com\/?page_id=9740"},"modified":"2022-06-21T18:11:18","modified_gmt":"2022-06-21T16:11:18","slug":"servicos-de-legendagem-em-espanhol","status":"publish","type":"page","link":"https:\/\/culturesconnection.com\/pt-br\/servicos-de-traducao-em-espanhol\/servicos-de-legendagem-em-espanhol\/","title":{"rendered":"Nossos servi\u00e7os de legendagem em espanhol"},"content":{"rendered":"\n<h2 class=\"wp-block-heading\">Servi\u00e7os de legendagem portugu\u00eas-espanhol: exporte seus materiais<\/h2>\n\n\n\n<p>Voc\u00ea quer traduzir um filme, um document\u00e1rio ou um v\u00eddeo comercial de ou para o espanhol? A <a href=\"https:\/\/culturesconnection.com\/pt-br\/\">Cultures Connection<\/a> cuida de todo o processo, voc\u00ea s\u00f3 precisa enviar-nos seu projeto! Quer se trate de dublagem, narra\u00e7\u00e3o ou legendagem, nossa equipe de especialistas transcreve, traduz e adapta seu material audiovisual em espanhol, respeitando as restri\u00e7\u00f5es de tempo e espa\u00e7o na tela. Gra\u00e7as ao seu excelente comando do portugu\u00eas e espanhol, eles s\u00e3o as pessoas mais adequadas e capazes de adaptar seu conte\u00fado para Espanha ou Am\u00e9rica Latina.<\/p>\n\n\n\n<h2 class=\"wp-block-heading\">Nossa ag\u00eancia de tradu\u00e7\u00e3o de servi\u00e7os de legendagem<\/h2>\n\n\n\n<p>Nossos tradutores t\u00eam um excelente conhecimento da ind\u00fastria. Dependendo de sua especialidade, eles lidam com dublagem, legendagem ou locu\u00e7\u00e3o de seus materiais de \u00e1udio e v\u00eddeo. Com o apoio de t\u00e9cnicos ou gerentes de projeto, especializados neste tipo de tradu\u00e7\u00e3o, eles colocam todos o seu conhecimento ao seu dispor, para lhe fornecer uma tradu\u00e7\u00e3o perfeita. Voc\u00ea beneficia de um conhecimento lingu\u00edstico, mas tamb\u00e9m da compet\u00eancia t\u00e9cnica de nossa equipe. Para obter uma vers\u00e3o de seus materiais em espanhol, voc\u00ea pode contar com nossos <a href=\"https:\/\/culturesconnection.com\/pt-br\/servicos-de-traducao\/\">servi\u00e7os de tradu\u00e7\u00e3o<\/a>.<\/p>\n\n\n\n<h2 class=\"wp-block-heading\">Seus materiais audiovisuais em espanhol<\/h2>\n\n\n\n<p>Lidamos com a tradu\u00e7\u00e3o de diferentes tipos de <a href=\"https:\/\/culturesconnection.com\/pt-br\/servicos-de-legendagem\/\">materiais audiovisuais<\/a>, incluindo:<\/p>\n\n\n\n<ul class=\"wp-block-list\"><li>V\u00eddeos comerciais e de publicidade<\/li><li>Filmes corporativos<\/li><li>V\u00eddeos institucionais<\/li><li>Textos de \u00e1udio<\/li><li>Document\u00e1rios<\/li><li>V\u00eddeo games<\/li><\/ul>\n\n\n\n<h3 class=\"wp-block-heading\"><img decoding=\"async\" src=\"https:\/\/upload.wikimedia.org\/wikipedia\/commons\/thumb\/8\/8d\/U%2B2192.svg\/25px-U%2B2192.svg.png\" alt=\"U + 2192.svg\"> Servi\u00e7os de legendagem em todos os idiomas<\/h3>\n\n\n\n<ul class=\"wp-block-list\"><li><a href=\"https:\/\/culturesconnection.com\/pt-br\/servicos-de-legendagem-em-frances\/\">Servi\u00e7os de legendagem em franc\u00eas<\/a><\/li><li><a href=\"https:\/\/culturesconnection.com\/pt-br\/servicos-de-legendagem-em-alemao\/\">Servi\u00e7os de legendagem em alem\u00e3o<\/a><\/li><li><a href=\"https:\/\/culturesconnection.com\/pt-br\/servicos-de-legendagem-em-chines\/\">Servi\u00e7os de legendagem em chin\u00eas<\/a><\/li><li><a href=\"https:\/\/culturesconnection.com\/pt-br\/servicos-de-legendagem-em-arabe\/\">Servi\u00e7os de legendagem em \u00e1rabe<\/a><\/li><li><a href=\"https:\/\/culturesconnection.com\/pt-br\/servicos-de-legendagem-em-italiano\/\">Servi\u00e7os de legendagem em italiano<\/a><\/li><li><a href=\"https:\/\/culturesconnection.com\/pt-br\/servicos-de-legendagem-em-holandes\/\">Servi\u00e7os de legendagem em holand\u00eas<\/a><\/li><li><a href=\"https:\/\/culturesconnection.com\/pt-br\/servicos-de-legendagem-em-turco\/\">Servi\u00e7os de legendagem em turco<\/a><\/li><li><a href=\"https:\/\/culturesconnection.com\/pt-br\/servicos-de-legendagem-em-japones\/\">Servi\u00e7os de legendagem em japon\u00eas<\/a><\/li><li><a href=\"https:\/\/culturesconnection.com\/pt-br\/servicos-de-legendagem-em-russo\/\">Servi\u00e7os de legendagem em russo<\/a><\/li><\/ul>\n","protected":false},"excerpt":{"rendered":"<p>Servi\u00e7os de legendagem portugu\u00eas-espanhol: exporte seus materiais Voc\u00ea quer traduzir um filme, um document\u00e1rio ou um v\u00eddeo comercial de ou para o espanhol? A Cultures [&#8230;]<\/p>\n<p><a class=\"btn btn-secondary understrap-read-more-link\" href=\"https:\/\/culturesconnection.com\/pt-br\/servicos-de-traducao-em-espanhol\/servicos-de-legendagem-em-espanhol\/\">Leia mais&#8230;<span class=\"screen-reader-text\"> from Nossos servi\u00e7os de legendagem em espanhol<\/span><\/a><\/p>\n","protected":false},"author":22,"featured_media":24335,"parent":9742,"menu_order":0,"comment_status":"closed","ping_status":"closed","template":"","meta":{"_acf_changed":false,"_editorskit_title_hidden":false,"_editorskit_reading_time":0,"_editorskit_is_block_options_detached":false,"_editorskit_block_options_position":"{}","footnotes":""},"class_list":["post-9740","page","type-page","status-publish","has-post-thumbnail","hentry"],"acf":[],"_links":{"self":[{"href":"https:\/\/culturesconnection.com\/pt-br\/wp-json\/wp\/v2\/pages\/9740","targetHints":{"allow":["GET"]}}],"collection":[{"href":"https:\/\/culturesconnection.com\/pt-br\/wp-json\/wp\/v2\/pages"}],"about":[{"href":"https:\/\/culturesconnection.com\/pt-br\/wp-json\/wp\/v2\/types\/page"}],"author":[{"embeddable":true,"href":"https:\/\/culturesconnection.com\/pt-br\/wp-json\/wp\/v2\/users\/22"}],"replies":[{"embeddable":true,"href":"https:\/\/culturesconnection.com\/pt-br\/wp-json\/wp\/v2\/comments?post=9740"}],"version-history":[{"count":0,"href":"https:\/\/culturesconnection.com\/pt-br\/wp-json\/wp\/v2\/pages\/9740\/revisions"}],"up":[{"embeddable":true,"href":"https:\/\/culturesconnection.com\/pt-br\/wp-json\/wp\/v2\/pages\/9742"}],"wp:featuredmedia":[{"embeddable":true,"href":"https:\/\/culturesconnection.com\/pt-br\/wp-json\/wp\/v2\/media\/24335"}],"wp:attachment":[{"href":"https:\/\/culturesconnection.com\/pt-br\/wp-json\/wp\/v2\/media?parent=9740"}],"curies":[{"name":"wp","href":"https:\/\/api.w.org\/{rel}","templated":true}]}}