{"id":9739,"date":"2018-06-18T21:28:17","date_gmt":"2018-06-18T19:28:17","guid":{"rendered":"http:\/\/culturesconnection.com\/?page_id=9739"},"modified":"2022-06-21T04:58:27","modified_gmt":"2022-06-21T02:58:27","slug":"servicos-de-traducao-cientifica-em-espanhol","status":"publish","type":"page","link":"https:\/\/culturesconnection.com\/pt-br\/servicos-de-traducao-em-espanhol\/servicos-de-traducao-cientifica-em-espanhol\/","title":{"rendered":"Nossos servi\u00e7os de tradu\u00e7\u00e3o cient\u00edfica em espanhol"},"content":{"rendered":"\n<h2 class=\"wp-block-heading\">Tradu\u00e7\u00e3o cient\u00edfica em portugu\u00eas-espanhol<\/h2>\n\n\n\n<p>No contexto de uma tradu\u00e7\u00e3o cient\u00edfica de portugu\u00eas-espanhol, \u00e9 fundamental confiar seu projeto a uma <a href=\"https:\/\/culturesconnection.com\/pt-br\/\">ag\u00eancia de tradu\u00e7\u00e3o<\/a> que disp\u00f5e de profissionais altamente qualificados. Terminologia t\u00e9cnica cient\u00edfica requer uma aten\u00e7\u00e3o especial seja em manipula\u00e7\u00f5es de DNA, biodiversidade ou biotecnologia. Para melhores resultados, esta tarefa complexa deve ser atribu\u00edda a um tradutor cient\u00edfico de espanhol.<\/p>\n\n\n\n<h2 class=\"wp-block-heading\">Nosso escrit\u00f3rio de tradu\u00e7\u00e3o<\/h2>\n\n\n\n<p>Cultures Connection tem uma extensa experi\u00eancia na \u00e1rea da tradu\u00e7\u00e3o cient\u00edfica de e para o espanhol. Gra\u00e7as \u00e0 nossa expertise em gerenciamento de projetos e na <a href=\"https:\/\/culturesconnection.com\/pt-br\/servicos-de-traducao\/\">sele\u00e7\u00e3o de tradutores qualificados<\/a>, n\u00f3s entregamos seus documentos traduzidos com perfei\u00e7\u00e3o e rapidez. O princ\u00edpio \u00e9 simples: cada projeto tem seu pr\u00f3prio tradutor. Voc\u00ea tem documentos cient\u00edficos para enviar para a Espanha ou a Am\u00e9rica Latina? Entre em contato conosco. Fornecemos-lhe tradu\u00e7\u00f5es de alta qualidade, que ir\u00e1 satisfazer as expectativas de seus leitores.<\/p>\n\n\n\n<h2 class=\"wp-block-heading\">Tradu\u00e7\u00e3o de documentos cient\u00edficos em espanhol<\/h2>\n\n\n\n<p>As <a href=\"https:\/\/culturesconnection.com\/pt-br\/servicos-de-traducao-cientifica\/\">tradu\u00e7\u00f5es cient\u00edficas<\/a> que nos s\u00e3o confiadas variam. Eis alguns exemplos de documentos que frequentemente traduzimos de e para o espanhol:<\/p>\n\n\n\n<ul class=\"wp-block-list\"><li>L\u00e9xicos, enciclop\u00e9dias cient\u00edficas e gloss\u00e1rios<\/li><li>Documentos t\u00e9cnicos e artigos de pesquisa<\/li><li>Manuais de operador e usu\u00e1rio<\/li><li>Testes de laborat\u00f3rio, testes de protocolos<\/li><li>Orienta\u00e7\u00f5es, patentes e documentos legais<\/li><li>Especifica\u00e7\u00f5es<\/li><li>Estudos de mercado e projeto entre pa\u00edses<\/li><li>Simula\u00e7\u00e3o de software (biotecnologia, ambiental, remodela\u00e7\u00e3o de unidade industrial)<\/li><li>Apresenta\u00e7\u00f5es multim\u00eddia e v\u00eddeo<\/li><li>Tradu\u00e7\u00e3o e localiza\u00e7\u00e3o de websites<\/li><li>Tradu\u00e7\u00e3o de manuais t\u00e9cnicos, apresenta\u00e7\u00f5es de confer\u00eancia<\/li><\/ul>\n\n\n\n<h3 class=\"wp-block-heading\"><img decoding=\"async\" src=\"https:\/\/upload.wikimedia.org\/wikipedia\/commons\/thumb\/8\/8d\/U%2B2192.svg\/25px-U%2B2192.svg.png\" alt=\"U + 2192.svg\"> Tradu\u00e7\u00e3o cient\u00edfica em todos os idiomas<\/h3>\n\n\n\n<ul class=\"wp-block-list\"><li><a href=\"https:\/\/culturesconnection.com\/pt-br\/servicos-de-traducao-cientifica-em-frances\/\">Tradu\u00e7\u00e3o cient\u00edfica em franc\u00eas<\/a><\/li><li><a href=\"https:\/\/culturesconnection.com\/pt-br\/servicos-de-traducao-cientifica-alema\/\">Tradu\u00e7\u00e3o cient\u00edfica em alem\u00e3o<\/a><\/li><li><a href=\"https:\/\/culturesconnection.com\/pt-br\/servicos-de-traducao-cientifica-chinesa\/\">Tradu\u00e7\u00e3o cient\u00edfica em chin\u00eas<\/a><\/li><li><a href=\"https:\/\/culturesconnection.com\/pt-br\/servicos-de-traducao-cientifica-em-arabe\/\">Tradu\u00e7\u00e3o cient\u00edfica em \u00e1rabe<\/a><\/li><li><a href=\"https:\/\/culturesconnection.com\/pt-br\/nossos-servicos-de-traducao-cientifica-em-ingles\/\">Tradu\u00e7\u00e3o cient\u00edfica em ingl\u00eas<\/a><\/li><li><a href=\"https:\/\/culturesconnection.com\/pt-br\/servicos-de-traducao-cientifica-em-italiano\/\">Tradu\u00e7\u00e3o cient\u00edfica em italiano<\/a><\/li><li><a href=\"https:\/\/culturesconnection.com\/pt-br\/servicos-de-traducao-cientifica-em-holandes\/\">Tradu\u00e7\u00e3o cient\u00edfica em holand\u00eas<\/a><\/li><li><a href=\"https:\/\/culturesconnection.com\/pt-br\/servicos-de-traducao-cientifica-em-turco\/\">Tradu\u00e7\u00e3o cient\u00edfica em turco<\/a><\/li><li><a href=\"https:\/\/culturesconnection.com\/pt-br\/servicos-de-traducao-cientifica-em-japones\/\">Tradu\u00e7\u00e3o cient\u00edfica em japon\u00eas<\/a><\/li><li><a href=\"https:\/\/culturesconnection.com\/pt-br\/servicos-de-traducao-cientifica-em-russo\/\">Tradu\u00e7\u00e3o cient\u00edfica em russo<\/a><\/li><\/ul>\n","protected":false},"excerpt":{"rendered":"<p>Tradu\u00e7\u00e3o cient\u00edfica em portugu\u00eas-espanhol No contexto de uma tradu\u00e7\u00e3o cient\u00edfica de portugu\u00eas-espanhol, \u00e9 fundamental confiar seu projeto a uma ag\u00eancia de tradu\u00e7\u00e3o que disp\u00f5e de [&#8230;]<\/p>\n<p><a class=\"btn btn-secondary understrap-read-more-link\" href=\"https:\/\/culturesconnection.com\/pt-br\/servicos-de-traducao-em-espanhol\/servicos-de-traducao-cientifica-em-espanhol\/\">Leia mais&#8230;<span class=\"screen-reader-text\"> from Nossos servi\u00e7os de tradu\u00e7\u00e3o cient\u00edfica em espanhol<\/span><\/a><\/p>\n","protected":false},"author":22,"featured_media":24335,"parent":9742,"menu_order":0,"comment_status":"closed","ping_status":"closed","template":"","meta":{"_acf_changed":false,"_editorskit_title_hidden":false,"_editorskit_reading_time":0,"_editorskit_is_block_options_detached":false,"_editorskit_block_options_position":"{}","footnotes":""},"class_list":["post-9739","page","type-page","status-publish","has-post-thumbnail","hentry"],"acf":[],"_links":{"self":[{"href":"https:\/\/culturesconnection.com\/pt-br\/wp-json\/wp\/v2\/pages\/9739","targetHints":{"allow":["GET"]}}],"collection":[{"href":"https:\/\/culturesconnection.com\/pt-br\/wp-json\/wp\/v2\/pages"}],"about":[{"href":"https:\/\/culturesconnection.com\/pt-br\/wp-json\/wp\/v2\/types\/page"}],"author":[{"embeddable":true,"href":"https:\/\/culturesconnection.com\/pt-br\/wp-json\/wp\/v2\/users\/22"}],"replies":[{"embeddable":true,"href":"https:\/\/culturesconnection.com\/pt-br\/wp-json\/wp\/v2\/comments?post=9739"}],"version-history":[{"count":0,"href":"https:\/\/culturesconnection.com\/pt-br\/wp-json\/wp\/v2\/pages\/9739\/revisions"}],"up":[{"embeddable":true,"href":"https:\/\/culturesconnection.com\/pt-br\/wp-json\/wp\/v2\/pages\/9742"}],"wp:featuredmedia":[{"embeddable":true,"href":"https:\/\/culturesconnection.com\/pt-br\/wp-json\/wp\/v2\/media\/24335"}],"wp:attachment":[{"href":"https:\/\/culturesconnection.com\/pt-br\/wp-json\/wp\/v2\/media?parent=9739"}],"curies":[{"name":"wp","href":"https:\/\/api.w.org\/{rel}","templated":true}]}}