{"id":9731,"date":"2018-06-18T21:28:29","date_gmt":"2018-06-18T19:28:29","guid":{"rendered":"http:\/\/culturesconnection.com\/?page_id=9731"},"modified":"2022-06-21T06:03:28","modified_gmt":"2022-06-21T04:03:28","slug":"servicos-de-traducao-cientifica-em-russo","status":"publish","type":"page","link":"https:\/\/culturesconnection.com\/pt-br\/servicos-de-traducao-em-russo\/servicos-de-traducao-cientifica-em-russo\/","title":{"rendered":"Nossos servi\u00e7os de tradu\u00e7\u00e3o cient\u00edfica em russo"},"content":{"rendered":"\n<h2 class=\"wp-block-heading\">Tradu\u00e7\u00e3o cient\u00edfica portugu\u00eas-russo implica um trabalho rigoroso<\/h2>\n\n\n\n<p>Antes de abordar a tradu\u00e7\u00e3o de um documento cient\u00edfico, o tradutor t\u00e9cnico deve realizar uma pesquisa de terminologia. Cada \u00e1rea de especializa\u00e7\u00e3o possui sua terminologia espec\u00edfica e os tradutores devem estar familiarizados com a \u00e1rea e com os termos que correspondem a ela em ambas as l\u00ednguas de trabalho. Manuais e dicion\u00e1rios especializados est\u00e3o, obviamente, \u00e0 sua disposi\u00e7\u00e3o para ajud\u00e1-los nas suas tarefas. Seja qual for a natureza do seu documento cient\u00edfico, nossa ag\u00eancia de tradu\u00e7\u00e3o garante que ele seja tratado pelos tradutores e revisores mais competentes e mais adaptados ao seu projeto. Nossos tradutores cient\u00edficos russos s\u00e3o todos escolhidos com base em seus diplomas, qualifica\u00e7\u00f5es, experi\u00eancia e dom\u00ednio das terminologias relacionadas ao projeto.<\/p>\n\n\n\n<h2 class=\"wp-block-heading\">Nossa empresa de tradu\u00e7\u00e3o<\/h2>\n\n\n\n<p>Biologia, ecologia, desenvolvimento sustent\u00e1vel, sa\u00fade e energias renov\u00e1veis s\u00e3o algumas das \u00e1reas de especializa\u00e7\u00e3o de nossos tradutores para a tradu\u00e7\u00e3o dos seus documentos em russo. <a href=\"https:\/\/culturesconnection.com\/pt-br\/\">Cultures Connection<\/a> oferece <a href=\"https:\/\/culturesconnection.com\/pt-br\/servicos-de-traducao\/\">servi\u00e7os de tradu\u00e7\u00e3o<\/a> de alta qualidaed e trabalha com uma equipe competente de tradutores russos. Cada tradutor trabalha dentro de sua respectiva \u00e1rea de especializa\u00e7\u00e3o, oferecendo meticulosas tradu\u00e7\u00f5es cient\u00edficas em que nenhum detalhe \u00e9 deixado ao acaso.<\/p>\n\n\n\n<h2 class=\"wp-block-heading\">Tradu\u00e7\u00e3o de documentos cient\u00edficos em russo<\/h2>\n\n\n\n<p>Aqui abaixo est\u00e3o alguns exemplos de diferentes tipos de <a href=\"https:\/\/culturesconnection.com\/pt-br\/servicos-de-traducao-cientifica\/\">documentos cient\u00edficos<\/a> que nossa empresa de tradu\u00e7\u00e3o j\u00e1 traduziu para o russo:<\/p>\n\n\n\n<ul class=\"wp-block-list\"><li>L\u00e9xicos, enciclop\u00e9dias cient\u00edficas e gloss\u00e1rios<\/li><li>Documentos t\u00e9cnicos e artigos de pesquisa<\/li><li>Manuais de operador e usu\u00e1rio<\/li><li>Testes de laborat\u00f3rio, testes de protocolos<\/li><li>Orienta\u00e7\u00f5es, patentes e documentos legais<\/li><li>Especifica\u00e7\u00f5es<\/li><li>Estudos de mercado e projeto entre pa\u00edses<\/li><li>Simula\u00e7\u00e3o de software (biotecnologia, ambiental, remodela\u00e7\u00e3o de unidade industrial)<\/li><li>Apresenta\u00e7\u00f5es multim\u00eddia e v\u00eddeo<\/li><li>Tradu\u00e7\u00e3o e localiza\u00e7\u00e3o de websites<\/li><li>Tradu\u00e7\u00e3o de manuais t\u00e9cnicos, apresenta\u00e7\u00f5es de confer\u00eancia<\/li><\/ul>\n\n\n\n<h2 class=\"wp-block-heading\">Tradu\u00e7\u00e3o cient\u00edfica em todos os idiomas<\/h2>\n\n\n\n<ul class=\"wp-block-list\"><li><a href=\"https:\/\/culturesconnection.com\/pt-br\/servicos-de-traducao-cientifica-em-frances\/\">Tradu\u00e7\u00e3o cient\u00edfica em franc\u00eas<\/a><\/li><li><a href=\"https:\/\/culturesconnection.com\/pt-br\/servicos-de-traducao-cientifica-em-espanhol\/\">Tradu\u00e7\u00e3o cient\u00edfica em espanhol<\/a><\/li><li><a href=\"https:\/\/culturesconnection.com\/pt-br\/servicos-de-traducao-cientifica-alema\/\">Tradu\u00e7\u00e3o cient\u00edfica em alem\u00e3o<\/a><\/li><li><a href=\"https:\/\/culturesconnection.com\/pt-br\/servicos-de-traducao-cientifica-chinesa\/\">Tradu\u00e7\u00e3o cient\u00edfica em chin\u00eas<\/a><\/li><li><a href=\"https:\/\/culturesconnection.com\/pt-br\/servicos-de-traducao-cientifica-em-arabe\/\">Tradu\u00e7\u00e3o cient\u00edfica em \u00e1rabe<\/a><\/li><li><a href=\"https:\/\/culturesconnection.com\/pt-br\/nossos-servicos-de-traducao-cientifica-em-ingles\/\">Tradu\u00e7\u00e3o cient\u00edfica em ingl\u00eas<\/a><\/li><li><a href=\"https:\/\/culturesconnection.com\/pt-br\/servicos-de-traducao-cientifica-em-italiano\/\">Tradu\u00e7\u00e3o cient\u00edfica em italiano<\/a><\/li><li><a href=\"https:\/\/culturesconnection.com\/pt-br\/servicos-de-traducao-cientifica-em-holandes\/\">Tradu\u00e7\u00e3o cient\u00edfica em holand\u00eas<\/a><\/li><li><a href=\"https:\/\/culturesconnection.com\/pt-br\/servicos-de-traducao-cientifica-em-turco\/\">Tradu\u00e7\u00e3o cient\u00edfica em turco<\/a><\/li><li><a href=\"https:\/\/culturesconnection.com\/pt-br\/servicos-de-traducao-cientifica-em-japones\/\">Tradu\u00e7\u00e3o cient\u00edfica em japon\u00eas<\/a><\/li><\/ul>\n","protected":false},"excerpt":{"rendered":"<p>Tradu\u00e7\u00e3o cient\u00edfica portugu\u00eas-russo implica um trabalho rigoroso Antes de abordar a tradu\u00e7\u00e3o de um documento cient\u00edfico, o tradutor t\u00e9cnico deve realizar uma pesquisa de terminologia. [&#8230;]<\/p>\n<p><a class=\"btn btn-secondary understrap-read-more-link\" href=\"https:\/\/culturesconnection.com\/pt-br\/servicos-de-traducao-em-russo\/servicos-de-traducao-cientifica-em-russo\/\">Leia mais&#8230;<span class=\"screen-reader-text\"> from Nossos servi\u00e7os de tradu\u00e7\u00e3o cient\u00edfica em russo<\/span><\/a><\/p>\n","protected":false},"author":22,"featured_media":24335,"parent":9726,"menu_order":0,"comment_status":"closed","ping_status":"closed","template":"","meta":{"_acf_changed":false,"_editorskit_title_hidden":false,"_editorskit_reading_time":0,"_editorskit_is_block_options_detached":false,"_editorskit_block_options_position":"{}","footnotes":""},"class_list":["post-9731","page","type-page","status-publish","has-post-thumbnail","hentry"],"acf":[],"_links":{"self":[{"href":"https:\/\/culturesconnection.com\/pt-br\/wp-json\/wp\/v2\/pages\/9731","targetHints":{"allow":["GET"]}}],"collection":[{"href":"https:\/\/culturesconnection.com\/pt-br\/wp-json\/wp\/v2\/pages"}],"about":[{"href":"https:\/\/culturesconnection.com\/pt-br\/wp-json\/wp\/v2\/types\/page"}],"author":[{"embeddable":true,"href":"https:\/\/culturesconnection.com\/pt-br\/wp-json\/wp\/v2\/users\/22"}],"replies":[{"embeddable":true,"href":"https:\/\/culturesconnection.com\/pt-br\/wp-json\/wp\/v2\/comments?post=9731"}],"version-history":[{"count":0,"href":"https:\/\/culturesconnection.com\/pt-br\/wp-json\/wp\/v2\/pages\/9731\/revisions"}],"up":[{"embeddable":true,"href":"https:\/\/culturesconnection.com\/pt-br\/wp-json\/wp\/v2\/pages\/9726"}],"wp:featuredmedia":[{"embeddable":true,"href":"https:\/\/culturesconnection.com\/pt-br\/wp-json\/wp\/v2\/media\/24335"}],"wp:attachment":[{"href":"https:\/\/culturesconnection.com\/pt-br\/wp-json\/wp\/v2\/media?parent=9731"}],"curies":[{"name":"wp","href":"https:\/\/api.w.org\/{rel}","templated":true}]}}