{"id":9730,"date":"2018-06-18T21:28:30","date_gmt":"2018-06-18T19:28:30","guid":{"rendered":"http:\/\/culturesconnection.com\/?page_id=9730"},"modified":"2022-06-18T23:32:58","modified_gmt":"2022-06-18T21:32:58","slug":"servicos-de-traducao-medica-em-russo","status":"publish","type":"page","link":"https:\/\/culturesconnection.com\/pt-br\/servicos-de-traducao-em-russo\/servicos-de-traducao-medica-em-russo\/","title":{"rendered":"Nossos servi\u00e7os de tradu\u00e7\u00e3o m\u00e9dica em russo"},"content":{"rendered":"\n<h2 class=\"wp-block-heading\">Tradu\u00e7\u00e3o m\u00e9dica portugu\u00eas-russo: um trabalho de precis\u00e3o<\/h2>\n\n\n\n<p>Se voc\u00ea deseja divulgar recursos, t\u00e9cnicas e\/ou procedimentos m\u00e9dicos na R\u00fassia, a tradu\u00e7\u00e3o dos documentos \u00e9 o ponto de partida. No entanto, encontrar um especialista que possa traduzir o seu documento m\u00e9dico eficazmente n\u00e3o \u00e9 tarefa f\u00e1cil. \u00c9 necess\u00e1rio encontrar profissionais especializados na \u00e1rea m\u00e9dica referenciada nos documentos em quest\u00e3o e que sejam tamb\u00e9m proficientes em suas l\u00ednguas de trabalho. Sabemos que nesta \u00e1rea, qualquer erro pode ter consequ\u00eancias muito graves, esses impactos podem ser financeiros ou de sa\u00fade p\u00fablica podendo at\u00e9 mesmo custar vidas.<\/p>\n\n\n\n<h2 class=\"wp-block-heading\">Voc\u00ea precisa de uma ag\u00eancia de tradu\u00e7\u00e3o m\u00e9dica?<\/h2>\n\n\n\n<p>A&nbsp;<a href=\"https:\/\/culturesconnection.com\/pt-br\/\">Cultures Connection<\/a> oferece uma larga gama de especializa\u00e7\u00f5es na \u00e1rea m\u00e9dica, por exemplo: cirurgia pl\u00e1stica, gen\u00e9tica m\u00e9dica, microbiologia, neuropatologia e ginecologia entre outras. Nossos tradutores m\u00e9dicos s\u00e3o experientes e altamente qualificados e possuem um excelente dom\u00ednio do russo e do portugu\u00eas. Nossa rede \u00e9 composta de mais de 750 tradutores profissionais e eles trabalham com a m\u00e1xima seriedade para fornecer <a href=\"https:\/\/culturesconnection.com\/pt-br\/servicos-de-traducao\/\">servi\u00e7os de tradu\u00e7\u00e3o<\/a> de qualidade e alta precis\u00e3o. Se voc\u00ea est\u00e1 procurando por um tradutor m\u00e9dico portugu\u00eas-russo ou um tradutor de m\u00e9dico russo-portugu\u00eas, entre em contato conosco, n\u00f3s designaremos o profissional mais adaptado ao seu projeto.<\/p>\n\n\n\n<h2 class=\"wp-block-heading\">Tradu\u00e7\u00e3o de documentos m\u00e9dicos em russo<\/h2>\n\n\n\n<p>Eis alguns exemplos de <a href=\"https:\/\/culturesconnection.com\/pt-br\/servicos-de-traducao-medica\/\">documentos m\u00e9dicos<\/a> que a traduzimos frequentemente:<\/p>\n\n\n\n<ul class=\"wp-block-list\"><li>Revistas<\/li><li>Relat\u00f3rios de confer\u00eancia<\/li><li>Publica\u00e7\u00f5es<\/li><li>Relat\u00f3rios de projeto e pesquisa<\/li><li>Resultados de estudos e relat\u00f3rios de novas pesquisas<\/li><li>Obras de interesse geral<\/li><li>Relat\u00f3rios de auditoria<\/li><li>Question\u00e1rios<\/li><li>Folhetos<\/li><li>Dosagens para novos produtos<\/li><li>Resultados de ensaios cl\u00ednicos<\/li><li>Regulamenta\u00e7\u00e3o farmac\u00eautica<\/li><li>Relat\u00f3rios m\u00e9dicos<\/li><\/ul>\n\n\n\n<h3 class=\"wp-block-heading\"><img decoding=\"async\" src=\"https:\/\/upload.wikimedia.org\/wikipedia\/commons\/thumb\/8\/8d\/U%2B2192.svg\/25px-U%2B2192.svg.png\" alt=\"U + 2192.svg\"> Tradu\u00e7\u00e3o m\u00e9dica em todos os idiomas<\/h3>\n\n\n\n<ul class=\"wp-block-list\"><li><a href=\"https:\/\/culturesconnection.com\/pt-br\/servicos-de-traducao-medica-em-frances\/\">Tradu\u00e7\u00e3o m\u00e9dica em franc\u00eas<\/a><\/li><li><a href=\"https:\/\/culturesconnection.com\/pt-br\/servicos-de-traducao-medica-em-espanhol\/\">Tradu\u00e7\u00e3o m\u00e9dica em espanhol<\/a><\/li><li><a href=\"https:\/\/culturesconnection.com\/pt-br\/servicos-de-traducao-medica-em-alemao\/\">Tradu\u00e7\u00e3o m\u00e9dica em alem\u00e3o<\/a><\/li><li><a href=\"https:\/\/culturesconnection.com\/pt-br\/servicos-de-traducao-de-medicina-em-chines\/\">Tradu\u00e7\u00e3o m\u00e9dica em chin\u00eas<\/a><\/li><li><a href=\"https:\/\/culturesconnection.com\/pt-br\/servicos-de-traducao-medica-em-arabe\/\">Tradu\u00e7\u00e3o m\u00e9dica em \u00e1rabe<\/a><\/li><li><a href=\"https:\/\/culturesconnection.com\/pt-br\/servicos-de-traducao-medica-em-italiano\/\">Tradu\u00e7\u00e3o m\u00e9dica em italiano<\/a><\/li><li><a href=\"https:\/\/culturesconnection.com\/pt-br\/servicos-de-traducao-medica-em-holandes\/\">Tradu\u00e7\u00e3o m\u00e9dica em holand\u00eas<\/a><\/li><li><a href=\"https:\/\/culturesconnection.com\/pt-br\/servicos-de-traducao-medica-em-turco\/\">Tradu\u00e7\u00e3o m\u00e9dica em turco<\/a><\/li><li><a href=\"https:\/\/culturesconnection.com\/pt-br\/servicos-de-traducao-medica-em-japones\/\">Tradu\u00e7\u00e3o m\u00e9dica em japon\u00eas<\/a><\/li><\/ul>\n","protected":false},"excerpt":{"rendered":"<p>Tradu\u00e7\u00e3o m\u00e9dica portugu\u00eas-russo: um trabalho de precis\u00e3o Se voc\u00ea deseja divulgar recursos, t\u00e9cnicas e\/ou procedimentos m\u00e9dicos na R\u00fassia, a tradu\u00e7\u00e3o dos documentos \u00e9 o ponto [&#8230;]<\/p>\n<p><a class=\"btn btn-secondary understrap-read-more-link\" href=\"https:\/\/culturesconnection.com\/pt-br\/servicos-de-traducao-em-russo\/servicos-de-traducao-medica-em-russo\/\">Leia mais&#8230;<span class=\"screen-reader-text\"> from Nossos servi\u00e7os de tradu\u00e7\u00e3o m\u00e9dica em russo<\/span><\/a><\/p>\n","protected":false},"author":22,"featured_media":24335,"parent":9726,"menu_order":0,"comment_status":"closed","ping_status":"closed","template":"","meta":{"_acf_changed":false,"_editorskit_title_hidden":false,"_editorskit_reading_time":0,"_editorskit_is_block_options_detached":false,"_editorskit_block_options_position":"{}","footnotes":""},"class_list":["post-9730","page","type-page","status-publish","has-post-thumbnail","hentry"],"acf":[],"_links":{"self":[{"href":"https:\/\/culturesconnection.com\/pt-br\/wp-json\/wp\/v2\/pages\/9730","targetHints":{"allow":["GET"]}}],"collection":[{"href":"https:\/\/culturesconnection.com\/pt-br\/wp-json\/wp\/v2\/pages"}],"about":[{"href":"https:\/\/culturesconnection.com\/pt-br\/wp-json\/wp\/v2\/types\/page"}],"author":[{"embeddable":true,"href":"https:\/\/culturesconnection.com\/pt-br\/wp-json\/wp\/v2\/users\/22"}],"replies":[{"embeddable":true,"href":"https:\/\/culturesconnection.com\/pt-br\/wp-json\/wp\/v2\/comments?post=9730"}],"version-history":[{"count":0,"href":"https:\/\/culturesconnection.com\/pt-br\/wp-json\/wp\/v2\/pages\/9730\/revisions"}],"up":[{"embeddable":true,"href":"https:\/\/culturesconnection.com\/pt-br\/wp-json\/wp\/v2\/pages\/9726"}],"wp:featuredmedia":[{"embeddable":true,"href":"https:\/\/culturesconnection.com\/pt-br\/wp-json\/wp\/v2\/media\/24335"}],"wp:attachment":[{"href":"https:\/\/culturesconnection.com\/pt-br\/wp-json\/wp\/v2\/media?parent=9730"}],"curies":[{"name":"wp","href":"https:\/\/api.w.org\/{rel}","templated":true}]}}