{"id":9729,"date":"2018-06-18T21:28:31","date_gmt":"2018-06-18T19:28:31","guid":{"rendered":"http:\/\/culturesconnection.com\/?page_id=9729"},"modified":"2022-06-19T18:41:35","modified_gmt":"2022-06-19T16:41:35","slug":"servicos-de-traducao-juridica-em-russo","status":"publish","type":"page","link":"https:\/\/culturesconnection.com\/pt-br\/servicos-de-traducao-em-russo\/servicos-de-traducao-juridica-em-russo\/","title":{"rendered":"Nossos servi\u00e7os de tradu\u00e7\u00e3o jur\u00eddica em russo"},"content":{"rendered":"\n<h2 class=\"wp-block-heading\">Trabalho realizado por especialistas de tradu\u00e7\u00e3o jur\u00eddica de portugu\u00eas-russo<\/h2>\n\n\n\n<p>Traduzir um documento jur\u00eddico n\u00e3o \u00e9 uma tarefa f\u00e1cil. Este trabalho requer um profundo conhecimento do campo relevante. Al\u00e9m dos diferentes conceitos jur\u00eddicos correspondentes a cada pa\u00eds e jurisdi\u00e7\u00e3o, os termos jur\u00eddicos tamb\u00e9m variam bastante de um idioma para outro e podem simplesmente n\u00e3o ter nenhum equivalente no idioma de destino. No campo jur\u00eddico e especialmente em direito societ\u00e1rio, um pequeno erro pode ter grandes consequ\u00eancias. \u00c9 preciso ser muito preciso com a escolha das palavras usadas. Os termos que constam nos documentos legais a serem traduzidos s\u00e3o bem compreendidos por nossa equipe de tradutores profissionais jur\u00eddicos.<\/p>\n\n\n\n<h2 class=\"wp-block-heading\">Nossa ag\u00eancia de tradu\u00e7\u00e3o jur\u00eddica<\/h2>\n\n\n\n<p>Combinando qualidade, exatid\u00e3o e pontualidade, <a href=\"https:\/\/culturesconnection.com\/pt-br\/\">Cultures Connection<\/a> \u00e9 a melhor escolha para suas tradu\u00e7\u00f5es jur\u00eddicas em russo. Nossos <a href=\"https:\/\/culturesconnection.com\/pt-br\/servicos-de-traducao\/\">servi\u00e7os de tradu\u00e7\u00e3o<\/a> incluem a tradu\u00e7\u00e3o de uma vasta gama de documentos jur\u00eddicos em russo. A equipe que comp\u00f5e a nossa empresa de tradu\u00e7\u00e3o re\u00fane revisores e tradutores altamente qualificados. Nossos tradutores s\u00e3o peritos na \u00e1rea pois j\u00e1 trabalharam previamente como advogados ou juristas. Eles s\u00e3o tamb\u00e9m altamente proficientes em suas l\u00ednguas de trabalho, a fim de fornecer um servi\u00e7o de melhor qualidade. A especial aten\u00e7\u00e3o e as habilidades necess\u00e1rias para <a href=\"https:\/\/culturesconnection.com\/pt-br\/servicos-de-traducao-juridica\/\">tradu\u00e7\u00f5es jur\u00eddicas<\/a> explica que seus pre\u00e7os s\u00e3o geralmente mais elevados que os de tradu\u00e7\u00f5es convencionais.<\/p>\n\n\n\n<h2 class=\"wp-block-heading\">Tradu\u00e7\u00e3o de documentos jur\u00eddicos em russo<\/h2>\n\n\n\n<p>Cultures Connection traduz muitos documentos jur\u00eddicos para o russo. Os tipos de documentos legais e assuntos s\u00e3o muito variados, mas todos envolvem o mesmo trabalho rigoroso em termos de precis\u00e3o e pesquisa terminol\u00f3gica. Eis uma lista de alguns documentos jur\u00eddicos que nossos clientes nos confiam regularmente:<\/p>\n\n\n\n<ul class=\"wp-block-list\"><li>Contratos de distribui\u00e7\u00e3o, vendas e emprego<\/li><li>Apresenta\u00e7\u00e3o de queixas<\/li><li>Procedimentos legais<\/li><li>Termos e condi\u00e7\u00f5es<\/li><li>Relat\u00f3rios de peritos<\/li><li>Regulamentos<\/li><li>Registros de heran\u00e7a<\/li><li>Peti\u00e7\u00f5es de div\u00f3rcio<\/li><li>Cl\u00e1usulas de n\u00e3o concorr\u00eancia e n\u00e3o-confidencialidade<\/li><li>Cartas de inten\u00e7\u00e3o<\/li><li>Procura\u00e7\u00f5es<\/li><li>Libera\u00e7\u00f5es judiciais<\/li><li>Contrato de sociedade<\/li><\/ul>\n\n\n\n<h3 class=\"wp-block-heading\"><img decoding=\"async\" src=\"https:\/\/upload.wikimedia.org\/wikipedia\/commons\/thumb\/8\/8d\/U%2B2192.svg\/25px-U%2B2192.svg.png\" alt=\"U + 2192.svg\"> Tradu\u00e7\u00e3o jur\u00eddica em todos os idiomas<\/h3>\n\n\n\n<ul class=\"wp-block-list\"><li><a href=\"https:\/\/culturesconnection.com\/pt-br\/servicos-de-traducao-juridica-em-frances\/\">Tradu\u00e7\u00e3o jur\u00eddica em franc\u00eas<\/a><\/li><li><a href=\"https:\/\/culturesconnection.com\/pt-br\/servicos-de-traducao-juridica-em-espanhol\/\">Tradu\u00e7\u00e3o jur\u00eddica em espanhol<\/a><\/li><li><a href=\"https:\/\/culturesconnection.com\/pt-br\/servicos-de-traducao-juridica-em-alemao\/\">Tradu\u00e7\u00e3o jur\u00eddica em alem\u00e3o<\/a><\/li><li><a href=\"https:\/\/culturesconnection.com\/pt-br\/servicos-de-traducao-juridica-em-chines\/\">Tradu\u00e7\u00e3o jur\u00eddica em chin\u00eas<\/a><\/li><li><a href=\"https:\/\/culturesconnection.com\/pt-br\/servicos-de-traducao-juridica-em-arabe\/\">Tradu\u00e7\u00e3o jur\u00eddica em \u00e1rabe<\/a><\/li><li><a href=\"https:\/\/culturesconnection.com\/pt-br\/servicos-de-traducao-juridica-em-italiano\/\">Tradu\u00e7\u00e3o jur\u00eddica em italiano<\/a><\/li><li><a href=\"https:\/\/culturesconnection.com\/pt-br\/servicos-de-traducao-juridica-em-holandes\/\">Tradu\u00e7\u00e3o jur\u00eddica em holand\u00eas<\/a><\/li><li><a href=\"https:\/\/culturesconnection.com\/pt-br\/servicos-de-traducao-juridica-em-turco\/\">Tradu\u00e7\u00e3o jur\u00eddica em turco<\/a><\/li><li><a href=\"https:\/\/culturesconnection.com\/pt-br\/servicos-de-traducao-juridica-em-japones\/\">Tradu\u00e7\u00e3o jur\u00eddica em japon\u00eas<\/a><\/li><\/ul>\n","protected":false},"excerpt":{"rendered":"<p>Trabalho realizado por especialistas de tradu\u00e7\u00e3o jur\u00eddica de portugu\u00eas-russo Traduzir um documento jur\u00eddico n\u00e3o \u00e9 uma tarefa f\u00e1cil. Este trabalho requer um profundo conhecimento do [&#8230;]<\/p>\n<p><a class=\"btn btn-secondary understrap-read-more-link\" href=\"https:\/\/culturesconnection.com\/pt-br\/servicos-de-traducao-em-russo\/servicos-de-traducao-juridica-em-russo\/\">Leia mais&#8230;<span class=\"screen-reader-text\"> from Nossos servi\u00e7os de tradu\u00e7\u00e3o jur\u00eddica em russo<\/span><\/a><\/p>\n","protected":false},"author":22,"featured_media":24335,"parent":9726,"menu_order":0,"comment_status":"closed","ping_status":"closed","template":"","meta":{"_acf_changed":false,"_editorskit_title_hidden":false,"_editorskit_reading_time":0,"_editorskit_is_block_options_detached":false,"_editorskit_block_options_position":"{}","footnotes":""},"class_list":["post-9729","page","type-page","status-publish","has-post-thumbnail","hentry"],"acf":[],"_links":{"self":[{"href":"https:\/\/culturesconnection.com\/pt-br\/wp-json\/wp\/v2\/pages\/9729","targetHints":{"allow":["GET"]}}],"collection":[{"href":"https:\/\/culturesconnection.com\/pt-br\/wp-json\/wp\/v2\/pages"}],"about":[{"href":"https:\/\/culturesconnection.com\/pt-br\/wp-json\/wp\/v2\/types\/page"}],"author":[{"embeddable":true,"href":"https:\/\/culturesconnection.com\/pt-br\/wp-json\/wp\/v2\/users\/22"}],"replies":[{"embeddable":true,"href":"https:\/\/culturesconnection.com\/pt-br\/wp-json\/wp\/v2\/comments?post=9729"}],"version-history":[{"count":0,"href":"https:\/\/culturesconnection.com\/pt-br\/wp-json\/wp\/v2\/pages\/9729\/revisions"}],"up":[{"embeddable":true,"href":"https:\/\/culturesconnection.com\/pt-br\/wp-json\/wp\/v2\/pages\/9726"}],"wp:featuredmedia":[{"embeddable":true,"href":"https:\/\/culturesconnection.com\/pt-br\/wp-json\/wp\/v2\/media\/24335"}],"wp:attachment":[{"href":"https:\/\/culturesconnection.com\/pt-br\/wp-json\/wp\/v2\/media?parent=9729"}],"curies":[{"name":"wp","href":"https:\/\/api.w.org\/{rel}","templated":true}]}}