{"id":9727,"date":"2018-06-18T21:28:34","date_gmt":"2018-06-18T19:28:34","guid":{"rendered":"http:\/\/culturesconnection.com\/?page_id=9727"},"modified":"2022-06-21T22:47:10","modified_gmt":"2022-06-21T20:47:10","slug":"servicos-de-traducao-empresarial-em-russo","status":"publish","type":"page","link":"https:\/\/culturesconnection.com\/pt-br\/servicos-de-traducao-em-russo\/servicos-de-traducao-empresarial-em-russo\/","title":{"rendered":"Nossos servi\u00e7os de tradu\u00e7\u00e3o de neg\u00f3cios em russo"},"content":{"rendered":"\n<h2 class=\"wp-block-heading\">Tradu\u00e7\u00e3o de neg\u00f3cios russo-portugu\u00eas: seu melhor aliado<\/h2>\n\n\n\n<p>A globaliza\u00e7\u00e3o tornou indispens\u00e1vel a tradu\u00e7\u00e3o comercial e de marketing. Se sua empresa quer expandir seus neg\u00f3cios na R\u00fassia, ser\u00e1 obrigat\u00f3rio ter seus documentos comerciais traduzidos para o russo. O impacto de um documento de neg\u00f3cios n\u00e3o ser\u00e1 o mesmo, se apresentado na l\u00edngua materna de uma pessoa, e n\u00e3o em outro idioma. No entanto, \u00e9 importante ter consci\u00eancia que uma tradu\u00e7\u00e3o de comercial n\u00e3o se trata de uma simples transposi\u00e7\u00e3o de palavras de uma l\u00edngua para outra. Requer uma grande adapta\u00e7\u00e3o \u00e0 cultura local. \u00c9 por isso que os tradutores de documentos comerciais, al\u00e9m de experi\u00eancia na \u00e1rea, tamb\u00e9m devem estar familiarizados com os idiomas e culturas dos textos de origem e destino.<\/p>\n\n\n\n<h2 class=\"wp-block-heading\">Nossa ag\u00eancia de tradu\u00e7\u00e3o empresarial<\/h2>\n\n\n\n<p>Para trabalhar somente com profissionais competentes em seus respectivos campos, <a href=\"https:\/\/culturesconnection.com\/pt-br\/\">Cultures Connection<\/a> seleciona cuidadosamente seus tradutorescom base em sua experi\u00eancia e qualifica\u00e7\u00f5es. Com conhecimentos obtidos atrav\u00e9s de seus antecedentes acad\u00eamicos e profissionais, nossos tradutores e revisores s\u00e3o tamb\u00e9m especialistas nas suas l\u00ednguas de trabalho, russo e portugu\u00eas, juntamente com a cultura dos pa\u00edses em envolvidos. Para garantir uma alta qualidade de nossos documentos de neg\u00f3cios e servi\u00e7os de tradu\u00e7\u00e3o em russo, nossos tradutores profissionais s\u00f3 trabalham em sua l\u00edngua nativa. Nossa empresa oferece <a href=\"https:\/\/culturesconnection.com\/pt-br\/servicos-de-traducao\/\">servi\u00e7os de tradu\u00e7\u00e3o<\/a> com alto padr\u00e3o de qualidade e \u00e9 a melhor escolha para garantir o sucesso da sua empresa no mercado russo.<\/p>\n\n\n\n<h2 class=\"wp-block-heading\">Tradu\u00e7\u00e3o de documentos de neg\u00f3cios em russo<\/h2>\n\n\n\n<p>Nossa ag\u00eancia de tradu\u00e7\u00e3o traduz muitos <a href=\"https:\/\/culturesconnection.com\/pt-br\/servicos-de-traducao-de-negocios\/\">documentos de neg\u00f3cios<\/a>. Abaixo est\u00e1 uma lista de alguns desses documentos:<\/p>\n\n\n\n<ul class=\"wp-block-list\"><li>Brochuras<\/li><li>Livretos<\/li><li>Cart\u00f5es de visita<\/li><li>Lan\u00e7amentos<\/li><li>Campanhas<\/li><li>Websites<\/li><li>Cat\u00e1logos<\/li><li>Apresenta\u00e7\u00f5es<\/li><li>Suportes publicit\u00e1rios<\/li><li>Estudos de mercado<\/li><li>Boletins de neg\u00f3cios<\/li><li>White papers<\/li><li>Publicidade<\/li><\/ul>\n\n\n\n<h3 class=\"wp-block-heading\"><img decoding=\"async\" src=\"https:\/\/upload.wikimedia.org\/wikipedia\/commons\/thumb\/8\/8d\/U%2B2192.svg\/25px-U%2B2192.svg.png\" alt=\"U + 2192.svg\"> Tradu\u00e7\u00e3o empresarial em todos os idiomas<\/h3>\n\n\n\n<ul class=\"wp-block-list\"><li><a href=\"https:\/\/culturesconnection.com\/pt-br\/servicos-de-traducao-empresarial-em-frances\/\">Tradu\u00e7\u00e3o empresarial em franc\u00eas<\/a><\/li><li><a href=\"https:\/\/culturesconnection.com\/pt-br\/servicos-de-traducao-empresarial-em-espanhol\/\">Tradu\u00e7\u00e3o empresarial em espanhol<\/a><\/li><li><a href=\"https:\/\/culturesconnection.com\/pt-br\/servicos-de-traducao-empresarial-em-alemao\/\">Tradu\u00e7\u00e3o empresarial em alem\u00e3o<\/a><\/li><li><a href=\"https:\/\/culturesconnection.com\/pt-br\/servicos-de-traducao-negocios-em-chines\/\">Tradu\u00e7\u00e3o empresarial em chin\u00eas<\/a><\/li><li><a href=\"https:\/\/culturesconnection.com\/pt-br\/servicos-de-traducao-de-negocios-em-arabe\/\">Tradu\u00e7\u00e3o empresarial em \u00e1rabe<\/a><\/li><li><a href=\"https:\/\/culturesconnection.com\/pt-br\/servicos-de-traducao-empresarial-em-italiano\/\">Tradu\u00e7\u00e3o empresarial em italiano<\/a><\/li><li><a href=\"https:\/\/culturesconnection.com\/pt-br\/servicos-de-traducao-de-negocios-em-holandes\/\">Tradu\u00e7\u00e3o empresarial em holand\u00eas<\/a><\/li><li><a href=\"https:\/\/culturesconnection.com\/pt-br\/servicos-de-traducao-empresarial-em-turco\/\">Tradu\u00e7\u00e3o empresarial em turco<\/a><\/li><li><a href=\"https:\/\/culturesconnection.com\/pt-br\/servicos-de-traducao-empresarial-em-japones\/\">Tradu\u00e7\u00e3o empresarial em japon\u00eas<\/a><\/li><\/ul>\n","protected":false},"excerpt":{"rendered":"<p>Tradu\u00e7\u00e3o de neg\u00f3cios russo-portugu\u00eas: seu melhor aliado A globaliza\u00e7\u00e3o tornou indispens\u00e1vel a tradu\u00e7\u00e3o comercial e de marketing. Se sua empresa quer expandir seus neg\u00f3cios na [&#8230;]<\/p>\n<p><a class=\"btn btn-secondary understrap-read-more-link\" href=\"https:\/\/culturesconnection.com\/pt-br\/servicos-de-traducao-em-russo\/servicos-de-traducao-empresarial-em-russo\/\">Leia mais&#8230;<span class=\"screen-reader-text\"> from Nossos servi\u00e7os de tradu\u00e7\u00e3o de neg\u00f3cios em russo<\/span><\/a><\/p>\n","protected":false},"author":22,"featured_media":24335,"parent":9726,"menu_order":0,"comment_status":"closed","ping_status":"closed","template":"","meta":{"_acf_changed":false,"_editorskit_title_hidden":false,"_editorskit_reading_time":0,"_editorskit_is_block_options_detached":false,"_editorskit_block_options_position":"{}","footnotes":""},"class_list":["post-9727","page","type-page","status-publish","has-post-thumbnail","hentry"],"acf":[],"_links":{"self":[{"href":"https:\/\/culturesconnection.com\/pt-br\/wp-json\/wp\/v2\/pages\/9727","targetHints":{"allow":["GET"]}}],"collection":[{"href":"https:\/\/culturesconnection.com\/pt-br\/wp-json\/wp\/v2\/pages"}],"about":[{"href":"https:\/\/culturesconnection.com\/pt-br\/wp-json\/wp\/v2\/types\/page"}],"author":[{"embeddable":true,"href":"https:\/\/culturesconnection.com\/pt-br\/wp-json\/wp\/v2\/users\/22"}],"replies":[{"embeddable":true,"href":"https:\/\/culturesconnection.com\/pt-br\/wp-json\/wp\/v2\/comments?post=9727"}],"version-history":[{"count":0,"href":"https:\/\/culturesconnection.com\/pt-br\/wp-json\/wp\/v2\/pages\/9727\/revisions"}],"up":[{"embeddable":true,"href":"https:\/\/culturesconnection.com\/pt-br\/wp-json\/wp\/v2\/pages\/9726"}],"wp:featuredmedia":[{"embeddable":true,"href":"https:\/\/culturesconnection.com\/pt-br\/wp-json\/wp\/v2\/media\/24335"}],"wp:attachment":[{"href":"https:\/\/culturesconnection.com\/pt-br\/wp-json\/wp\/v2\/media?parent=9727"}],"curies":[{"name":"wp","href":"https:\/\/api.w.org\/{rel}","templated":true}]}}