{"id":9726,"date":"2018-06-18T21:28:36","date_gmt":"2018-06-18T19:28:36","guid":{"rendered":"http:\/\/culturesconnection.com\/?page_id=9726"},"modified":"2022-06-14T22:22:43","modified_gmt":"2022-06-14T20:22:43","slug":"servicos-de-traducao-em-russo","status":"publish","type":"page","link":"https:\/\/culturesconnection.com\/pt-br\/servicos-de-traducao-em-russo\/","title":{"rendered":"Nossos Servi\u00e7os de Tradu\u00e7\u00e3o em Russo"},"content":{"rendered":"\n<h2 class=\"wp-block-heading\">Servi\u00e7os de tradu\u00e7\u00e3o profissional em russo<\/h2>\n\n\n\n<p>Voc\u00ea sabia que o russo \u00e9 a 6\u00aa l\u00edngua mais falada no mundo? A l\u00edngua oficial do maior pa\u00eds do planeta, tamb\u00e9m \u00e9 falado na Bielorr\u00fassia, Cazaquist\u00e3o e Quirguist\u00e3o e \u00e9 compreendido em muitos outros pa\u00edses: Ucr\u00e2nia, Arm\u00eania, Ge\u00f3rgia, Uzbequist\u00e3o, pa\u00edses b\u00e1lticos entre outros. \u00c9 por isso que a tradu\u00e7\u00e3o para o russo pode representar a chave da sua empresa para a expans\u00e3o nos pa\u00edses de l\u00edngua russa.<\/p>\n\n\n\n<p>A <a href=\"https:\/\/culturesconnection.com\/pt-br\/servicos-de-traducao\/\">tradu\u00e7\u00e3o de documentos ou sites<\/a> em russo \u00e9 um passo essencial para empresas que desejam se estabelecer neste mercado. Seus parceiros russos indubitavelmente ir\u00e3o apreciar este esfor\u00e7o de sua parte, mas \u00e9 fundamental que suas tradu\u00e7\u00f5es sejam de impec\u00e1vel qualidade, para ter o efeito desejado.<\/p>\n\n\n\n<h2 class=\"wp-block-heading\">Voc\u00ea est\u00e1 procurando um tradutor russo?<\/h2>\n\n\n\n<p>Ciente da dificuldade que a busca de um tradutor russo pode apresentar, Cultures Connection se coloca a seu servi\u00e7o. Para que voc\u00ea possa se beneficiar de tradu\u00e7\u00f5es de qualidade, nossos gerentes de projetos selecionam rigorosamente tradutores de nacionalidade russa que falam portugu\u00eas fluentemente. Recrutamos apenas tradutores com diplomas reconhecidos pelas autoridades oficiais do seu pa\u00eds e um m\u00ednimo de cinco anos de experi\u00eancia em tradu\u00e7\u00e3o. Antes de ingressar na nossa <a href=\"https:\/\/culturesconnection.com\/pt-br\/\">ag\u00eancia de tradu\u00e7\u00e3o<\/a>, eles passam por uma sele\u00e7\u00e3o rigorosa a fim de validar os seus conhecimentos e habilidades em seus pares de idiomas.<\/p>\n\n\n\n<p>De forma a atender todos os tipos de clientes, nossos servi\u00e7os de tradu\u00e7\u00e3o s\u00e3o divididos em quatro n\u00edveis: Basic, Standard, Professional e Premium. Com experi\u00eancia nesta \u00e1rea, <a href=\"https:\/\/culturesconnection.com\/pt-br\/tradutor-profissional\/\">nossa equipe de tradutores profissionais<\/a> se adapta \u00e0s suas necessidades e garante a entrega das suas tradu\u00e7\u00f5es em russo t\u00e3o rapidamente quanto poss\u00edvel, mesmo no caso de servi\u00e7os de tradu\u00e7\u00e3o urgentes.<\/p>\n\n\n\n<h2 class=\"wp-block-heading\">Todos nossos servi\u00e7os de tradu\u00e7\u00e3o em russo<\/h2>\n\n\n\n<ul class=\"wp-block-list\"><li><a href=\"https:\/\/culturesconnection.com\/pt-br\/servicos-de-traducao-financeira-em-russo\/\">Servi\u00e7os de tradu\u00e7\u00e3o financeira em russo<\/a><\/li><li><a href=\"https:\/\/culturesconnection.com\/pt-br\/servicos-de-traducao-empresarial-em-russo\/\">Servi\u00e7os de tradu\u00e7\u00e3o empresarial em russo<\/a><\/li><li><a href=\"https:\/\/culturesconnection.com\/pt-br\/servicos-de-traducao-cientifica-em-russo\/\">Servi\u00e7os de tradu\u00e7\u00e3o cient\u00edfica em russo<\/a><\/li><li><a href=\"https:\/\/culturesconnection.com\/pt-br\/servicos-de-traducao-medica-em-russo\/\">Servi\u00e7os de tradu\u00e7\u00e3o m\u00e9dica em russo<\/a><\/li><li><a href=\"https:\/\/culturesconnection.com\/pt-br\/servicos-de-traducao-tecnica-em-russo\/\">Servi\u00e7os de tradu\u00e7\u00e3o t\u00e9cnica em russo<\/a><\/li><li><a href=\"https:\/\/culturesconnection.com\/pt-br\/servicos-de-traducao-juridica-em-russo\/\">Servi\u00e7os de tradu\u00e7\u00e3o jur\u00eddica em russo<\/a><\/li><li><a href=\"https:\/\/culturesconnection.com\/pt-br\/nossos-servicos-de-traducao-de-marketing-em-russo\/\">Servi\u00e7os de tradu\u00e7\u00e3o de marketing em russo<\/a><\/li><li><a href=\"https:\/\/culturesconnection.com\/pt-br\/servicos-de-traducao-de-website-em-russo\/\">Servi\u00e7os de tradu\u00e7\u00e3o de websites em russo<\/a><\/li><li><a href=\"https:\/\/culturesconnection.com\/pt-br\/servicos-de-legendagem-em-russo\/\">Servi\u00e7os de legendagem em russo<\/a><\/li><li><a href=\"https:\/\/culturesconnection.com\/pt-br\/servicos-de-traducao-de-video-game-em-russo\/\">Servi\u00e7os de tradu\u00e7\u00e3o de v\u00eddeo games em russo<\/a><\/li><\/ul>\n","protected":false},"excerpt":{"rendered":"<p>Servi\u00e7os de tradu\u00e7\u00e3o profissional em russo Voc\u00ea sabia que o russo \u00e9 a 6\u00aa l\u00edngua mais falada no mundo? A l\u00edngua oficial do maior pa\u00eds [&#8230;]<\/p>\n<p><a class=\"btn btn-secondary understrap-read-more-link\" href=\"https:\/\/culturesconnection.com\/pt-br\/servicos-de-traducao-em-russo\/\">Leia mais&#8230;<span class=\"screen-reader-text\"> from Nossos Servi\u00e7os de Tradu\u00e7\u00e3o em Russo<\/span><\/a><\/p>\n","protected":false},"author":22,"featured_media":23257,"parent":0,"menu_order":0,"comment_status":"closed","ping_status":"closed","template":"","meta":{"_acf_changed":false,"_editorskit_title_hidden":false,"_editorskit_reading_time":0,"_editorskit_is_block_options_detached":false,"_editorskit_block_options_position":"{}","footnotes":""},"class_list":["post-9726","page","type-page","status-publish","has-post-thumbnail","hentry"],"acf":[],"yoast_head":"<!-- This site is optimized with the Yoast SEO Premium plugin v23.4 (Yoast SEO v27.3) - https:\/\/yoast.com\/product\/yoast-seo-premium-wordpress\/ -->\n<title>Servi\u00e7os de tradu\u00e7\u00e3o em russo<\/title>\n<meta name=\"description\" content=\"Servi\u00e7os de tradu\u00e7\u00e3o de documentos e websites de e para russo. Tradu\u00e7\u00e3o russo-portugu\u00eas e portugu\u00eas-russo. Or\u00e7amentos imediatos e gratuitos.\" \/>\n<meta name=\"robots\" content=\"index, follow, max-snippet:-1, max-image-preview:large, max-video-preview:-1\" \/>\n<link rel=\"canonical\" href=\"https:\/\/culturesconnection.com\/pt-br\/servicos-de-traducao-em-russo\/\" \/>\n<meta property=\"og:locale\" content=\"pt_BR\" \/>\n<meta property=\"og:type\" content=\"article\" \/>\n<meta property=\"og:title\" content=\"Nossos Servi\u00e7os de Tradu\u00e7\u00e3o em Russo\" \/>\n<meta property=\"og:description\" content=\"Servi\u00e7os de tradu\u00e7\u00e3o de documentos e websites de e para russo. Tradu\u00e7\u00e3o russo-portugu\u00eas e portugu\u00eas-russo. Or\u00e7amentos imediatos e gratuitos.\" \/>\n<meta property=\"og:url\" content=\"https:\/\/culturesconnection.com\/pt-br\/servicos-de-traducao-em-russo\/\" \/>\n<meta property=\"og:site_name\" content=\"Cultures Connection\" \/>\n<meta property=\"article:publisher\" content=\"https:\/\/www.facebook.com\/CulturesConnection\" \/>\n<meta property=\"article:modified_time\" content=\"2022-06-14T20:22:43+00:00\" \/>\n<meta property=\"og:image\" content=\"https:\/\/culturesconnection.com\/wp-content\/uploads\/2020\/09\/P\u00e4gina_Servicios_de_traducci\u00f3n_por_idioma.png\" \/>\n\t<meta property=\"og:image:width\" content=\"1417\" \/>\n\t<meta property=\"og:image:height\" content=\"561\" \/>\n\t<meta property=\"og:image:type\" content=\"image\/png\" \/>\n<meta name=\"twitter:card\" content=\"summary_large_image\" \/>\n<meta name=\"twitter:site\" content=\"@CulturesCo_\" \/>\n<meta name=\"twitter:label1\" content=\"Est. tempo de leitura\" \/>\n\t<meta name=\"twitter:data1\" content=\"2 minutos\" \/>\n<script type=\"application\/ld+json\" class=\"yoast-schema-graph\">{\"@context\":\"https:\\\/\\\/schema.org\",\"@graph\":[{\"@type\":\"WebPage\",\"@id\":\"https:\\\/\\\/culturesconnection.com\\\/pt-br\\\/servicos-de-traducao-em-russo\\\/\",\"url\":\"https:\\\/\\\/culturesconnection.com\\\/pt-br\\\/servicos-de-traducao-em-russo\\\/\",\"name\":\"Servi\u00e7os de tradu\u00e7\u00e3o em russo\",\"isPartOf\":{\"@id\":\"https:\\\/\\\/culturesconnection.com\\\/fr\\\/#website\"},\"primaryImageOfPage\":{\"@id\":\"https:\\\/\\\/culturesconnection.com\\\/pt-br\\\/servicos-de-traducao-em-russo\\\/#primaryimage\"},\"image\":{\"@id\":\"https:\\\/\\\/culturesconnection.com\\\/pt-br\\\/servicos-de-traducao-em-russo\\\/#primaryimage\"},\"thumbnailUrl\":\"https:\\\/\\\/culturesconnection.com\\\/wp-content\\\/uploads\\\/2020\\\/09\\\/P\u00e4gina_Servicios_de_traducci\u00f3n_por_idioma.png\",\"datePublished\":\"2018-06-18T19:28:36+00:00\",\"dateModified\":\"2022-06-14T20:22:43+00:00\",\"description\":\"Servi\u00e7os de tradu\u00e7\u00e3o de documentos e websites de e para russo. Tradu\u00e7\u00e3o russo-portugu\u00eas e portugu\u00eas-russo. Or\u00e7amentos imediatos e gratuitos.\",\"breadcrumb\":{\"@id\":\"https:\\\/\\\/culturesconnection.com\\\/pt-br\\\/servicos-de-traducao-em-russo\\\/#breadcrumb\"},\"inLanguage\":\"pt-BR\",\"potentialAction\":[{\"@type\":\"ReadAction\",\"target\":[\"https:\\\/\\\/culturesconnection.com\\\/pt-br\\\/servicos-de-traducao-em-russo\\\/\"]}]},{\"@type\":\"ImageObject\",\"inLanguage\":\"pt-BR\",\"@id\":\"https:\\\/\\\/culturesconnection.com\\\/pt-br\\\/servicos-de-traducao-em-russo\\\/#primaryimage\",\"url\":\"https:\\\/\\\/culturesconnection.com\\\/wp-content\\\/uploads\\\/2020\\\/09\\\/P\u00e4gina_Servicios_de_traducci\u00f3n_por_idioma.png\",\"contentUrl\":\"https:\\\/\\\/culturesconnection.com\\\/wp-content\\\/uploads\\\/2020\\\/09\\\/P\u00e4gina_Servicios_de_traducci\u00f3n_por_idioma.png\",\"width\":1417,\"height\":561},{\"@type\":\"BreadcrumbList\",\"@id\":\"https:\\\/\\\/culturesconnection.com\\\/pt-br\\\/servicos-de-traducao-em-russo\\\/#breadcrumb\",\"itemListElement\":[{\"@type\":\"ListItem\",\"position\":1,\"name\":\"Home\",\"item\":\"https:\\\/\\\/culturesconnection.com\\\/pt-br\\\/\"},{\"@type\":\"ListItem\",\"position\":2,\"name\":\"Nossos Servi\u00e7os de Tradu\u00e7\u00e3o em Russo\"}]},{\"@type\":\"WebSite\",\"@id\":\"https:\\\/\\\/culturesconnection.com\\\/fr\\\/#website\",\"url\":\"https:\\\/\\\/culturesconnection.com\\\/fr\\\/\",\"name\":\"Cultures Connection\",\"description\":\"Cultures Connection is a translation agency dedicated to the success of its international clients.\",\"publisher\":{\"@id\":\"https:\\\/\\\/culturesconnection.com\\\/fr\\\/#organization\"},\"potentialAction\":[{\"@type\":\"SearchAction\",\"target\":{\"@type\":\"EntryPoint\",\"urlTemplate\":\"https:\\\/\\\/culturesconnection.com\\\/fr\\\/?s={search_term_string}\"},\"query-input\":{\"@type\":\"PropertyValueSpecification\",\"valueRequired\":true,\"valueName\":\"search_term_string\"}}],\"inLanguage\":\"pt-BR\"},{\"@type\":\"Organization\",\"@id\":\"https:\\\/\\\/culturesconnection.com\\\/fr\\\/#organization\",\"name\":\"Cultures Connection\",\"url\":\"https:\\\/\\\/culturesconnection.com\\\/fr\\\/\",\"logo\":{\"@type\":\"ImageObject\",\"inLanguage\":\"pt-BR\",\"@id\":\"https:\\\/\\\/culturesconnection.com\\\/fr\\\/#\\\/schema\\\/logo\\\/image\\\/\",\"url\":\"https:\\\/\\\/culturesconnection.com\\\/wp-content\\\/uploads\\\/2022\\\/06\\\/cropped-favicon512x512.png\",\"contentUrl\":\"https:\\\/\\\/culturesconnection.com\\\/wp-content\\\/uploads\\\/2022\\\/06\\\/cropped-favicon512x512.png\",\"width\":512,\"height\":512,\"caption\":\"Cultures Connection\"},\"image\":{\"@id\":\"https:\\\/\\\/culturesconnection.com\\\/fr\\\/#\\\/schema\\\/logo\\\/image\\\/\"},\"sameAs\":[\"https:\\\/\\\/www.facebook.com\\\/CulturesConnection\",\"https:\\\/\\\/x.com\\\/CulturesCo_\"]}]}<\/script>\n<!-- \/ Yoast SEO Premium plugin. -->","yoast_head_json":{"title":"Servi\u00e7os de tradu\u00e7\u00e3o em russo","description":"Servi\u00e7os de tradu\u00e7\u00e3o de documentos e websites de e para russo. Tradu\u00e7\u00e3o russo-portugu\u00eas e portugu\u00eas-russo. Or\u00e7amentos imediatos e gratuitos.","robots":{"index":"index","follow":"follow","max-snippet":"max-snippet:-1","max-image-preview":"max-image-preview:large","max-video-preview":"max-video-preview:-1"},"canonical":"https:\/\/culturesconnection.com\/pt-br\/servicos-de-traducao-em-russo\/","og_locale":"pt_BR","og_type":"article","og_title":"Nossos Servi\u00e7os de Tradu\u00e7\u00e3o em Russo","og_description":"Servi\u00e7os de tradu\u00e7\u00e3o de documentos e websites de e para russo. Tradu\u00e7\u00e3o russo-portugu\u00eas e portugu\u00eas-russo. Or\u00e7amentos imediatos e gratuitos.","og_url":"https:\/\/culturesconnection.com\/pt-br\/servicos-de-traducao-em-russo\/","og_site_name":"Cultures Connection","article_publisher":"https:\/\/www.facebook.com\/CulturesConnection","article_modified_time":"2022-06-14T20:22:43+00:00","og_image":[{"width":1417,"height":561,"url":"https:\/\/culturesconnection.com\/wp-content\/uploads\/2020\/09\/P\u00e4gina_Servicios_de_traducci\u00f3n_por_idioma.png","type":"image\/png"}],"twitter_card":"summary_large_image","twitter_site":"@CulturesCo_","twitter_misc":{"Est. tempo de leitura":"2 minutos"},"schema":{"@context":"https:\/\/schema.org","@graph":[{"@type":"WebPage","@id":"https:\/\/culturesconnection.com\/pt-br\/servicos-de-traducao-em-russo\/","url":"https:\/\/culturesconnection.com\/pt-br\/servicos-de-traducao-em-russo\/","name":"Servi\u00e7os de tradu\u00e7\u00e3o em russo","isPartOf":{"@id":"https:\/\/culturesconnection.com\/fr\/#website"},"primaryImageOfPage":{"@id":"https:\/\/culturesconnection.com\/pt-br\/servicos-de-traducao-em-russo\/#primaryimage"},"image":{"@id":"https:\/\/culturesconnection.com\/pt-br\/servicos-de-traducao-em-russo\/#primaryimage"},"thumbnailUrl":"https:\/\/culturesconnection.com\/wp-content\/uploads\/2020\/09\/P\u00e4gina_Servicios_de_traducci\u00f3n_por_idioma.png","datePublished":"2018-06-18T19:28:36+00:00","dateModified":"2022-06-14T20:22:43+00:00","description":"Servi\u00e7os de tradu\u00e7\u00e3o de documentos e websites de e para russo. Tradu\u00e7\u00e3o russo-portugu\u00eas e portugu\u00eas-russo. Or\u00e7amentos imediatos e gratuitos.","breadcrumb":{"@id":"https:\/\/culturesconnection.com\/pt-br\/servicos-de-traducao-em-russo\/#breadcrumb"},"inLanguage":"pt-BR","potentialAction":[{"@type":"ReadAction","target":["https:\/\/culturesconnection.com\/pt-br\/servicos-de-traducao-em-russo\/"]}]},{"@type":"ImageObject","inLanguage":"pt-BR","@id":"https:\/\/culturesconnection.com\/pt-br\/servicos-de-traducao-em-russo\/#primaryimage","url":"https:\/\/culturesconnection.com\/wp-content\/uploads\/2020\/09\/P\u00e4gina_Servicios_de_traducci\u00f3n_por_idioma.png","contentUrl":"https:\/\/culturesconnection.com\/wp-content\/uploads\/2020\/09\/P\u00e4gina_Servicios_de_traducci\u00f3n_por_idioma.png","width":1417,"height":561},{"@type":"BreadcrumbList","@id":"https:\/\/culturesconnection.com\/pt-br\/servicos-de-traducao-em-russo\/#breadcrumb","itemListElement":[{"@type":"ListItem","position":1,"name":"Home","item":"https:\/\/culturesconnection.com\/pt-br\/"},{"@type":"ListItem","position":2,"name":"Nossos Servi\u00e7os de Tradu\u00e7\u00e3o em Russo"}]},{"@type":"WebSite","@id":"https:\/\/culturesconnection.com\/fr\/#website","url":"https:\/\/culturesconnection.com\/fr\/","name":"Cultures Connection","description":"Cultures Connection is a translation agency dedicated to the success of its international clients.","publisher":{"@id":"https:\/\/culturesconnection.com\/fr\/#organization"},"potentialAction":[{"@type":"SearchAction","target":{"@type":"EntryPoint","urlTemplate":"https:\/\/culturesconnection.com\/fr\/?s={search_term_string}"},"query-input":{"@type":"PropertyValueSpecification","valueRequired":true,"valueName":"search_term_string"}}],"inLanguage":"pt-BR"},{"@type":"Organization","@id":"https:\/\/culturesconnection.com\/fr\/#organization","name":"Cultures Connection","url":"https:\/\/culturesconnection.com\/fr\/","logo":{"@type":"ImageObject","inLanguage":"pt-BR","@id":"https:\/\/culturesconnection.com\/fr\/#\/schema\/logo\/image\/","url":"https:\/\/culturesconnection.com\/wp-content\/uploads\/2022\/06\/cropped-favicon512x512.png","contentUrl":"https:\/\/culturesconnection.com\/wp-content\/uploads\/2022\/06\/cropped-favicon512x512.png","width":512,"height":512,"caption":"Cultures Connection"},"image":{"@id":"https:\/\/culturesconnection.com\/fr\/#\/schema\/logo\/image\/"},"sameAs":["https:\/\/www.facebook.com\/CulturesConnection","https:\/\/x.com\/CulturesCo_"]}]}},"_links":{"self":[{"href":"https:\/\/culturesconnection.com\/pt-br\/wp-json\/wp\/v2\/pages\/9726","targetHints":{"allow":["GET"]}}],"collection":[{"href":"https:\/\/culturesconnection.com\/pt-br\/wp-json\/wp\/v2\/pages"}],"about":[{"href":"https:\/\/culturesconnection.com\/pt-br\/wp-json\/wp\/v2\/types\/page"}],"author":[{"embeddable":true,"href":"https:\/\/culturesconnection.com\/pt-br\/wp-json\/wp\/v2\/users\/22"}],"replies":[{"embeddable":true,"href":"https:\/\/culturesconnection.com\/pt-br\/wp-json\/wp\/v2\/comments?post=9726"}],"version-history":[{"count":0,"href":"https:\/\/culturesconnection.com\/pt-br\/wp-json\/wp\/v2\/pages\/9726\/revisions"}],"wp:featuredmedia":[{"embeddable":true,"href":"https:\/\/culturesconnection.com\/pt-br\/wp-json\/wp\/v2\/media\/23257"}],"wp:attachment":[{"href":"https:\/\/culturesconnection.com\/pt-br\/wp-json\/wp\/v2\/media?parent=9726"}],"curies":[{"name":"wp","href":"https:\/\/api.w.org\/{rel}","templated":true}]}}