{"id":9250,"date":"2018-06-18T21:17:03","date_gmt":"2018-06-18T19:17:03","guid":{"rendered":"http:\/\/culturesconnection.com\/?page_id=9250"},"modified":"2021-02-22T10:06:54","modified_gmt":"2021-02-22T09:06:54","slug":"agencia-de-traducao-em-nice","status":"publish","type":"page","link":"https:\/\/culturesconnection.com\/pt-br\/agencia-de-traducao-em-nice\/","title":{"rendered":"Nossa ag\u00eancia de tradu\u00e7\u00e3o em Nice"},"content":{"rendered":"<p>&nbsp;<\/p>\n<h2>Cultures Connection, a melhor ag\u00eancia de tradu\u00e7\u00e3o em Nice<\/h2>\n<p>Nice sempre ocupou uma posi\u00e7\u00e3o estrat\u00e9gica na Europa.<\/p>\n<p>Considerada a capital econ\u00f4mica da C\u00f4te d&#8217;Azur, \u00e9 a s\u00e9tima maior cidade da Fran\u00e7a. Est\u00e1 situada entre It\u00e1lia, M\u00f4naco e Espanha e representa uma zona comercial e tur\u00edstica que n\u00e3o pode ser ignorada. Tem o terceiro aeroporto internacional com o maior n\u00famero de passageiros em territ\u00f3rio franc\u00eas, possui um porto comercial e tur\u00edstico e disp\u00f5e de uma rede ferrovi\u00e1ria que atende tanto a Fran\u00e7a como os pa\u00edses pr\u00f3ximos. N\u00e3o \u00e9 por acaso que milh\u00f5es de visitantes de todo o mundo v\u00eam anualmente a Nice.<\/p>\n<p><a href=\"https:\/\/culturesconnection.com\/pt-br\/\">Cultures Connection<\/a> se estabeleceu nesta cidade para fornecer servi\u00e7os de tradu\u00e7\u00e3o e interpreta\u00e7\u00e3o em <a href=\"https:\/\/culturesconnection.com\/pt-br\/tradutor-profissional\/\">mais de 40 l\u00ednguas e numerosas combina\u00e7\u00f5es lingu\u00edsticas<\/a> a organiza\u00e7\u00f5es privadas e p\u00fablicas em dom\u00ednios t\u00e3o variados como o marketing, o direito e a ci\u00eancia. Uma enorme versatilidade colocada \u00e0 disposi\u00e7\u00e3o de nossos clientes.<\/p>\n<p>Para uma cidade chave, uma aposta inteligente.<\/p>\n<h2>Nice, destino de luxo para seus neg\u00f3cios internacionais<\/h2>\n<p>Nice estabeleceu-se como o ponto de encontro de empresas comerciais e tur\u00edsticas de todo o mundo.<\/p>\n<p>\u00c9 um dos centros mundiais do turismo na C\u00f4te d&#8217;Azur, banhada por praias t\u00e3o belas e not\u00e1veis como as do Principado do M\u00f4naco, Cannes e Saint-Tropez. Sua oferta de hot\u00e9is \u00e9 a segunda maior da Fran\u00e7a e al\u00e9m de estar situada em posi\u00e7\u00e3o estrat\u00e9gica em rela\u00e7\u00e3o a eventos mundialmente importante como o Festival de Cinema de Cannes, o Grande Pr\u00eamio de F\u00f3rmula 1 de M\u00f4naco e o Open de T\u00eanis de Monte Carlo.<\/p>\n<p>Situada entre o mar e a montanha, Nice oferece a seus visitantes belas praias e esportes de altas altitudes. A cidade recebe 4 milh\u00f5es de turistas por ano e acolhe cerca de 60.000 imigrantes que a\u00ed vivem e trabalham permanentemente, ou seja, quase 16% da sua popula\u00e7\u00e3o.<\/p>\n<p>Devido aos la\u00e7os hist\u00f3ricos, a cidade possui grandes comunidades de tunisinos, marroquinos, argelinos, italianos e russos. No Velho Nice, por exemplo, podemos apreciar a t\u00edpica arquitetura e gastronomia italiana. A Catedral Ortodoxa de S\u00e3o Nicolau, por sua vez, encarna o emblema da grande comunidade russa que vive na costa francesa desde os tempos do Imp\u00e9rio.<\/p>\n<p>Um verdadeiro desfile internacional de culturas.<\/p>\n<h2>Tradu\u00e7\u00f5es de qualidade produzidas por n\u00f3s<\/h2>\n<p>A <a href=\"https:\/\/culturesconnection.com\/pt-br\/servicos-de-traducao\/\">tradu\u00e7\u00e3o<\/a> \u00e9 um caminho que permite a aproxima\u00e7\u00e3o de diferentes sociedades.<\/p>\n<p>Cultures Connection est\u00e1 sediada em Nice e a ag\u00eancia trabalha para todo o mundo num ambiente multicultural e multilingue, com profissionais seleccionados de acordo com a sua forma\u00e7\u00e3o e experi\u00eancia nas l\u00ednguas e \u00e1reas solicitadas pelos nossos clientes.<\/p>\n<p>Dedicamos particular aten\u00e7\u00e3o \u00e0s especificidades lingu\u00edsticas, \u00e0s express\u00f5es relacionadas em cada \u00e1rea de especializa\u00e7\u00e3o e \u00e0s refer\u00eancias culturais, a fim de obter resultados claros e precisos nas respectivas l\u00ednguas maternas. Para atrair a aten\u00e7\u00e3o e poder oferecer produtos e servi\u00e7os em todo o mundo, \u00e9 necess\u00e1rio ser sens\u00edvel \u00e0s particularidades locais.<\/p>\n<p>Connosco, os seus documentos est\u00e3o realmente em boas m\u00e3os.<\/p>\n<p>&nbsp;<\/p>\n<p><iframe loading=\"lazy\" style=\"border: 0;\" src=\"https:\/\/www.google.com\/maps\/embed?pb=!1m18!1m12!1m3!1d2884.484776038976!2d7.268787114930906!3d43.700473657391505!2m3!1f0!2f0!3f0!3m2!1i1024!2i768!4f13.1!3m3!1m2!1s0x12cdd11ade88ff4b%3A0x1945d2e53da9bce6!2sCultures+Connection+SAS!5e0!3m2!1sen!2sar!4v1558113917616!5m2!1sen!2sar\" width=\"600\" height=\"450\" frameborder=\"0\" allowfullscreen=\"allowfullscreen\" data-mce-fragment=\"1\"><\/iframe><\/p>\n<h2>Interpreta\u00e7\u00e3o em eventos internacionais<\/h2>\n<p>Precisa de <a href=\"https:\/\/culturesconnection.com\/pt-br\/servicos-de-interpretacao\/\">interpreta\u00e7\u00e3o<\/a> para atividades de forma\u00e7\u00e3o para grupos de trabalhadores de outros pa\u00edses ou para grupos tur\u00edsticos internacionais que pretendam descobrir a Riviera Francesa?<\/p>\n<p>Cultures Connection oferece servi\u00e7os de interpreta\u00e7\u00e3o de confer\u00eancia, simult\u00e2nea e de liga\u00e7\u00e3o para todas as atividades empresariais, cient\u00edficas ou sociais, grandes e pequenas, que t\u00eam lugar em Nice e em toda a Riviera Francesa.<\/p>\n<p>Dispomos tamb\u00e9m de todo o equipamento necess\u00e1rio como: cabines, receptores, auscultadores e outros materiais que sejam tecnicamente indispens\u00e1veis para garantir a melhor interpreta\u00e7\u00e3o poss\u00edvel.<\/p>\n<p>Conosco, as suas apresenta\u00e7\u00f5es est\u00e3o realmente em boas m\u00e3os.<\/p>\n","protected":false},"excerpt":{"rendered":"<p>&nbsp; Cultures Connection, a melhor ag\u00eancia de tradu\u00e7\u00e3o em Nice Nice sempre ocupou uma posi\u00e7\u00e3o estrat\u00e9gica na Europa. Considerada a capital econ\u00f4mica da C\u00f4te d&#8217;Azur, [&#8230;]<\/p>\n<p><a class=\"btn btn-secondary understrap-read-more-link\" href=\"https:\/\/culturesconnection.com\/pt-br\/agencia-de-traducao-em-nice\/\">Leia mais&#8230;<span class=\"screen-reader-text\"> from Nossa ag\u00eancia de tradu\u00e7\u00e3o em Nice<\/span><\/a><\/p>\n","protected":false},"author":22,"featured_media":19599,"parent":0,"menu_order":0,"comment_status":"closed","ping_status":"closed","template":"services.php","meta":{"_acf_changed":false,"_editorskit_title_hidden":false,"_editorskit_reading_time":0,"_editorskit_is_block_options_detached":false,"_editorskit_block_options_position":"{}","footnotes":""},"class_list":["post-9250","page","type-page","status-publish","has-post-thumbnail","hentry"],"acf":[],"_links":{"self":[{"href":"https:\/\/culturesconnection.com\/pt-br\/wp-json\/wp\/v2\/pages\/9250","targetHints":{"allow":["GET"]}}],"collection":[{"href":"https:\/\/culturesconnection.com\/pt-br\/wp-json\/wp\/v2\/pages"}],"about":[{"href":"https:\/\/culturesconnection.com\/pt-br\/wp-json\/wp\/v2\/types\/page"}],"author":[{"embeddable":true,"href":"https:\/\/culturesconnection.com\/pt-br\/wp-json\/wp\/v2\/users\/22"}],"replies":[{"embeddable":true,"href":"https:\/\/culturesconnection.com\/pt-br\/wp-json\/wp\/v2\/comments?post=9250"}],"version-history":[{"count":0,"href":"https:\/\/culturesconnection.com\/pt-br\/wp-json\/wp\/v2\/pages\/9250\/revisions"}],"wp:featuredmedia":[{"embeddable":true,"href":"https:\/\/culturesconnection.com\/pt-br\/wp-json\/wp\/v2\/media\/19599"}],"wp:attachment":[{"href":"https:\/\/culturesconnection.com\/pt-br\/wp-json\/wp\/v2\/media?parent=9250"}],"curies":[{"name":"wp","href":"https:\/\/api.w.org\/{rel}","templated":true}]}}