{"id":21214,"date":"2020-09-03T11:08:51","date_gmt":"2020-09-03T10:08:51","guid":{"rendered":"http:\/\/culturesconnection.com\/?page_id=21214"},"modified":"2022-06-22T20:48:32","modified_gmt":"2022-06-22T18:48:32","slug":"nossa-traducao-de-videogames-em-ingles","status":"publish","type":"page","link":"https:\/\/culturesconnection.com\/pt-br\/nossa-traducao-de-videogames-em-ingles\/","title":{"rendered":"Nossos servi\u00e7os de tradu\u00e7\u00e3o de videogames em ingl\u00eas"},"content":{"rendered":"\n<h2 class=\"wp-block-heading\">Nossos servi\u00e7os de tradu\u00e7\u00e3o de videogames em ingl\u00eas<\/h2>\n\n\n\n<p>Quer permitir que anglofalantes conhe\u00e7am seu videogame? Quebre as fronteiras! <a href=\"https:\/\/culturesconnection.com\/pt-br\/\">Cultures Connection<\/a> permite otimizar a experi\u00eancia de seus jogadores traduzindo seus videogames para o ingl\u00eas. A demanda por softwares de entretenimento nos mercados internacionais est\u00e1 aumentando, por isso \u00e9 necess\u00e1rio levar em conta a import\u00e2ncia da <a href=\"https:\/\/culturesconnection.com\/pt-br\/servicos-de-traducao-e-localizacao-de-videogame\/\">tradu\u00e7\u00e3o e localiza\u00e7\u00e3o dos jogos<\/a>. Entre em contato conosco e confie-nos o seu projeto!<\/p>\n\n\n\n<h2 class=\"wp-block-heading\">Nossa ag\u00eancia de tradu\u00e7\u00e3o de videogames<\/h2>\n\n\n\n<p>Nossa empresa cuidar\u00e1 do seu projeto do in\u00edcio ao fim, independentemente do tipo de <a href=\"https:\/\/culturesconnection.com\/pt-br\/servicos-de-traducao\/\">servi\u00e7o de tradu\u00e7\u00e3o<\/a> necess\u00e1rio. Nosso papel \u00e9 estabelecer um v\u00ednculo entre desenvolvedores e tradutores, a fim de responder perguntas e facilitar o trabalho destes \u00faltimos. O resultado ser\u00e1, portanto, da mais alta qualidade. Temos um extenso portf\u00f3lio de tradutores de videogames ingl\u00eas. Todos foram recrutados com base em suas qualifica\u00e7\u00f5es, habilidades e experi\u00eancia. Eles fazem uma s\u00e9rie de testes para fornecer aos nossos clientes tradu\u00e7\u00f5es da mais alta qualidade.<\/p>\n\n\n\n<h2 class=\"wp-block-heading\">Todos seus videogames em ingl\u00eas<\/h2>\n\n\n\n<p>Nossa ag\u00eancia de tradu\u00e7\u00e3o oferece v\u00e1rios servi\u00e7os para melhor atender \u00e0s suas necessidades e \u00e0s do seu mercado-alvo:<\/p>\n\n\n\n<ul class=\"wp-block-list\"><li>Nossa ag\u00eancia de tradu\u00e7\u00e3o de videogames<\/li><li>Localiza\u00e7\u00e3o de videogames<\/li><li>Gerenciamento de projetos<\/li><li>Legendagem<\/li><li>Grava\u00e7\u00e3o e dublagem<\/li><li>Controle de qualidade<\/li><\/ul>\n\n\n\n<h3 class=\"wp-block-heading\">&nbsp;Tradu\u00e7\u00e3o de videogames em todos os idiomas<\/h3>\n\n\n\n<ul class=\"wp-block-list\"><li><a href=\"https:\/\/culturesconnection.com\/pt-br\/servicos-de-traducao-de-video-game-em-frances\/\">Tradu\u00e7\u00e3o de videogame em franc\u00eas<\/a><\/li><li><a href=\"https:\/\/culturesconnection.com\/pt-br\/servicos-de-traducao-de-video-game-em-espanhol\/\">Tradu\u00e7\u00e3o de videogame em espanhol<\/a><\/li><li><a href=\"https:\/\/culturesconnection.com\/pt-br\/nossos-servicos-de-traducao-de-videogames-em-alemao\/\">Tradu\u00e7\u00e3o de videogame em alem\u00e3o<\/a><\/li><li><a href=\"https:\/\/culturesconnection.com\/pt-br\/servicos-de-traducao-de-video-game-em-chines\/\">Tradu\u00e7\u00e3o de videogame em chin\u00eas<\/a><\/li><li><a href=\"https:\/\/culturesconnection.com\/pt-br\/servicos-de-traducao-de-video-game-em-arabe\/\">Tradu\u00e7\u00e3o de videogame em \u00e1rabe<\/a><\/li><li><a href=\"https:\/\/culturesconnection.com\/pt-br\/servicos-de-traducao-de-video-game-em-italiano\/\">Tradu\u00e7\u00e3o de videogame em italiano<\/a><\/li><li><a href=\"https:\/\/culturesconnection.com\/pt-br\/servicos-de-traducao-de-video-game-em-holandes\/\">Tradu\u00e7\u00e3o de videogame em holand\u00eas<\/a><\/li><li><a href=\"https:\/\/culturesconnection.com\/pt-br\/servicos-de-traducao-de-video-game-em-turco\/\">Tradu\u00e7\u00e3o de videogame em turco<\/a><\/li><li><a href=\"https:\/\/culturesconnection.com\/pt-br\/servicos-de-traducao-de-video-game-em-japones\/\">Tradu\u00e7\u00e3o de videogame em japon\u00eas<\/a><\/li><li><a href=\"https:\/\/culturesconnection.com\/pt-br\/servicos-de-traducao-de-video-game-em-russo\/\">Tradu\u00e7\u00e3o de videogame em russo<\/a><\/li><\/ul>\n","protected":false},"excerpt":{"rendered":"<p>Nossos servi\u00e7os de tradu\u00e7\u00e3o de videogames em ingl\u00eas Quer permitir que anglofalantes conhe\u00e7am seu videogame? Quebre as fronteiras! Cultures Connection permite otimizar a experi\u00eancia de [&#8230;]<\/p>\n<p><a class=\"btn btn-secondary understrap-read-more-link\" href=\"https:\/\/culturesconnection.com\/pt-br\/nossa-traducao-de-videogames-em-ingles\/\">Leia mais&#8230;<span class=\"screen-reader-text\"> from Nossos servi\u00e7os de tradu\u00e7\u00e3o de videogames em ingl\u00eas<\/span><\/a><\/p>\n","protected":false},"author":22,"featured_media":24335,"parent":0,"menu_order":0,"comment_status":"closed","ping_status":"closed","template":"","meta":{"_acf_changed":false,"_editorskit_title_hidden":false,"_editorskit_reading_time":0,"_editorskit_is_block_options_detached":false,"_editorskit_block_options_position":"{}","footnotes":""},"class_list":["post-21214","page","type-page","status-publish","has-post-thumbnail","hentry"],"acf":[],"yoast_head":"<!-- This site is optimized with the Yoast SEO Premium plugin v23.4 (Yoast SEO v27.3) - https:\/\/yoast.com\/product\/yoast-seo-premium-wordpress\/ -->\n<title>Nossa tradu\u00e7\u00e3o de videogames em ingl\u00eas<\/title>\n<meta name=\"description\" content=\"Deseja que anglofalantes conhe\u00e7am seu jogo? A Cultures Connection traduz seus videogames para o ingl\u00eas. Entre em contato conosco!\" \/>\n<meta name=\"robots\" content=\"index, follow, max-snippet:-1, max-image-preview:large, max-video-preview:-1\" \/>\n<link rel=\"canonical\" href=\"https:\/\/culturesconnection.com\/pt-br\/nossa-traducao-de-videogames-em-ingles\/\" \/>\n<meta property=\"og:locale\" content=\"pt_BR\" \/>\n<meta property=\"og:type\" content=\"article\" \/>\n<meta property=\"og:title\" content=\"Nossos servi\u00e7os de tradu\u00e7\u00e3o de videogames em ingl\u00eas\" \/>\n<meta property=\"og:description\" content=\"Deseja que anglofalantes conhe\u00e7am seu jogo? A Cultures Connection traduz seus videogames para o ingl\u00eas. Entre em contato conosco!\" \/>\n<meta property=\"og:url\" content=\"https:\/\/culturesconnection.com\/pt-br\/nossa-traducao-de-videogames-em-ingles\/\" \/>\n<meta property=\"og:site_name\" content=\"Cultures Connection\" \/>\n<meta property=\"article:publisher\" content=\"https:\/\/www.facebook.com\/CulturesConnection\" \/>\n<meta property=\"article:modified_time\" content=\"2022-06-22T18:48:32+00:00\" \/>\n<meta property=\"og:image\" content=\"https:\/\/culturesconnection.com\/wp-content\/uploads\/2020\/09\/P\u00e1gina_Subservicios_de_traducci\u00f3n_por_idioma.png\" \/>\n\t<meta property=\"og:image:width\" content=\"1417\" \/>\n\t<meta property=\"og:image:height\" content=\"561\" \/>\n\t<meta property=\"og:image:type\" content=\"image\/png\" \/>\n<meta name=\"twitter:card\" content=\"summary_large_image\" \/>\n<meta name=\"twitter:site\" content=\"@CulturesCo_\" \/>\n<meta name=\"twitter:label1\" content=\"Est. tempo de leitura\" \/>\n\t<meta name=\"twitter:data1\" content=\"1 minuto\" \/>\n<script type=\"application\/ld+json\" class=\"yoast-schema-graph\">{\"@context\":\"https:\\\/\\\/schema.org\",\"@graph\":[{\"@type\":\"WebPage\",\"@id\":\"https:\\\/\\\/culturesconnection.com\\\/pt-br\\\/nossa-traducao-de-videogames-em-ingles\\\/\",\"url\":\"https:\\\/\\\/culturesconnection.com\\\/pt-br\\\/nossa-traducao-de-videogames-em-ingles\\\/\",\"name\":\"Nossa tradu\u00e7\u00e3o de videogames em ingl\u00eas\",\"isPartOf\":{\"@id\":\"https:\\\/\\\/culturesconnection.com\\\/fr\\\/#website\"},\"primaryImageOfPage\":{\"@id\":\"https:\\\/\\\/culturesconnection.com\\\/pt-br\\\/nossa-traducao-de-videogames-em-ingles\\\/#primaryimage\"},\"image\":{\"@id\":\"https:\\\/\\\/culturesconnection.com\\\/pt-br\\\/nossa-traducao-de-videogames-em-ingles\\\/#primaryimage\"},\"thumbnailUrl\":\"https:\\\/\\\/culturesconnection.com\\\/wp-content\\\/uploads\\\/2020\\\/09\\\/P\u00e1gina_Subservicios_de_traducci\u00f3n_por_idioma.png\",\"datePublished\":\"2020-09-03T10:08:51+00:00\",\"dateModified\":\"2022-06-22T18:48:32+00:00\",\"description\":\"Deseja que anglofalantes conhe\u00e7am seu jogo? A Cultures Connection traduz seus videogames para o ingl\u00eas. Entre em contato conosco!\",\"breadcrumb\":{\"@id\":\"https:\\\/\\\/culturesconnection.com\\\/pt-br\\\/nossa-traducao-de-videogames-em-ingles\\\/#breadcrumb\"},\"inLanguage\":\"pt-BR\",\"potentialAction\":[{\"@type\":\"ReadAction\",\"target\":[\"https:\\\/\\\/culturesconnection.com\\\/pt-br\\\/nossa-traducao-de-videogames-em-ingles\\\/\"]}]},{\"@type\":\"ImageObject\",\"inLanguage\":\"pt-BR\",\"@id\":\"https:\\\/\\\/culturesconnection.com\\\/pt-br\\\/nossa-traducao-de-videogames-em-ingles\\\/#primaryimage\",\"url\":\"https:\\\/\\\/culturesconnection.com\\\/wp-content\\\/uploads\\\/2020\\\/09\\\/P\u00e1gina_Subservicios_de_traducci\u00f3n_por_idioma.png\",\"contentUrl\":\"https:\\\/\\\/culturesconnection.com\\\/wp-content\\\/uploads\\\/2020\\\/09\\\/P\u00e1gina_Subservicios_de_traducci\u00f3n_por_idioma.png\",\"width\":1417,\"height\":561},{\"@type\":\"BreadcrumbList\",\"@id\":\"https:\\\/\\\/culturesconnection.com\\\/pt-br\\\/nossa-traducao-de-videogames-em-ingles\\\/#breadcrumb\",\"itemListElement\":[{\"@type\":\"ListItem\",\"position\":1,\"name\":\"Home\",\"item\":\"https:\\\/\\\/culturesconnection.com\\\/pt-br\\\/\"},{\"@type\":\"ListItem\",\"position\":2,\"name\":\"Nossos servi\u00e7os de tradu\u00e7\u00e3o de videogames em ingl\u00eas\"}]},{\"@type\":\"WebSite\",\"@id\":\"https:\\\/\\\/culturesconnection.com\\\/fr\\\/#website\",\"url\":\"https:\\\/\\\/culturesconnection.com\\\/fr\\\/\",\"name\":\"Cultures Connection\",\"description\":\"Cultures Connection is a translation agency dedicated to the success of its international clients.\",\"publisher\":{\"@id\":\"https:\\\/\\\/culturesconnection.com\\\/fr\\\/#organization\"},\"potentialAction\":[{\"@type\":\"SearchAction\",\"target\":{\"@type\":\"EntryPoint\",\"urlTemplate\":\"https:\\\/\\\/culturesconnection.com\\\/fr\\\/?s={search_term_string}\"},\"query-input\":{\"@type\":\"PropertyValueSpecification\",\"valueRequired\":true,\"valueName\":\"search_term_string\"}}],\"inLanguage\":\"pt-BR\"},{\"@type\":\"Organization\",\"@id\":\"https:\\\/\\\/culturesconnection.com\\\/fr\\\/#organization\",\"name\":\"Cultures Connection\",\"url\":\"https:\\\/\\\/culturesconnection.com\\\/fr\\\/\",\"logo\":{\"@type\":\"ImageObject\",\"inLanguage\":\"pt-BR\",\"@id\":\"https:\\\/\\\/culturesconnection.com\\\/fr\\\/#\\\/schema\\\/logo\\\/image\\\/\",\"url\":\"https:\\\/\\\/culturesconnection.com\\\/wp-content\\\/uploads\\\/2022\\\/06\\\/cropped-favicon512x512.png\",\"contentUrl\":\"https:\\\/\\\/culturesconnection.com\\\/wp-content\\\/uploads\\\/2022\\\/06\\\/cropped-favicon512x512.png\",\"width\":512,\"height\":512,\"caption\":\"Cultures Connection\"},\"image\":{\"@id\":\"https:\\\/\\\/culturesconnection.com\\\/fr\\\/#\\\/schema\\\/logo\\\/image\\\/\"},\"sameAs\":[\"https:\\\/\\\/www.facebook.com\\\/CulturesConnection\",\"https:\\\/\\\/x.com\\\/CulturesCo_\"]}]}<\/script>\n<!-- \/ Yoast SEO Premium plugin. -->","yoast_head_json":{"title":"Nossa tradu\u00e7\u00e3o de videogames em ingl\u00eas","description":"Deseja que anglofalantes conhe\u00e7am seu jogo? A Cultures Connection traduz seus videogames para o ingl\u00eas. Entre em contato conosco!","robots":{"index":"index","follow":"follow","max-snippet":"max-snippet:-1","max-image-preview":"max-image-preview:large","max-video-preview":"max-video-preview:-1"},"canonical":"https:\/\/culturesconnection.com\/pt-br\/nossa-traducao-de-videogames-em-ingles\/","og_locale":"pt_BR","og_type":"article","og_title":"Nossos servi\u00e7os de tradu\u00e7\u00e3o de videogames em ingl\u00eas","og_description":"Deseja que anglofalantes conhe\u00e7am seu jogo? A Cultures Connection traduz seus videogames para o ingl\u00eas. Entre em contato conosco!","og_url":"https:\/\/culturesconnection.com\/pt-br\/nossa-traducao-de-videogames-em-ingles\/","og_site_name":"Cultures Connection","article_publisher":"https:\/\/www.facebook.com\/CulturesConnection","article_modified_time":"2022-06-22T18:48:32+00:00","og_image":[{"width":1417,"height":561,"url":"https:\/\/culturesconnection.com\/wp-content\/uploads\/2020\/09\/P\u00e1gina_Subservicios_de_traducci\u00f3n_por_idioma.png","type":"image\/png"}],"twitter_card":"summary_large_image","twitter_site":"@CulturesCo_","twitter_misc":{"Est. tempo de leitura":"1 minuto"},"schema":{"@context":"https:\/\/schema.org","@graph":[{"@type":"WebPage","@id":"https:\/\/culturesconnection.com\/pt-br\/nossa-traducao-de-videogames-em-ingles\/","url":"https:\/\/culturesconnection.com\/pt-br\/nossa-traducao-de-videogames-em-ingles\/","name":"Nossa tradu\u00e7\u00e3o de videogames em ingl\u00eas","isPartOf":{"@id":"https:\/\/culturesconnection.com\/fr\/#website"},"primaryImageOfPage":{"@id":"https:\/\/culturesconnection.com\/pt-br\/nossa-traducao-de-videogames-em-ingles\/#primaryimage"},"image":{"@id":"https:\/\/culturesconnection.com\/pt-br\/nossa-traducao-de-videogames-em-ingles\/#primaryimage"},"thumbnailUrl":"https:\/\/culturesconnection.com\/wp-content\/uploads\/2020\/09\/P\u00e1gina_Subservicios_de_traducci\u00f3n_por_idioma.png","datePublished":"2020-09-03T10:08:51+00:00","dateModified":"2022-06-22T18:48:32+00:00","description":"Deseja que anglofalantes conhe\u00e7am seu jogo? A Cultures Connection traduz seus videogames para o ingl\u00eas. Entre em contato conosco!","breadcrumb":{"@id":"https:\/\/culturesconnection.com\/pt-br\/nossa-traducao-de-videogames-em-ingles\/#breadcrumb"},"inLanguage":"pt-BR","potentialAction":[{"@type":"ReadAction","target":["https:\/\/culturesconnection.com\/pt-br\/nossa-traducao-de-videogames-em-ingles\/"]}]},{"@type":"ImageObject","inLanguage":"pt-BR","@id":"https:\/\/culturesconnection.com\/pt-br\/nossa-traducao-de-videogames-em-ingles\/#primaryimage","url":"https:\/\/culturesconnection.com\/wp-content\/uploads\/2020\/09\/P\u00e1gina_Subservicios_de_traducci\u00f3n_por_idioma.png","contentUrl":"https:\/\/culturesconnection.com\/wp-content\/uploads\/2020\/09\/P\u00e1gina_Subservicios_de_traducci\u00f3n_por_idioma.png","width":1417,"height":561},{"@type":"BreadcrumbList","@id":"https:\/\/culturesconnection.com\/pt-br\/nossa-traducao-de-videogames-em-ingles\/#breadcrumb","itemListElement":[{"@type":"ListItem","position":1,"name":"Home","item":"https:\/\/culturesconnection.com\/pt-br\/"},{"@type":"ListItem","position":2,"name":"Nossos servi\u00e7os de tradu\u00e7\u00e3o de videogames em ingl\u00eas"}]},{"@type":"WebSite","@id":"https:\/\/culturesconnection.com\/fr\/#website","url":"https:\/\/culturesconnection.com\/fr\/","name":"Cultures Connection","description":"Cultures Connection is a translation agency dedicated to the success of its international clients.","publisher":{"@id":"https:\/\/culturesconnection.com\/fr\/#organization"},"potentialAction":[{"@type":"SearchAction","target":{"@type":"EntryPoint","urlTemplate":"https:\/\/culturesconnection.com\/fr\/?s={search_term_string}"},"query-input":{"@type":"PropertyValueSpecification","valueRequired":true,"valueName":"search_term_string"}}],"inLanguage":"pt-BR"},{"@type":"Organization","@id":"https:\/\/culturesconnection.com\/fr\/#organization","name":"Cultures Connection","url":"https:\/\/culturesconnection.com\/fr\/","logo":{"@type":"ImageObject","inLanguage":"pt-BR","@id":"https:\/\/culturesconnection.com\/fr\/#\/schema\/logo\/image\/","url":"https:\/\/culturesconnection.com\/wp-content\/uploads\/2022\/06\/cropped-favicon512x512.png","contentUrl":"https:\/\/culturesconnection.com\/wp-content\/uploads\/2022\/06\/cropped-favicon512x512.png","width":512,"height":512,"caption":"Cultures Connection"},"image":{"@id":"https:\/\/culturesconnection.com\/fr\/#\/schema\/logo\/image\/"},"sameAs":["https:\/\/www.facebook.com\/CulturesConnection","https:\/\/x.com\/CulturesCo_"]}]}},"_links":{"self":[{"href":"https:\/\/culturesconnection.com\/pt-br\/wp-json\/wp\/v2\/pages\/21214","targetHints":{"allow":["GET"]}}],"collection":[{"href":"https:\/\/culturesconnection.com\/pt-br\/wp-json\/wp\/v2\/pages"}],"about":[{"href":"https:\/\/culturesconnection.com\/pt-br\/wp-json\/wp\/v2\/types\/page"}],"author":[{"embeddable":true,"href":"https:\/\/culturesconnection.com\/pt-br\/wp-json\/wp\/v2\/users\/22"}],"replies":[{"embeddable":true,"href":"https:\/\/culturesconnection.com\/pt-br\/wp-json\/wp\/v2\/comments?post=21214"}],"version-history":[{"count":0,"href":"https:\/\/culturesconnection.com\/pt-br\/wp-json\/wp\/v2\/pages\/21214\/revisions"}],"wp:featuredmedia":[{"embeddable":true,"href":"https:\/\/culturesconnection.com\/pt-br\/wp-json\/wp\/v2\/media\/24335"}],"wp:attachment":[{"href":"https:\/\/culturesconnection.com\/pt-br\/wp-json\/wp\/v2\/media?parent=21214"}],"curies":[{"name":"wp","href":"https:\/\/api.w.org\/{rel}","templated":true}]}}