{"id":21212,"date":"2020-09-03T11:48:18","date_gmt":"2020-09-03T10:48:18","guid":{"rendered":"http:\/\/culturesconnection.com\/?page_id=21212"},"modified":"2022-06-21T03:11:46","modified_gmt":"2022-06-21T01:11:46","slug":"nossos-servicos-de-traducao-cientifica-em-ingles","status":"publish","type":"page","link":"https:\/\/culturesconnection.com\/pt-br\/nossos-servicos-de-traducao-cientifica-em-ingles\/","title":{"rendered":"Nossos servi\u00e7os de tradu\u00e7\u00e3o cient\u00edfica em ingl\u00eas"},"content":{"rendered":"\n<h2 class=\"wp-block-heading\">Especialistas em tradu\u00e7\u00e3o cient\u00edfica de e para o ingl\u00eas ao seu servi\u00e7o<\/h2>\n\n\n\n<p>Quando se trata de confiar uma tradu\u00e7\u00e3o cient\u00edfica a uma <a href=\"https:\/\/culturesconnection.com\/pt-br\/\">ag\u00eancia de tradu\u00e7\u00e3o<\/a> \u00e9 importante ter certeza de que seu projeto ser\u00e1 atribu\u00eddo a profissionais especializados na \u00e1rea espec\u00edfica abordada nos textos. Todos os documentos cient\u00edficos cont\u00eam terminologia pr\u00f3pria, seja em biotecnologia, manipula\u00e7\u00f5es de DNA ou biodiversidade. Se voc\u00ea aspira a resultados excelentes, seu projeto deve ser dado a um especialista em tradu\u00e7\u00e3o cient\u00edfica. Pare de procurar agora mesmo, os melhores profissionais est\u00e3o na nossa ag\u00eancia. Nosso papel \u00e9 selecionar o melhor tradutor cient\u00edfico e apoi\u00e1-lo desde o recebimento at\u00e9 a entrega dos documentos.<\/p>\n\n\n\n<h2 class=\"wp-block-heading\">Nosso escrit\u00f3rio de tradu\u00e7\u00e3o<\/h2>\n\n\n\n<p>Nossa empresa de tradu\u00e7\u00e3o oferece os servi\u00e7os de tradutores especializados em tradu\u00e7\u00e3o cient\u00edfica do portugu\u00eas para o ingl\u00eas e vice versa. Al\u00e9m disso, nosso gerente de projetos monitorar\u00e1 as opera\u00e7\u00f5es e garantir\u00e1 que tudo corra bem. Mesmo antes do tradutor come\u00e7ar a trabalhar, uma busca minuciosa de terminologia ser\u00e1 realizada a fim de entregar ao cliente uma tradu\u00e7\u00e3o de alta qualidade. Sabemos que uma \u00fanica palavra pode ter v\u00e1rias tradu\u00e7\u00f5es, e \u00e9 por isso que nos certificamos de que nossos tradutores sempre escolham a palavra exata para usar de acordo com o contexto. Estamos em constante contato com nossos clientes e temos materiais de refer\u00eancia dispon\u00edveis para completar nossa tarefa da melhor forma poss\u00edvel. Se voc\u00ea est\u00e1 procurando por <a href=\"https:\/\/culturesconnection.com\/pt-br\/servicos-de-traducao\/\">servi\u00e7os de tradu\u00e7\u00e3o<\/a> de alta qualidade, escolha Cultures Connection.<\/p>\n\n\n\n<h2 class=\"wp-block-heading\">Tradu\u00e7\u00e3o de documento t\u00e9cnico em ingl\u00eas<\/h2>\n\n\n\n<p>Somos encarregados de in\u00fameras <a href=\"https:\/\/culturesconnection.com\/pt-br\/servicos-de-traducao-cientifica\/\">tradu\u00e7\u00f5es cient\u00edficas<\/a>. Aqui est\u00e3o alguns exemplos de documentos que traduzimos e para o portugu\u00eas diariamente:<\/p>\n\n\n\n<ul class=\"wp-block-list\"><li>L\u00e9xicos, enciclop\u00e9dias cient\u00edficas e gloss\u00e1rios<\/li><li>Documentos t\u00e9cnicos e artigos de pesquisa<\/li><li>Manuais de usu\u00e1rio<\/li><li>Testes laboratoriais, protocolos de teste<\/li><li>Documentos legais, patentes e diretrizes<\/li><li>Especifica\u00e7\u00f5es<\/li><li>Estudos de projetos e mercados<\/li><li>Software de simula\u00e7\u00e3o<\/li><li>Apresenta\u00e7\u00f5es multim\u00eddia e de v\u00eddeo<\/li><li>Tradu\u00e7\u00e3o e localiza\u00e7\u00e3o de sites<\/li><li>Tradu\u00e7\u00e3o de manuais t\u00e9cnicos, apresenta\u00e7\u00f5es de confer\u00eancias<\/li><\/ul>\n\n\n\n<h2 class=\"wp-block-heading\">Tradu\u00e7\u00e3o cient\u00edfica em todas as l\u00ednguas<\/h2>\n\n\n\n<ul class=\"wp-block-list\"><li><a href=\"https:\/\/culturesconnection.com\/pt-br\/servicos-de-traducao-cientifica-em-frances\/\">Tradu\u00e7\u00e3o cient\u00edfica em franc\u00eas<\/a><\/li><li><a href=\"https:\/\/culturesconnection.com\/pt-br\/servicos-de-traducao-cientifica-em-espanhol\/\">Tradu\u00e7\u00e3o cient\u00edfica em espanhol<\/a><\/li><li><a href=\"https:\/\/culturesconnection.com\/pt-br\/servicos-de-traducao-cientifica-alema\/\">Tradu\u00e7\u00e3o cient\u00edfica em alem\u00e3o<\/a><\/li><li><a href=\"https:\/\/culturesconnection.com\/pt-br\/servicos-de-traducao-cientifica-chinesa\/\">Tradu\u00e7\u00e3o cient\u00edfica em chin\u00eas<\/a><\/li><li><a href=\"https:\/\/culturesconnection.com\/pt-br\/servicos-de-traducao-cientifica-em-arabe\/\">Tradu\u00e7\u00e3o cient\u00edfica em \u00e1rabe<\/a><\/li><li><a href=\"https:\/\/culturesconnection.com\/pt-br\/servicos-de-traducao-cientifica-em-italiano\/\">Tradu\u00e7\u00e3o cient\u00edfica em italiano<\/a><\/li><li><a href=\"https:\/\/culturesconnection.com\/pt-br\/servicos-de-traducao-cientifica-em-holandes\/\">Tradu\u00e7\u00e3o cient\u00edfica em holand\u00eas<\/a><\/li><li><a href=\"https:\/\/culturesconnection.com\/pt-br\/servicos-de-traducao-cientifica-em-turco\/\">Tradu\u00e7\u00e3o cient\u00edfica em turco<\/a><\/li><li><a href=\"https:\/\/culturesconnection.com\/pt-br\/servicos-de-traducao-cientifica-em-japones\/\">Tradu\u00e7\u00e3o cient\u00edfica em japon\u00eas<\/a><\/li><li><a href=\"https:\/\/culturesconnection.com\/pt-br\/servicos-de-traducao-cientifica-em-russo\/\">Tradu\u00e7\u00e3o cient\u00edfica em russo<\/a><\/li><\/ul>\n","protected":false},"excerpt":{"rendered":"<p>Especialistas em tradu\u00e7\u00e3o cient\u00edfica de e para o ingl\u00eas ao seu servi\u00e7o Quando se trata de confiar uma tradu\u00e7\u00e3o cient\u00edfica a uma ag\u00eancia de tradu\u00e7\u00e3o [&#8230;]<\/p>\n<p><a class=\"btn btn-secondary understrap-read-more-link\" href=\"https:\/\/culturesconnection.com\/pt-br\/nossos-servicos-de-traducao-cientifica-em-ingles\/\">Leia mais&#8230;<span class=\"screen-reader-text\"> from Nossos servi\u00e7os de tradu\u00e7\u00e3o cient\u00edfica em ingl\u00eas<\/span><\/a><\/p>\n","protected":false},"author":22,"featured_media":24335,"parent":0,"menu_order":0,"comment_status":"closed","ping_status":"closed","template":"","meta":{"_acf_changed":false,"_editorskit_title_hidden":false,"_editorskit_reading_time":0,"_editorskit_is_block_options_detached":false,"_editorskit_block_options_position":"{}","footnotes":""},"class_list":["post-21212","page","type-page","status-publish","has-post-thumbnail","hentry"],"acf":[],"_links":{"self":[{"href":"https:\/\/culturesconnection.com\/pt-br\/wp-json\/wp\/v2\/pages\/21212","targetHints":{"allow":["GET"]}}],"collection":[{"href":"https:\/\/culturesconnection.com\/pt-br\/wp-json\/wp\/v2\/pages"}],"about":[{"href":"https:\/\/culturesconnection.com\/pt-br\/wp-json\/wp\/v2\/types\/page"}],"author":[{"embeddable":true,"href":"https:\/\/culturesconnection.com\/pt-br\/wp-json\/wp\/v2\/users\/22"}],"replies":[{"embeddable":true,"href":"https:\/\/culturesconnection.com\/pt-br\/wp-json\/wp\/v2\/comments?post=21212"}],"version-history":[{"count":0,"href":"https:\/\/culturesconnection.com\/pt-br\/wp-json\/wp\/v2\/pages\/21212\/revisions"}],"wp:featuredmedia":[{"embeddable":true,"href":"https:\/\/culturesconnection.com\/pt-br\/wp-json\/wp\/v2\/media\/24335"}],"wp:attachment":[{"href":"https:\/\/culturesconnection.com\/pt-br\/wp-json\/wp\/v2\/media?parent=21212"}],"curies":[{"name":"wp","href":"https:\/\/api.w.org\/{rel}","templated":true}]}}