{"id":21211,"date":"2020-09-03T11:31:23","date_gmt":"2020-09-03T10:31:23","guid":{"rendered":"http:\/\/culturesconnection.com\/?page_id=21211"},"modified":"2022-06-19T00:42:46","modified_gmt":"2022-06-18T22:42:46","slug":"nossos-servicos-de-traducao-medica-em-ingles","status":"publish","type":"page","link":"https:\/\/culturesconnection.com\/pt-br\/nossos-servicos-de-traducao-em-ingles\/nossos-servicos-de-traducao-medica-em-ingles\/","title":{"rendered":"Nossos servi\u00e7os de tradu\u00e7\u00e3o m\u00e9dica em ingl\u00eas"},"content":{"rendered":"\n<h2 class=\"wp-block-heading\">Tradu\u00e7\u00e3o m\u00e9dica em ingl\u00eas : uma terminologia altamente espec\u00edfica<\/h2>\n\n\n\n<p>Hoje em dia, a tradu\u00e7\u00e3o m\u00e9dica em ingl\u00eas est\u00e1 se tornando cada vez mais necess\u00e1ria. Os fabricantes de produtos m\u00e9dicos que desejam exportar para pa\u00edses angl\u00f3fonos s\u00e3o obrigados a traduzir seus documentos t\u00e9cnicos, r\u00f3tulos, folhetos e manuais em ingl\u00eas. Trata-se de um trabalho de alta complexidade que requer extrema precis\u00e3o e toler\u00e2ncia zero para erros e mal-entendidos. Portanto, a regra de ouro \u00e9 sempre utilizar os servi\u00e7os de um profissional de tradu\u00e7\u00e3o m\u00e9dica em ingl\u00eas. <a href=\"https:\/\/culturesconnection.com\/pt-br\/\">Cultures Connection<\/a> vai encontrar um para voc\u00ea!<\/p>\n\n\n\n<h2 class=\"wp-block-heading\">Procurando uma boa ag\u00eancia de tradu\u00e7\u00e3o m\u00e9dica?<\/h2>\n\n\n\n<p>Quaisquer que sejam suas necessidades na tradu\u00e7\u00e3o m\u00e9dica, nossa empresa de tradu\u00e7\u00e3o oferecer\u00e1 a solu\u00e7\u00e3o mais econ\u00f4mica, garantindo o cumprimento exemplar das regulamenta\u00e7\u00f5es dos mercados locais. Voc\u00ea precisa dos servi\u00e7os de um tradutor m\u00e9dico portugu\u00eas-ingl\u00eas ou vice-versa? Confiaremos seu projeto com profissionalismo \u00e0 nossa extensa rede de especialistas em tradu\u00e7\u00e3o m\u00e9dica. Nossos profissionais combinam habilidades lingu\u00edsticas impec\u00e1veis com excelente conhecimento de jarg\u00f5es espec\u00edficos e conceitos m\u00e9dicos. Eles trabalham sempre em sua l\u00edngua nativa e atendem a crit\u00e9rios extremamente rigorosos. Escolha seguran\u00e7a, credibilidade e qualidade: escolha Cultures Connection e seus excelentes <a href=\"https:\/\/culturesconnection.com\/pt-br\/servicos-de-traducao\/\">servi\u00e7os de tradu\u00e7\u00e3o<\/a>!<\/p>\n\n\n\n<h2 class=\"wp-block-heading\">Tradu\u00e7\u00e3o de documento t\u00e9cnico em ingl\u00eas<\/h2>\n\n\n\n<p>Traduzimos todos os tipos de <a href=\"https:\/\/culturesconnection.com\/pt-br\/servicos-de-traducao-medica\/\">documentos m\u00e9dicos.<\/a> Aqui est\u00e1 uma lista de exemplos de textos que traduzimos diariamente:<\/p>\n\n\n\n<ul class=\"wp-block-list\"><li>Revistas<\/li><li>Relat\u00f3rios da confer\u00eancia<\/li><li>Publica\u00e7\u00f5es<\/li><li>Relat\u00f3rios de projetos e pesquisas<\/li><li>Resultados de estudos e relat\u00f3rios de novas pesquisas<\/li><li>Obras de interesse geral<\/li><li>Relat\u00f3rios de teste<\/li><li>Question\u00e1rios<\/li><li>Folhetos<\/li><li>Dosagens para novos produtos<\/li><li>Resultados de ensaios cl\u00ednicos<\/li><li>Regulamentos farmac\u00eauticos<\/li><li>Relat\u00f3rios m\u00e9dicos<\/li><\/ul>\n\n\n\n<h2 class=\"wp-block-heading\">Tradu\u00e7\u00e3o m\u00e9dica em todos os idiomas<\/h2>\n\n\n\n<ul class=\"wp-block-list\"><li><a href=\"https:\/\/culturesconnection.com\/pt-br\/servicos-de-traducao-medica-em-frances\/\">Tradu\u00e7\u00e3o m\u00e9dica em franc\u00eas<\/a><\/li><li><a href=\"https:\/\/culturesconnection.com\/pt-br\/servicos-de-traducao-medica-em-espanhol\/\">Tradu\u00e7\u00e3o m\u00e9dica em espanhol<\/a><\/li><li><a href=\"https:\/\/culturesconnection.com\/pt-br\/servicos-de-traducao-medica-em-alemao\/\">Tradu\u00e7\u00e3o m\u00e9dica em alem\u00e3o<\/a><\/li><li><a href=\"https:\/\/culturesconnection.com\/pt-br\/servicos-de-traducao-de-medicina-em-chines\/\">Tradu\u00e7\u00e3o m\u00e9dica em chin\u00eas<\/a><\/li><li><a href=\"https:\/\/culturesconnection.com\/pt-br\/servicos-de-traducao-medica-em-arabe\/\">Tradu\u00e7\u00e3o m\u00e9dica em \u00e1rabe<\/a><\/li><li><a href=\"https:\/\/culturesconnection.com\/pt-br\/servicos-de-traducao-medica-em-italiano\/\">Tradu\u00e7\u00e3o m\u00e9dica em italiano<\/a><\/li><li><a href=\"https:\/\/culturesconnection.com\/pt-br\/servicos-de-traducao-medica-em-holandes\/\">Tradu\u00e7\u00e3o m\u00e9dica em holand\u00eas<\/a><\/li><li><a href=\"https:\/\/culturesconnection.com\/pt-br\/servicos-de-traducao-medica-em-turco\/\">Tradu\u00e7\u00e3o m\u00e9dica em turco<\/a><\/li><li><a href=\"https:\/\/culturesconnection.com\/pt-br\/servicos-de-traducao-medica-em-japones\/\">Tradu\u00e7\u00e3o m\u00e9dica em japon\u00eas<\/a><\/li><li><a href=\"https:\/\/culturesconnection.com\/pt-br\/servicos-de-traducao-medica-em-russo\/\">Tradu\u00e7\u00e3o m\u00e9dica em russo<\/a><\/li><\/ul>\n","protected":false},"excerpt":{"rendered":"<p>Tradu\u00e7\u00e3o m\u00e9dica em ingl\u00eas : uma terminologia altamente espec\u00edfica Hoje em dia, a tradu\u00e7\u00e3o m\u00e9dica em ingl\u00eas est\u00e1 se tornando cada vez mais necess\u00e1ria. Os [&#8230;]<\/p>\n<p><a class=\"btn btn-secondary understrap-read-more-link\" href=\"https:\/\/culturesconnection.com\/pt-br\/nossos-servicos-de-traducao-em-ingles\/nossos-servicos-de-traducao-medica-em-ingles\/\">Leia mais&#8230;<span class=\"screen-reader-text\"> from Nossos servi\u00e7os de tradu\u00e7\u00e3o m\u00e9dica em ingl\u00eas<\/span><\/a><\/p>\n","protected":false},"author":22,"featured_media":24335,"parent":21200,"menu_order":0,"comment_status":"closed","ping_status":"closed","template":"","meta":{"_acf_changed":false,"_editorskit_title_hidden":false,"_editorskit_reading_time":0,"_editorskit_is_block_options_detached":false,"_editorskit_block_options_position":"{}","footnotes":""},"class_list":["post-21211","page","type-page","status-publish","has-post-thumbnail","hentry"],"acf":[],"_links":{"self":[{"href":"https:\/\/culturesconnection.com\/pt-br\/wp-json\/wp\/v2\/pages\/21211","targetHints":{"allow":["GET"]}}],"collection":[{"href":"https:\/\/culturesconnection.com\/pt-br\/wp-json\/wp\/v2\/pages"}],"about":[{"href":"https:\/\/culturesconnection.com\/pt-br\/wp-json\/wp\/v2\/types\/page"}],"author":[{"embeddable":true,"href":"https:\/\/culturesconnection.com\/pt-br\/wp-json\/wp\/v2\/users\/22"}],"replies":[{"embeddable":true,"href":"https:\/\/culturesconnection.com\/pt-br\/wp-json\/wp\/v2\/comments?post=21211"}],"version-history":[{"count":0,"href":"https:\/\/culturesconnection.com\/pt-br\/wp-json\/wp\/v2\/pages\/21211\/revisions"}],"up":[{"embeddable":true,"href":"https:\/\/culturesconnection.com\/pt-br\/wp-json\/wp\/v2\/pages\/21200"}],"wp:featuredmedia":[{"embeddable":true,"href":"https:\/\/culturesconnection.com\/pt-br\/wp-json\/wp\/v2\/media\/24335"}],"wp:attachment":[{"href":"https:\/\/culturesconnection.com\/pt-br\/wp-json\/wp\/v2\/media?parent=21211"}],"curies":[{"name":"wp","href":"https:\/\/api.w.org\/{rel}","templated":true}]}}