{"id":21210,"date":"2020-09-03T11:52:41","date_gmt":"2020-09-03T10:52:41","guid":{"rendered":"http:\/\/culturesconnection.com\/?page_id=21210"},"modified":"2022-06-22T01:14:20","modified_gmt":"2022-06-21T23:14:20","slug":"nossos-servicos-de-traducao-de-marketing-em-ingles","status":"publish","type":"page","link":"https:\/\/culturesconnection.com\/pt-br\/nossos-servicos-de-traducao-de-marketing-em-ingles\/","title":{"rendered":"Nossos servi\u00e7os de tradu\u00e7\u00e3o de marketing em ingl\u00eas"},"content":{"rendered":"\n<h2 class=\"wp-block-heading\">Especialistas em tradu\u00e7\u00e3o de marketing em ingl\u00eas<\/h2>\n\n\n\n<p>A tradu\u00e7\u00e3o de marketing de e para o ingl\u00eas \u00e9 muitas vezes uma \u00e1rea cuja complexidade \u00e9 subestimada. Se o prop\u00f3sito de uma tradu\u00e7\u00e3o profissional \u00e9 reproduzir um documento de uma l\u00edngua para outra com precis\u00e3o, esse tipo de processo tamb\u00e9m envolve escrever conte\u00fado suficientemente atraente para o p\u00fablico certo. Portanto, ao contr\u00e1rio das tradu\u00e7\u00f5es gerais, as tradu\u00e7\u00f5es de marketing devem ser realizadas por tradutores profissionais com excelente talento para escrever, expertise em marketing e um conhecimento perfeito de portugu\u00eas e ingl\u00eas e suas respectivas nuances culturais.<\/p>\n\n\n\n<h2 class=\"wp-block-heading\">Nossos servi\u00e7os de tradu\u00e7\u00e3o de marketing<\/h2>\n\n\n\n<p>Na <a href=\"https:\/\/culturesconnection.com\/pt-br\/\">Cultures Connection<\/a> trabalhamos com tradutores ingl\u00eas-portugu\u00eas e vice-versa que combinam experi\u00eancia de trabalho em empresas de tradu\u00e7\u00e3o com experi\u00eancia profissional relacionada ao marketing. Eles s\u00e3o, portanto, capazes de reproduzir o significado das palavras enquanto promovem sua marca e geram interesse no consumidor-alvo. Voc\u00ea gostaria de rodar um an\u00fancio num pa\u00eds angl\u00f3fono? Sem problemas, n\u00f3s cuidamos de traduzir seus materiais de marketing respeitando seu objetivo: informar, persuadir e vender. Nossa empresa oferece uma ampla gama de <a href=\"https:\/\/culturesconnection.com\/pt-br\/servicos-de-traducao\/\">servi\u00e7os de tradu\u00e7\u00e3o<\/a> com taxas competitivas e sempre a melhor qualidade.<\/p>\n\n\n\n<h2 class=\"wp-block-heading\">Tradu\u00e7\u00e3o de documento t\u00e9cnico em ingl\u00eas<\/h2>\n\n\n\n<p>Nossos <a href=\"https:\/\/culturesconnection.com\/pt-br\/servicos-de-traducao-de-marketing\/\">servi\u00e7os de tradu\u00e7\u00e3o de marketing<\/a> incluem tradu\u00e7\u00e3o e localiza\u00e7\u00e3o em muitos tipos diferentes de materiais:<\/p>\n\n\n\n<ul class=\"wp-block-list\"><li>Folhetos<\/li><li>Materiais publicit\u00e1rios<\/li><li>Boletins<\/li><li>Sites de com\u00e9rcio eletr\u00f4nico<\/li><li>Folhetos<\/li><li>Campanhas de marketing<\/li><li>An\u00fancios<\/li><li>Websites<\/li><li>Slogans<\/li><li>Logotipos<\/li><li>Apresenta\u00e7\u00f5es<\/li><li>Lan\u00e7amento de produto<\/li><li>Comunicados de imprensa<\/li><li>E-books<\/li><\/ul>\n\n\n\n<h3 class=\"wp-block-heading\">&nbsp;Tradu\u00e7\u00e3o de marketing em todos os idiomas<\/h3>\n\n\n\n<ul class=\"wp-block-list\"><li><a href=\"https:\/\/culturesconnection.com\/pt-br\/servicos-de-traducao-de-marketing-em-frances\/\">Tradu\u00e7\u00e3o de marketing em franc\u00eas<\/a><\/li><li><a href=\"https:\/\/culturesconnection.com\/pt-br\/servicos-de-traducao-de-marketing-em-espanhol\/\">Tradu\u00e7\u00e3o de marketing em espanhol<\/a><\/li><li><a href=\"https:\/\/culturesconnection.com\/pt-br\/servicos-de-traducao-de-marketing-em-alemao\/\">Tradu\u00e7\u00e3o de marketing em alem\u00e3o<\/a><\/li><li><a href=\"https:\/\/culturesconnection.com\/pt-br\/servicos-de-traducao-de-marketing-em-chines\/\">Tradu\u00e7\u00e3o de marketing em chin\u00eas<\/a><\/li><li><a href=\"https:\/\/culturesconnection.com\/pt-br\/servicos-de-traducao-de-marketing-em-arabe\/\">Tradu\u00e7\u00e3o de marketing em \u00e1rabe<\/a><\/li><li><a href=\"https:\/\/culturesconnection.com\/pt-br\/servicos-de-traducao-marketing-em-italiano\/\">Tradu\u00e7\u00e3o de marketing em italiano<\/a><\/li><li><a href=\"https:\/\/culturesconnection.com\/pt-br\/servicos-de-traducao-de-marketing-em-holandes\/\">Tradu\u00e7\u00e3o de marketing em holand\u00eas<\/a><\/li><li><a href=\"https:\/\/culturesconnection.com\/pt-br\/servicos-de-traducao-de-marketing-em-turco\/\">Tradu\u00e7\u00e3o de marketing em turco<\/a><\/li><li><a href=\"https:\/\/culturesconnection.com\/pt-br\/servicos-de-traducao-de-marketing-em-japones\/\">Tradu\u00e7\u00e3o de marketing em japon\u00eas<\/a><\/li><li><a href=\"https:\/\/culturesconnection.com\/pt-br\/nossos-servicos-de-traducao-de-marketing-em-russo\/\">Tradu\u00e7\u00e3o de marketing em russo<\/a><\/li><\/ul>\n","protected":false},"excerpt":{"rendered":"<p>Especialistas em tradu\u00e7\u00e3o de marketing em ingl\u00eas A tradu\u00e7\u00e3o de marketing de e para o ingl\u00eas \u00e9 muitas vezes uma \u00e1rea cuja complexidade \u00e9 subestimada. [&#8230;]<\/p>\n<p><a class=\"btn btn-secondary understrap-read-more-link\" href=\"https:\/\/culturesconnection.com\/pt-br\/nossos-servicos-de-traducao-de-marketing-em-ingles\/\">Leia mais&#8230;<span class=\"screen-reader-text\"> from Nossos servi\u00e7os de tradu\u00e7\u00e3o de marketing em ingl\u00eas<\/span><\/a><\/p>\n","protected":false},"author":22,"featured_media":24335,"parent":0,"menu_order":0,"comment_status":"closed","ping_status":"closed","template":"","meta":{"_acf_changed":false,"_editorskit_title_hidden":false,"_editorskit_reading_time":0,"_editorskit_is_block_options_detached":false,"_editorskit_block_options_position":"{}","footnotes":""},"class_list":["post-21210","page","type-page","status-publish","has-post-thumbnail","hentry"],"acf":[],"_links":{"self":[{"href":"https:\/\/culturesconnection.com\/pt-br\/wp-json\/wp\/v2\/pages\/21210","targetHints":{"allow":["GET"]}}],"collection":[{"href":"https:\/\/culturesconnection.com\/pt-br\/wp-json\/wp\/v2\/pages"}],"about":[{"href":"https:\/\/culturesconnection.com\/pt-br\/wp-json\/wp\/v2\/types\/page"}],"author":[{"embeddable":true,"href":"https:\/\/culturesconnection.com\/pt-br\/wp-json\/wp\/v2\/users\/22"}],"replies":[{"embeddable":true,"href":"https:\/\/culturesconnection.com\/pt-br\/wp-json\/wp\/v2\/comments?post=21210"}],"version-history":[{"count":0,"href":"https:\/\/culturesconnection.com\/pt-br\/wp-json\/wp\/v2\/pages\/21210\/revisions"}],"wp:featuredmedia":[{"embeddable":true,"href":"https:\/\/culturesconnection.com\/pt-br\/wp-json\/wp\/v2\/media\/24335"}],"wp:attachment":[{"href":"https:\/\/culturesconnection.com\/pt-br\/wp-json\/wp\/v2\/media?parent=21210"}],"curies":[{"name":"wp","href":"https:\/\/api.w.org\/{rel}","templated":true}]}}