{"id":21209,"date":"2020-09-03T11:20:36","date_gmt":"2020-09-03T10:20:36","guid":{"rendered":"http:\/\/culturesconnection.com\/?page_id=21209"},"modified":"2022-06-19T19:40:10","modified_gmt":"2022-06-19T17:40:10","slug":"nossos-servicos-de-traducao-legal-em-ingles","status":"publish","type":"page","link":"https:\/\/culturesconnection.com\/pt-br\/nossos-servicos-de-traducao-em-ingles\/nossos-servicos-de-traducao-legal-em-ingles\/","title":{"rendered":"Nossos servi\u00e7os de tradu\u00e7\u00e3o legal em ingl\u00eas"},"content":{"rendered":"\n<h2 class=\"wp-block-heading\">Tradutores jur\u00eddicos profissionais de ingl\u00eas ao seu servi\u00e7o<\/h2>\n\n\n\n<p>A tradu\u00e7\u00e3o legal \u00e9 uma tarefa t\u00e9cnica e complexa. Apenas um tradutor qualificado e experiente pode fornecer um resultado que atenda \u00e0s suas expectativas. De fato, esse tipo de trabalho requer excelentes habilidades lingu\u00edsticas e conhecimentos espec\u00edficos no campo jur\u00eddico. A tecnicidade e precis\u00e3o da terminologia envolve trabalho de pesquisa e, acima de tudo, muito rigor. Para fornecer resultados r\u00e1pidos e confi\u00e1veis, a <a href=\"https:\/\/culturesconnection.com\/pt-br\/\">Cultures Connection<\/a> oferece uma extensa rede de tradutores especializados em tradu\u00e7\u00e3o legal em ingl\u00eas, cuidadosamente selecionados com base em suas qualifica\u00e7\u00f5es e experi\u00eancia na \u00e1rea.<\/p>\n\n\n\n<h2 class=\"wp-block-heading\">Nossa ag\u00eancia de tradu\u00e7\u00e3o legal<\/h2>\n\n\n\n<p>Escolher a Cultures Connection \u00e9 optar pela qualidade, pontualidade e precis\u00e3o, independentemente do tipo de <a href=\"https:\/\/culturesconnection.com\/pt-br\/servicos-de-traducao\/\">servi\u00e7o de tradu\u00e7\u00e3o<\/a> fornecido. Nossa ag\u00eancia desfruta de experi\u00eancia comprovada no setor de <a href=\"https:\/\/culturesconnection.com\/pt-br\/servicos-de-traducao-juridica\/\">tradu\u00e7\u00e3o jur\u00eddica<\/a> de e para o ingl\u00eas. Respeitamos crit\u00e9rios e padr\u00f5es de alta qualidade, sempre com vistas a aderir aos nossos valores: transpar\u00eancia, qualidade, pontualidade e adaptabilidade. Todos os projetos que nossa empresa de tradu\u00e7\u00e3o assume s\u00e3o confiados \u00e0s nossas equipes de tradutores e revisores altamente qualificados no campo jur\u00eddico. Todos esses especialistas trabalharam nessa \u00e1rea (como advogados, especialistas) ou passaram por treinamento intensivo, al\u00e9m de traduzirem apenas para sua l\u00edngua nativa.<\/p>\n\n\n\n<h2 class=\"wp-block-heading\">Tradu\u00e7\u00e3o de documento t\u00e9cnico em ingl\u00eas<\/h2>\n\n\n\n<p>Aqui est\u00e3o alguns exemplos de diferentes tipos de documentos legais que nossa empresa de tradu\u00e7\u00e3o lida regularmente:<\/p>\n\n\n\n<ul class=\"wp-block-list\"><li>Distribui\u00e7\u00e3o, vendas e contratos de trabalho<\/li><li>Queixas<\/li><li>Procedimentos legais<\/li><li>Termos e condi\u00e7\u00f5es<\/li><li>Laudos periciais<\/li><li>Regulamentos<\/li><li>Registros de heran\u00e7a<\/li><li>Peti\u00e7\u00f5es de div\u00f3rcio<\/li><li>Cl\u00e1usulas de n\u00e3o concorr\u00eancia e n\u00e3o confidencialidade<\/li><li>Cartas de inten\u00e7\u00e3o<\/li><li>Proxies<\/li><li>Libera\u00e7\u00f5es judiciais<\/li><li>Artigos de associa\u00e7\u00e3o<\/li><\/ul>\n\n\n\n<h3 class=\"wp-block-heading\">&nbsp;Tradu\u00e7\u00e3o jur\u00eddica em todos os idiomas<\/h3>\n\n\n\n<ul class=\"wp-block-list\"><li><a href=\"https:\/\/culturesconnection.com\/pt-br\/servicos-de-traducao-juridica-em-frances\/\">Tradu\u00e7\u00e3o jur\u00eddica em franc\u00eas<\/a><\/li><li><a href=\"https:\/\/culturesconnection.com\/pt-br\/servicos-de-traducao-juridica-em-espanhol\/\">Tradu\u00e7\u00e3o jur\u00eddica em espanhol<\/a><\/li><li><a href=\"https:\/\/culturesconnection.com\/pt-br\/servicos-de-traducao-juridica-em-alemao\/\">Tradu\u00e7\u00e3o jur\u00eddica em alem\u00e3o<\/a><\/li><li><a href=\"https:\/\/culturesconnection.com\/pt-br\/servicos-de-traducao-juridica-em-chines\/\">Tradu\u00e7\u00e3o jur\u00eddica em chin\u00eas<\/a><\/li><li><a href=\"https:\/\/culturesconnection.com\/pt-br\/servicos-de-traducao-juridica-em-arabe\/\">Tradu\u00e7\u00e3o jur\u00eddica em \u00e1rabe<\/a><\/li><li><a href=\"https:\/\/culturesconnection.com\/pt-br\/servicos-de-traducao-juridica-em-italiano\/\">Tradu\u00e7\u00e3o jur\u00eddica em italiano<\/a><\/li><li><a href=\"https:\/\/culturesconnection.com\/pt-br\/servicos-de-traducao-juridica-em-holandes\/\">Tradu\u00e7\u00e3o jur\u00eddica em holand\u00eas<\/a><\/li><li><a href=\"https:\/\/culturesconnection.com\/pt-br\/servicos-de-traducao-juridica-em-turco\/\">Tradu\u00e7\u00e3o jur\u00eddica em turco<\/a><\/li><li><a href=\"https:\/\/culturesconnection.com\/pt-br\/servicos-de-traducao-juridica-em-japones\/\">Tradu\u00e7\u00e3o jur\u00eddica em japon\u00eas<\/a><\/li><li><a href=\"https:\/\/culturesconnection.com\/pt-br\/servicos-de-traducao-juridica-em-russo\/\">Tradu\u00e7\u00e3o jur\u00eddica em russo<\/a><\/li><\/ul>\n","protected":false},"excerpt":{"rendered":"<p>Tradutores jur\u00eddicos profissionais de ingl\u00eas ao seu servi\u00e7o A tradu\u00e7\u00e3o legal \u00e9 uma tarefa t\u00e9cnica e complexa. Apenas um tradutor qualificado e experiente pode fornecer [&#8230;]<\/p>\n<p><a class=\"btn btn-secondary understrap-read-more-link\" href=\"https:\/\/culturesconnection.com\/pt-br\/nossos-servicos-de-traducao-em-ingles\/nossos-servicos-de-traducao-legal-em-ingles\/\">Leia mais&#8230;<span class=\"screen-reader-text\"> from Nossos servi\u00e7os de tradu\u00e7\u00e3o legal em ingl\u00eas<\/span><\/a><\/p>\n","protected":false},"author":22,"featured_media":24335,"parent":21200,"menu_order":0,"comment_status":"closed","ping_status":"closed","template":"","meta":{"_acf_changed":false,"_editorskit_title_hidden":false,"_editorskit_reading_time":0,"_editorskit_is_block_options_detached":false,"_editorskit_block_options_position":"{}","footnotes":""},"class_list":["post-21209","page","type-page","status-publish","has-post-thumbnail","hentry"],"acf":[],"_links":{"self":[{"href":"https:\/\/culturesconnection.com\/pt-br\/wp-json\/wp\/v2\/pages\/21209","targetHints":{"allow":["GET"]}}],"collection":[{"href":"https:\/\/culturesconnection.com\/pt-br\/wp-json\/wp\/v2\/pages"}],"about":[{"href":"https:\/\/culturesconnection.com\/pt-br\/wp-json\/wp\/v2\/types\/page"}],"author":[{"embeddable":true,"href":"https:\/\/culturesconnection.com\/pt-br\/wp-json\/wp\/v2\/users\/22"}],"replies":[{"embeddable":true,"href":"https:\/\/culturesconnection.com\/pt-br\/wp-json\/wp\/v2\/comments?post=21209"}],"version-history":[{"count":0,"href":"https:\/\/culturesconnection.com\/pt-br\/wp-json\/wp\/v2\/pages\/21209\/revisions"}],"up":[{"embeddable":true,"href":"https:\/\/culturesconnection.com\/pt-br\/wp-json\/wp\/v2\/pages\/21200"}],"wp:featuredmedia":[{"embeddable":true,"href":"https:\/\/culturesconnection.com\/pt-br\/wp-json\/wp\/v2\/media\/24335"}],"wp:attachment":[{"href":"https:\/\/culturesconnection.com\/pt-br\/wp-json\/wp\/v2\/media?parent=21209"}],"curies":[{"name":"wp","href":"https:\/\/api.w.org\/{rel}","templated":true}]}}