{"id":21208,"date":"2020-09-03T11:38:17","date_gmt":"2020-09-03T10:38:17","guid":{"rendered":"http:\/\/culturesconnection.com\/?page_id=21208"},"modified":"2022-06-20T23:52:39","modified_gmt":"2022-06-20T21:52:39","slug":"nossos-servicos-de-traducao-financeira-em-ingles","status":"publish","type":"page","link":"https:\/\/culturesconnection.com\/pt-br\/nossos-servicos-de-traducao-financeira-em-ingles\/","title":{"rendered":"Nossos servi\u00e7os de tradu\u00e7\u00e3o financeira em ingl\u00eas"},"content":{"rendered":"\n<h2 class=\"wp-block-heading\">Trabalho feito por especialistas em tradu\u00e7\u00e3o financeira em portugu\u00eas-ingl\u00eas e vice-versa<\/h2>\n\n\n\n<p>A tradu\u00e7\u00e3o financeira \u00e9 uma tarefa complicada e t\u00e9cnica que requer expertise da terminologia e conceitos relacionados ao setor financeiro. Nesta \u00e1rea, o tradutor deve ser competente, experiente, preciso e rigoroso. O tradutor n\u00e3o pode se dar ao luxo de cometer erros porque eles podem levar a mal-entendidos para o leitor. Para evitar essa situa\u00e7\u00e3o frustrante, nossa <a href=\"https:\/\/culturesconnection.com\/pt-br\/\">empresa de tradu\u00e7\u00e3o<\/a> oferece os servi\u00e7os de tradutores profissionais especializados em tradu\u00e7\u00e3o financeira para o ingl\u00eas e selecionados com base em sua experi\u00eancia, diplomas e qualifica\u00e7\u00f5es. Todos eles t\u00eam v\u00e1rios anos de experi\u00eancia no mundo da tradu\u00e7\u00e3o financeira e s\u00e3o perfeitamente fluentes em ingl\u00eas e portugu\u00eas.<\/p>\n\n\n\n<h2 class=\"wp-block-heading\">Voc\u00ea precisa de uma ag\u00eancia de tradu\u00e7\u00e3o financeira?<\/h2>\n\n\n\n<p>Escolher nossa ag\u00eancia de tradu\u00e7\u00e3o para suas tradu\u00e7\u00f5es financeiras em ingl\u00eas \u00e9 optar por credibilidade, qualidade e pontualidade. A Cultures Connection tem muitos anos de experi\u00eancia na \u00e1rea e oferece \u00f3timos<a href=\"https:\/\/culturesconnection.com\/pt-br\/servicos-de-traducao\/\"> servi\u00e7os de tradu\u00e7\u00e3o<\/a>. Todos os projetos s\u00e3o realizados por tradutores e revisores experientes que podem satisfazer suas necessidades, oferecendo-lhe o melhor pre\u00e7o de mercado. Eles t\u00eam um conhecimento extremamente detalhado de sua especialidade e est\u00e3o em conson\u00e2ncia com todos os valores da nossa empresa de tradu\u00e7\u00e3o.<\/p>\n\n\n\n<h2 class=\"wp-block-heading\">Seus documentos financeiros em ingl\u00eas<\/h2>\n\n\n\n<p>Abaixo voc\u00ea encontrar\u00e1 alguns exemplos de <a href=\"https:\/\/culturesconnection.com\/pt-br\/servicos-de-traducao-financeira\/\">documentos financeiros<\/a> que regularmente traduzimos de e para o ingl\u00eas:<\/p>\n\n\n\n<ul class=\"wp-block-list\"><li>Documentos de informa\u00e7\u00f5es de investidores (KIID)<\/li><li>Folhetos<\/li><li>Relat\u00f3rios de fundos de investimento<\/li><li>Relat\u00f3rios de atividades<\/li><li>Balan\u00e7os<\/li><li>Bolsa<\/li><li>Documentos banc\u00e1rios<\/li><li>Documentos de informa\u00e7\u00f5es financeiras<\/li><li>Documentos de investiga\u00e7\u00e3o<\/li><li>Documentos de gest\u00e3o de riscos e gest\u00e3o de ativos<\/li><li>Relat\u00f3rios de auditoria<\/li><li>Textos sobre fus\u00f5es e aquisi\u00e7\u00f5es<\/li><\/ul>\n\n\n\n<h2 class=\"wp-block-heading\">Tradu\u00e7\u00e3o financeira em todos os idiomas<\/h2>\n\n\n\n<ul class=\"wp-block-list\"><li><a href=\"https:\/\/culturesconnection.com\/pt-br\/servicos-de-traducao-financeira-em-frances\/\">Tradu\u00e7\u00e3o financeira em franc\u00eas<\/a><\/li><li><a href=\"https:\/\/culturesconnection.com\/pt-br\/servicos-de-traducao-financeira-em-espanhol\/\">Tradu\u00e7\u00e3o financeira em espanhol<\/a><\/li><li><a href=\"https:\/\/culturesconnection.com\/pt-br\/servicos-de-traducao-financeira-em-alemao\/\">Tradu\u00e7\u00e3o financeira em alem\u00e3o<\/a><\/li><li><a href=\"https:\/\/culturesconnection.com\/pt-br\/servicos-de-traducao-financeira-chinesa\/\">Tradu\u00e7\u00e3o financeira em chin\u00eas<\/a><\/li><li><a href=\"https:\/\/culturesconnection.com\/pt-br\/servicos-de-traducao-financeira-arabe\/\">Tradu\u00e7\u00e3o financeira em \u00e1rabe<\/a><\/li><li><a href=\"https:\/\/culturesconnection.com\/pt-br\/servicos-de-traducao-financeira-em-italiano\/\">Tradu\u00e7\u00e3o financeira em italiano<\/a><\/li><li><a href=\"https:\/\/culturesconnection.com\/pt-br\/servicos-de-traducao-financeira-em-holandes\/\">Tradu\u00e7\u00e3o financeira em holand\u00eas<\/a><\/li><li><a href=\"https:\/\/culturesconnection.com\/pt-br\/servicos-de-traducao-financeira-em-turco\/\">Tradu\u00e7\u00e3o financeira em turco<\/a><\/li><li><a href=\"https:\/\/culturesconnection.com\/pt-br\/servicos-de-traducao-financeira-em-japones\/\">Tradu\u00e7\u00e3o financeira em japon\u00eas<\/a><\/li><li><a href=\"https:\/\/culturesconnection.com\/pt-br\/servicos-de-traducao-financeira-em-russo\/\">Tradu\u00e7\u00e3o financeira em russo<\/a><\/li><\/ul>\n","protected":false},"excerpt":{"rendered":"<p>Trabalho feito por especialistas em tradu\u00e7\u00e3o financeira em portugu\u00eas-ingl\u00eas e vice-versa A tradu\u00e7\u00e3o financeira \u00e9 uma tarefa complicada e t\u00e9cnica que requer expertise da terminologia [&#8230;]<\/p>\n<p><a class=\"btn btn-secondary understrap-read-more-link\" href=\"https:\/\/culturesconnection.com\/pt-br\/nossos-servicos-de-traducao-financeira-em-ingles\/\">Leia mais&#8230;<span class=\"screen-reader-text\"> from Nossos servi\u00e7os de tradu\u00e7\u00e3o financeira em ingl\u00eas<\/span><\/a><\/p>\n","protected":false},"author":22,"featured_media":24335,"parent":0,"menu_order":0,"comment_status":"closed","ping_status":"closed","template":"","meta":{"_acf_changed":false,"_editorskit_title_hidden":false,"_editorskit_reading_time":0,"_editorskit_is_block_options_detached":false,"_editorskit_block_options_position":"{}","footnotes":""},"class_list":["post-21208","page","type-page","status-publish","has-post-thumbnail","hentry"],"acf":[],"_links":{"self":[{"href":"https:\/\/culturesconnection.com\/pt-br\/wp-json\/wp\/v2\/pages\/21208","targetHints":{"allow":["GET"]}}],"collection":[{"href":"https:\/\/culturesconnection.com\/pt-br\/wp-json\/wp\/v2\/pages"}],"about":[{"href":"https:\/\/culturesconnection.com\/pt-br\/wp-json\/wp\/v2\/types\/page"}],"author":[{"embeddable":true,"href":"https:\/\/culturesconnection.com\/pt-br\/wp-json\/wp\/v2\/users\/22"}],"replies":[{"embeddable":true,"href":"https:\/\/culturesconnection.com\/pt-br\/wp-json\/wp\/v2\/comments?post=21208"}],"version-history":[{"count":0,"href":"https:\/\/culturesconnection.com\/pt-br\/wp-json\/wp\/v2\/pages\/21208\/revisions"}],"wp:featuredmedia":[{"embeddable":true,"href":"https:\/\/culturesconnection.com\/pt-br\/wp-json\/wp\/v2\/media\/24335"}],"wp:attachment":[{"href":"https:\/\/culturesconnection.com\/pt-br\/wp-json\/wp\/v2\/media?parent=21208"}],"curies":[{"name":"wp","href":"https:\/\/api.w.org\/{rel}","templated":true}]}}