{"id":21206,"date":"2020-09-03T11:58:15","date_gmt":"2020-09-03T10:58:15","guid":{"rendered":"http:\/\/culturesconnection.com\/?page_id=21206"},"modified":"2022-06-21T19:05:23","modified_gmt":"2022-06-21T17:05:23","slug":"nossos-servicos-de-traducao-audiovisual-e-legendagem-em-ingles","status":"publish","type":"page","link":"https:\/\/culturesconnection.com\/pt-br\/nossos-servicos-de-traducao-audiovisual-e-legendagem-em-ingles\/","title":{"rendered":"Nossos servi\u00e7os de tradu\u00e7\u00e3o audiovisual e legendagem em ingl\u00eas"},"content":{"rendered":"\n<h2 class=\"wp-block-heading\">Servi\u00e7os de legendagem em ingl\u00eas<\/h2>\n\n\n\n<p>Voc\u00ea n\u00e3o sabe como transmitir um v\u00eddeo inicialmente gravado em portugu\u00eas para um p\u00fablico angl\u00f3fono? Envie-nos o seu projeto de tradu\u00e7\u00e3o e n\u00f3s o confiaremos imediatamente a um especialista em legendagem em ingl\u00eas. Voc\u00ea est\u00e1 ciente de que hoje em dia as m\u00eddias audiovisuais ocupam um lugar de destaque em nossa sociedade. Elas representam uma extensa fonte de informa\u00e7\u00f5es, o que os torna uma ferramenta valiosa para qualquer empresa que queira ser conhecida. Consequentemente, a tradu\u00e7\u00e3o desses materiais ser\u00e1 a \u00fanica maneira de voc\u00ea se estabelecer no exterior.<\/p>\n\n\n\n<h2 class=\"wp-block-heading\">Nossa empresa de legendagem<\/h2>\n\n\n\n<p>A <a href=\"https:\/\/culturesconnection.com\/pt-br\/\">Cultures Connection<\/a> fornece <a href=\"https:\/\/culturesconnection.com\/pt-br\/servicos-de-traducao\/\">servi\u00e7os de tradu\u00e7\u00e3o<\/a> exclusivos e trabalha com uma equipe de tradutores de ingl\u00eas-portugu\u00eas e vice-versa, com experi\u00eancia e especializa\u00e7\u00e3o em <a href=\"https:\/\/culturesconnection.com\/pt-br\/servicos-de-legendagem\/\">servi\u00e7os de legendagem<\/a>, de forma a atender todas suas necessidades. Todos eles t\u00eam uma vasta experi\u00eancia no setor e foram selecionados com base em suas qualifica\u00e7\u00f5es e habilidades lingu\u00edsticas em portugu\u00eas e ingl\u00eas. Voc\u00ea pode escolher entre diferentes servi\u00e7os: transcri\u00e7\u00e3o na forma de texto, rastreamento de tempo (sincroniza\u00e7\u00e3o de legendas com o som), adapta\u00e7\u00e3o e cria\u00e7\u00e3o de legendas, narra\u00e7\u00e3o, etc. Tudo o que voc\u00ea precisa para adaptar sua m\u00eddia com precis\u00e3o e se comunicar com todos os falantes de ingl\u00eas.<\/p>\n\n\n\n<h2 class=\"wp-block-heading\">Seus materiais audiovisuais em ingl\u00eas<\/h2>\n\n\n\n<p>Que tipo de materiais voc\u00ea gostaria de traduzir? Estamos acostumados a traduzir v\u00e1rios tipos de materiais audiovisuais. Aqui est\u00e3o alguns exemplos:<\/p>\n\n\n\n<ul class=\"wp-block-list\"><li>V\u00eddeos comerciais e publicit\u00e1rios<\/li><li>Filmes corporativos<\/li><li>V\u00eddeos institucionais<\/li><li>Textos em \u00e1udio<\/li><li>Document\u00e1rios<\/li><li>Videogames<\/li><\/ul>\n\n\n\n<h3 class=\"wp-block-heading\"><img decoding=\"async\" src=\"https:\/\/upload.wikimedia.org\/wikipedia\/commons\/thumb\/8\/8d\/U%2B2192.svg\/25px-U%2B2192.svg.png\" alt=\"U + 2192.svg\"> Servi\u00e7os de legendagem em todos os idiomas<\/h3>\n\n\n\n<ul class=\"wp-block-list\"><li><a href=\"https:\/\/culturesconnection.com\/pt-br\/servicos-de-legendagem-em-frances\/\">Servi\u00e7os de legendagem em franc\u00eas<\/a><\/li><li><a href=\"https:\/\/culturesconnection.com\/pt-br\/servicos-de-legendagem-em-espanhol\/\">Servi\u00e7os de legendagem em espanhol<\/a><\/li><li><a href=\"https:\/\/culturesconnection.com\/pt-br\/servicos-de-legendagem-em-alemao\/\">Servi\u00e7os de legendagem em alem\u00e3o<\/a><\/li><li><a href=\"https:\/\/culturesconnection.com\/pt-br\/servicos-de-legendagem-em-chines\/\">Servi\u00e7os de legendagem em chin\u00eas<\/a><\/li><li><a href=\"https:\/\/culturesconnection.com\/pt-br\/servicos-de-legendagem-em-arabe\/\">Servi\u00e7os de legendagem em \u00e1rabe<\/a><\/li><li><a href=\"https:\/\/culturesconnection.com\/pt-br\/servicos-de-legendagem-em-italiano\/\">Servi\u00e7os de legendagem em italiano<\/a><\/li><li><a href=\"https:\/\/culturesconnection.com\/pt-br\/servicos-de-legendagem-em-holandes\/\">Servi\u00e7os de legendagem em holand\u00eas<\/a><\/li><li><a href=\"https:\/\/culturesconnection.com\/pt-br\/servicos-de-legendagem-em-turco\/\">Servi\u00e7os de legendagem em turco<\/a><\/li><li><a href=\"https:\/\/culturesconnection.com\/pt-br\/servicos-de-legendagem-em-japones\/\">Servi\u00e7os de legendagem em japon\u00eas<\/a><\/li><li><a href=\"https:\/\/culturesconnection.com\/pt-br\/servicos-de-legendagem-em-russo\/\">Servi\u00e7os de legendagem em russo<\/a><\/li><\/ul>\n","protected":false},"excerpt":{"rendered":"<p>Servi\u00e7os de legendagem em ingl\u00eas Voc\u00ea n\u00e3o sabe como transmitir um v\u00eddeo inicialmente gravado em portugu\u00eas para um p\u00fablico angl\u00f3fono? Envie-nos o seu projeto de [&#8230;]<\/p>\n<p><a class=\"btn btn-secondary understrap-read-more-link\" href=\"https:\/\/culturesconnection.com\/pt-br\/nossos-servicos-de-traducao-audiovisual-e-legendagem-em-ingles\/\">Leia mais&#8230;<span class=\"screen-reader-text\"> from Nossos servi\u00e7os de tradu\u00e7\u00e3o audiovisual e legendagem em ingl\u00eas<\/span><\/a><\/p>\n","protected":false},"author":22,"featured_media":24335,"parent":0,"menu_order":0,"comment_status":"closed","ping_status":"closed","template":"","meta":{"_acf_changed":false,"_editorskit_title_hidden":false,"_editorskit_reading_time":0,"_editorskit_is_block_options_detached":false,"_editorskit_block_options_position":"{}","footnotes":""},"class_list":["post-21206","page","type-page","status-publish","has-post-thumbnail","hentry"],"acf":[],"_links":{"self":[{"href":"https:\/\/culturesconnection.com\/pt-br\/wp-json\/wp\/v2\/pages\/21206","targetHints":{"allow":["GET"]}}],"collection":[{"href":"https:\/\/culturesconnection.com\/pt-br\/wp-json\/wp\/v2\/pages"}],"about":[{"href":"https:\/\/culturesconnection.com\/pt-br\/wp-json\/wp\/v2\/types\/page"}],"author":[{"embeddable":true,"href":"https:\/\/culturesconnection.com\/pt-br\/wp-json\/wp\/v2\/users\/22"}],"replies":[{"embeddable":true,"href":"https:\/\/culturesconnection.com\/pt-br\/wp-json\/wp\/v2\/comments?post=21206"}],"version-history":[{"count":0,"href":"https:\/\/culturesconnection.com\/pt-br\/wp-json\/wp\/v2\/pages\/21206\/revisions"}],"wp:featuredmedia":[{"embeddable":true,"href":"https:\/\/culturesconnection.com\/pt-br\/wp-json\/wp\/v2\/media\/24335"}],"wp:attachment":[{"href":"https:\/\/culturesconnection.com\/pt-br\/wp-json\/wp\/v2\/media?parent=21206"}],"curies":[{"name":"wp","href":"https:\/\/api.w.org\/{rel}","templated":true}]}}