{"id":21203,"date":"2020-09-04T10:22:20","date_gmt":"2020-09-04T09:22:20","guid":{"rendered":"http:\/\/culturesconnection.com\/?page_id=21203"},"modified":"2022-06-15T00:02:59","modified_gmt":"2022-06-14T22:02:59","slug":"nossos-servicos-de-traducao-em-urdu","status":"publish","type":"page","link":"https:\/\/culturesconnection.com\/pt-br\/nossos-servicos-de-traducao-em-urdu\/","title":{"rendered":"Nossos Servi\u00e7os de Tradu\u00e7\u00e3o em Urdu"},"content":{"rendered":"\n<h2 class=\"wp-block-heading\">Nossa empresa de servi\u00e7os de tradu\u00e7\u00e3o em urdu<\/h2>\n\n\n\n<p>O urdu \u00e9 uma l\u00edngua bastante desconhecida pelo p\u00fablico em geral no Ocidente. No entanto, possui mais de 165 milh\u00f5es falantes, principalmente na \u00cdndia e no Paquist\u00e3o. Muitas pessoas cuja l\u00edngua nativa \u00e9 o urdu tamb\u00e9m vivem em Bangladesh, Emirados \u00c1rabes Unidos, Ar\u00e1bia Saudita, Reino Unido, Canad\u00e1, Catar e Fran\u00e7a. Esse enorme contingente de clientes potenciais apreciar\u00e3o ter acesso ao seu conte\u00fado em seu pr\u00f3prio idioma. No mercado paquistan\u00eas, as principais ind\u00fastrias s\u00e3o a produ\u00e7\u00e3o de t\u00eaxteis, fertilizantes, cimento, petr\u00f3leo e metais. A ind\u00fastria automotiva \u00e9 uma das ind\u00fastrias emergentes do pa\u00eds. O setor farmac\u00eautico do Paquist\u00e3o tamb\u00e9m atrai muitas empresas internacionais e se tornou uma das principais ind\u00fastrias do pa\u00eds.<\/p>\n\n\n\n<h2 class=\"wp-block-heading\">Procurando um tradutor de urdu?<\/h2>\n\n\n\n<p>Nossa <a href=\"https:\/\/culturesconnection.com\/pt-br\/\">ag\u00eancia de tradu\u00e7\u00e3o<\/a> reuniu um grande n\u00famero de tradutores profissionais de portugu\u00eas-urdu. N\u00f3s os recrutamos com base em sua experi\u00eancia e em seus setores de especializa\u00e7\u00e3o. Garantimos que nossos <a href=\"https:\/\/culturesconnection.com\/pt-br\/servicos-de-traducao\/\">servi\u00e7os de tradu\u00e7\u00e3o<\/a> sejam de qualidade impec\u00e1vel, por isso confiamos seu conte\u00fado a <a href=\"https:\/\/culturesconnection.com\/pt-br\/tradutor-profissional\/\">especialistas<\/a> cuja l\u00edngua nativa \u00e9 o urdu.<\/p>\n\n\n\n<h2 class=\"wp-block-heading\">Nossa ag\u00eancia de tradu\u00e7\u00e3o<\/h2>\n\n\n\n<p>Desde 2007, assumimos todos os tipos de projetos, desde tradu\u00e7\u00e3o cient\u00edfica passando pela tradu\u00e7\u00e3o jur\u00eddica, at\u00e9 tradu\u00e7\u00e3o audiovisual. Aqui est\u00e1 uma pequena lista de exemplos de projetos que gerenciamos regularmente:<\/p>\n\n\n\n<ul class=\"wp-block-list\"><li>Servi\u00e7os de tradu\u00e7\u00e3o financeira em urdu<\/li><li>Servi\u00e7os de tradu\u00e7\u00e3o de neg\u00f3cios em urdu<\/li><li>Servi\u00e7os de tradu\u00e7\u00e3o cient\u00edfica em urdu<\/li><li>Servi\u00e7os de tradu\u00e7\u00e3o m\u00e9dica em urdu<\/li><li>Servi\u00e7os de tradu\u00e7\u00e3o t\u00e9cnica em urdu<\/li><li>Servi\u00e7os de tradu\u00e7\u00e3o jur\u00eddica em urdu<\/li><li>Servi\u00e7os de tradu\u00e7\u00e3o de marketing em urdu<\/li><li>Servi\u00e7os de tradu\u00e7\u00e3o de sites em urdu<\/li><li>Servi\u00e7os de legendagem em urdu<\/li><li>Servi\u00e7os de tradu\u00e7\u00e3o de videogames em urdu<\/li><li>Tradu\u00e7\u00e3o urgente em urdu<\/li><\/ul>\n","protected":false},"excerpt":{"rendered":"<p>Nossa empresa de servi\u00e7os de tradu\u00e7\u00e3o em urdu O urdu \u00e9 uma l\u00edngua bastante desconhecida pelo p\u00fablico em geral no Ocidente. No entanto, possui mais [&#8230;]<\/p>\n<p><a class=\"btn btn-secondary understrap-read-more-link\" href=\"https:\/\/culturesconnection.com\/pt-br\/nossos-servicos-de-traducao-em-urdu\/\">Leia mais&#8230;<span class=\"screen-reader-text\"> from Nossos Servi\u00e7os de Tradu\u00e7\u00e3o em Urdu<\/span><\/a><\/p>\n","protected":false},"author":22,"featured_media":23257,"parent":0,"menu_order":0,"comment_status":"closed","ping_status":"closed","template":"","meta":{"_acf_changed":false,"_editorskit_title_hidden":false,"_editorskit_reading_time":0,"_editorskit_is_block_options_detached":false,"_editorskit_block_options_position":"{}","footnotes":""},"class_list":["post-21203","page","type-page","status-publish","has-post-thumbnail","hentry"],"acf":[],"_links":{"self":[{"href":"https:\/\/culturesconnection.com\/pt-br\/wp-json\/wp\/v2\/pages\/21203","targetHints":{"allow":["GET"]}}],"collection":[{"href":"https:\/\/culturesconnection.com\/pt-br\/wp-json\/wp\/v2\/pages"}],"about":[{"href":"https:\/\/culturesconnection.com\/pt-br\/wp-json\/wp\/v2\/types\/page"}],"author":[{"embeddable":true,"href":"https:\/\/culturesconnection.com\/pt-br\/wp-json\/wp\/v2\/users\/22"}],"replies":[{"embeddable":true,"href":"https:\/\/culturesconnection.com\/pt-br\/wp-json\/wp\/v2\/comments?post=21203"}],"version-history":[{"count":0,"href":"https:\/\/culturesconnection.com\/pt-br\/wp-json\/wp\/v2\/pages\/21203\/revisions"}],"wp:featuredmedia":[{"embeddable":true,"href":"https:\/\/culturesconnection.com\/pt-br\/wp-json\/wp\/v2\/media\/23257"}],"wp:attachment":[{"href":"https:\/\/culturesconnection.com\/pt-br\/wp-json\/wp\/v2\/media?parent=21203"}],"curies":[{"name":"wp","href":"https:\/\/api.w.org\/{rel}","templated":true}]}}