{"id":21200,"date":"2020-09-03T12:57:05","date_gmt":"2020-09-03T11:57:05","guid":{"rendered":"http:\/\/culturesconnection.com\/?page_id=21200"},"modified":"2022-06-14T00:24:18","modified_gmt":"2022-06-13T22:24:18","slug":"nossos-servicos-de-traducao-em-ingles","status":"publish","type":"page","link":"https:\/\/culturesconnection.com\/pt-br\/nossos-servicos-de-traducao-em-ingles\/","title":{"rendered":"Nossos servi\u00e7os de tradu\u00e7\u00e3o em ingl\u00eas"},"content":{"rendered":"\n<h2 class=\"wp-block-heading\">Servi\u00e7os profissionais de tradu\u00e7\u00e3o para o ingl\u00eas<\/h2>\n\n\n\n<p>O ingl\u00eas \u00e9 o primeiro idioma mais falado no mundo. L\u00edngua oficial em 53 pa\u00edses e falado por 500 milh\u00f5es de pessoas, traduzir seus documentos para o ingl\u00eas \u00e9 um passo inevit\u00e1vel para conquistar novos mercados.<\/p>\n\n\n\n<p>Observe tamb\u00e9m que o ingl\u00eas tamb\u00e9m pode se diferenciar em termos de sotaque, gram\u00e1tica e vocabul\u00e1rio dependendo do pa\u00eds onde voc\u00ea deseja se instalar. Algumas palavras s\u00e3o completamente diferentes entre o ingl\u00eas dos Estados Unidos, Reino Unido ou Austr\u00e1lia, para citar apenas alguns. Apenas tradutores profissionais ser\u00e3o capazes de entender completamente as sutilezas culturais e as diferen\u00e7as dialetais.<\/p>\n\n\n\n<p>A <a href=\"https:\/\/culturesconnection.com\/pt-br\/\">Cultures Connection<\/a> colabora com muitas empresas especializadas nos setores de eletr\u00f4nica, meio ambiente, qu\u00edmica, equipamentos automotivos, agroalimentar, turismo, varejo e bancos e seguros, onde a <a href=\"https:\/\/culturesconnection.com\/pt-br\/servicos-de-traducao\/\">tradu\u00e7\u00e3o de documentos<\/a> para o ingl\u00eas representa uma preocupa\u00e7\u00e3o estrat\u00e9gica.<\/p>\n\n\n\n<h2 class=\"wp-block-heading\">Voc\u00ea precisa de um tradutor de ingl\u00eas?<\/h2>\n\n\n\n<p>Voc\u00ea est\u00e1 procurando um tradutor ingl\u00eas-portugu\u00eas? Um tradutor de portugu\u00eas-ingl\u00eas? A Cultures Connection oferece solu\u00e7\u00f5es de tradu\u00e7\u00e3o em ingl\u00eas personalizadas, de alta qualidade e com pre\u00e7os competitivos. A localiza\u00e7\u00e3o de nossas filiais, em particular o escrit\u00f3rio de Nova Iorque (consulte nossa ag\u00eancia de tradu\u00e7\u00e3o nessa cidade) nos permitiu construir relacionamentos permanentes com tradutores qualificados de ingl\u00eas. Nossa vasta rede de tradutores nos permite oferecer tradu\u00e7\u00f5es para todas as variantes de ingl\u00eas, adaptadas \u00e0s suas necessidades, cronograma e or\u00e7amento.<\/p>\n\n\n\n<p>A nossa empresa de tradu\u00e7\u00e3o colabora com os nativos de ingl\u00eas em diversos pa\u00edses. Nossos especialistas em idiomas devem passar por testes de tradu\u00e7\u00e3o especializados antes de serem adicionados \u00e0 nossa rede. Eles precisam ter cinco anos de experi\u00eancia profissional e trabalham apenas em seu <a href=\"https:\/\/culturesconnection.com\/pt-br\/tradutor-profissional\/\">idioma nativo<\/a>, de acordo com os regulamentos europeus em vigor.<\/p>\n\n\n\n<h2 class=\"wp-block-heading\">Nossos servi\u00e7os de tradu\u00e7\u00e3o em ingl\u00eas<\/h2>\n\n\n\n<ul class=\"wp-block-list\"><li><a href=\"https:\/\/culturesconnection.com\/pt-br\/nossos-servicos-de-traducao-financeira-em-ingles\/\">Servi\u00e7os de tradu\u00e7\u00e3o financeira em ingl\u00eas<\/a><\/li><li><a href=\"https:\/\/culturesconnection.com\/pt-br\/nossos-servicos-de-traducao-de-negocios-em-ingles\/\">Servi\u00e7os de tradu\u00e7\u00e3o de neg\u00f3cios em ingl\u00eas<\/a><\/li><li><a href=\"https:\/\/culturesconnection.com\/pt-br\/nossos-servicos-de-traducao-cientifica-em-ingles\/\">Servi\u00e7os de tradu\u00e7\u00e3o cient\u00edfica em ingl\u00eas<\/a><\/li><li><a href=\"https:\/\/culturesconnection.com\/pt-br\/nossos-servicos-de-traducao-medica-em-ingles\/\">Servi\u00e7os de tradu\u00e7\u00e3o m\u00e9dica em ingl\u00eas<\/a><\/li><li><a href=\"https:\/\/culturesconnection.com\/pt-br\/nossos-servicos-de-traducao-tecnica-em-ingles\/\">Servi\u00e7os de tradu\u00e7\u00e3o t\u00e9cnica em ingl\u00eas<\/a><\/li><li><a href=\"https:\/\/culturesconnection.com\/pt-br\/nossos-servicos-de-traducao-legal-em-ingles\/\">Servi\u00e7os de tradu\u00e7\u00e3o jur\u00eddica em ingl\u00eas<\/a><\/li><li><a href=\"https:\/\/culturesconnection.com\/pt-br\/nossos-servicos-de-traducao-de-marketing-em-ingles\/\">Servi\u00e7os de tradu\u00e7\u00e3o de marketing em ingl\u00eas<\/a><\/li><li><a href=\"https:\/\/culturesconnection.com\/pt-br\/nossos-servicos-de-traducao-de-sites-em-ingles\/\">Servi\u00e7os de tradu\u00e7\u00e3o de websites em ingl\u00eas<\/a><\/li><li><a href=\"https:\/\/culturesconnection.com\/pt-br\/nossos-servicos-de-traducao-audiovisual-e-legendagem-em-ingles\">Servi\u00e7os de legendagem em ingl\u00eas<\/a><\/li><li><a href=\"https:\/\/culturesconnection.com\/pt-br\/nossa-traducao-de-videogames-em-ingles\/\">Servi\u00e7os de tradu\u00e7\u00e3o de videogame em ingl\u00eas<\/a><\/li><\/ul>\n","protected":false},"excerpt":{"rendered":"<p>Servi\u00e7os profissionais de tradu\u00e7\u00e3o para o ingl\u00eas O ingl\u00eas \u00e9 o primeiro idioma mais falado no mundo. L\u00edngua oficial em 53 pa\u00edses e falado por [&#8230;]<\/p>\n<p><a class=\"btn btn-secondary understrap-read-more-link\" href=\"https:\/\/culturesconnection.com\/pt-br\/nossos-servicos-de-traducao-em-ingles\/\">Leia mais&#8230;<span class=\"screen-reader-text\"> from Nossos servi\u00e7os de tradu\u00e7\u00e3o em ingl\u00eas<\/span><\/a><\/p>\n","protected":false},"author":22,"featured_media":23257,"parent":0,"menu_order":0,"comment_status":"closed","ping_status":"closed","template":"","meta":{"_acf_changed":false,"_editorskit_title_hidden":false,"_editorskit_reading_time":0,"_editorskit_is_block_options_detached":false,"_editorskit_block_options_position":"{}","footnotes":""},"class_list":["post-21200","page","type-page","status-publish","has-post-thumbnail","hentry"],"acf":[],"_links":{"self":[{"href":"https:\/\/culturesconnection.com\/pt-br\/wp-json\/wp\/v2\/pages\/21200","targetHints":{"allow":["GET"]}}],"collection":[{"href":"https:\/\/culturesconnection.com\/pt-br\/wp-json\/wp\/v2\/pages"}],"about":[{"href":"https:\/\/culturesconnection.com\/pt-br\/wp-json\/wp\/v2\/types\/page"}],"author":[{"embeddable":true,"href":"https:\/\/culturesconnection.com\/pt-br\/wp-json\/wp\/v2\/users\/22"}],"replies":[{"embeddable":true,"href":"https:\/\/culturesconnection.com\/pt-br\/wp-json\/wp\/v2\/comments?post=21200"}],"version-history":[{"count":0,"href":"https:\/\/culturesconnection.com\/pt-br\/wp-json\/wp\/v2\/pages\/21200\/revisions"}],"wp:featuredmedia":[{"embeddable":true,"href":"https:\/\/culturesconnection.com\/pt-br\/wp-json\/wp\/v2\/media\/23257"}],"wp:attachment":[{"href":"https:\/\/culturesconnection.com\/pt-br\/wp-json\/wp\/v2\/media?parent=21200"}],"curies":[{"name":"wp","href":"https:\/\/api.w.org\/{rel}","templated":true}]}}