{"id":21197,"date":"2020-09-04T10:44:09","date_gmt":"2020-09-04T09:44:09","guid":{"rendered":"http:\/\/culturesconnection.com\/?page_id=21197"},"modified":"2022-06-14T23:45:56","modified_gmt":"2022-06-14T21:45:56","slug":"nossos-servicos-de-traducao-em-coreano","status":"publish","type":"page","link":"https:\/\/culturesconnection.com\/pt-br\/nossos-servicos-de-traducao-em-coreano\/","title":{"rendered":"Nossos Servi\u00e7os de Tradu\u00e7\u00e3o em Coreano"},"content":{"rendered":"\n<h2 class=\"wp-block-heading\">Servi\u00e7os profissionais de tradu\u00e7\u00e3o em coreano<\/h2>\n\n\n\n<p>Com uma economia pr\u00f3spera, a Coreia do Sul \u00e9 a quarta maior pot\u00eancia asi\u00e1tica. Se voc\u00ea deseja exportar suas atividades para a Coreia, a tradu\u00e7\u00e3o profissional de seus documentos \u00e9 um passo essencial para facilitar o di\u00e1logo com seus contatos coreanos e ficar um passo \u00e0 frente de seus concorrentes. Para atingir este objetivo, a nossa empresa oferece servi\u00e7os de tradu\u00e7\u00e3o e interpreta\u00e7\u00e3o de qualidade a pre\u00e7os atrativos. Na verdade, podemos nos adaptar ao seu or\u00e7amento gra\u00e7as aos nossos quatro n\u00edveis de servi\u00e7os de tradu\u00e7\u00e3o (B\u00e1sico, Padr\u00e3o, Profissional e Premium). A nossa <a href=\"https:\/\/culturesconnection.com\/pt-br\/\">empresa de tradu\u00e7\u00e3o<\/a> oferece-lhe os seus servi\u00e7os independentemente da natureza do projeto da sua empresa ou do seu ramo de atividade em <a href=\"https:\/\/culturesconnection.com\/pt-br\/tradutor-profissional\/\">mais de 80 combina\u00e7\u00f5es lingu\u00edsticas<\/a>.<\/p>\n\n\n\n<h2 class=\"wp-block-heading\">Procurando um tradutor de coreano?<\/h2>\n\n\n\n<p>Nossa ag\u00eancia de tradu\u00e7\u00e3o seleciona cuidadosamente os tradutores com quem trabalhamos. Todos os nossos especialistas em idiomas s\u00e3o falantes nativos de coreano e est\u00e3o comprometidos com seu sucesso. Para ingressar em nossa ag\u00eancia de tradu\u00e7\u00e3o, eles devem ter um diploma de tradu\u00e7\u00e3o e mais de 5 anos de experi\u00eancia em sua \u00e1rea de especializa\u00e7\u00e3o. Eles tamb\u00e9m devem passar por uma s\u00e9rie de testes para garantir suas habilidades no idioma. As equipes da Cultures Connection est\u00e3o empenhadas no seu projeto e garantem a entrega dos seus documentos de e para o coreano dentro do prazo acordado, mesmo em caso de tradu\u00e7\u00e3o urgente. Gra\u00e7as a um atendimento personalizado, voc\u00ea ter\u00e1 um contato privilegiado dentro de nossa equipe.<\/p>\n\n\n\n<h2 class=\"wp-block-heading\">Nossos servi\u00e7os de tradu\u00e7\u00e3o em coreano<\/h2>\n\n\n\n<p>A Cultures Connection \u00e9 uma ag\u00eancia de tradu\u00e7\u00e3o profissional que opera na Fran\u00e7a e na Argentina. Gra\u00e7as \u00e0 nossa presen\u00e7a em dois continentes, nossas equipes est\u00e3o \u00e0 sua disposi\u00e7\u00e3o 18 horas por dia, 7 dias por semana. Entre nossos <a href=\"https:\/\/culturesconnection.com\/pt-br\/servicos-de-traducao\/\">servi\u00e7os de tradu\u00e7\u00e3o<\/a> para coreano, voc\u00ea encontrar\u00e1:<\/p>\n\n\n\n<ul class=\"wp-block-list\"><li>Servi\u00e7os de tradu\u00e7\u00e3o financeira em coreano<\/li><li>Servi\u00e7os de tradu\u00e7\u00e3o de neg\u00f3cios em coreano<\/li><li>Servi\u00e7os de tradu\u00e7\u00e3o cient\u00edfica em coreano<\/li><li>Servi\u00e7os de tradu\u00e7\u00e3o m\u00e9dica em coreano<\/li><li>Servi\u00e7os de tradu\u00e7\u00e3o t\u00e9cnica em coreano<\/li><li>Servi\u00e7os de tradu\u00e7\u00e3o jur\u00eddica em coreano<\/li><li>Servi\u00e7os de tradu\u00e7\u00e3o de marketing em coreano<\/li><li>Servi\u00e7os de tradu\u00e7\u00e3o de websites em coreano<\/li><li>Servi\u00e7os de legendagem em coreano<\/li><li>Servi\u00e7os de tradu\u00e7\u00e3o de videogames em coreano<\/li><li>Tradu\u00e7\u00e3o urgente em coreano<\/li><\/ul>\n","protected":false},"excerpt":{"rendered":"<p>Servi\u00e7os profissionais de tradu\u00e7\u00e3o em coreano Com uma economia pr\u00f3spera, a Coreia do Sul \u00e9 a quarta maior pot\u00eancia asi\u00e1tica. Se voc\u00ea deseja exportar suas [&#8230;]<\/p>\n<p><a class=\"btn btn-secondary understrap-read-more-link\" href=\"https:\/\/culturesconnection.com\/pt-br\/nossos-servicos-de-traducao-em-coreano\/\">Leia mais&#8230;<span class=\"screen-reader-text\"> from Nossos Servi\u00e7os de Tradu\u00e7\u00e3o em Coreano<\/span><\/a><\/p>\n","protected":false},"author":22,"featured_media":23257,"parent":0,"menu_order":0,"comment_status":"closed","ping_status":"closed","template":"","meta":{"_acf_changed":false,"_editorskit_title_hidden":false,"_editorskit_reading_time":0,"_editorskit_is_block_options_detached":false,"_editorskit_block_options_position":"{}","footnotes":""},"class_list":["post-21197","page","type-page","status-publish","has-post-thumbnail","hentry"],"acf":[],"yoast_head":"<!-- This site is optimized with the Yoast SEO Premium plugin v23.4 (Yoast SEO v27.3) - https:\/\/yoast.com\/product\/yoast-seo-premium-wordpress\/ -->\n<title>Nossos servi\u00e7os de tradu\u00e7\u00e3o em coreano<\/title>\n<meta name=\"description\" content=\"Para tradu\u00e7\u00e3o de seus documentos para o coreano, entre em contato conosco. Dispomos de tradutores nativos especialistas em diversas \u00e1reas.\" \/>\n<meta name=\"robots\" content=\"index, follow, max-snippet:-1, max-image-preview:large, max-video-preview:-1\" \/>\n<link rel=\"canonical\" href=\"https:\/\/culturesconnection.com\/pt-br\/nossos-servicos-de-traducao-em-coreano\/\" \/>\n<meta property=\"og:locale\" content=\"pt_BR\" \/>\n<meta property=\"og:type\" content=\"article\" \/>\n<meta property=\"og:title\" content=\"Nossos Servi\u00e7os de Tradu\u00e7\u00e3o em Coreano\" \/>\n<meta property=\"og:description\" content=\"Para tradu\u00e7\u00e3o de seus documentos para o coreano, entre em contato conosco. Dispomos de tradutores nativos especialistas em diversas \u00e1reas.\" \/>\n<meta property=\"og:url\" content=\"https:\/\/culturesconnection.com\/pt-br\/nossos-servicos-de-traducao-em-coreano\/\" \/>\n<meta property=\"og:site_name\" content=\"Cultures Connection\" \/>\n<meta property=\"article:publisher\" content=\"https:\/\/www.facebook.com\/CulturesConnection\" \/>\n<meta property=\"article:modified_time\" content=\"2022-06-14T21:45:56+00:00\" \/>\n<meta property=\"og:image\" content=\"https:\/\/culturesconnection.com\/wp-content\/uploads\/2020\/09\/P\u00e4gina_Servicios_de_traducci\u00f3n_por_idioma.png\" \/>\n\t<meta property=\"og:image:width\" content=\"1417\" \/>\n\t<meta property=\"og:image:height\" content=\"561\" \/>\n\t<meta property=\"og:image:type\" content=\"image\/png\" \/>\n<meta name=\"twitter:card\" content=\"summary_large_image\" \/>\n<meta name=\"twitter:site\" content=\"@CulturesCo_\" \/>\n<meta name=\"twitter:label1\" content=\"Est. tempo de leitura\" \/>\n\t<meta name=\"twitter:data1\" content=\"2 minutos\" \/>\n<script type=\"application\/ld+json\" class=\"yoast-schema-graph\">{\"@context\":\"https:\\\/\\\/schema.org\",\"@graph\":[{\"@type\":\"WebPage\",\"@id\":\"https:\\\/\\\/culturesconnection.com\\\/pt-br\\\/nossos-servicos-de-traducao-em-coreano\\\/\",\"url\":\"https:\\\/\\\/culturesconnection.com\\\/pt-br\\\/nossos-servicos-de-traducao-em-coreano\\\/\",\"name\":\"Nossos servi\u00e7os de tradu\u00e7\u00e3o em coreano\",\"isPartOf\":{\"@id\":\"https:\\\/\\\/culturesconnection.com\\\/fr\\\/#website\"},\"primaryImageOfPage\":{\"@id\":\"https:\\\/\\\/culturesconnection.com\\\/pt-br\\\/nossos-servicos-de-traducao-em-coreano\\\/#primaryimage\"},\"image\":{\"@id\":\"https:\\\/\\\/culturesconnection.com\\\/pt-br\\\/nossos-servicos-de-traducao-em-coreano\\\/#primaryimage\"},\"thumbnailUrl\":\"https:\\\/\\\/culturesconnection.com\\\/wp-content\\\/uploads\\\/2020\\\/09\\\/P\u00e4gina_Servicios_de_traducci\u00f3n_por_idioma.png\",\"datePublished\":\"2020-09-04T09:44:09+00:00\",\"dateModified\":\"2022-06-14T21:45:56+00:00\",\"description\":\"Para tradu\u00e7\u00e3o de seus documentos para o coreano, entre em contato conosco. Dispomos de tradutores nativos especialistas em diversas \u00e1reas.\",\"breadcrumb\":{\"@id\":\"https:\\\/\\\/culturesconnection.com\\\/pt-br\\\/nossos-servicos-de-traducao-em-coreano\\\/#breadcrumb\"},\"inLanguage\":\"pt-BR\",\"potentialAction\":[{\"@type\":\"ReadAction\",\"target\":[\"https:\\\/\\\/culturesconnection.com\\\/pt-br\\\/nossos-servicos-de-traducao-em-coreano\\\/\"]}]},{\"@type\":\"ImageObject\",\"inLanguage\":\"pt-BR\",\"@id\":\"https:\\\/\\\/culturesconnection.com\\\/pt-br\\\/nossos-servicos-de-traducao-em-coreano\\\/#primaryimage\",\"url\":\"https:\\\/\\\/culturesconnection.com\\\/wp-content\\\/uploads\\\/2020\\\/09\\\/P\u00e4gina_Servicios_de_traducci\u00f3n_por_idioma.png\",\"contentUrl\":\"https:\\\/\\\/culturesconnection.com\\\/wp-content\\\/uploads\\\/2020\\\/09\\\/P\u00e4gina_Servicios_de_traducci\u00f3n_por_idioma.png\",\"width\":1417,\"height\":561},{\"@type\":\"BreadcrumbList\",\"@id\":\"https:\\\/\\\/culturesconnection.com\\\/pt-br\\\/nossos-servicos-de-traducao-em-coreano\\\/#breadcrumb\",\"itemListElement\":[{\"@type\":\"ListItem\",\"position\":1,\"name\":\"Home\",\"item\":\"https:\\\/\\\/culturesconnection.com\\\/pt-br\\\/\"},{\"@type\":\"ListItem\",\"position\":2,\"name\":\"Nossos Servi\u00e7os de Tradu\u00e7\u00e3o em Coreano\"}]},{\"@type\":\"WebSite\",\"@id\":\"https:\\\/\\\/culturesconnection.com\\\/fr\\\/#website\",\"url\":\"https:\\\/\\\/culturesconnection.com\\\/fr\\\/\",\"name\":\"Cultures Connection\",\"description\":\"Cultures Connection is a translation agency dedicated to the success of its international clients.\",\"publisher\":{\"@id\":\"https:\\\/\\\/culturesconnection.com\\\/fr\\\/#organization\"},\"potentialAction\":[{\"@type\":\"SearchAction\",\"target\":{\"@type\":\"EntryPoint\",\"urlTemplate\":\"https:\\\/\\\/culturesconnection.com\\\/fr\\\/?s={search_term_string}\"},\"query-input\":{\"@type\":\"PropertyValueSpecification\",\"valueRequired\":true,\"valueName\":\"search_term_string\"}}],\"inLanguage\":\"pt-BR\"},{\"@type\":\"Organization\",\"@id\":\"https:\\\/\\\/culturesconnection.com\\\/fr\\\/#organization\",\"name\":\"Cultures Connection\",\"url\":\"https:\\\/\\\/culturesconnection.com\\\/fr\\\/\",\"logo\":{\"@type\":\"ImageObject\",\"inLanguage\":\"pt-BR\",\"@id\":\"https:\\\/\\\/culturesconnection.com\\\/fr\\\/#\\\/schema\\\/logo\\\/image\\\/\",\"url\":\"https:\\\/\\\/culturesconnection.com\\\/wp-content\\\/uploads\\\/2022\\\/06\\\/cropped-favicon512x512.png\",\"contentUrl\":\"https:\\\/\\\/culturesconnection.com\\\/wp-content\\\/uploads\\\/2022\\\/06\\\/cropped-favicon512x512.png\",\"width\":512,\"height\":512,\"caption\":\"Cultures Connection\"},\"image\":{\"@id\":\"https:\\\/\\\/culturesconnection.com\\\/fr\\\/#\\\/schema\\\/logo\\\/image\\\/\"},\"sameAs\":[\"https:\\\/\\\/www.facebook.com\\\/CulturesConnection\",\"https:\\\/\\\/x.com\\\/CulturesCo_\"]}]}<\/script>\n<!-- \/ Yoast SEO Premium plugin. -->","yoast_head_json":{"title":"Nossos servi\u00e7os de tradu\u00e7\u00e3o em coreano","description":"Para tradu\u00e7\u00e3o de seus documentos para o coreano, entre em contato conosco. Dispomos de tradutores nativos especialistas em diversas \u00e1reas.","robots":{"index":"index","follow":"follow","max-snippet":"max-snippet:-1","max-image-preview":"max-image-preview:large","max-video-preview":"max-video-preview:-1"},"canonical":"https:\/\/culturesconnection.com\/pt-br\/nossos-servicos-de-traducao-em-coreano\/","og_locale":"pt_BR","og_type":"article","og_title":"Nossos Servi\u00e7os de Tradu\u00e7\u00e3o em Coreano","og_description":"Para tradu\u00e7\u00e3o de seus documentos para o coreano, entre em contato conosco. Dispomos de tradutores nativos especialistas em diversas \u00e1reas.","og_url":"https:\/\/culturesconnection.com\/pt-br\/nossos-servicos-de-traducao-em-coreano\/","og_site_name":"Cultures Connection","article_publisher":"https:\/\/www.facebook.com\/CulturesConnection","article_modified_time":"2022-06-14T21:45:56+00:00","og_image":[{"width":1417,"height":561,"url":"https:\/\/culturesconnection.com\/wp-content\/uploads\/2020\/09\/P\u00e4gina_Servicios_de_traducci\u00f3n_por_idioma.png","type":"image\/png"}],"twitter_card":"summary_large_image","twitter_site":"@CulturesCo_","twitter_misc":{"Est. tempo de leitura":"2 minutos"},"schema":{"@context":"https:\/\/schema.org","@graph":[{"@type":"WebPage","@id":"https:\/\/culturesconnection.com\/pt-br\/nossos-servicos-de-traducao-em-coreano\/","url":"https:\/\/culturesconnection.com\/pt-br\/nossos-servicos-de-traducao-em-coreano\/","name":"Nossos servi\u00e7os de tradu\u00e7\u00e3o em coreano","isPartOf":{"@id":"https:\/\/culturesconnection.com\/fr\/#website"},"primaryImageOfPage":{"@id":"https:\/\/culturesconnection.com\/pt-br\/nossos-servicos-de-traducao-em-coreano\/#primaryimage"},"image":{"@id":"https:\/\/culturesconnection.com\/pt-br\/nossos-servicos-de-traducao-em-coreano\/#primaryimage"},"thumbnailUrl":"https:\/\/culturesconnection.com\/wp-content\/uploads\/2020\/09\/P\u00e4gina_Servicios_de_traducci\u00f3n_por_idioma.png","datePublished":"2020-09-04T09:44:09+00:00","dateModified":"2022-06-14T21:45:56+00:00","description":"Para tradu\u00e7\u00e3o de seus documentos para o coreano, entre em contato conosco. Dispomos de tradutores nativos especialistas em diversas \u00e1reas.","breadcrumb":{"@id":"https:\/\/culturesconnection.com\/pt-br\/nossos-servicos-de-traducao-em-coreano\/#breadcrumb"},"inLanguage":"pt-BR","potentialAction":[{"@type":"ReadAction","target":["https:\/\/culturesconnection.com\/pt-br\/nossos-servicos-de-traducao-em-coreano\/"]}]},{"@type":"ImageObject","inLanguage":"pt-BR","@id":"https:\/\/culturesconnection.com\/pt-br\/nossos-servicos-de-traducao-em-coreano\/#primaryimage","url":"https:\/\/culturesconnection.com\/wp-content\/uploads\/2020\/09\/P\u00e4gina_Servicios_de_traducci\u00f3n_por_idioma.png","contentUrl":"https:\/\/culturesconnection.com\/wp-content\/uploads\/2020\/09\/P\u00e4gina_Servicios_de_traducci\u00f3n_por_idioma.png","width":1417,"height":561},{"@type":"BreadcrumbList","@id":"https:\/\/culturesconnection.com\/pt-br\/nossos-servicos-de-traducao-em-coreano\/#breadcrumb","itemListElement":[{"@type":"ListItem","position":1,"name":"Home","item":"https:\/\/culturesconnection.com\/pt-br\/"},{"@type":"ListItem","position":2,"name":"Nossos Servi\u00e7os de Tradu\u00e7\u00e3o em Coreano"}]},{"@type":"WebSite","@id":"https:\/\/culturesconnection.com\/fr\/#website","url":"https:\/\/culturesconnection.com\/fr\/","name":"Cultures Connection","description":"Cultures Connection is a translation agency dedicated to the success of its international clients.","publisher":{"@id":"https:\/\/culturesconnection.com\/fr\/#organization"},"potentialAction":[{"@type":"SearchAction","target":{"@type":"EntryPoint","urlTemplate":"https:\/\/culturesconnection.com\/fr\/?s={search_term_string}"},"query-input":{"@type":"PropertyValueSpecification","valueRequired":true,"valueName":"search_term_string"}}],"inLanguage":"pt-BR"},{"@type":"Organization","@id":"https:\/\/culturesconnection.com\/fr\/#organization","name":"Cultures Connection","url":"https:\/\/culturesconnection.com\/fr\/","logo":{"@type":"ImageObject","inLanguage":"pt-BR","@id":"https:\/\/culturesconnection.com\/fr\/#\/schema\/logo\/image\/","url":"https:\/\/culturesconnection.com\/wp-content\/uploads\/2022\/06\/cropped-favicon512x512.png","contentUrl":"https:\/\/culturesconnection.com\/wp-content\/uploads\/2022\/06\/cropped-favicon512x512.png","width":512,"height":512,"caption":"Cultures Connection"},"image":{"@id":"https:\/\/culturesconnection.com\/fr\/#\/schema\/logo\/image\/"},"sameAs":["https:\/\/www.facebook.com\/CulturesConnection","https:\/\/x.com\/CulturesCo_"]}]}},"_links":{"self":[{"href":"https:\/\/culturesconnection.com\/pt-br\/wp-json\/wp\/v2\/pages\/21197","targetHints":{"allow":["GET"]}}],"collection":[{"href":"https:\/\/culturesconnection.com\/pt-br\/wp-json\/wp\/v2\/pages"}],"about":[{"href":"https:\/\/culturesconnection.com\/pt-br\/wp-json\/wp\/v2\/types\/page"}],"author":[{"embeddable":true,"href":"https:\/\/culturesconnection.com\/pt-br\/wp-json\/wp\/v2\/users\/22"}],"replies":[{"embeddable":true,"href":"https:\/\/culturesconnection.com\/pt-br\/wp-json\/wp\/v2\/comments?post=21197"}],"version-history":[{"count":0,"href":"https:\/\/culturesconnection.com\/pt-br\/wp-json\/wp\/v2\/pages\/21197\/revisions"}],"wp:featuredmedia":[{"embeddable":true,"href":"https:\/\/culturesconnection.com\/pt-br\/wp-json\/wp\/v2\/media\/23257"}],"wp:attachment":[{"href":"https:\/\/culturesconnection.com\/pt-br\/wp-json\/wp\/v2\/media?parent=21197"}],"curies":[{"name":"wp","href":"https:\/\/api.w.org\/{rel}","templated":true}]}}