{"id":21196,"date":"2020-09-04T10:35:57","date_gmt":"2020-09-04T09:35:57","guid":{"rendered":"http:\/\/culturesconnection.com\/?page_id=21196"},"modified":"2022-06-15T02:06:44","modified_gmt":"2022-06-15T00:06:44","slug":"nossos-servicos-de-traducao-em-hungaro","status":"publish","type":"page","link":"https:\/\/culturesconnection.com\/pt-br\/nossos-servicos-de-traducao-em-hungaro\/","title":{"rendered":"Nossos Servi\u00e7os de Tradu\u00e7\u00e3o em H\u00fangaro"},"content":{"rendered":"\n<h2 class=\"wp-block-heading\">Nossos servi\u00e7os de tradu\u00e7\u00e3o em h\u00fangaro<\/h2>\n\n\n\n<p>Sua empresa pode estar pensando em exportar suas atividades para a Hungria e a tradu\u00e7\u00e3o de seus documentos \u00e9 uma etapa essencial neste processo, mas deve ser feita por profissionais. Nossa <a href=\"https:\/\/culturesconnection.com\/pt-br\/\">ag\u00eancia de tradu\u00e7\u00e3o<\/a> gerencia todos os tipos de projetos. Gra\u00e7as aos nossos quatro pacotes de servi\u00e7os de tradu\u00e7\u00e3o (Basic, Standard, Professional e Premium), somos capazes de nos adaptar \u00e0s necessidades dos nossos clientes. Cada projeto de tradu\u00e7\u00e3o \u00e9 conduzido por um gerente de projeto que est\u00e1 ao seu servi\u00e7o e garante que o processo seja executado sem problemas.<\/p>\n\n\n\n<h2 class=\"wp-block-heading\">Procurando um tradutor h\u00fangaro?<\/h2>\n\n\n\n<p>Na Cultures Connection, temos uma <a href=\"https:\/\/culturesconnection.com\/pt-br\/tradutor-profissional\/\">vasta rede de mais de 750 tradutores profissionais<\/a> que nos permite escolher os tradutores mais adequados \u00e0s suas necessidades. Eles s\u00e3o cuidadosamente selecionados com base em seu diploma, sua especializa\u00e7\u00e3o e sua experi\u00eancia. Al\u00e9m disso, nossos tradutores s\u00f3 traduzem em sua l\u00edngua nativa. Esta \u00e9 uma exig\u00eancia das normas europeias de qualidade que regem o setor, mas esta escolha tamb\u00e9m decorre da nossa experi\u00eancia. Uma tradu\u00e7\u00e3o s\u00f3 ser\u00e1 de alta qualidade se produzida por um tradutor nativo. \u00c9 tamb\u00e9m assim que garantimos que as tradu\u00e7\u00f5es que produzimos correspondam \u00e0s suas expectativas.<\/p>\n\n\n\n<h2 class=\"wp-block-heading\">Nossa ag\u00eancia de tradu\u00e7\u00e3o<\/h2>\n\n\n\n<p>Nossa ag\u00eancia de tradu\u00e7\u00e3o est\u00e1 sediada na Fran\u00e7a e na Argentina, o que permite que nossas equipes estejam dispon\u00edveis 18 horas por dia. H\u00e1 mais de 10 anos, nossos clientes confiam no profissionalismo com que tratamos seus projetos. Oferecemos <a href=\"https:\/\/culturesconnection.com\/pt-br\/servicos-de-traducao\/\">servi\u00e7os de tradu\u00e7\u00e3o profissional<\/a> em muitas \u00e1reas, como por exemplo:<\/p>\n\n\n\n<ul class=\"wp-block-list\"><li>Servi\u00e7os de tradu\u00e7\u00e3o financeira em h\u00fangaro<\/li><li>Servi\u00e7os de tradu\u00e7\u00e3o de neg\u00f3cios em h\u00fangaro<\/li><li>Servi\u00e7os de tradu\u00e7\u00e3o cient\u00edfica em h\u00fangaro<\/li><li>Servi\u00e7os de tradu\u00e7\u00e3o m\u00e9dica em h\u00fangaro<\/li><li>Servi\u00e7os de tradu\u00e7\u00e3o t\u00e9cnica em h\u00fangaro<\/li><li>Servi\u00e7os de tradu\u00e7\u00e3o jur\u00eddica em h\u00fangaro<\/li><li>Servi\u00e7os de tradu\u00e7\u00e3o de marketing em h\u00fangaro<\/li><li>Servi\u00e7os de tradu\u00e7\u00e3o de websites em h\u00fangaro<\/li><li>Servi\u00e7os de legendagem em h\u00fangaro<\/li><li>Servi\u00e7os de tradu\u00e7\u00e3o de videogames em h\u00fangaro<\/li><li>Servi\u00e7os de tradu\u00e7\u00e3o urgente em h\u00fangaro<\/li><\/ul>\n","protected":false},"excerpt":{"rendered":"<p>Nossos servi\u00e7os de tradu\u00e7\u00e3o em h\u00fangaro Sua empresa pode estar pensando em exportar suas atividades para a Hungria e a tradu\u00e7\u00e3o de seus documentos \u00e9 [&#8230;]<\/p>\n<p><a class=\"btn btn-secondary understrap-read-more-link\" href=\"https:\/\/culturesconnection.com\/pt-br\/nossos-servicos-de-traducao-em-hungaro\/\">Leia mais&#8230;<span class=\"screen-reader-text\"> from Nossos Servi\u00e7os de Tradu\u00e7\u00e3o em H\u00fangaro<\/span><\/a><\/p>\n","protected":false},"author":22,"featured_media":23257,"parent":0,"menu_order":0,"comment_status":"closed","ping_status":"closed","template":"","meta":{"_acf_changed":false,"_editorskit_title_hidden":false,"_editorskit_reading_time":0,"_editorskit_is_block_options_detached":false,"_editorskit_block_options_position":"{}","footnotes":""},"class_list":["post-21196","page","type-page","status-publish","has-post-thumbnail","hentry"],"acf":[],"_links":{"self":[{"href":"https:\/\/culturesconnection.com\/pt-br\/wp-json\/wp\/v2\/pages\/21196","targetHints":{"allow":["GET"]}}],"collection":[{"href":"https:\/\/culturesconnection.com\/pt-br\/wp-json\/wp\/v2\/pages"}],"about":[{"href":"https:\/\/culturesconnection.com\/pt-br\/wp-json\/wp\/v2\/types\/page"}],"author":[{"embeddable":true,"href":"https:\/\/culturesconnection.com\/pt-br\/wp-json\/wp\/v2\/users\/22"}],"replies":[{"embeddable":true,"href":"https:\/\/culturesconnection.com\/pt-br\/wp-json\/wp\/v2\/comments?post=21196"}],"version-history":[{"count":0,"href":"https:\/\/culturesconnection.com\/pt-br\/wp-json\/wp\/v2\/pages\/21196\/revisions"}],"wp:featuredmedia":[{"embeddable":true,"href":"https:\/\/culturesconnection.com\/pt-br\/wp-json\/wp\/v2\/media\/23257"}],"wp:attachment":[{"href":"https:\/\/culturesconnection.com\/pt-br\/wp-json\/wp\/v2\/media?parent=21196"}],"curies":[{"name":"wp","href":"https:\/\/api.w.org\/{rel}","templated":true}]}}