{"id":21195,"date":"2020-09-03T12:49:31","date_gmt":"2020-09-03T11:49:31","guid":{"rendered":"http:\/\/culturesconnection.com\/?page_id=21195"},"modified":"2022-06-15T01:54:29","modified_gmt":"2022-06-14T23:54:29","slug":"nossos-servicos-de-traducao-em-grego","status":"publish","type":"page","link":"https:\/\/culturesconnection.com\/pt-br\/nossos-servicos-de-traducao-em-grego\/","title":{"rendered":"Nossos Servi\u00e7os de Tradu\u00e7\u00e3o em Grego"},"content":{"rendered":"\n<h2 class=\"wp-block-heading\">Nossos servi\u00e7os de tradu\u00e7\u00e3o em grego<\/h2>\n\n\n\n<p>Apesar da queda econ\u00f4mica h\u00e1 alguns anos a Gr\u00e9cia continua sendo um importante parceiro comercial na Europa. A agricultura, o com\u00e9rcio portu\u00e1rio e o turismo s\u00e3o os tr\u00eas pilares da economia grega. Dada a barreira do idioma, para expandir seus neg\u00f3cios neste pa\u00eds ser\u00e1 essencial a tradu\u00e7\u00e3o de seus documentos. Na Cultures Connection, oferecemos servi\u00e7os de tradu\u00e7\u00e3o profissional em muitos setores de atividade, como jur\u00eddico e marketing. Seja qual for o tipo de documento, trataremos o seu projeto com profissionalismo e temos o compromisso de respeitar os prazos acordados. Os servi\u00e7os de tradu\u00e7\u00e3o de grego representam um volume significativo de nossos neg\u00f3cios. Nossa <a href=\"https:\/\/culturesconnection.com\/pt-br\/\">ag\u00eancia de tradu\u00e7\u00e3o<\/a> tamb\u00e9m oferece servi\u00e7os de edi\u00e7\u00e3o e revis\u00e3o de e para grego.<\/p>\n\n\n\n<h2 class=\"wp-block-heading\">Procurando um tradutor de grego?<\/h2>\n\n\n\n<p>Criar uma tradu\u00e7\u00e3o de ou para grego \u00e9 um processo complexo e encontrar um tradutor profissional qualificado pode ser demorado. As equipes da Cultures Connection est\u00e3o l\u00e1 para gui\u00e1-lo durante o processo e fazer todo o poss\u00edvel para encontrar o tradutor profissional mais adequado para sua solicita\u00e7\u00e3o. Todos os nossos fornecedores s\u00e3o selecionados com base em suas qualifica\u00e7\u00f5es e experi\u00eancia. Al\u00e9m disso, todos eles se especializam em um setor que dominam perfeitamente e traduzem apenas para sua <a href=\"https:\/\/culturesconnection.com\/pt-br\/tradutor-profissional\/\">l\u00edngua nativa<\/a>.<\/p>\n\n\n\n<h2 class=\"wp-block-heading\">Nossa ag\u00eancia de tradu\u00e7\u00e3o<\/h2>\n\n\n\n<p>Cultures Connection trabalha em divesos setores (ind\u00fastria, servi\u00e7os, organiza\u00e7\u00f5es internacionais, etc). Nossa ag\u00eancia de tradu\u00e7\u00e3o profissional oferece muitos <a href=\"https:\/\/culturesconnection.com\/pt-br\/servicos-de-traducao\/\">servi\u00e7os de tradu\u00e7\u00e3o<\/a>, incluindo:<\/p>\n\n\n\n<ul class=\"wp-block-list\"><li>Servi\u00e7os de tradu\u00e7\u00e3o financeira em grego<\/li><li>Servi\u00e7os de tradu\u00e7\u00e3o de neg\u00f3cios em grego<\/li><li>Servi\u00e7os de tradu\u00e7\u00e3o cient\u00edfica em grego<\/li><li>Servi\u00e7os de tradu\u00e7\u00e3o m\u00e9dica em grego<\/li><li>Servi\u00e7os de tradu\u00e7\u00e3o t\u00e9cnica em grego<\/li><li>Servi\u00e7os de tradu\u00e7\u00e3o jur\u00eddica em grego<\/li><li>Servi\u00e7os de tradu\u00e7\u00e3o de marketing em grego<\/li><li>Servi\u00e7os de tradu\u00e7\u00e3o de websites em grego<\/li><li>Servi\u00e7os de legendagem em grego<\/li><li>Servi\u00e7os de tradu\u00e7\u00e3o de videogames em grego<\/li><li>Servi\u00e7os de tradu\u00e7\u00e3o urgente em grego<\/li><\/ul>\n","protected":false},"excerpt":{"rendered":"<p>Nossos servi\u00e7os de tradu\u00e7\u00e3o em grego Apesar da queda econ\u00f4mica h\u00e1 alguns anos a Gr\u00e9cia continua sendo um importante parceiro comercial na Europa. A agricultura, [&#8230;]<\/p>\n<p><a class=\"btn btn-secondary understrap-read-more-link\" href=\"https:\/\/culturesconnection.com\/pt-br\/nossos-servicos-de-traducao-em-grego\/\">Leia mais&#8230;<span class=\"screen-reader-text\"> from Nossos Servi\u00e7os de Tradu\u00e7\u00e3o em Grego<\/span><\/a><\/p>\n","protected":false},"author":22,"featured_media":23257,"parent":0,"menu_order":0,"comment_status":"closed","ping_status":"closed","template":"","meta":{"_acf_changed":false,"_editorskit_title_hidden":false,"_editorskit_reading_time":0,"_editorskit_is_block_options_detached":false,"_editorskit_block_options_position":"{}","footnotes":""},"class_list":["post-21195","page","type-page","status-publish","has-post-thumbnail","hentry"],"acf":[],"_links":{"self":[{"href":"https:\/\/culturesconnection.com\/pt-br\/wp-json\/wp\/v2\/pages\/21195","targetHints":{"allow":["GET"]}}],"collection":[{"href":"https:\/\/culturesconnection.com\/pt-br\/wp-json\/wp\/v2\/pages"}],"about":[{"href":"https:\/\/culturesconnection.com\/pt-br\/wp-json\/wp\/v2\/types\/page"}],"author":[{"embeddable":true,"href":"https:\/\/culturesconnection.com\/pt-br\/wp-json\/wp\/v2\/users\/22"}],"replies":[{"embeddable":true,"href":"https:\/\/culturesconnection.com\/pt-br\/wp-json\/wp\/v2\/comments?post=21195"}],"version-history":[{"count":0,"href":"https:\/\/culturesconnection.com\/pt-br\/wp-json\/wp\/v2\/pages\/21195\/revisions"}],"wp:featuredmedia":[{"embeddable":true,"href":"https:\/\/culturesconnection.com\/pt-br\/wp-json\/wp\/v2\/media\/23257"}],"wp:attachment":[{"href":"https:\/\/culturesconnection.com\/pt-br\/wp-json\/wp\/v2\/media?parent=21195"}],"curies":[{"name":"wp","href":"https:\/\/api.w.org\/{rel}","templated":true}]}}