{"id":21194,"date":"2020-09-04T10:38:53","date_gmt":"2020-09-04T09:38:53","guid":{"rendered":"http:\/\/culturesconnection.com\/?page_id=21194"},"modified":"2022-06-15T01:23:20","modified_gmt":"2022-06-14T23:23:20","slug":"nossos-servicos-de-traducao-em-finlandes","status":"publish","type":"page","link":"https:\/\/culturesconnection.com\/pt-br\/nossos-servicos-de-traducao-em-finlandes\/","title":{"rendered":"Nossos Servi\u00e7os de Tradu\u00e7\u00e3o em Finland\u00eas"},"content":{"rendered":"\n<h2 class=\"wp-block-heading\">Servi\u00e7os profissionais de tradu\u00e7\u00e3o finland\u00eas<\/h2>\n\n\n\n<p>O mercado finland\u00eas te atrai? Poderia te permitir a expandir consideravelmente suas atividades? Voc\u00ea precisar\u00e1 ent\u00e3o traduzir seu conte\u00fado para finland\u00eas. O finland\u00eas \u00e9 falado n\u00e3o somente na Finl\u00e2ndia mas tamb\u00e9m na R\u00fassia e na Rep\u00fablica Aut\u00f4noma da Car\u00e9lia, com um total de 5 milh\u00f5es de falantes. Se voc\u00ea \u00e9 um cliente potencial, a tradu\u00e7\u00e3o de seus documentos e site para o finland\u00eas \u00e9 essencial. Tamb\u00e9m deve saber que a Finl\u00e2ndia beneficia de v\u00e1rios setores econ\u00f4micos fundamentais, como a metalurgia, a engenharia, as telecomunica\u00e7\u00f5es e a ind\u00fastria eletr\u00f4nica. Conquiste o Norte da Europa, a regi\u00e3o mais inovadora do continente!<\/p>\n\n\n\n<h2 class=\"wp-block-heading\">Procurando um tradutor de finland\u00eas?<\/h2>\n\n\n\n<p>A nossa <a href=\"https:\/\/culturesconnection.com\/pt-br\/\">ag\u00eancia de tradu\u00e7\u00e3o<\/a> colabora com muitos tradutores finlandeses, todos especializados numa \u00e1rea espec\u00edfica. Quer nos confie um texto de conte\u00fado geral ou espec\u00edfico, <a href=\"https:\/\/culturesconnection.com\/pt-br\/tradutor-profissional\/\">nossos profissionais<\/a> ir\u00e3o traduzi-lo com todo o profissionalismo que merecem. Para garantir a <a href=\"https:\/\/culturesconnection.com\/pt-br\/servicos-de-traducao\/\">qualidade dos seus servi\u00e7os<\/a>, eles s\u00e3o selecionados de acordo com crit\u00e9rios rigorosos. Com um hist\u00f3rico e experi\u00eancia exemplares, est\u00e3o alinhados com os nossos valores fundamentais: transpar\u00eancia, profissionalismo, rigor e qualidade. Voc\u00ea pode nos confiar o seu conte\u00fado de olhos fechados e n\u00f3s teremos o cuidado de entregar resultados que atendam \u00e0s suas expectativas. \u00c9 por isso que traduzimos de e para muitas l\u00ednguas.<\/p>\n\n\n\n<h2 class=\"wp-block-heading\">Nossa ag\u00eancia de tradu\u00e7\u00e3o<\/h2>\n\n\n\n<p>A nossa experi\u00eancia no setor da tradu\u00e7\u00e3o est\u00e1 bem comprovada. A lealdade dos nossos clientes atesta a seriedade da nossa empresa de tradu\u00e7\u00e3o. Abaixo est\u00e1 uma lista n\u00e3o exaustiva dos projetos que temos experi\u00eancia em lidar:<\/p>\n\n\n\n<ul class=\"wp-block-list\"><li>Servi\u00e7os de tradu\u00e7\u00e3o financeira em finland\u00eas<\/li><li>Servi\u00e7os de tradu\u00e7\u00e3o de neg\u00f3cios em finland\u00eas<\/li><li>Servi\u00e7os de tradu\u00e7\u00e3o cient\u00edfica em finland\u00eas<\/li><li>Servi\u00e7os de tradu\u00e7\u00e3o m\u00e9dica em finland\u00eas<\/li><li>Servi\u00e7os de tradu\u00e7\u00e3o t\u00e9cnica em finland\u00eas<\/li><li>Servi\u00e7os de tradu\u00e7\u00e3o jur\u00eddica em finland\u00eas<\/li><li>Servi\u00e7os de tradu\u00e7\u00e3o de marketing em finland\u00eas<\/li><li>Servi\u00e7os de tradu\u00e7\u00e3o de websites em finland\u00eas<\/li><li>Servi\u00e7os de legendagem em finland\u00eas<\/li><li>Servi\u00e7os de tradu\u00e7\u00e3o de videogames em finland\u00eas<\/li><li>Servi\u00e7os de tradu\u00e7\u00e3o urgente em finland\u00eas<\/li><\/ul>\n","protected":false},"excerpt":{"rendered":"<p>Servi\u00e7os profissionais de tradu\u00e7\u00e3o finland\u00eas O mercado finland\u00eas te atrai? Poderia te permitir a expandir consideravelmente suas atividades? Voc\u00ea precisar\u00e1 ent\u00e3o traduzir seu conte\u00fado para [&#8230;]<\/p>\n<p><a class=\"btn btn-secondary understrap-read-more-link\" href=\"https:\/\/culturesconnection.com\/pt-br\/nossos-servicos-de-traducao-em-finlandes\/\">Leia mais&#8230;<span class=\"screen-reader-text\"> from Nossos Servi\u00e7os de Tradu\u00e7\u00e3o em Finland\u00eas<\/span><\/a><\/p>\n","protected":false},"author":22,"featured_media":23257,"parent":0,"menu_order":0,"comment_status":"closed","ping_status":"closed","template":"","meta":{"_acf_changed":false,"_editorskit_title_hidden":false,"_editorskit_reading_time":0,"_editorskit_is_block_options_detached":false,"_editorskit_block_options_position":"{}","footnotes":""},"class_list":["post-21194","page","type-page","status-publish","has-post-thumbnail","hentry"],"acf":[],"_links":{"self":[{"href":"https:\/\/culturesconnection.com\/pt-br\/wp-json\/wp\/v2\/pages\/21194","targetHints":{"allow":["GET"]}}],"collection":[{"href":"https:\/\/culturesconnection.com\/pt-br\/wp-json\/wp\/v2\/pages"}],"about":[{"href":"https:\/\/culturesconnection.com\/pt-br\/wp-json\/wp\/v2\/types\/page"}],"author":[{"embeddable":true,"href":"https:\/\/culturesconnection.com\/pt-br\/wp-json\/wp\/v2\/users\/22"}],"replies":[{"embeddable":true,"href":"https:\/\/culturesconnection.com\/pt-br\/wp-json\/wp\/v2\/comments?post=21194"}],"version-history":[{"count":0,"href":"https:\/\/culturesconnection.com\/pt-br\/wp-json\/wp\/v2\/pages\/21194\/revisions"}],"wp:featuredmedia":[{"embeddable":true,"href":"https:\/\/culturesconnection.com\/pt-br\/wp-json\/wp\/v2\/media\/23257"}],"wp:attachment":[{"href":"https:\/\/culturesconnection.com\/pt-br\/wp-json\/wp\/v2\/media?parent=21194"}],"curies":[{"name":"wp","href":"https:\/\/api.w.org\/{rel}","templated":true}]}}