{"id":21193,"date":"2020-09-03T12:52:56","date_gmt":"2020-09-03T11:52:56","guid":{"rendered":"http:\/\/culturesconnection.com\/?page_id=21193"},"modified":"2022-06-14T18:19:02","modified_gmt":"2022-06-14T16:19:02","slug":"nossos-servicos-de-traducao-em-dinamarques","status":"publish","type":"page","link":"https:\/\/culturesconnection.com\/pt-br\/nossos-servicos-de-traducao-em-dinamarques\/","title":{"rendered":"Nossos servi\u00e7os de tradu\u00e7\u00e3o em dinamarqu\u00eas"},"content":{"rendered":"\n<h2 class=\"wp-block-heading\">Nossos servi\u00e7os de tradu\u00e7\u00e3o em dinamarqu\u00eas<\/h2>\n\n\n\n<p>A Dinamarca \u00e9 um dos pa\u00edses mais ricos do mundo e sue economia est\u00e1 em crescimento h\u00e1 26 anos. Seus habitantes possuem uma das maiores rendas per capitas da Europa. Os principais setores de atividade incluem a farmac\u00eautica e a biotecnologia, o setor da energia e do ambiente e o mobili\u00e1rio. Para expandir com sucesso neste pa\u00eds, o primeiro passo \u00e9 sem d\u00favida a tradu\u00e7\u00e3o profissional de seus documentos para esse idioma. Na Cultures Connection, trataremos das suas necessidades lingu\u00edsticas de A a Z. Os nossos gestores de projeto designar\u00e3o o tradutor dinamarqu\u00eas mais adequado para o seu setor de atividade e sempre lhe entregar\u00e3o a tradu\u00e7\u00e3o dentro do prazo acordado. Tamb\u00e9m oferecemos servi\u00e7os de revis\u00e3o, edi\u00e7\u00e3o e interpreta\u00e7\u00e3o de e para o dinamarqu\u00eas.<\/p>\n\n\n\n<h2 class=\"wp-block-heading\">Procurando um tradutor de dinamarqu\u00eas?<\/h2>\n\n\n\n<p>A <a href=\"https:\/\/culturesconnection.com\/pt-br\/servicos-de-traducao\/\">tradu\u00e7\u00e3o de documentos<\/a> de ou para o dinamarqu\u00eas \u00e9 uma tarefa complexa, que requer habilidades lingu\u00edsticas e culturais. Ao longo dos anos, nossa <a href=\"https:\/\/culturesconnection.com\/pt-br\/\">ag\u00eancia de tradu\u00e7\u00e3o<\/a> criou uma vasta rede de tradutores profissionais. Selecionados com base em suas qualifica\u00e7\u00f5es e experi\u00eancia, eles s\u00f3 se traduzem em sua <a href=\"https:\/\/culturesconnection.com\/pt-br\/tradutor-profissional\/\">l\u00edngua materna<\/a>.&nbsp; Al\u00e9m disso, s\u00e3o regularmente submetidos a testes de tradu\u00e7\u00e3o para garantir consist\u00eancia e qualidade nas tradu\u00e7\u00f5es. Todos os nossos tradutores s\u00e3o especializados em uma \u00e1rea espec\u00edfica: jur\u00eddica, m\u00e9dica, cient\u00edfica, marketing e muito mais. Dependendo das suas necessidades e do seu setor, nossos gerentes de projeto encontrar\u00e3o o tradutor mais adequado \u00e0s suas necessidades.<\/p>\n\n\n\n<h2 class=\"wp-block-heading\">Nossa ag\u00eancia de tradu\u00e7\u00e3o<\/h2>\n\n\n\n<p>Criada em 2007, a Cultures Connection est\u00e1 sediada na Fran\u00e7a e na Argentina, o que permite que nossas equipes estejam dispon\u00edveis por mais de 18 horas por dia. Criamos tradu\u00e7\u00f5es profissionais em diversas \u00e1reas, em particular:<\/p>\n\n\n\n<ul class=\"wp-block-list\"><li>Servi\u00e7os de tradu\u00e7\u00e3o financeira em dinamarqu\u00eas<\/li><li>Servi\u00e7os de tradu\u00e7\u00e3o de neg\u00f3cios em dinamarqu\u00eas<\/li><li>Servi\u00e7os de tradu\u00e7\u00e3o cient\u00edfica em dinamarqu\u00eas<\/li><li>Servi\u00e7os de tradu\u00e7\u00e3o m\u00e9dica em dinamarqu\u00eas<\/li><li>Servi\u00e7os de tradu\u00e7\u00e3o t\u00e9cnica em dinamarqu\u00eas<\/li><li>Servi\u00e7os de tradu\u00e7\u00e3o jur\u00eddica em dinamarqu\u00eas<\/li><li>Servi\u00e7os de tradu\u00e7\u00e3o de marketing em dinamarqu\u00eas<\/li><li>Servi\u00e7os de tradu\u00e7\u00e3o de websites em dinamarqu\u00eas<\/li><li>Servi\u00e7os de legendagem em dinamarqu\u00eas<\/li><li>Servi\u00e7os de tradu\u00e7\u00e3o de videogames em dinamarqu\u00eas<\/li><li>Servi\u00e7os de tradu\u00e7\u00e3o urgente em dinamarqu\u00eas<\/li><\/ul>\n","protected":false},"excerpt":{"rendered":"<p>Nossos servi\u00e7os de tradu\u00e7\u00e3o em dinamarqu\u00eas A Dinamarca \u00e9 um dos pa\u00edses mais ricos do mundo e sue economia est\u00e1 em crescimento h\u00e1 26 anos. [&#8230;]<\/p>\n<p><a class=\"btn btn-secondary understrap-read-more-link\" href=\"https:\/\/culturesconnection.com\/pt-br\/nossos-servicos-de-traducao-em-dinamarques\/\">Leia mais&#8230;<span class=\"screen-reader-text\"> from Nossos servi\u00e7os de tradu\u00e7\u00e3o em dinamarqu\u00eas<\/span><\/a><\/p>\n","protected":false},"author":22,"featured_media":23257,"parent":0,"menu_order":0,"comment_status":"closed","ping_status":"closed","template":"","meta":{"_acf_changed":false,"_editorskit_title_hidden":false,"_editorskit_reading_time":0,"_editorskit_is_block_options_detached":false,"_editorskit_block_options_position":"{}","footnotes":""},"class_list":["post-21193","page","type-page","status-publish","has-post-thumbnail","hentry"],"acf":[],"_links":{"self":[{"href":"https:\/\/culturesconnection.com\/pt-br\/wp-json\/wp\/v2\/pages\/21193","targetHints":{"allow":["GET"]}}],"collection":[{"href":"https:\/\/culturesconnection.com\/pt-br\/wp-json\/wp\/v2\/pages"}],"about":[{"href":"https:\/\/culturesconnection.com\/pt-br\/wp-json\/wp\/v2\/types\/page"}],"author":[{"embeddable":true,"href":"https:\/\/culturesconnection.com\/pt-br\/wp-json\/wp\/v2\/users\/22"}],"replies":[{"embeddable":true,"href":"https:\/\/culturesconnection.com\/pt-br\/wp-json\/wp\/v2\/comments?post=21193"}],"version-history":[{"count":0,"href":"https:\/\/culturesconnection.com\/pt-br\/wp-json\/wp\/v2\/pages\/21193\/revisions"}],"wp:featuredmedia":[{"embeddable":true,"href":"https:\/\/culturesconnection.com\/pt-br\/wp-json\/wp\/v2\/media\/23257"}],"wp:attachment":[{"href":"https:\/\/culturesconnection.com\/pt-br\/wp-json\/wp\/v2\/media?parent=21193"}],"curies":[{"name":"wp","href":"https:\/\/api.w.org\/{rel}","templated":true}]}}