{"id":21191,"date":"2020-09-04T10:41:14","date_gmt":"2020-09-04T09:41:14","guid":{"rendered":"http:\/\/culturesconnection.com\/?page_id=21191"},"modified":"2022-06-14T21:31:52","modified_gmt":"2022-06-14T19:31:52","slug":"nossos-servicos-de-traducao-em-croata","status":"publish","type":"page","link":"https:\/\/culturesconnection.com\/pt-br\/nossos-servicos-de-traducao-em-croata\/","title":{"rendered":"Nossos Servi\u00e7os de Tradu\u00e7\u00e3o em Croata"},"content":{"rendered":"\n<h2 class=\"wp-block-heading\">Nossos servi\u00e7os de tradu\u00e7\u00e3o em croata<\/h2>\n\n\n\n<p>Desde que a Cro\u00e1cia aderiu \u00e0 Uni\u00e3o Europeia, o com\u00e9rcio deste pa\u00eds continua a crescer de visivelmente ano a ano. Setores como transportes e tratamento de res\u00edduos s\u00e3o particularmente afetados por esta evolu\u00e7\u00e3o. Se tiver de exportar a sua empresa para este pa\u00eds, a tradu\u00e7\u00e3o dos seus documentos ser\u00e1 um passo inevit\u00e1vel. De fato, se documentos e conte\u00fado estiverem dispon\u00edveis em seu idioma nativo, seus potenciais clientes ter\u00e3o maior probabilidade de fazer neg\u00f3cios com voc\u00ea. A tradu\u00e7\u00e3o \u00e9 muitas vezes uma etapa cuja import\u00e2ncia \u00e9 subestimada pelas empresas. No entanto, uma boa comunica\u00e7\u00e3o na linguagem do seu mercado-alvo \u00e9 uma prioridade se voc\u00ea quiser desenvolver suas atividades. Na <a href=\"https:\/\/culturesconnection.com\/pt-br\/\">Cultures Connection<\/a>, trataremos do seu projeto de tradu\u00e7\u00e3o, seja qual for o campo e o par de idiomas, e adaptaremos ao seu prazo e or\u00e7amento.<\/p>\n\n\n\n<h2 class=\"wp-block-heading\">Procurando um traductor croata?<\/h2>\n\n\n\n<p>A nossa ag\u00eancia de tradu\u00e7\u00e3o s\u00f3 trabalha com tradutores profissionais selecionados por n\u00f3s. De fato, para poder se juntar \u00e0 equipe da Cultures Connection, eles devem ter um diploma de tradu\u00e7\u00e3o e ter pelo menos 5 anos de experi\u00eancia em seu campo de especializa\u00e7\u00e3o. Para nos garantir suas habilidades, eles s\u00e3o regularmente sujeitos a testes. Al\u00e9m disso, nossos tradutores s\u00f3 traduzem em sua <a href=\"https:\/\/culturesconnection.com\/pt-br\/tradutor-profissional\/\">l\u00edngua nativa<\/a>.<\/p>\n\n\n\n<h2 class=\"wp-block-heading\">Nossa ag\u00eancia de tradu\u00e7\u00e3o<\/h2>\n\n\n\n<p>H\u00e1 quase 10 anos, a nossa ag\u00eancia de tradu\u00e7\u00e3o profissional oferece muitos <a href=\"https:\/\/culturesconnection.com\/pt-br\/servicos-de-traducao\/\">servi\u00e7os de tradu\u00e7\u00e3o<\/a> em diversos setores de atividade, como por exemplo:<\/p>\n\n\n\n<ul class=\"wp-block-list\"><li>Servi\u00e7os de tradu\u00e7\u00e3o financeira em croata<\/li><li>Servi\u00e7os de tradu\u00e7\u00e3o de neg\u00f3cios em croata<\/li><li>Servi\u00e7os de tradu\u00e7\u00e3o cient\u00edfica em croata<\/li><li>Servi\u00e7os de tradu\u00e7\u00e3o m\u00e9dica em croata<\/li><li>Servi\u00e7os de tradu\u00e7\u00e3o t\u00e9cnica em croata<\/li><li>Servi\u00e7os de tradu\u00e7\u00e3o jur\u00eddica em croata<\/li><li>Servi\u00e7os de tradu\u00e7\u00e3o de marketing em croata<\/li><li>Servi\u00e7os de tradu\u00e7\u00e3o de websites em croata<\/li><li>Servi\u00e7os de legendagem em croata<\/li><li>Servi\u00e7os de tradu\u00e7\u00e3o de videogames em croata<\/li><li>Servi\u00e7os de tradu\u00e7\u00e3o urgente em croata<\/li><\/ul>\n","protected":false},"excerpt":{"rendered":"<p>Nossos servi\u00e7os de tradu\u00e7\u00e3o em croata Desde que a Cro\u00e1cia aderiu \u00e0 Uni\u00e3o Europeia, o com\u00e9rcio deste pa\u00eds continua a crescer de visivelmente ano a [&#8230;]<\/p>\n<p><a class=\"btn btn-secondary understrap-read-more-link\" href=\"https:\/\/culturesconnection.com\/pt-br\/nossos-servicos-de-traducao-em-croata\/\">Leia mais&#8230;<span class=\"screen-reader-text\"> from Nossos Servi\u00e7os de Tradu\u00e7\u00e3o em Croata<\/span><\/a><\/p>\n","protected":false},"author":22,"featured_media":23257,"parent":0,"menu_order":0,"comment_status":"closed","ping_status":"closed","template":"","meta":{"_acf_changed":false,"_editorskit_title_hidden":false,"_editorskit_reading_time":0,"_editorskit_is_block_options_detached":false,"_editorskit_block_options_position":"{}","footnotes":""},"class_list":["post-21191","page","type-page","status-publish","has-post-thumbnail","hentry"],"acf":[],"_links":{"self":[{"href":"https:\/\/culturesconnection.com\/pt-br\/wp-json\/wp\/v2\/pages\/21191","targetHints":{"allow":["GET"]}}],"collection":[{"href":"https:\/\/culturesconnection.com\/pt-br\/wp-json\/wp\/v2\/pages"}],"about":[{"href":"https:\/\/culturesconnection.com\/pt-br\/wp-json\/wp\/v2\/types\/page"}],"author":[{"embeddable":true,"href":"https:\/\/culturesconnection.com\/pt-br\/wp-json\/wp\/v2\/users\/22"}],"replies":[{"embeddable":true,"href":"https:\/\/culturesconnection.com\/pt-br\/wp-json\/wp\/v2\/comments?post=21191"}],"version-history":[{"count":0,"href":"https:\/\/culturesconnection.com\/pt-br\/wp-json\/wp\/v2\/pages\/21191\/revisions"}],"wp:featuredmedia":[{"embeddable":true,"href":"https:\/\/culturesconnection.com\/pt-br\/wp-json\/wp\/v2\/media\/23257"}],"wp:attachment":[{"href":"https:\/\/culturesconnection.com\/pt-br\/wp-json\/wp\/v2\/media?parent=21191"}],"curies":[{"name":"wp","href":"https:\/\/api.w.org\/{rel}","templated":true}]}}