{"id":20656,"date":"2020-06-24T13:01:42","date_gmt":"2020-06-24T12:01:42","guid":{"rendered":"http:\/\/culturesconnection.com\/?page_id=20656"},"modified":"2022-06-08T22:31:56","modified_gmt":"2022-06-08T20:31:56","slug":"equipamento-de-interpretacao","status":"publish","type":"page","link":"https:\/\/culturesconnection.com\/pt-br\/equipamento-de-interpretacao\/","title":{"rendered":"O nosso equipamento de interpreta\u00e7\u00e3o"},"content":{"rendered":"\n<h2 class=\"wp-block-heading\">Equipamento t\u00e9cnico para uma interpreta\u00e7\u00e3o de qualidade<\/h2>\n\n\n\n<p>A utiliza\u00e7\u00e3o de int\u00e9rpretes pode n\u00e3o ser a \u00fanica medida a tomar para organizar um evento multil\u00edngue de sucesso. Congressos com grandes audi\u00eancias requerem cabines \u00e0 prova de som, controles de \u00e1udio, auscultadores e microfones para que os profissionais possam interpretar ao mesmo tempo que um orador est\u00e1 a falar e a audi\u00eancia possa ouvir na sua l\u00edngua materna sem problemas. As visitas guiadas em museus podem exigir equipamento port\u00e1til (tipo Infoport) para assist\u00eancia a v\u00e1rias dist\u00e2ncias do int\u00e9rprete. Uma confer\u00eancia de imprensa pode exigir, no m\u00ednimo, microfones e um bom sistema de \u00e1udio.<\/p>\n\n\n\n<p>Encontrar um fornecedor e alugar o equipamento para um <a href=\"https:\/\/culturesconnection.com\/pt-br\/servicos-de-interpretacao\/\">servi\u00e7o de interpreta\u00e7\u00e3o<\/a> pode ser cansativo quando n\u00e3o se est\u00e1 familiarizado com o setor. A <a href=\"https:\/\/culturesconnection.com\/pt-br\/\">Cultures Connection<\/a> fornece servi\u00e7o de aluguel de equipamento de interpreta\u00e7\u00e3o para eventos internacionais adaptado \u00e0s necessidades do cliente e \u00e0s exig\u00eancias do evento. Oferecemos um servi\u00e7o completo de interpreta\u00e7\u00e3o e aluguel de equipamento t\u00e9cnico de forma a satisfazer \u00e0s suas necessidades com a melhor qualidade, sem perda de tempo e ao melhor pre\u00e7o.<\/p>\n\n\n\n<h2 class=\"wp-block-heading\">Equipamento fixo<\/h2>\n\n\n\n<p><strong>Cabines fixas<\/strong><\/p>\n\n\n\n<p>Se o local do evento incluir cabines fixas para servi\u00e7os de interpreta\u00e7\u00e3o simult\u00e2nea, garantimos que os int\u00e9rpretes disp\u00f5em de todo o equipamento necess\u00e1rio em cumprimento \u00e0s normas ISO. A cabine deve ser insonorizada e oferecer condi\u00e7\u00f5es de trabalho adequadas em termos de ventila\u00e7\u00e3o, ilumina\u00e7\u00e3o e espa\u00e7o. A cabine deve estar equipada com consoles e comandos individuais para cada int\u00e9rprete, auscultadores, microfones e l\u00e2mpadas de leitura. A instala\u00e7\u00e3o do equipamento \u00e9 efetuada por uma equipe t\u00e9cnica.<\/p>\n\n\n\n<figure class=\"wp-block-table\"><table><tbody><tr><td>\n<div class=\"mceTemp\">&nbsp;<\/div>\n<figure><a href=\"https:\/\/culturesconnection.com\/wp-content\/uploads\/2020\/03\/Pupitres-04.jpg\"><img loading=\"lazy\" decoding=\"async\" class=\"wp-image-19684 aligncenter\" src=\"https:\/\/culturesconnection.com\/wp-content\/uploads\/2020\/03\/Pupitres-04.jpg\" alt=\"Cabinas fijas\" width=\"253\" height=\"210\" srcset=\"https:\/\/culturesconnection.com\/wp-content\/uploads\/2020\/03\/Pupitres-04.jpg 610w, https:\/\/culturesconnection.com\/wp-content\/uploads\/2020\/03\/Pupitres-04-300x248.jpg 300w\" sizes=\"auto, (max-width: 253px) 100vw, 253px\" \/><\/a><\/figure><p><\/p>\n<\/td><td>&#8211; Emissores fixos, at\u00e9 32 canais.<br>&#8211; Emissores port\u00e1teis, at\u00e9 32 canais.<br>&#8211; Microfones para console, de 4 a 32 canais.<br>&#8211; Microfones de m\u00e3o, at\u00e9 32 canais.<br>&#8211; Receptores, at\u00e9 32 canais.<br>&#8211; Receptores de auscultadores, 6 canais.<\/td><\/tr><\/tbody><\/table><\/figure>\n\n\n\n<h2 class=\"wp-block-heading\">Equipamento port\u00e1til<\/h2>\n\n\n\n<p><strong>Cabines m\u00f3veis<\/strong><\/p>\n\n\n\n<p>Trabalhamos com cabines m\u00f3veis para pavilh\u00f5es de congressos. Estes espa\u00e7os de trabalho t\u00eam caracter\u00edsticas semelhantes \u00e0s das cabines fixas. Nosso equipamento cumpre as normas ISO: as cabines devem ter boa ilumina\u00e7\u00e3o, boa ventila\u00e7\u00e3o e espa\u00e7o adequado para o conforto de dois a quatro int\u00e9rpretes (o seu n\u00famero varia em fun\u00e7\u00e3o das l\u00ednguas e do tipo de trabalho para o evento). Al\u00e9m disso, nosso departamento t\u00e9cnico realiza a instala\u00e7\u00e3o no local que oferece a melhor visibilidade da sala, dos alto-falantes e da tela de apresenta\u00e7\u00e3o. Estas cabines s\u00e3o utilizadas para eventos com um grande n\u00famero de participantes que requerem interpreta\u00e7\u00e3o simult\u00e2nea.<\/p>\n\n\n\n<figure class=\"wp-block-table\"><table><tbody><tr><td><a href=\"https:\/\/culturesconnection.com\/wp-content\/uploads\/2020\/03\/Cabina-port\u00e1til.jpg\"><img loading=\"lazy\" decoding=\"async\" class=\" wp-image-19693\" src=\"https:\/\/culturesconnection.com\/wp-content\/uploads\/2020\/03\/Cabina-port\u00e1til.jpg\" alt=\"Cabina port\u00e1til\" width=\"268\" height=\"268\" srcset=\"https:\/\/culturesconnection.com\/wp-content\/uploads\/2020\/03\/Cabina-port\u00e1til.jpg 800w, https:\/\/culturesconnection.com\/wp-content\/uploads\/2020\/03\/Cabina-port\u00e1til-300x300.jpg 300w, https:\/\/culturesconnection.com\/wp-content\/uploads\/2020\/03\/Cabina-port\u00e1til-150x150.jpg 150w, https:\/\/culturesconnection.com\/wp-content\/uploads\/2020\/03\/Cabina-port\u00e1til-768x768.jpg 768w\" sizes=\"auto, (max-width: 268px) 100vw, 268px\" \/><\/a><\/td><td>&nbsp;\n<p>&nbsp;<\/p>\n<p>&nbsp;<\/p>\n<p style=\"text-align: left;\">&#8211; Normas ISO.<br>&#8211; Dimens\u00f5es: 1,60 m x 1,60 m x 2 m.<br>&#8211; Espa\u00e7o para um ou dois int\u00e9rpretes.<br>&#8211; Pode ser alargado para tr\u00eas a quatro int\u00e9rpretes.<br>&#8211; Insonoriza\u00e7\u00e3o.<br>&#8211; Ventila\u00e7\u00e3o integrada.<\/p>\n<\/td><\/tr><\/tbody><\/table><\/figure>\n\n\n\n<figure class=\"wp-block-table\"><table><tbody><tr><td><a href=\"https:\/\/culturesconnection.com\/wp-content\/uploads\/2020\/03\/Cabina-sobre-mesa-02.jpg\"><img loading=\"lazy\" decoding=\"async\" class=\" wp-image-19702\" src=\"https:\/\/culturesconnection.com\/wp-content\/uploads\/2020\/03\/Cabina-sobre-mesa-02.jpg\" alt=\"Cabina sobre mesa\" width=\"281\" height=\"281\" srcset=\"https:\/\/culturesconnection.com\/wp-content\/uploads\/2020\/03\/Cabina-sobre-mesa-02.jpg 1280w, https:\/\/culturesconnection.com\/wp-content\/uploads\/2020\/03\/Cabina-sobre-mesa-02-300x300.jpg 300w, https:\/\/culturesconnection.com\/wp-content\/uploads\/2020\/03\/Cabina-sobre-mesa-02-1024x1024.jpg 1024w, https:\/\/culturesconnection.com\/wp-content\/uploads\/2020\/03\/Cabina-sobre-mesa-02-150x150.jpg 150w, https:\/\/culturesconnection.com\/wp-content\/uploads\/2020\/03\/Cabina-sobre-mesa-02-768x768.jpg 768w\" sizes=\"auto, (max-width: 281px) 100vw, 281px\" \/><\/a><\/td><td>&nbsp;\n<p>&nbsp;<\/p>\n<p style=\"text-align: left;\">&#8211; Dimens\u00f5es: 69,5 cm x 69,5 cm x 25,6 cm.<br>&#8211; Espa\u00e7o para um ou dois int\u00e9rpretes.<br>&#8211; Paredes insonorizadas.<br>&#8211; Montagem sem ferramentas.<br>&#8211; N\u00e3o \u00e9 necess\u00e1rio nenhum t\u00e9cnico para a instala\u00e7\u00e3o.<br>&#8211; Baixos custos operacionais.<\/p>\n<\/td><\/tr><\/tbody><\/table><\/figure>\n\n\n\n<p><strong>Sistema de \u00e1udio port\u00e1til<\/strong><\/p>\n\n\n\n<p>O equipamento Infoport consiste numa mala equipada com um microfone para se dirigir \u00e0 audi\u00eancia e receptores para os ouvintes. \u00c9 um sistema de infravermelhos sem fios, de f\u00e1cil transporte e utiliza\u00e7\u00e3o pois n\u00e3o necessita de suporte t\u00e9cnico. \u00c9 utilizado para eventos em pequenos grupos em salas pequenas que requerem interpreta\u00e7\u00e3o simult\u00e2nea.<\/p>\n\n\n\n<figure class=\"wp-block-table\"><table><tbody><tr><td><a href=\"https:\/\/culturesconnection.com\/wp-content\/uploads\/2020\/03\/Infoport.jpg\"><img loading=\"lazy\" decoding=\"async\" class=\" wp-image-19711\" src=\"https:\/\/culturesconnection.com\/wp-content\/uploads\/2020\/03\/Infoport.jpg\" alt=\"Infoport\" width=\"294\" height=\"289\" srcset=\"https:\/\/culturesconnection.com\/wp-content\/uploads\/2020\/03\/Infoport.jpg 512w, https:\/\/culturesconnection.com\/wp-content\/uploads\/2020\/03\/Infoport-300x295.jpg 300w\" sizes=\"auto, (max-width: 294px) 100vw, 294px\" \/><\/a><\/td><td>&nbsp;\n<p>&nbsp;<\/p>\n<p style=\"text-align: left;\">&#8211; 1 unidade de controle de \u00e1udio por infravermelhos.<br>&#8211; Sistema de recep\u00e7\u00e3o por infravermelhos.<br>&#8211; 1 microfone.<br>&#8211; 20 auscultadores com receptores.<br>&#8211; Montagem sem ferramentas<\/p>\n<\/td><\/tr><\/tbody><\/table><\/figure>\n\n\n\n<h2 class=\"wp-block-heading\">Sistemas de \u00e1udio<\/h2>\n\n\n\n<p>Os sistemas \u00e1udio que utilizamos para os nossos servi\u00e7os de interpreta\u00e7\u00e3o simult\u00e2nea e consecutiva est\u00e3o entre as mais recentes inova\u00e7\u00f5es tecnol\u00f3gicas. O som, microfone, alto-falante e auscultadores para alto-falantes e audi\u00eancia s\u00e3o ajustados de acordo com o tipo de evento, n\u00famero de participantes e configura\u00e7\u00e3o da sala. O som pode ser ajustado digitalmente utilizando o sistema de infravermelhos com at\u00e9 32 entradas de \u00e1udio do alto-falante para a audi\u00eancia (dos emissores para os auscultadores). Isto significa que podemos trabalhar com at\u00e9 32 l\u00ednguas ao mesmo tempo!<\/p>\n\n\n\n<figure class=\"wp-block-table\"><table><tbody><tr><td><a href=\"https:\/\/culturesconnection.com\/wp-content\/uploads\/2020\/03\/Equipo-de-sonido.png\"><img loading=\"lazy\" decoding=\"async\" class=\"alignnone wp-image-19720\" src=\"https:\/\/culturesconnection.com\/wp-content\/uploads\/2020\/03\/Equipo-de-sonido.png\" alt=\"Equipo de sonido\" width=\"213\" height=\"231\" srcset=\"https:\/\/culturesconnection.com\/wp-content\/uploads\/2020\/03\/Equipo-de-sonido.png 768w, https:\/\/culturesconnection.com\/wp-content\/uploads\/2020\/03\/Equipo-de-sonido-277x300.png 277w\" sizes=\"auto, (max-width: 213px) 100vw, 213px\" \/><\/a><\/td><td>&nbsp;\n<p>&nbsp;<\/p>\n<p>&#8211; Unidade de controle e fornecimento de energia.<br>&#8211; Amplificador de pot\u00eancia.<br>&#8211; Sistema de recep\u00e7\u00e3o por infravermelho.<\/p>\n<\/td><\/tr><\/tbody><\/table><\/figure>\n","protected":false},"excerpt":{"rendered":"<p>Equipamento t\u00e9cnico para uma interpreta\u00e7\u00e3o de qualidade A utiliza\u00e7\u00e3o de int\u00e9rpretes pode n\u00e3o ser a \u00fanica medida a tomar para organizar um evento multil\u00edngue de [&#8230;]<\/p>\n<p><a class=\"btn btn-secondary understrap-read-more-link\" href=\"https:\/\/culturesconnection.com\/pt-br\/equipamento-de-interpretacao\/\">Leia mais&#8230;<span class=\"screen-reader-text\"> from O nosso equipamento de interpreta\u00e7\u00e3o<\/span><\/a><\/p>\n","protected":false},"author":52,"featured_media":0,"parent":0,"menu_order":0,"comment_status":"closed","ping_status":"closed","template":"","meta":{"_acf_changed":false,"_editorskit_title_hidden":false,"_editorskit_reading_time":0,"_editorskit_is_block_options_detached":false,"_editorskit_block_options_position":"{}","footnotes":""},"class_list":["post-20656","page","type-page","status-publish","hentry"],"acf":[],"yoast_head":"<!-- This site is optimized with the Yoast SEO Premium plugin v23.4 (Yoast SEO v27.3) - https:\/\/yoast.com\/product\/yoast-seo-premium-wordpress\/ -->\n<title>Equipamento de interpreta\u00e7\u00e3o | Servi\u00e7o t\u00e9cnico e de aluguel<\/title>\n<meta name=\"description\" content=\"Precisa de equipamento para as suas confer\u00eancias, visitas guiadas ou workshops? Confira o nosso equipamento de interpreta\u00e7\u00e3o!\" \/>\n<meta name=\"robots\" content=\"index, follow, max-snippet:-1, max-image-preview:large, max-video-preview:-1\" \/>\n<link rel=\"canonical\" href=\"https:\/\/culturesconnection.com\/pt-br\/equipamento-de-interpretacao\/\" \/>\n<meta property=\"og:locale\" content=\"pt_BR\" \/>\n<meta property=\"og:type\" content=\"article\" \/>\n<meta property=\"og:title\" content=\"O nosso equipamento de interpreta\u00e7\u00e3o\" \/>\n<meta property=\"og:description\" content=\"Precisa de equipamento para as suas confer\u00eancias, visitas guiadas ou workshops? Confira o nosso equipamento de interpreta\u00e7\u00e3o!\" \/>\n<meta property=\"og:url\" content=\"https:\/\/culturesconnection.com\/pt-br\/equipamento-de-interpretacao\/\" \/>\n<meta property=\"og:site_name\" content=\"Cultures Connection\" \/>\n<meta property=\"article:publisher\" content=\"https:\/\/www.facebook.com\/CulturesConnection\" \/>\n<meta property=\"article:modified_time\" content=\"2022-06-08T20:31:56+00:00\" \/>\n<meta property=\"og:image\" content=\"https:\/\/culturesconnection.com\/wp-content\/uploads\/2020\/03\/Pupitres-04.jpg\" \/>\n<meta name=\"twitter:card\" content=\"summary_large_image\" \/>\n<meta name=\"twitter:site\" content=\"@CulturesCo_\" \/>\n<meta name=\"twitter:label1\" content=\"Est. tempo de leitura\" \/>\n\t<meta name=\"twitter:data1\" content=\"4 minutos\" \/>\n<script type=\"application\/ld+json\" class=\"yoast-schema-graph\">{\"@context\":\"https:\\\/\\\/schema.org\",\"@graph\":[{\"@type\":\"WebPage\",\"@id\":\"https:\\\/\\\/culturesconnection.com\\\/pt-br\\\/equipamento-de-interpretacao\\\/\",\"url\":\"https:\\\/\\\/culturesconnection.com\\\/pt-br\\\/equipamento-de-interpretacao\\\/\",\"name\":\"Equipamento de interpreta\u00e7\u00e3o | Servi\u00e7o t\u00e9cnico e de aluguel\",\"isPartOf\":{\"@id\":\"https:\\\/\\\/culturesconnection.com\\\/fr\\\/#website\"},\"primaryImageOfPage\":{\"@id\":\"https:\\\/\\\/culturesconnection.com\\\/pt-br\\\/equipamento-de-interpretacao\\\/#primaryimage\"},\"image\":{\"@id\":\"https:\\\/\\\/culturesconnection.com\\\/pt-br\\\/equipamento-de-interpretacao\\\/#primaryimage\"},\"thumbnailUrl\":\"https:\\\/\\\/culturesconnection.com\\\/wp-content\\\/uploads\\\/2020\\\/03\\\/Pupitres-04.jpg\",\"datePublished\":\"2020-06-24T12:01:42+00:00\",\"dateModified\":\"2022-06-08T20:31:56+00:00\",\"description\":\"Precisa de equipamento para as suas confer\u00eancias, visitas guiadas ou workshops? Confira o nosso equipamento de interpreta\u00e7\u00e3o!\",\"breadcrumb\":{\"@id\":\"https:\\\/\\\/culturesconnection.com\\\/pt-br\\\/equipamento-de-interpretacao\\\/#breadcrumb\"},\"inLanguage\":\"pt-BR\",\"potentialAction\":[{\"@type\":\"ReadAction\",\"target\":[\"https:\\\/\\\/culturesconnection.com\\\/pt-br\\\/equipamento-de-interpretacao\\\/\"]}]},{\"@type\":\"ImageObject\",\"inLanguage\":\"pt-BR\",\"@id\":\"https:\\\/\\\/culturesconnection.com\\\/pt-br\\\/equipamento-de-interpretacao\\\/#primaryimage\",\"url\":\"https:\\\/\\\/culturesconnection.com\\\/wp-content\\\/uploads\\\/2020\\\/03\\\/Pupitres-04.jpg\",\"contentUrl\":\"https:\\\/\\\/culturesconnection.com\\\/wp-content\\\/uploads\\\/2020\\\/03\\\/Pupitres-04.jpg\"},{\"@type\":\"BreadcrumbList\",\"@id\":\"https:\\\/\\\/culturesconnection.com\\\/pt-br\\\/equipamento-de-interpretacao\\\/#breadcrumb\",\"itemListElement\":[{\"@type\":\"ListItem\",\"position\":1,\"name\":\"Home\",\"item\":\"https:\\\/\\\/culturesconnection.com\\\/pt-br\\\/\"},{\"@type\":\"ListItem\",\"position\":2,\"name\":\"O nosso equipamento de interpreta\u00e7\u00e3o\"}]},{\"@type\":\"WebSite\",\"@id\":\"https:\\\/\\\/culturesconnection.com\\\/fr\\\/#website\",\"url\":\"https:\\\/\\\/culturesconnection.com\\\/fr\\\/\",\"name\":\"Cultures Connection\",\"description\":\"Cultures Connection is a translation agency dedicated to the success of its international clients.\",\"publisher\":{\"@id\":\"https:\\\/\\\/culturesconnection.com\\\/fr\\\/#organization\"},\"potentialAction\":[{\"@type\":\"SearchAction\",\"target\":{\"@type\":\"EntryPoint\",\"urlTemplate\":\"https:\\\/\\\/culturesconnection.com\\\/fr\\\/?s={search_term_string}\"},\"query-input\":{\"@type\":\"PropertyValueSpecification\",\"valueRequired\":true,\"valueName\":\"search_term_string\"}}],\"inLanguage\":\"pt-BR\"},{\"@type\":\"Organization\",\"@id\":\"https:\\\/\\\/culturesconnection.com\\\/fr\\\/#organization\",\"name\":\"Cultures Connection\",\"url\":\"https:\\\/\\\/culturesconnection.com\\\/fr\\\/\",\"logo\":{\"@type\":\"ImageObject\",\"inLanguage\":\"pt-BR\",\"@id\":\"https:\\\/\\\/culturesconnection.com\\\/fr\\\/#\\\/schema\\\/logo\\\/image\\\/\",\"url\":\"https:\\\/\\\/culturesconnection.com\\\/wp-content\\\/uploads\\\/2022\\\/06\\\/cropped-favicon512x512.png\",\"contentUrl\":\"https:\\\/\\\/culturesconnection.com\\\/wp-content\\\/uploads\\\/2022\\\/06\\\/cropped-favicon512x512.png\",\"width\":512,\"height\":512,\"caption\":\"Cultures Connection\"},\"image\":{\"@id\":\"https:\\\/\\\/culturesconnection.com\\\/fr\\\/#\\\/schema\\\/logo\\\/image\\\/\"},\"sameAs\":[\"https:\\\/\\\/www.facebook.com\\\/CulturesConnection\",\"https:\\\/\\\/x.com\\\/CulturesCo_\"]}]}<\/script>\n<!-- \/ Yoast SEO Premium plugin. -->","yoast_head_json":{"title":"Equipamento de interpreta\u00e7\u00e3o | Servi\u00e7o t\u00e9cnico e de aluguel","description":"Precisa de equipamento para as suas confer\u00eancias, visitas guiadas ou workshops? Confira o nosso equipamento de interpreta\u00e7\u00e3o!","robots":{"index":"index","follow":"follow","max-snippet":"max-snippet:-1","max-image-preview":"max-image-preview:large","max-video-preview":"max-video-preview:-1"},"canonical":"https:\/\/culturesconnection.com\/pt-br\/equipamento-de-interpretacao\/","og_locale":"pt_BR","og_type":"article","og_title":"O nosso equipamento de interpreta\u00e7\u00e3o","og_description":"Precisa de equipamento para as suas confer\u00eancias, visitas guiadas ou workshops? Confira o nosso equipamento de interpreta\u00e7\u00e3o!","og_url":"https:\/\/culturesconnection.com\/pt-br\/equipamento-de-interpretacao\/","og_site_name":"Cultures Connection","article_publisher":"https:\/\/www.facebook.com\/CulturesConnection","article_modified_time":"2022-06-08T20:31:56+00:00","og_image":[{"url":"https:\/\/culturesconnection.com\/wp-content\/uploads\/2020\/03\/Pupitres-04.jpg","type":"","width":"","height":""}],"twitter_card":"summary_large_image","twitter_site":"@CulturesCo_","twitter_misc":{"Est. tempo de leitura":"4 minutos"},"schema":{"@context":"https:\/\/schema.org","@graph":[{"@type":"WebPage","@id":"https:\/\/culturesconnection.com\/pt-br\/equipamento-de-interpretacao\/","url":"https:\/\/culturesconnection.com\/pt-br\/equipamento-de-interpretacao\/","name":"Equipamento de interpreta\u00e7\u00e3o | Servi\u00e7o t\u00e9cnico e de aluguel","isPartOf":{"@id":"https:\/\/culturesconnection.com\/fr\/#website"},"primaryImageOfPage":{"@id":"https:\/\/culturesconnection.com\/pt-br\/equipamento-de-interpretacao\/#primaryimage"},"image":{"@id":"https:\/\/culturesconnection.com\/pt-br\/equipamento-de-interpretacao\/#primaryimage"},"thumbnailUrl":"https:\/\/culturesconnection.com\/wp-content\/uploads\/2020\/03\/Pupitres-04.jpg","datePublished":"2020-06-24T12:01:42+00:00","dateModified":"2022-06-08T20:31:56+00:00","description":"Precisa de equipamento para as suas confer\u00eancias, visitas guiadas ou workshops? Confira o nosso equipamento de interpreta\u00e7\u00e3o!","breadcrumb":{"@id":"https:\/\/culturesconnection.com\/pt-br\/equipamento-de-interpretacao\/#breadcrumb"},"inLanguage":"pt-BR","potentialAction":[{"@type":"ReadAction","target":["https:\/\/culturesconnection.com\/pt-br\/equipamento-de-interpretacao\/"]}]},{"@type":"ImageObject","inLanguage":"pt-BR","@id":"https:\/\/culturesconnection.com\/pt-br\/equipamento-de-interpretacao\/#primaryimage","url":"https:\/\/culturesconnection.com\/wp-content\/uploads\/2020\/03\/Pupitres-04.jpg","contentUrl":"https:\/\/culturesconnection.com\/wp-content\/uploads\/2020\/03\/Pupitres-04.jpg"},{"@type":"BreadcrumbList","@id":"https:\/\/culturesconnection.com\/pt-br\/equipamento-de-interpretacao\/#breadcrumb","itemListElement":[{"@type":"ListItem","position":1,"name":"Home","item":"https:\/\/culturesconnection.com\/pt-br\/"},{"@type":"ListItem","position":2,"name":"O nosso equipamento de interpreta\u00e7\u00e3o"}]},{"@type":"WebSite","@id":"https:\/\/culturesconnection.com\/fr\/#website","url":"https:\/\/culturesconnection.com\/fr\/","name":"Cultures Connection","description":"Cultures Connection is a translation agency dedicated to the success of its international clients.","publisher":{"@id":"https:\/\/culturesconnection.com\/fr\/#organization"},"potentialAction":[{"@type":"SearchAction","target":{"@type":"EntryPoint","urlTemplate":"https:\/\/culturesconnection.com\/fr\/?s={search_term_string}"},"query-input":{"@type":"PropertyValueSpecification","valueRequired":true,"valueName":"search_term_string"}}],"inLanguage":"pt-BR"},{"@type":"Organization","@id":"https:\/\/culturesconnection.com\/fr\/#organization","name":"Cultures Connection","url":"https:\/\/culturesconnection.com\/fr\/","logo":{"@type":"ImageObject","inLanguage":"pt-BR","@id":"https:\/\/culturesconnection.com\/fr\/#\/schema\/logo\/image\/","url":"https:\/\/culturesconnection.com\/wp-content\/uploads\/2022\/06\/cropped-favicon512x512.png","contentUrl":"https:\/\/culturesconnection.com\/wp-content\/uploads\/2022\/06\/cropped-favicon512x512.png","width":512,"height":512,"caption":"Cultures Connection"},"image":{"@id":"https:\/\/culturesconnection.com\/fr\/#\/schema\/logo\/image\/"},"sameAs":["https:\/\/www.facebook.com\/CulturesConnection","https:\/\/x.com\/CulturesCo_"]}]}},"_links":{"self":[{"href":"https:\/\/culturesconnection.com\/pt-br\/wp-json\/wp\/v2\/pages\/20656","targetHints":{"allow":["GET"]}}],"collection":[{"href":"https:\/\/culturesconnection.com\/pt-br\/wp-json\/wp\/v2\/pages"}],"about":[{"href":"https:\/\/culturesconnection.com\/pt-br\/wp-json\/wp\/v2\/types\/page"}],"author":[{"embeddable":true,"href":"https:\/\/culturesconnection.com\/pt-br\/wp-json\/wp\/v2\/users\/52"}],"replies":[{"embeddable":true,"href":"https:\/\/culturesconnection.com\/pt-br\/wp-json\/wp\/v2\/comments?post=20656"}],"version-history":[{"count":0,"href":"https:\/\/culturesconnection.com\/pt-br\/wp-json\/wp\/v2\/pages\/20656\/revisions"}],"wp:attachment":[{"href":"https:\/\/culturesconnection.com\/pt-br\/wp-json\/wp\/v2\/media?parent=20656"}],"curies":[{"name":"wp","href":"https:\/\/api.w.org\/{rel}","templated":true}]}}