{"id":14123,"date":"2019-05-09T14:43:01","date_gmt":"2019-05-09T12:43:01","guid":{"rendered":"http:\/\/culturesconnection.com\/?page_id=14123"},"modified":"2022-06-17T23:23:31","modified_gmt":"2022-06-17T21:23:31","slug":"agencia-de-traducao-em-buenos-aires","status":"publish","type":"page","link":"https:\/\/culturesconnection.com\/pt-br\/agencia-de-traducao-em-buenos-aires\/","title":{"rendered":"Nossa ag\u00eancia de tradu\u00e7\u00e3o em Buenos Aires"},"content":{"rendered":"\n<h2 class=\"wp-block-heading\">Cultures Connection, a melhor ag\u00eancia de tradu\u00e7\u00e3o em Buenos Aires<\/h2>\n\n\n\n<p>Buenos Aires, um destino obrigat\u00f3rio na Am\u00e9rica do Sul.<\/p>\n\n\n\n<p>Uma das cidades mais extraordin\u00e1rias e animadas do continente, Buenos Aires \u00e9 tamb\u00e9m um destino de refer\u00eancia para empresas internacionais. Embora a sua atividade econ\u00f4mica se dedique principalmente aos servi\u00e7os financeiros, a sua grande diversidade, cheia de oportunidades de desenvolvimento, leva jovens empres\u00e1rios de todo o mundo, oriundos de diversas origens, a dirigir-se \u00e0 capital argentina para promover suas atividade.<\/p>\n\n\n\n<p><a href=\"https:\/\/culturesconnection.com\/pt-br\/\">Cultures Connection<\/a> abriu um escrit\u00f3rio em Buenos Aires e oferece servi\u00e7os de tradu\u00e7\u00e3o e interpreta\u00e7\u00e3o em <a href=\"https:\/\/culturesconnection.com\/pt-br\/tradutor-profissional\/\">40 l\u00ednguas com muitas combina\u00e7\u00f5es lingu\u00edsticas<\/a> a organiza\u00e7\u00f5es privadas e p\u00fablicas em toda a Am\u00e9rica do Sul.<\/p>\n\n\n\n<p>Um mercado exigente requer um servi\u00e7o fi\u00e1vel.<\/p>\n\n\n\n<h2 class=\"wp-block-heading\">Buenos Aires, um viveiro de oportunidades internacionais<\/h2>\n\n\n\n<p>Buenos Aires \u00e9 a terceira cidade com a economia mais diversificada do mundo.<\/p>\n\n\n\n<p>Mais de 20% das 600.000 empresas argentinas est\u00e3o localizadas na capital e est\u00e3o divididas entre atividades comerciais e servi\u00e7os. A sua posi\u00e7\u00e3o estrat\u00e9gica num pa\u00eds e num continente cheio de oportunidades de desenvolvimento energ\u00e9tico, industrial e financeiro faz com que Buenos Aires atraia cada vez mais jovens profissionais de todo o mundo. Os n\u00fameros falam por si: 21,1% dos 1.805.957 estrangeiros que vivem no pa\u00eds com a maior imigra\u00e7\u00e3o sul-americana residem em Buenos Aires.<\/p>\n\n\n\n<p>Uma grande parte desta popula\u00e7\u00e3o prov\u00e9m de pa\u00edses vizinhos como a Bol\u00edvia, o Paraguai e a Venezuela: a comunidade latina \u00e9 de fato preponderante. As minorias de espanh\u00f3is, italianos e franceses sempre tiveram uma presen\u00e7a significativa. O mesmo acontece com as comunidades asi\u00e1tica e africana. \u00c9 esta diversidade que moldou o portenho (habitante de Buenos Aires) ao longo da hist\u00f3ria.<\/p>\n\n\n\n<p>Por outro lado, Buenos Aires \u00e9 um dos destinos tur\u00edsticos mais apreciados devido \u00e0 sua incr\u00edvel oferta cultural de museus, teatros, concertos e carnavais: a cidade recebe 5,5 milh\u00f5es de visitantes por ano. As institui\u00e7\u00f5es pol\u00edticas e os edif\u00edcios antigos do centro hist\u00f3rico da cidade, o bairro bo\u00eamio de San Telmo, La Boca e o seu patrim\u00f4nio imigrante s\u00e3o alguns dos passeios imperd\u00edveis para os visitantes. Tudo isto gera uma infinidade de empresas nos setores da hotelaria, restaura\u00e7\u00e3o e lazer.<br>\nUma mistura inigual\u00e1vel de culturas.<\/p>\n\n\n\n<h2 class=\"wp-block-heading\">Tradu\u00e7\u00f5es para um mercado de elevado potencial<\/h2>\n\n\n\n<p>As tradu\u00e7\u00f5es atravessam fronteiras.<\/p>\n\n\n\n<p>Sediada em Buenos Aires h\u00e1 mais de 10 anos, Cultures Connection oferece <a href=\"https:\/\/culturesconnection.com\/pt-br\/servicos-de-traducao\/\">servi\u00e7os de tradu\u00e7\u00e3o<\/a> de documentos nas mais diversas \u00e1reas e trabalha com clientes em toda a Am\u00e9rica do Sul.<\/p>\n\n\n\n<p>Colaborando com uma rede internacional de mais de 740 profissionais, seleccionados pela sua disponibilidade imediata, forma\u00e7\u00e3o e experi\u00eancia nas l\u00ednguas e dom\u00ednios solicitados, prestamos a m\u00e1xima aten\u00e7\u00e3o \u00e0s particularidades lingu\u00edsticas, \u00e0s express\u00f5es relacionadas com a \u00e1rea de especializa\u00e7\u00e3o e \u00e0s refer\u00eancias culturais do destinat\u00e1rio do conte\u00fado traduzido. Desta forma, garantimos tradu\u00e7\u00f5es precisas realizadas por linguistas que trabalham na sua l\u00edngua materna.<\/p>\n\n\n\n<p>Conosco, os seus documentos est\u00e3o realmente em boas m\u00e3os.<\/p>\n\n\n\n<iframe src=\"https:\/\/www.google.com\/maps\/embed?pb=!1m14!1m8!1m3!1d6571.042431457632!2d-58.436823!3d-34.565676!3m2!1i1024!2i768!4f13.1!3m3!1m2!1s0x95bcb5b9a92d7155%3A0x92a6bc37f082fb54!2sGorostiaga%201663%2C%20C1426CTC%20CABA!5e0!3m2!1sen!2sar!4v1655497208682!5m2!1sen!2sar\" width=\"100%\" height=\"450\" style=\"border:0;\" allowfullscreen=\"\" loading=\"lazy\" referrerpolicy=\"no-referrer-when-downgrade\"><\/iframe>\n\n\n\n<h2 class=\"wp-block-heading\">Interpreta\u00e7\u00f5es de qualidade em Buenos Aires<\/h2>\n\n\n\n<p>Uma confer\u00eancia t\u00e9cnica entre especialistas estrangeiros para um p\u00fablico local? Executivos de empresas multinacionais que precisam de se apressar para as suas filiais?<\/p>\n\n\n\n<p>Cultures Connection oferece <a href=\"https:\/\/culturesconnection.com\/pt-br\/servicos-de-interpretacao\/\">servi\u00e7os de interpreta\u00e7\u00e3o<\/a> de confer\u00eancia, simult\u00e2nea e de liga\u00e7\u00e3o em muitas l\u00ednguas para que as suas pequenas e grandes reuni\u00f5es, em uma ou mais l\u00ednguas, simultaneamente e ao longo de v\u00e1rios dias, sejam sempre um sucesso.<\/p>\n\n\n\n<p>Al\u00e9m disso, fornecemos o todo o material necess\u00e1rio para que as interpreta\u00e7\u00f5es, seja ela em Buenos Aires, na Argentina ou na Am\u00e9rica Latina, ocorram com a maior fluidez.<\/p>\n\n\n\n<p>Conosco, as suas apresenta\u00e7\u00f5es est\u00e3o realmente em boas m\u00e3os.<\/p>\n","protected":false},"excerpt":{"rendered":"<p>Cultures Connection, a melhor ag\u00eancia de tradu\u00e7\u00e3o em Buenos Aires Buenos Aires, um destino obrigat\u00f3rio na Am\u00e9rica do Sul. Uma das cidades mais extraordin\u00e1rias e [&#8230;]<\/p>\n<p><a class=\"btn btn-secondary understrap-read-more-link\" href=\"https:\/\/culturesconnection.com\/pt-br\/agencia-de-traducao-em-buenos-aires\/\">Leia mais&#8230;<span class=\"screen-reader-text\"> from Nossa ag\u00eancia de tradu\u00e7\u00e3o em Buenos Aires<\/span><\/a><\/p>\n","protected":false},"author":52,"featured_media":19586,"parent":0,"menu_order":0,"comment_status":"closed","ping_status":"closed","template":"","meta":{"_acf_changed":false,"_editorskit_title_hidden":false,"_editorskit_reading_time":0,"_editorskit_is_block_options_detached":false,"_editorskit_block_options_position":"{}","footnotes":""},"class_list":["post-14123","page","type-page","status-publish","has-post-thumbnail","hentry"],"acf":[],"_links":{"self":[{"href":"https:\/\/culturesconnection.com\/pt-br\/wp-json\/wp\/v2\/pages\/14123","targetHints":{"allow":["GET"]}}],"collection":[{"href":"https:\/\/culturesconnection.com\/pt-br\/wp-json\/wp\/v2\/pages"}],"about":[{"href":"https:\/\/culturesconnection.com\/pt-br\/wp-json\/wp\/v2\/types\/page"}],"author":[{"embeddable":true,"href":"https:\/\/culturesconnection.com\/pt-br\/wp-json\/wp\/v2\/users\/52"}],"replies":[{"embeddable":true,"href":"https:\/\/culturesconnection.com\/pt-br\/wp-json\/wp\/v2\/comments?post=14123"}],"version-history":[{"count":0,"href":"https:\/\/culturesconnection.com\/pt-br\/wp-json\/wp\/v2\/pages\/14123\/revisions"}],"wp:featuredmedia":[{"embeddable":true,"href":"https:\/\/culturesconnection.com\/pt-br\/wp-json\/wp\/v2\/media\/19586"}],"wp:attachment":[{"href":"https:\/\/culturesconnection.com\/pt-br\/wp-json\/wp\/v2\/media?parent=14123"}],"curies":[{"name":"wp","href":"https:\/\/api.w.org\/{rel}","templated":true}]}}