{"id":13694,"date":"2018-12-18T15:58:33","date_gmt":"2018-12-18T13:58:33","guid":{"rendered":"http:\/\/culturesconnection.com\/?page_id=13694"},"modified":"2022-08-03T10:40:57","modified_gmt":"2022-08-03T08:40:57","slug":"uslugi-tlumaczen-z-jezyka-urdu","status":"publish","type":"page","link":"https:\/\/culturesconnection.com\/pl\/uslugi-tlumaczen-z-jezyka-urdu\/","title":{"rendered":"Us\u0142ugi t\u0142umacze\u0144 z j\u0119zyka urdu"},"content":{"rendered":"\n<h2 class=\"wp-block-heading\">Nasze us\u0142ugi t\u0142umacze\u0144 z j\u0119zyka urdu<\/h2>\n\n\n\n<p>Urdu jest j\u0119zykiem raczej ma\u0142o znanym og\u00f3\u0142owi spo\u0142ecze\u0144stwa na Zachodzie. Jednak\u017ce wi\u0119cej ni\u017c 165 milion\u00f3w ludzi pos\u0142uguje si\u0119 nim, zw\u0142aszcza w Indiach i Pakistanie. Wielu ludzi, kt\u00f3rych j\u0119zykiem ojczystym jest Urdu mieszka r\u00f3wnie\u017c w Bangladeszu, Zjednoczonych Emiratach Arabskich, Arabii Saudyjskiej, Wielkiej Brytanii, Kanadzie, Katarze i Francji. Istniej\u0105 potencjalni klienci, kt\u00f3rzy doceni\u0105 maj\u0105c dost\u0119p do tre\u015bci w ich w\u0142asnym j\u0119zyku. Na rynku pakista\u0144skim g\u0142\u00f3wnymi ga\u0142\u0119ziami przemys\u0142u jest w\u0142\u00f3kiennictwo, nawozy, cement, ropa i produkcja metali. Przemys\u0142 motoryzacyjny jest jedn\u0105 z rozwijaj\u0105cych si\u0119 bran\u017cy. Sektor farmaceutyczny Pakistanu przyci\u0105ga r\u00f3wnie\u017c wiele mi\u0119dzynarodowych firm i sta\u0142 si\u0119 jednym z g\u0142\u00f3wnych dzia\u0142\u00f3w przemys\u0142u kraju.<\/p>\n\n\n\n<h2 class=\"wp-block-heading\">Poszukujesz t\u0142umacza j\u0119zyka urdu?<\/h2>\n\n\n\n<p>Nasza <a href=\"https:\/\/culturesconnection.com\">agencja<\/a> <a href=\"https:\/\/culturesconnection.com\">t\u0142umaczeniowa<\/a> zgromadzi\u0142a wiele profesjonalnych t\u0142umaczy z polskiego i urdu. Rekrutujemy ich na podstawie do\u015bwiadczenia i sektora specjalizacji. Mamy pewno\u015b\u0107, \u017ce nasze us\u0142ugi t\u0142umaczeniowe s\u0105 nienagannej jako\u015bci, co sprawia, \u017ce powierzymy Twoje materia\u0142y prawdziwym specjalistom, kt\u00f3rych ojczystym <a href=\"https:\/\/culturesconnection.com\/professional-translation-languages-translated\/\">j\u0119zykiem<\/a>jest Urdu.<\/p>\n\n\n\n<h2 class=\"wp-block-heading\">Nasza agencja t\u0142umaczeniowa<\/h2>\n\n\n\n<p>Od 2007 roku podj\u0119li\u015bmy si\u0119 wszystkich rodzaj\u00f3w projekt\u00f3w, zaczynaj\u0105c od t\u0142umacze\u0144 naukowych ko\u0144cz\u0105c na t\u0142umaczeniach prawniczych, a nawet na audiowizualnych. Poni\u017cej znajduje si\u0119 kr\u00f3tka lista przyk\u0142adowych projekt\u00f3w, z kt\u00f3rymi mamy do czynienia na co dzie\u0144:<\/p>\n\n\n\n<ul class=\"wp-block-list\"><li>Us\u0142ugi t\u0142umacze\u0144 finansowych z urdu<\/li><li>Us\u0142ugi t\u0142umacze\u0144 biznesowych z urdu<\/li><li>Us\u0142ugi t\u0142umacze\u0144 naukowych z urdu<\/li><li>Us\u0142ugi t\u0142umacze\u0144 medycznych z urdu<\/li><li>Us\u0142ugi t\u0142umacze\u0144 technicznych z urdu<\/li><li>Us\u0142ugi t\u0142umacze\u0144 prawniczych z urdu<\/li><li>Us\u0142ugi t\u0142umacze\u0144 marketingowych z urdu<\/li><li>Us\u0142ugi t\u0142umacze\u0144 stron internetowych z urdu<\/li><li>Us\u0142ugi tworzenia napis\u00f3w z urdu<\/li><li>Us\u0142ugi t\u0142umacze\u0144 gier wideo z urdu<\/li><li>T\u0142umaczenia ekspresowe z urdu<\/li><\/ul>\n","protected":false},"excerpt":{"rendered":"<p>Nasze us\u0142ugi t\u0142umacze\u0144 z j\u0119zyka urdu Urdu jest j\u0119zykiem raczej ma\u0142o znanym og\u00f3\u0142owi spo\u0142ecze\u0144stwa na Zachodzie. Jednak\u017ce wi\u0119cej ni\u017c 165 milion\u00f3w ludzi pos\u0142uguje si\u0119 nim, [&#8230;]<\/p>\n<p><a class=\"btn btn-secondary understrap-read-more-link\" href=\"https:\/\/culturesconnection.com\/pl\/uslugi-tlumaczen-z-jezyka-urdu\/\">Czytaj dalej\u2026<span class=\"screen-reader-text\"> from Us\u0142ugi t\u0142umacze\u0144 z j\u0119zyka urdu<\/span><\/a><\/p>\n","protected":false},"author":22,"featured_media":23256,"parent":0,"menu_order":0,"comment_status":"closed","ping_status":"closed","template":"","meta":{"_acf_changed":false,"_editorskit_title_hidden":false,"_editorskit_reading_time":1,"_editorskit_is_block_options_detached":false,"_editorskit_block_options_position":"{}","footnotes":""},"class_list":["post-13694","page","type-page","status-publish","has-post-thumbnail","hentry"],"acf":[],"_links":{"self":[{"href":"https:\/\/culturesconnection.com\/pl\/wp-json\/wp\/v2\/pages\/13694","targetHints":{"allow":["GET"]}}],"collection":[{"href":"https:\/\/culturesconnection.com\/pl\/wp-json\/wp\/v2\/pages"}],"about":[{"href":"https:\/\/culturesconnection.com\/pl\/wp-json\/wp\/v2\/types\/page"}],"author":[{"embeddable":true,"href":"https:\/\/culturesconnection.com\/pl\/wp-json\/wp\/v2\/users\/22"}],"replies":[{"embeddable":true,"href":"https:\/\/culturesconnection.com\/pl\/wp-json\/wp\/v2\/comments?post=13694"}],"version-history":[{"count":0,"href":"https:\/\/culturesconnection.com\/pl\/wp-json\/wp\/v2\/pages\/13694\/revisions"}],"wp:featuredmedia":[{"embeddable":true,"href":"https:\/\/culturesconnection.com\/pl\/wp-json\/wp\/v2\/media\/23256"}],"wp:attachment":[{"href":"https:\/\/culturesconnection.com\/pl\/wp-json\/wp\/v2\/media?parent=13694"}],"curies":[{"name":"wp","href":"https:\/\/api.w.org\/{rel}","templated":true}]}}