{"id":13693,"date":"2018-12-18T10:45:35","date_gmt":"2018-12-18T08:45:35","guid":{"rendered":"http:\/\/culturesconnection.com\/?page_id=13693"},"modified":"2022-06-22T23:40:11","modified_gmt":"2022-06-22T21:40:11","slug":"uslugi-tlumaczen-gier-wideo-z-tureckiego","status":"publish","type":"page","link":"https:\/\/culturesconnection.com\/pl\/nasze-uslugi-tlumaczen-tureckich\/uslugi-tlumaczen-gier-wideo-z-tureckiego\/","title":{"rendered":"Us\u0142ugi t\u0142umacze\u0144 gier wideo z tureckiego"},"content":{"rendered":"\n<h2 class=\"wp-block-heading\">T\u0142umaczenie gier wideo z tureckiego: eksportuj swoj\u0105 gr\u0119 wideo<\/h2>\n\n\n\n<p>Dystrybucja gry wideo na inny rynek cz\u0119sto wymaga nieoczekiwanej pracy. W rzeczywisto\u015bci nie wystarcza przet\u0142umaczenie dialog\u00f3w z jednego j\u0119zyka na drugi, konieczne jest r\u00f3wnie\u017c przet\u0142umaczenie menu, inwentarzy, instrukcji, podr\u0119cznik\u00f3w, ok\u0142adek, materia\u0142\u00f3w reklamowych, itd. To jest naprawd\u0119 czasoch\u0142onna praca. Opr\u00f3cz t\u0142umaczenia gier wideo konieczne jest dostosowanie tre\u015bci i odniesie\u0144 kulturalnych do docelowych odbiorc\u00f3w. To dlatego wolimy u\u017cywa\u0107 terminu ,,lokalizacja gier wideo\u2019\u2019.<\/p>\n\n\n\n<h2 class=\"wp-block-heading\">Lokalizacja Twoich gier wideo na j\u0119zyk turecki<\/h2>\n\n\n\n<p>Chcia\u0142by\u015b zaoferowa\u0107 to samo multimedialne prze\u017cycie swojej tureckiej i polskoj\u0119zycznej publiczno\u015bci? W <a href=\"https:\/\/culturesconnection.com\/\">Cultures Connection<\/a>, posiadamy zesp\u00f3\u0142 t\u0142umaczy gier wideo z tureckiego, kt\u00f3ry mo\u017ce to dla Ciebie zrobi\u0107! Znacznie wi\u0119cej ni\u017c zwykli t\u0142umacze lub lokalizatorzy, wszyscy s\u0105 poch\u0142oni\u0119ci \u015bwiatem gier. Sami b\u0119d\u0105c graczami, maj\u0105 zdolno\u015b\u0107 do rozumienia potrzeb widz\u00f3w i zapewnienia jako\u015bciowej pracy. Jak tylko praca jest sko\u0144czona, gra jest testowana przez profesjonalist\u00f3w i nast\u0119pnie przeprowadzamy kontrol\u0119 jako\u015bci. Nasze <a href=\"https:\/\/culturesconnection.com\/pl\/profesjonalne-uslugi-tlumaczeniowe-we-wszystkich-jezykach\/\">us\u0142ugi t\u0142umaczeniowe<\/a> obejmuj\u0105 specjalizacj\u0119 w <a href=\"https:\/\/culturesconnection.com\/pl\/nasze-uslugi-tlumaczen-i-lokalizacji-gier-wideo\/\">lokalizacji gry wideo<\/a> w j\u0119zyku tureckim. Wszystkie projekty, kt\u00f3re nam powierzasz s\u0105 wykonywane z dok\u0142adno\u015bci\u0105.<\/p>\n\n\n\n<h2 class=\"wp-block-heading\">Nasze us\u0142ugi t\u0142umacze\u0144 gier wideo<\/h2>\n\n\n\n<p>Dzia\u0142alno\u015b\u0107 naszej agencji obejmuje t\u0142umaczenia r\u00f3\u017cnych rodzaj\u00f3w materia\u0142\u00f3w audiowizualnych, w tym:<\/p>\n\n\n\n<ul class=\"wp-block-list\"><li>T\u0142umaczenie gier wideo<\/li><li>Lokalizacja gier wideo<\/li><li>Zarz\u0105dzanie projektami<\/li><li>Tworzenie napis\u00f3w<\/li><li>Nagrywanie i dubbing<\/li><li>Kontrola jako\u015bci<\/li><\/ul>\n\n\n\n<h3 class=\"wp-block-heading\">&nbsp;T\u0142umaczenie gier wideo we wszystkich j\u0119zykach<\/h3>\n\n\n\n<ul class=\"wp-block-list\"><li><a href=\"https:\/\/culturesconnection.com\/pl\/francuskie-uslugi-tlumaczen-gier-wideo\/\">T\u0142umaczenie gier wideo na j\u0119zyk francuski<\/a><\/li><li><a href=\"https:\/\/culturesconnection.com\/pl\/?page_id=13497\">T\u0142umaczenie gier wideo na j\u0119zyk hiszpa\u0144ski<\/a><\/li><li><a href=\"https:\/\/culturesconnection.com\/pl\/niemieckie-tlumaczenia-gier-wideo\/\">T\u0142umaczenie gier wideo na j\u0119zyk niemiecki<\/a><\/li><li><a href=\"https:\/\/culturesconnection.com\/pl\/chinskie-uslugi-tlumaczen-gier-wideo\/\">T\u0142umaczenie gier wideo na j\u0119zyk chi\u0144ski<\/a><\/li><li><a href=\"https:\/\/culturesconnection.com\/pl\/arabskie-uslugi-tlumaczen-gier-wideo\/\">T\u0142umaczenie gier wideo na j\u0119zyk arabski<\/a><\/li><li><a href=\"https:\/\/culturesconnection.com\/pl\/?page_id=13493\">T\u0142umaczenie gier wideo na j\u0119zyk portugalski<\/a><\/li><li><a href=\"https:\/\/culturesconnection.com\/pl\/wloskie-tlumaczenia-gier-wideo\/\">T\u0142umaczenie gier wideo na j\u0119zyk w\u0142oski<\/a><\/li><li><a href=\"https:\/\/culturesconnection.com\/dutch-video-games-translation-services\/\">T\u0142umaczenie gier wideo na j\u0119zyk niderlandzki<\/a><\/li><li><a href=\"https:\/\/culturesconnection.com\/pl\/japonskie-uslugi-tlumaczen-gier-wideo\/\">T\u0142umaczenie gier wideo na j\u0119zyk japo\u0144ski<\/a><\/li><li><a href=\"https:\/\/culturesconnection.com\/pl\/?page_id=13495\">T\u0142umaczenie gier wideo na j\u0119zyk rosyjski<\/a><\/li><\/ul>\n","protected":false},"excerpt":{"rendered":"<p>T\u0142umaczenie gier wideo z tureckiego: eksportuj swoj\u0105 gr\u0119 wideo Dystrybucja gry wideo na inny rynek cz\u0119sto wymaga nieoczekiwanej pracy. W rzeczywisto\u015bci nie wystarcza przet\u0142umaczenie dialog\u00f3w [&#8230;]<\/p>\n<p><a class=\"btn btn-secondary understrap-read-more-link\" href=\"https:\/\/culturesconnection.com\/pl\/nasze-uslugi-tlumaczen-tureckich\/uslugi-tlumaczen-gier-wideo-z-tureckiego\/\">Czytaj dalej\u2026<span class=\"screen-reader-text\"> from Us\u0142ugi t\u0142umacze\u0144 gier wideo z tureckiego<\/span><\/a><\/p>\n","protected":false},"author":22,"featured_media":0,"parent":11786,"menu_order":0,"comment_status":"closed","ping_status":"closed","template":"","meta":{"_acf_changed":false,"_editorskit_title_hidden":false,"_editorskit_reading_time":0,"_editorskit_is_block_options_detached":false,"_editorskit_block_options_position":"{}","footnotes":""},"class_list":["post-13693","page","type-page","status-publish","hentry"],"acf":[],"_links":{"self":[{"href":"https:\/\/culturesconnection.com\/pl\/wp-json\/wp\/v2\/pages\/13693","targetHints":{"allow":["GET"]}}],"collection":[{"href":"https:\/\/culturesconnection.com\/pl\/wp-json\/wp\/v2\/pages"}],"about":[{"href":"https:\/\/culturesconnection.com\/pl\/wp-json\/wp\/v2\/types\/page"}],"author":[{"embeddable":true,"href":"https:\/\/culturesconnection.com\/pl\/wp-json\/wp\/v2\/users\/22"}],"replies":[{"embeddable":true,"href":"https:\/\/culturesconnection.com\/pl\/wp-json\/wp\/v2\/comments?post=13693"}],"version-history":[{"count":0,"href":"https:\/\/culturesconnection.com\/pl\/wp-json\/wp\/v2\/pages\/13693\/revisions"}],"up":[{"embeddable":true,"href":"https:\/\/culturesconnection.com\/pl\/wp-json\/wp\/v2\/pages\/11786"}],"wp:attachment":[{"href":"https:\/\/culturesconnection.com\/pl\/wp-json\/wp\/v2\/media?parent=13693"}],"curies":[{"name":"wp","href":"https:\/\/api.w.org\/{rel}","templated":true}]}}