{"id":13692,"date":"2018-12-18T14:12:32","date_gmt":"2018-12-18T12:12:32","guid":{"rendered":"http:\/\/culturesconnection.com\/?page_id=13692"},"modified":"2022-06-22T03:11:26","modified_gmt":"2022-06-22T01:11:26","slug":"uslugi-tlumaczen-marketingowych-z-tureckiego","status":"publish","type":"page","link":"https:\/\/culturesconnection.com\/pl\/nasze-uslugi-tlumaczen-tureckich\/uslugi-tlumaczen-marketingowych-z-tureckiego\/","title":{"rendered":"Us\u0142ugi t\u0142umacze\u0144 marketingowych z tureckiego"},"content":{"rendered":"\n<h2 class=\"wp-block-heading\">Nasze us\u0142ugi t\u0142umacze\u0144 marketingowych z tureckiego<\/h2>\n\n\n\n<p>W t\u0142umaczeniu marketingowym wa\u017cne jest raczej rozwa\u017cenie przes\u0142ania tekstu \u017ar\u00f3d\u0142owego ni\u017c s\u0142\u00f3w jakie zawiera. W\u0142a\u015bnie dlatego, nie chodzi o transpozycj\u0119 s\u0142\u00f3w z jednego j\u0119zyka na drugi, ale raczej o dostosowanie wiadomo\u015bci zgodnie z czynnikami spo\u0142eczno-kulturowymi odbiorc\u00f3w docelowych: reklama nie jest wykonywana w ten sam spos\u00f3b w Polsce, USA czy Turcji. Dla tych powod\u00f3w \u0142atwiej jest m\u00f3wi\u0107 o lokalizacji marketingowej ni\u017c o t\u0142umaczeniu marketingowym. Celem tych tekst\u00f3w jest wzbudzenie zainteresowania rynku docelowego i zwi\u0119kszenia sprzeda\u017cy. Jednak\u017ce, nale\u017cy by\u0107 czujnym, gdy\u017c b\u0142\u0119dne t\u0142umaczenie mo\u017ce przynie\u015b\u0107 odwrotny efekt i zaszkodzi\u0107 wizerunkowi Twojej firmy.<\/p>\n\n\n\n<h2 class=\"wp-block-heading\">Nasza agencja t\u0142umacze\u0144<\/h2>\n\n\n\n<p>Kto jest w stanie lepiej sobie poradzi\u0107 z Twoim projektem ni\u017c t\u0142umacz od dokument\u00f3w marketingowych, kt\u00f3ry pochodzi z rynku jaki jest Twoim celem? Z <a href=\"https:\/\/culturesconnection.com\/\">Cultures Connection<\/a>, jest to mo\u017cliwe. W ramach naszej rozleg\u0142ej sieci specjalist\u00f3w j\u0119zykowych i szerokiego zakresu <a href=\"https:\/\/culturesconnection.com\/pl\/profesjonalne-uslugi-tlumaczeniowe-we-wszystkich-jezykach\/\">us\u0142ug t\u0142umaczeniowych<\/a>, znajdziesz tureckiego t\u0142umacza specjalizuj\u0105cego si\u0119 w <a href=\"https:\/\/culturesconnection.com\/pl\/nasze-uslugi-tlumaczen-marketingowych\/\">t\u0142umaczeniu marketingowym<\/a> jakiego potrzebujesz: eksperta bieg\u0142ego z polskiego i tureckiego, kt\u00f3ry bardzo dobrze zna kultury tych j\u0119zyk\u00f3w wsp\u00f3lnie z realiami rynku, gdzie planujesz za\u0142o\u017cy\u0107 dzia\u0142alno\u015b\u0107. Dla lokalizacji Twoich materia\u0142\u00f3w z tureckiego, wyb\u00f3r naszej agencji t\u0142umaczeniowej zapewni jako\u015bciow\u0105 prac\u0119.<\/p>\n\n\n\n<h2 class=\"wp-block-heading\">T\u0142umaczenie dokument\u00f3w marketingowych na j\u0119zyk turecki<\/h2>\n\n\n\n<p>Poni\u017cej prezentujemy kilka przyk\u0142ad\u00f3w dokument\u00f3w marketingowych, jakie nasza agencja t\u0142umaczeniowa ju\u017c przet\u0142umaczy\u0142a:<\/p>\n\n\n\n<ul class=\"wp-block-list\"><li>Broszury<\/li><li>Materia\u0142y reklamowe<\/li><li>Newslettery<\/li><li>Strony e-commerce<\/li><li>Ulotki<\/li><li>Kampanie marketingowe<\/li><li>Reklamy<\/li><li>Strony internetowe<\/li><li>Slogany<\/li><li>Logotypy<\/li><li>Prezentacje<\/li><li>Wprowadzenie produktu na rynek<\/li><li>Komunikaty prasowe<\/li><li>E-booki<\/li><\/ul>\n\n\n\n<h3 class=\"wp-block-heading\">&nbsp;T\u0142umaczenia marketingowe we wszystkich j\u0119zykach<\/h3>\n\n\n\n<ul class=\"wp-block-list\"><li><a href=\"https:\/\/culturesconnection.com\/pl\/nasze-francuskie-uslugi-tlumaczen-marketingowych\/\">T\u0142umaczenia marketingowe na j\u0119zyk francuski<\/a><\/li><li><a href=\"https:\/\/culturesconnection.com\/pl\/?page_id=13496\">T\u0142umaczenia marketingowe na j\u0119zyk hiszpa\u0144ski<\/a><\/li><li><a href=\"https:\/\/culturesconnection.com\/pl\/nasze-niemieckie-tlumaczenia-marketingowe\/\">T\u0142umaczenia marketingowe na j\u0119zyk niemiecki<\/a><\/li><li><a href=\"https:\/\/culturesconnection.com\/pl\/nasze-chinskie-tlumaczenia-marketingowe\/\">T\u0142umaczenia marketingowe na j\u0119zyk chi\u0144ski<\/a><\/li><li><a href=\"https:\/\/culturesconnection.com\/pl\/nasze-uslugi-arabskich-tlumaczen-marketingowych\/\">T\u0142umaczenia marketingowe na j\u0119zyk arabski<\/a><\/li><li><a href=\"https:\/\/culturesconnection.com\/pl\/nasze-portugalskie-tlumaczenia-marketingowe\/\">T\u0142umaczenia marketingowe na j\u0119zyk portugalski<\/a><\/li><li><a href=\"https:\/\/culturesconnection.com\/pl\/nasze-wloskie-tlumaczenia-marketingowe\/\">T\u0142umaczenia marketingowe na j\u0119zyk w\u0142oski<\/a><\/li><li><a href=\"https:\/\/culturesconnection.com\/pl\/nasze-niderlandzkie-uslugi-tlumaczen-marketingowych\/\">T\u0142umaczenia marketingowe na j\u0119zyk niderlandzki<\/a><\/li><li><a href=\"https:\/\/culturesconnection.com\/pl\/nasze-uslugi-tlumaczen-marketingowych-z-japonskiego\/\">T\u0142umaczenia marketingowe na j\u0119zyk japo\u0144ski<\/a><\/li><li><a href=\"https:\/\/culturesconnection.com\/pl\/?page_id=13691\">T\u0142umaczenia marketingowe na j\u0119zyk rosyjski<\/a><\/li><\/ul>\n","protected":false},"excerpt":{"rendered":"<p>Nasze us\u0142ugi t\u0142umacze\u0144 marketingowych z tureckiego W t\u0142umaczeniu marketingowym wa\u017cne jest raczej rozwa\u017cenie przes\u0142ania tekstu \u017ar\u00f3d\u0142owego ni\u017c s\u0142\u00f3w jakie zawiera. W\u0142a\u015bnie dlatego, nie chodzi o [&#8230;]<\/p>\n<p><a class=\"btn btn-secondary understrap-read-more-link\" href=\"https:\/\/culturesconnection.com\/pl\/nasze-uslugi-tlumaczen-tureckich\/uslugi-tlumaczen-marketingowych-z-tureckiego\/\">Czytaj dalej\u2026<span class=\"screen-reader-text\"> from Us\u0142ugi t\u0142umacze\u0144 marketingowych z tureckiego<\/span><\/a><\/p>\n","protected":false},"author":22,"featured_media":24334,"parent":11786,"menu_order":0,"comment_status":"closed","ping_status":"closed","template":"","meta":{"_acf_changed":false,"_editorskit_title_hidden":false,"_editorskit_reading_time":0,"_editorskit_is_block_options_detached":false,"_editorskit_block_options_position":"{}","footnotes":""},"class_list":["post-13692","page","type-page","status-publish","has-post-thumbnail","hentry"],"acf":[],"_links":{"self":[{"href":"https:\/\/culturesconnection.com\/pl\/wp-json\/wp\/v2\/pages\/13692","targetHints":{"allow":["GET"]}}],"collection":[{"href":"https:\/\/culturesconnection.com\/pl\/wp-json\/wp\/v2\/pages"}],"about":[{"href":"https:\/\/culturesconnection.com\/pl\/wp-json\/wp\/v2\/types\/page"}],"author":[{"embeddable":true,"href":"https:\/\/culturesconnection.com\/pl\/wp-json\/wp\/v2\/users\/22"}],"replies":[{"embeddable":true,"href":"https:\/\/culturesconnection.com\/pl\/wp-json\/wp\/v2\/comments?post=13692"}],"version-history":[{"count":0,"href":"https:\/\/culturesconnection.com\/pl\/wp-json\/wp\/v2\/pages\/13692\/revisions"}],"up":[{"embeddable":true,"href":"https:\/\/culturesconnection.com\/pl\/wp-json\/wp\/v2\/pages\/11786"}],"wp:featuredmedia":[{"embeddable":true,"href":"https:\/\/culturesconnection.com\/pl\/wp-json\/wp\/v2\/media\/24334"}],"wp:attachment":[{"href":"https:\/\/culturesconnection.com\/pl\/wp-json\/wp\/v2\/media?parent=13692"}],"curies":[{"name":"wp","href":"https:\/\/api.w.org\/{rel}","templated":true}]}}