{"id":13689,"date":"2018-12-17T17:49:51","date_gmt":"2018-12-17T15:49:51","guid":{"rendered":"http:\/\/culturesconnection.com\/?page_id=13689"},"modified":"2022-06-21T01:29:46","modified_gmt":"2022-06-20T23:29:46","slug":"uslugi-tlumaczen-finansowych-z-portugalskiego","status":"publish","type":"page","link":"https:\/\/culturesconnection.com\/pl\/nasze-uslugi-tlumaczeniowe-z-portugalskiego\/uslugi-tlumaczen-finansowych-z-portugalskiego\/","title":{"rendered":"Us\u0142ugi t\u0142umacze\u0144 finansowych z portugalskiego"},"content":{"rendered":"\n<h2 class=\"wp-block-heading\">Praca wykonana przez specjalist\u00f3w od polsko-portugalskich t\u0142umacze\u0144 finansowych<\/h2>\n\n\n\n<p>T\u0142umaczenie finansowe jest skomplikowanym i technicznym zadaniem, kt\u00f3re wymaga fachowej wiedzy z terminologii i koncepcji zwi\u0105zanych z sektorem finansowym. W tej dziedzinie t\u0142umacz musi by\u0107 kompetentny, do\u015bwiadczony, dok\u0142adny i zdyscyplinowany. Nie mo\u017ce sobie pozwoli\u0107 na pope\u0142nienie jakiegokolwiek b\u0142\u0119du, poniewa\u017c mog\u0105 one prowadzi\u0107 do nieporozumie\u0144 dla czytelnika. W celu unikni\u0119cia tej frustruj\u0105cej sytuacji, nasze <a href=\"https:\/\/culturesconnection.com\/\">biuro t\u0142umacze\u0144<\/a> oferuje us\u0142ugi profesjonalnych t\u0142umaczy specjalizuj\u0105cych si\u0119 w t\u0142umaczeniach finansowych na portugalski i wybieranych na podstawie ich do\u015bwiadczenia, poziomu wykszta\u0142cenia i kwalifikacji. Wszyscy maj\u0105 kilkana\u015bcie lat do\u015bwiadczenia w \u015brodowisku t\u0142umacze\u0144 finansowych i s\u0105 biegli z polskiego i portugalskiego.<\/p>\n\n\n\n<h2 class=\"wp-block-heading\">Potrzebujesz agencji t\u0142umacze\u0144 finansowych?<\/h2>\n\n\n\n<p>Wybieraj\u0105c nasze biuro t\u0142umacze\u0144 dla Twoich portugalskich t\u0142umacze\u0144 finansowych decydujesz si\u0119 na niezawodno\u015b\u0107, jako\u015b\u0107 i terminowo\u015b\u0107. Cultures Connection ma wieloletnie do\u015bwiadczenie w tej dziedzinie i oferuje znakomite <a href=\"https:\/\/culturesconnection.com\/pl\/profesjonalne-uslugi-tlumaczeniowe-we-wszystkich-jezykach\/\">us\u0142ugi t\u0142umaczeniowe<\/a>. Wszystkie projekty s\u0105 realizowane przez do\u015bwiadczonych t\u0142umaczy i korektor\u00f3w, kt\u00f3rzy mog\u0105 sprosta\u0107 Twoim potrzebom oferuj\u0105c Ci najlepsz\u0105 cen\u0119 na rynku. Maj\u0105 niezwykle szczeg\u00f3\u0142ow\u0105 znajomo\u015b\u0107 ich dziedziny i post\u0119puj\u0105 zgodnie z warto\u015bciami naszej firmy.<\/p>\n\n\n\n<h2 class=\"wp-block-heading\">Twoje dokumenty finansowe z j\u0119zyka portugalskiego<\/h2>\n\n\n\n<p>Oto niekt\u00f3re przyk\u0142ady <a href=\"https:\/\/culturesconnection.com\/pl\/nasze-tlumaczenia-dokumentow-finansowych\/\">dokument\u00f3w finansowych<\/a>, kt\u00f3re przek\u0142adamy z i na j\u0119zyk portugalski:<\/p>\n\n\n\n<ul class=\"wp-block-list\"><li>Dokumenty zawieraj\u0105ce kluczowe informacje dla inwestor\u00f3w<\/li><li>Ulotki<\/li><li>Sprawozdania finansowe funduszy inwestycyjnych<\/li><li>Sprawozdania z dzia\u0142alno\u015bci<\/li><li>Bilanse<\/li><li>Gie\u0142dy papier\u00f3w warto\u015bciowych<\/li><li>Dokumenty bankowe<\/li><li>Dokumenty zawieraj\u0105ce informacje finansowe<\/li><li>Dokumenty dochodzeniowe<\/li><li>Dokumenty dotycz\u0105ce zarz\u0105dzania ryzykiem i zarz\u0105dzania aktywami<\/li><li>Sprawozdania z audytu<\/li><li>Teksty dotycz\u0105ce fuzji i przej\u0119\u0107<\/li><\/ul>\n\n\n\n<h3 class=\"wp-block-heading\">&nbsp;T\u0142umaczenia finansowe we wszystkich j\u0119zykach<\/h3>\n\n\n\n<ul class=\"wp-block-list\"><li><a href=\"https:\/\/culturesconnection.com\/pl\/nasze-francuskie-uslugi-tlumaczen-finansowych\/\">T\u0142umaczenia finansowe na j\u0119zyk francuski<\/a><\/li><li><a href=\"https:\/\/culturesconnection.com\/pl\/nasze-uslugi-tlumaczen-finansowych-z-jezyka-hiszpanskiego\/\">T\u0142umaczenia finansowe na j\u0119zyk hiszpa\u0144ski<\/a><\/li><li><a href=\"https:\/\/culturesconnection.com\/pl\/nasze-niemieckie-tlumaczenia-finansowe\/\">T\u0142umaczenia finansowe na j\u0119zyk niemiecki<\/a><\/li><li><a href=\"https:\/\/culturesconnection.com\/pl\/nasze-uslugi-chinskich-tlumaczen-finansowych\/\">T\u0142umaczenia finansowe na j\u0119zyk chi\u0144ski<\/a><\/li><li><a href=\"https:\/\/culturesconnection.com\/pl\/nasze-arabskie-uslugi-tlumaczen-finansowych\/\">T\u0142umaczenia finansowe na j\u0119zyk arabski<\/a><\/li><li><a href=\"https:\/\/culturesconnection.com\/pl\/nasze-wloskie-uslugi-tlumaczen-finansowych\/\">T\u0142umaczenia finansowe na j\u0119zyk w\u0142oski<\/a><\/li><li><a href=\"https:\/\/culturesconnection.com\/pl\/nasze-niderlandzkie-uslugi-tlumaczen-finansowych\/\">T\u0142umaczenia finansowe na j\u0119zyk niderlandzki<\/a><\/li><li><a href=\"https:\/\/culturesconnection.com\/pl\/nasze-uslugi-tlumaczen-finansowych-z-tureckiego\/\">T\u0142umaczenia finansowe na j\u0119zyk turecki<\/a><\/li><li><a href=\"https:\/\/culturesconnection.com\/pl\/nasze-japonskie-uslugi-tlumaczen-finansowych\/\">T\u0142umaczenia finansowe na j\u0119zyk japo\u0144ski<\/a><\/li><li><a href=\"https:\/\/culturesconnection.com\/pl\/nasze-tlumaczenia-finansowe-z-jezyka-rosyjskiego\/\">T\u0142umaczenia finansowe na j\u0119zyk rosyjski<\/a><\/li><\/ul>\n","protected":false},"excerpt":{"rendered":"<p>Praca wykonana przez specjalist\u00f3w od polsko-portugalskich t\u0142umacze\u0144 finansowych T\u0142umaczenie finansowe jest skomplikowanym i technicznym zadaniem, kt\u00f3re wymaga fachowej wiedzy z terminologii i koncepcji zwi\u0105zanych z [&#8230;]<\/p>\n<p><a class=\"btn btn-secondary understrap-read-more-link\" href=\"https:\/\/culturesconnection.com\/pl\/nasze-uslugi-tlumaczeniowe-z-portugalskiego\/uslugi-tlumaczen-finansowych-z-portugalskiego\/\">Czytaj dalej\u2026<span class=\"screen-reader-text\"> from Us\u0142ugi t\u0142umacze\u0144 finansowych z portugalskiego<\/span><\/a><\/p>\n","protected":false},"author":22,"featured_media":24334,"parent":11425,"menu_order":0,"comment_status":"closed","ping_status":"closed","template":"","meta":{"_acf_changed":false,"_editorskit_title_hidden":false,"_editorskit_reading_time":0,"_editorskit_is_block_options_detached":false,"_editorskit_block_options_position":"{}","footnotes":""},"class_list":["post-13689","page","type-page","status-publish","has-post-thumbnail","hentry"],"acf":[],"_links":{"self":[{"href":"https:\/\/culturesconnection.com\/pl\/wp-json\/wp\/v2\/pages\/13689","targetHints":{"allow":["GET"]}}],"collection":[{"href":"https:\/\/culturesconnection.com\/pl\/wp-json\/wp\/v2\/pages"}],"about":[{"href":"https:\/\/culturesconnection.com\/pl\/wp-json\/wp\/v2\/types\/page"}],"author":[{"embeddable":true,"href":"https:\/\/culturesconnection.com\/pl\/wp-json\/wp\/v2\/users\/22"}],"replies":[{"embeddable":true,"href":"https:\/\/culturesconnection.com\/pl\/wp-json\/wp\/v2\/comments?post=13689"}],"version-history":[{"count":0,"href":"https:\/\/culturesconnection.com\/pl\/wp-json\/wp\/v2\/pages\/13689\/revisions"}],"up":[{"embeddable":true,"href":"https:\/\/culturesconnection.com\/pl\/wp-json\/wp\/v2\/pages\/11425"}],"wp:featuredmedia":[{"embeddable":true,"href":"https:\/\/culturesconnection.com\/pl\/wp-json\/wp\/v2\/media\/24334"}],"wp:attachment":[{"href":"https:\/\/culturesconnection.com\/pl\/wp-json\/wp\/v2\/media?parent=13689"}],"curies":[{"name":"wp","href":"https:\/\/api.w.org\/{rel}","templated":true}]}}