{"id":13495,"date":"2018-12-14T11:17:40","date_gmt":"2018-12-14T09:17:40","guid":{"rendered":"http:\/\/culturesconnection.com\/?page_id=13495"},"modified":"2022-06-22T23:15:51","modified_gmt":"2022-06-22T21:15:51","slug":"nasze-tlumaczenia-gier-wideo-z-rosyjskiego","status":"publish","type":"page","link":"https:\/\/culturesconnection.com\/pl\/nasze-tlumaczenia-z-jezyka-rosyjskiego\/nasze-tlumaczenia-gier-wideo-z-rosyjskiego\/","title":{"rendered":"Us\u0142ugi t\u0142umacze\u0144 gier wideo z rosyjskiego"},"content":{"rendered":"\n<h2 class=\"wp-block-heading\">T\u0142umaczenia gier wideo z rosyjskiego: eksportuj swoje gry wideo<\/h2>\n\n\n\n<p>Generalnie podczas gry, rosyjscy gracze wol\u0105, aby by\u0142a ona w ich j\u0119zyku ojczystym, \u017ceby lepiej zrozumie\u0107 napisy i subtelno\u015bci j\u0119zykowe. W ten spos\u00f3b zatracaj\u0105 si\u0119 w tym wirtualnym \u015bwiecie i mog\u0105 cieszy\u0107 si\u0119 zoptymalizowanym do\u015bwiadczeniem. Dlatego t\u0142umaczenie Twoich gier wideo na rosyjski jest koniecznym procesem dla ich dystrybucji. Praca adaptacyjna musi by\u0107 wykonana przez kompetentnych ludzi z do\u015bwiadczeniem w bran\u017cy i pog\u0142\u0119bion\u0105 znajomo\u015bci\u0105 kultury rynku, na kt\u00f3ry chcia\u0142by\u015b dystrybuowa\u0107 swoj\u0105 gr\u0119. Aby lokalizacja odnios\u0142a sukces, musi by\u0107 zgodna z lokaln\u0105 kultur\u0105.<\/p>\n\n\n\n<h2 class=\"wp-block-heading\">Lokalizacja Twoich gier wideo w j\u0119zyku rosyjskim<\/h2>\n\n\n\n<p><a href=\"https:\/\/culturesconnection.com\/\">Cultures Connection<\/a> wsp\u00f3\u0142pracuje z prawdziwymi specjalistami od lokalizacji gier wideo z rosyjskiego. Nasi lokalizatorzy pochodz\u0105 z tego rynku i s\u0105 mi\u0142o\u015bnikami \u015bwiata gier wideo. S\u0105 zobowi\u0105zani by\u0107 ich mi\u0142o\u015bnikami, poniewa\u017c opr\u00f3cz t\u0142umaczenia tekstu musz\u0105 r\u00f3wnie\u017c zmierzy\u0107 si\u0119 z interfejsem i materia\u0142ami komunikacyjnymi. Nie tylko t\u0142umaczymy Twoje gry wideo na rosyjski, dostosowujemy je do lokalnej kultury, jednocze\u015bnie szanuj\u0105c oryginalne znaczenia jakie deweloper nada\u0142 grze. Wybieraj\u0105c nasze <a href=\"https:\/\/culturesconnection.com\/pl\/profesjonalne-uslugi-tlumaczeniowe-we-wszystkich-jezykach\/\">us\u0142ugi t\u0142umaczeniowe<\/a> to zapewnienie jako\u015bci pracy wykonanej przez profesjonalist\u00f3w z bran\u017cy.<\/p>\n\n\n\n<h2 class=\"wp-block-heading\">Nasze us\u0142ugi t\u0142umacze\u0144 gier wideo<\/h2>\n\n\n\n<p><a href=\"https:\/\/culturesconnection.com\/pl\/nasze-uslugi-tlumaczen-i-lokalizacji-gier-wideo\/\">Us\u0142ugi lokalizacji gier wideo<\/a>, kt\u00f3re oferujemy s\u0105 nast\u0119puj\u0105ce:<\/p>\n\n\n\n<ul class=\"wp-block-list\"><li>T\u0142umaczenie gier wideo<\/li><li>Lokalizacja gier wideo<\/li><li>Zarz\u0105dzanie projektami<\/li><li>Tworzenie napis\u00f3w<\/li><li>Nagrywanie i dubbing<\/li><li>Kontrola jako\u015bci<\/li><\/ul>\n\n\n\n<h3 class=\"wp-block-heading\">&nbsp;T\u0142umaczenie gier wideo we wszystkich j\u0119zykach<\/h3>\n\n\n\n<ul class=\"wp-block-list\"><li><a href=\"https:\/\/culturesconnection.com\/pl\/francuskie-uslugi-tlumaczen-gier-wideo\/\">T\u0142umaczenie gier wideo na j\u0119zyk francuski<\/a><\/li><li><a href=\"https:\/\/culturesconnection.com\/pl\/?page_id=13497\">T\u0142umaczenie gier wideo na j\u0119zyk hiszpa\u0144ski<\/a><\/li><li><a href=\"https:\/\/culturesconnection.com\/pl\/niemieckie-tlumaczenia-gier-wideo\/\">T\u0142umaczenie gier wideo na j\u0119zyk niemiecki<\/a><\/li><li><a href=\"https:\/\/culturesconnection.com\/pl\/chinskie-uslugi-tlumaczen-gier-wideo\/\">T\u0142umaczenie gier wideo na j\u0119zyk chi\u0144ski<\/a><\/li><li><a href=\"https:\/\/culturesconnection.com\/pl\/arabskie-uslugi-tlumaczen-gier-wideo\/\">T\u0142umaczenie gier wideo na j\u0119zyk arabski<\/a><\/li><li><a href=\"https:\/\/culturesconnection.com\/pl\/?page_id=13493\">T\u0142umaczenie gier wideo na j\u0119zyk portugalski<\/a><\/li><li><a href=\"https:\/\/culturesconnection.com\/pl\/wloskie-tlumaczenia-gier-wideo\/\">T\u0142umaczenie gier wideo na j\u0119zyk w\u0142oski<\/a><\/li><li><a href=\"https:\/\/culturesconnection.com\/dutch-video-games-translation-services\/\">T\u0142umaczenie gier wideo na j\u0119zyk niderlandzki<\/a><\/li><li><a href=\"https:\/\/culturesconnection.com\/pl\/?page_id=13693\">T\u0142umaczenie gier wideo na j\u0119zyk turecki<\/a><\/li><li><a href=\"https:\/\/culturesconnection.com\/pl\/japonskie-uslugi-tlumaczen-gier-wideo\/\">T\u0142umaczenie gier wideo na j\u0119zyk japo\u0144ski<\/a><\/li><\/ul>\n","protected":false},"excerpt":{"rendered":"<p>T\u0142umaczenia gier wideo z rosyjskiego: eksportuj swoje gry wideo Generalnie podczas gry, rosyjscy gracze wol\u0105, aby by\u0142a ona w ich j\u0119zyku ojczystym, \u017ceby lepiej zrozumie\u0107 [&#8230;]<\/p>\n<p><a class=\"btn btn-secondary understrap-read-more-link\" href=\"https:\/\/culturesconnection.com\/pl\/nasze-tlumaczenia-z-jezyka-rosyjskiego\/nasze-tlumaczenia-gier-wideo-z-rosyjskiego\/\">Czytaj dalej\u2026<span class=\"screen-reader-text\"> from Us\u0142ugi t\u0142umacze\u0144 gier wideo z rosyjskiego<\/span><\/a><\/p>\n","protected":false},"author":22,"featured_media":24334,"parent":11428,"menu_order":0,"comment_status":"closed","ping_status":"closed","template":"","meta":{"_acf_changed":false,"_editorskit_title_hidden":false,"_editorskit_reading_time":0,"_editorskit_is_block_options_detached":false,"_editorskit_block_options_position":"{}","footnotes":""},"class_list":["post-13495","page","type-page","status-publish","has-post-thumbnail","hentry"],"acf":[],"_links":{"self":[{"href":"https:\/\/culturesconnection.com\/pl\/wp-json\/wp\/v2\/pages\/13495","targetHints":{"allow":["GET"]}}],"collection":[{"href":"https:\/\/culturesconnection.com\/pl\/wp-json\/wp\/v2\/pages"}],"about":[{"href":"https:\/\/culturesconnection.com\/pl\/wp-json\/wp\/v2\/types\/page"}],"author":[{"embeddable":true,"href":"https:\/\/culturesconnection.com\/pl\/wp-json\/wp\/v2\/users\/22"}],"replies":[{"embeddable":true,"href":"https:\/\/culturesconnection.com\/pl\/wp-json\/wp\/v2\/comments?post=13495"}],"version-history":[{"count":0,"href":"https:\/\/culturesconnection.com\/pl\/wp-json\/wp\/v2\/pages\/13495\/revisions"}],"up":[{"embeddable":true,"href":"https:\/\/culturesconnection.com\/pl\/wp-json\/wp\/v2\/pages\/11428"}],"wp:featuredmedia":[{"embeddable":true,"href":"https:\/\/culturesconnection.com\/pl\/wp-json\/wp\/v2\/media\/24334"}],"wp:attachment":[{"href":"https:\/\/culturesconnection.com\/pl\/wp-json\/wp\/v2\/media?parent=13495"}],"curies":[{"name":"wp","href":"https:\/\/api.w.org\/{rel}","templated":true}]}}