{"id":13394,"date":"2018-12-11T17:47:05","date_gmt":"2018-12-11T15:47:05","guid":{"rendered":"http:\/\/culturesconnection.com\/?page_id=13394"},"modified":"2022-06-21T06:34:28","modified_gmt":"2022-06-21T04:34:28","slug":"uslugi-tlumaczen-naukowych-z-portugalskiego","status":"publish","type":"page","link":"https:\/\/culturesconnection.com\/pl\/nasze-uslugi-tlumaczeniowe-z-portugalskiego\/uslugi-tlumaczen-naukowych-z-portugalskiego\/","title":{"rendered":"Us\u0142ugi t\u0142umacze\u0144 naukowych z portugalskiego"},"content":{"rendered":"\n<h2 class=\"wp-block-heading\">Specjali\u015bci od t\u0142umacze\u0144 naukowych z polskiego na portugalski do Twojej dyspozycji<\/h2>\n\n\n\n<p>Je\u015bli chodzi o powierzenie t\u0142umaczenia naukowego z portugalskiego <a href=\"https:\/\/culturesconnection.com\/\">agencji t\u0142umacze\u0144<\/a>, wa\u017cne jest, aby mie\u0107 pewno\u015b\u0107, \u017ce Tw\u00f3j projekt zostanie przypisany do wykwalifikowanych specjalist\u00f3w. Wszystkie dokumenty naukowe zawieraj\u0105 specyficzn\u0105 terminologi\u0119, nie wa\u017cne czy mamy do czynienia z biotechnologi\u0105, manipulacjami DNA czy bior\u00f3\u017cnorodno\u015bci\u0105. Je\u015bli chcia\u0142by\u015b uzyska\u0107 bezb\u0142\u0119dne wyniki Tw\u00f3j projekt musi by\u0107 przekazany specjali\u015bcie od t\u0142umacze\u0144 naukowych, kt\u00f3ry t\u0142umaczy z portugalskiego lub na portugalski. Przesta\u0144 szuka\u0107 cennego skarbu &#8211; nie mo\u017ce by\u0107 nigdzie indziej ni\u017c w naszej agencji. Nasz\u0105 rol\u0105 jest wyb\u00f3r najlepszego t\u0142umacza naukowego i wspieranie Ciebie od otrzymania a\u017c do dostarczenia dokument\u00f3w.<\/p>\n\n\n\n<h2 class=\"wp-block-heading\">Nasza agencja t\u0142umacze\u0144<\/h2>\n\n\n\n<p>Nasze biuro t\u0142umacze\u0144 oferuje us\u0142ugi wielu t\u0142umaczy polsko-portugalskich i portugalsko-polskich, specjalizuj\u0105cych si\u0119 w t\u0142umaczeniach naukowych. Ponadto nasz kierownik projektu b\u0119dzie monitorowa\u0107 operacje i zapewni wszystkiemu p\u0142ynny przebieg. Ju\u017c zanim t\u0142umacz rozpocznie prac\u0119, zostanie przeprowadzona szczeg\u00f3\u0142owa analiza terminologii w celu dostarczenia klientowi t\u0142umaczenia o wysokiej jako\u015bci. Wiemy, \u017ce jedno s\u0142owo mo\u017ce mie\u0107 r\u00f3\u017cne t\u0142umaczenia, co sprawia, \u017ce upewniamy si\u0119 czy nasi t\u0142umacze wybrali odpowiednie s\u0142owo zgodnie z kontekstem. Jeste\u015bmy w sta\u0142ym kontakcie z naszymi klientami i posiadamy dost\u0119pne nam materia\u0142y referencyjne w celu wype\u0142nienia naszego zadania w najlepszy mo\u017cliwy spos\u00f3b. Je\u015bli szukasz wysokiej jako\u015bci <a href=\"https:\/\/culturesconnection.com\/pl\/profesjonalne-uslugi-tlumaczeniowe-we-wszystkich-jezykach\/\">us\u0142ug t\u0142umaczeniowych<\/a>,wybierz Cultures Connection.<\/p>\n\n\n\n<h2 class=\"wp-block-heading\">T\u0142umaczenie dokument\u00f3w naukowych na j\u0119zyk portugalski<\/h2>\n\n\n\n<p>Powierzane s\u0105 nam liczne <a href=\"https:\/\/culturesconnection.com\/pl\/nasze-tlumaczenia-materialow-naukowych\/\">t\u0142umaczenia naukowe<\/a>. Poni\u017cej przedstawiamy przyk\u0142ady dokument\u00f3w, kt\u00f3re t\u0142umaczymy z portugalskiego i na portugalski:<\/p>\n\n\n\n<ul class=\"wp-block-list\"><li>Leksykony, encyklopedie naukowe i s\u0142owniki<\/li><li>Dokumenty techniczne i artyku\u0142y naukowe<\/li><li>Podr\u0119czniki operatora i instrukcje obs\u0142ugi<\/li><li>Badania laboratoryjne, protoko\u0142y bada\u0144<\/li><li>Dokumenty prawne, patenty i wytyczne<\/li><li>Specyfikacje<\/li><li>Mi\u0119dzynarodowe badania projektu i rynku<\/li><li>Oprogramowania symulacyjne (biotechnologia, \u015brodowisko, przekszta\u0142cenie teren\u00f3w przemys\u0142owych)<\/li><li>Prezentacje multimedialne i wideo<\/li><li>T\u0142umaczenie i lokalizacja stron internetowych<\/li><li>T\u0142umaczenie podr\u0119cznik\u00f3w technicznych, prezentacje konferencyjne<\/li><\/ul>\n\n\n\n<h2 class=\"wp-block-heading\">T\u0142umaczenia naukowe we wszystkich j\u0119zykach<\/h2>\n\n\n\n<ul class=\"wp-block-list\"><li><a href=\"https:\/\/culturesconnection.com\/pl\/nasze-francuskie-uslugi-tlumaczen-naukowych\/\">T\u0142umaczenia naukowe na j\u0119zyk francuski<\/a><\/li><li><a href=\"https:\/\/culturesconnection.com\/pl\/nasze-tlumaczenia-naukowe-z-jezyka-hiszpanskiego\/\">T\u0142umaczenia naukowe na j\u0119zyk hiszpa\u0144ski<\/a><\/li><li><a href=\"https:\/\/culturesconnection.com\/pl\/nasze-niemieckie-uslugi-tlumaczen-naukowych\/\">T\u0142umaczenia naukowe na j\u0119zyk niemiecki<\/a><\/li><li><a href=\"https:\/\/culturesconnection.com\/pl\/nasze-tlumaczenia-naukowe-z-jezyka-chinskiego\/\">T\u0142umaczenia naukowe na j\u0119zyk chi\u0144ski<\/a><\/li><li><a href=\"https:\/\/culturesconnection.com\/pl\/nasze-arabskie-uslugi-tlumaczen-naukowych\/\">T\u0142umaczenia naukowe na j\u0119zyk arabski<\/a><\/li><li><a href=\"https:\/\/culturesconnection.com\/pl\/nasze-wloskie-tlumaczenia-naukowe\/\">T\u0142umaczenia naukowe na j\u0119zyk w\u0142oski<\/a><\/li><li><a href=\"https:\/\/culturesconnection.com\/pl\/nasze-niderlandzkie-uslugi-tlumaczen-naukowych\/\">T\u0142umaczenia naukowe na j\u0119zyk niderlandzki<\/a><\/li><li><a href=\"https:\/\/culturesconnection.com\/pl\/?page_id=13386\">T\u0142umaczenia naukowe na j\u0119zyk turecki<\/a><\/li><li><a href=\"https:\/\/culturesconnection.com\/pl\/nasze-japonskie-uslugi-tlumaczen-naukowych\/\">T\u0142umaczenia naukowe na j\u0119zyk japo\u0144ski<\/a><\/li><li><a href=\"https:\/\/culturesconnection.com\/pl\/nasze-tlumaczenia-naukowe-z-jezyka-rosyjskiego\/\">T\u0142umaczenia naukowe na j\u0119zyk rosyjski<\/a><\/li><\/ul>\n","protected":false},"excerpt":{"rendered":"<p>Specjali\u015bci od t\u0142umacze\u0144 naukowych z polskiego na portugalski do Twojej dyspozycji Je\u015bli chodzi o powierzenie t\u0142umaczenia naukowego z portugalskiego agencji t\u0142umacze\u0144, wa\u017cne jest, aby mie\u0107 [&#8230;]<\/p>\n<p><a class=\"btn btn-secondary understrap-read-more-link\" href=\"https:\/\/culturesconnection.com\/pl\/nasze-uslugi-tlumaczeniowe-z-portugalskiego\/uslugi-tlumaczen-naukowych-z-portugalskiego\/\">Czytaj dalej\u2026<span class=\"screen-reader-text\"> from Us\u0142ugi t\u0142umacze\u0144 naukowych z portugalskiego<\/span><\/a><\/p>\n","protected":false},"author":22,"featured_media":0,"parent":11425,"menu_order":0,"comment_status":"closed","ping_status":"closed","template":"","meta":{"_acf_changed":false,"_editorskit_title_hidden":false,"_editorskit_reading_time":0,"_editorskit_is_block_options_detached":false,"_editorskit_block_options_position":"{}","footnotes":""},"class_list":["post-13394","page","type-page","status-publish","hentry"],"acf":[],"_links":{"self":[{"href":"https:\/\/culturesconnection.com\/pl\/wp-json\/wp\/v2\/pages\/13394","targetHints":{"allow":["GET"]}}],"collection":[{"href":"https:\/\/culturesconnection.com\/pl\/wp-json\/wp\/v2\/pages"}],"about":[{"href":"https:\/\/culturesconnection.com\/pl\/wp-json\/wp\/v2\/types\/page"}],"author":[{"embeddable":true,"href":"https:\/\/culturesconnection.com\/pl\/wp-json\/wp\/v2\/users\/22"}],"replies":[{"embeddable":true,"href":"https:\/\/culturesconnection.com\/pl\/wp-json\/wp\/v2\/comments?post=13394"}],"version-history":[{"count":0,"href":"https:\/\/culturesconnection.com\/pl\/wp-json\/wp\/v2\/pages\/13394\/revisions"}],"up":[{"embeddable":true,"href":"https:\/\/culturesconnection.com\/pl\/wp-json\/wp\/v2\/pages\/11425"}],"wp:attachment":[{"href":"https:\/\/culturesconnection.com\/pl\/wp-json\/wp\/v2\/media?parent=13394"}],"curies":[{"name":"wp","href":"https:\/\/api.w.org\/{rel}","templated":true}]}}