{"id":13390,"date":"2018-12-12T13:28:37","date_gmt":"2018-12-12T11:28:37","guid":{"rendered":"http:\/\/culturesconnection.com\/?page_id=13390"},"modified":"2022-08-03T10:08:13","modified_gmt":"2022-08-03T08:08:13","slug":"uslugi-angielski-tlumaczen","status":"publish","type":"page","link":"https:\/\/culturesconnection.com\/pl\/uslugi-angielski-tlumaczen\/","title":{"rendered":"Us\u0142ugi t\u0142umacze\u0144 angielski"},"content":{"rendered":"\n<h2 class=\"wp-block-heading\">Nasze us\u0142ugi t\u0142umacze\u0144 angielski<\/h2>\n\n\n\n<p>Wielka Brytania jest drugim najwi\u0119kszym importerem polskich towar\u00f3w i us\u0142ug. Dotyczy to wielu sektor\u00f3w, takich jak sprz\u0119t elektryczny, przemys\u0142 samochodowy i spo\u017cywczy, W ci\u0105gu ostatnich 100 lat oko\u0142o miliona Polak\u00f3w wyemigrowa\u0142o do Wielkiej Brytanii aby pracowa\u0107 i mieszka\u0107. W celu eksportowania Twojej dzia\u0142alno\u015bci i bycia jeden krok przed swoimi konkurentami, miej przet\u0142umaczon\u0105 dokumentacj\u0119. Potencjalni klienci lepiej zrozumiej\u0105 Twoj\u0105 firm\u0119 i b\u0119d\u0105 bardziej ch\u0119tni do prowadzenia z Tob\u0105 interes\u00f3w. W Cultures Connection dbamy o Tw\u00f3j projekt t\u0142umaczeniowy, niezale\u017cnie od terminu, bud\u017cetu czy dziedziny dzia\u0142alno\u015bci.<\/p>\n\n\n\n<h2 class=\"wp-block-heading\">Szukasz t\u0142umacza na angielski?<\/h2>\n\n\n\n<p>Nasza <a href=\"https:\/\/culturesconnection.com\">agencja<\/a> <a href=\"https:\/\/culturesconnection.com\">t\u0142umacze\u0144<\/a> starannie wybiera t\u0142umaczy do wsp\u00f3\u0142pracy. Aby do\u0142\u0105czy\u0107 do naszego zespo\u0142u, musz\u0105 oni posiada\u0107 dyplom uniwersytecki z t\u0142umacze\u0144 oraz przynajmniej 5 lat do\u015bwiadczenia w dziedzinie ich specjalizacji. Ponadto nasi profesjonalni t\u0142umacze s\u0105 regularnie poddawani serii test\u00f3w, aby potwierdzi\u0107 swoje umiej\u0119tno\u015bci j\u0119zykowe. Wszyscy przek\u0142adaj\u0105 tylko na sw\u00f3j ojczysty <a href=\"https:\/\/culturesconnection.com\/professional-translation-languages-translated\/\">j\u0119zyk.&nbsp;<\/a> Nawet w przypadku pilnych t\u0142umacze\u0144 agencja gwarantuje, \u017ce przet\u0142umaczone dokumenty zostan\u0105 dostarczone na czas i na zapewnionym poziomie jako\u015bci.<\/p>\n\n\n\n<h2 class=\"wp-block-heading\">Nasza agencja t\u0142umaczeniowa<\/h2>\n\n\n\n<p>Dzia\u0142aj\u0105cych na dw\u00f3ch kontynentach, nasze biuro t\u0142umacze\u0144 oferuje wysokiej jako\u015bci us\u0142ugi t\u0142umaczeniowe w wielu sektorach, na przyk\u0142ad:<\/p>\n\n\n\n<ul class=\"wp-block-list\"><li>Angielski us\u0142ugi t\u0142umacze\u0144 finansowych<\/li><li>Angielski us\u0142ugi t\u0142umacze\u0144 biznesowych<\/li><li>Angielski us\u0142ugi t\u0142umacze\u0144 naukowych<\/li><li>Angielski us\u0142ugi t\u0142umacze\u0144 medycznych<\/li><li>Angielski us\u0142ugi t\u0142umacze\u0144 technicznych<\/li><li>Angielski us\u0142ugi t\u0142umacze\u0144 prawnych<\/li><li>Angielski us\u0142ugi t\u0142umacze\u0144 marketingowych<\/li><li>Angielski us\u0142ugi t\u0142umacze\u0144 stron internetowych<\/li><li>Angielski us\u0142ugi tworzenia napis\u00f3w<\/li><li>Angielski us\u0142ugi t\u0142umacze\u0144 gier wideo<\/li><li>T\u0142umaczenia ekspresowe z angielski<\/li><\/ul>\n","protected":false},"excerpt":{"rendered":"<p>Nasze us\u0142ugi t\u0142umacze\u0144 angielski Wielka Brytania jest drugim najwi\u0119kszym importerem polskich towar\u00f3w i us\u0142ug. Dotyczy to wielu sektor\u00f3w, takich jak sprz\u0119t elektryczny, przemys\u0142 samochodowy i [&#8230;]<\/p>\n<p><a class=\"btn btn-secondary understrap-read-more-link\" href=\"https:\/\/culturesconnection.com\/pl\/uslugi-angielski-tlumaczen\/\">Czytaj dalej\u2026<span class=\"screen-reader-text\"> from Us\u0142ugi t\u0142umacze\u0144 angielski<\/span><\/a><\/p>\n","protected":false},"author":22,"featured_media":23256,"parent":0,"menu_order":0,"comment_status":"closed","ping_status":"closed","template":"","meta":{"_acf_changed":false,"_editorskit_title_hidden":false,"_editorskit_reading_time":1,"_editorskit_is_block_options_detached":false,"_editorskit_block_options_position":"{}","footnotes":""},"class_list":["post-13390","page","type-page","status-publish","has-post-thumbnail","hentry"],"acf":[],"_links":{"self":[{"href":"https:\/\/culturesconnection.com\/pl\/wp-json\/wp\/v2\/pages\/13390","targetHints":{"allow":["GET"]}}],"collection":[{"href":"https:\/\/culturesconnection.com\/pl\/wp-json\/wp\/v2\/pages"}],"about":[{"href":"https:\/\/culturesconnection.com\/pl\/wp-json\/wp\/v2\/types\/page"}],"author":[{"embeddable":true,"href":"https:\/\/culturesconnection.com\/pl\/wp-json\/wp\/v2\/users\/22"}],"replies":[{"embeddable":true,"href":"https:\/\/culturesconnection.com\/pl\/wp-json\/wp\/v2\/comments?post=13390"}],"version-history":[{"count":0,"href":"https:\/\/culturesconnection.com\/pl\/wp-json\/wp\/v2\/pages\/13390\/revisions"}],"wp:featuredmedia":[{"embeddable":true,"href":"https:\/\/culturesconnection.com\/pl\/wp-json\/wp\/v2\/media\/23256"}],"wp:attachment":[{"href":"https:\/\/culturesconnection.com\/pl\/wp-json\/wp\/v2\/media?parent=13390"}],"curies":[{"name":"wp","href":"https:\/\/api.w.org\/{rel}","templated":true}]}}