{"id":13388,"date":"2018-12-11T17:27:47","date_gmt":"2018-12-11T15:27:47","guid":{"rendered":"http:\/\/culturesconnection.com\/?page_id=13388"},"modified":"2022-06-18T21:05:51","modified_gmt":"2022-06-18T19:05:51","slug":"nasze-uslugi-tlumaczen-technicznych-z-tureckiego","status":"publish","type":"page","link":"https:\/\/culturesconnection.com\/pl\/nasze-uslugi-tlumaczen-tureckich\/nasze-uslugi-tlumaczen-technicznych-z-tureckiego\/","title":{"rendered":"Nasze us\u0142ugi t\u0142umacze\u0144 technicznych z tureckiego"},"content":{"rendered":"\n<h2 class=\"wp-block-heading\">Nasze polsko-tureckie us\u0142ugi t\u0142umacze\u0144 technicznych<\/h2>\n\n\n\n<p>Wraz z globalizacj\u0105, t\u0142umaczenie dokument\u00f3w technicznych sta\u0142o si\u0119 zadaniem niezb\u0119dnym dla firm, kt\u00f3re chcia\u0142yby rozszerzy\u0107 sw\u00f3j biznes i wej\u015b\u0107 na inne rynki. Z pewno\u015bci\u0105 nie jest to \u0142atwe, t\u0142umaczenie techniczne wymaga specyficznych umiej\u0119tno\u015bci. Nie wystarczy przet\u0142umaczy\u0107 s\u0142owa po s\u0142owie, najpierw nale\u017cy zrozumie\u0107 jak dzia\u0142a produkt, w celu precyzyjnego wyja\u015bnienia tego w t\u0142umaczeniu. T\u0142umacze techniczni musz\u0105 posiada\u0107 dog\u0142\u0119bn\u0105 znajomo\u015b\u0107 termin\u00f3w technicznych obecnych w tek\u015bcie i dok\u0142adnie je przet\u0142umaczy\u0107.<\/p>\n\n\n\n<h2 class=\"wp-block-heading\">Szukasz agencji t\u0142umacze\u0144 technicznych?<\/h2>\n\n\n\n<p>Nasze <a href=\"https:\/\/culturesconnection.com\/\">biuro t\u0142umacze\u0144<\/a> wsp\u00f3\u0142pracuje tylko z t\u0142umaczami tureckimi specjalizuj\u0105cymi si\u0119 w t\u0142umaczeniu technicznym. Do ka\u017cdego rodzaju <a href=\"https:\/\/culturesconnection.com\/pl\/profesjonalne-uslugi-tlumaczeniowe-we-wszystkich-jezykach\/\">us\u0142ugi t\u0142umaczeniowej<\/a>, nasza agencja wybiera swoich t\u0142umaczy na podstawie ich kwalifikacji i do\u015bwiadczenia. Zdobyli oni specjalistyczn\u0105 wiedz\u0119 dzi\u0119ki dobremu wykszta\u0142ceniu uniwersyteckiemu lub dzi\u0119ki karierze zawodowej z bran\u017cy technicznej, zanim przekwalifikowali si\u0119 na t\u0142umaczy. Posiadaj\u0105 perfekcyjn\u0105 znajomo\u015b\u0107 tureckiego i polskiego, jak r\u00f3wnie\u017c termin\u00f3w technicznych z tych j\u0119zyk\u00f3w. Ze wzgl\u0119du na utrzymanie jako\u015bci i precyzji t\u0142umacz\u0105 tylko na sw\u00f3j j\u0119zyk ojczysty. Nasi t\u0142umacze posiadaj\u0105 kwalifikacje w r\u00f3\u017cnych dziedzinach, takich jak in\u017cynieria mechaniczna, przemys\u0142 kosmiczny, kontrola cyfrowa i wiele wi\u0119cej!<\/p>\n\n\n\n<h2 class=\"wp-block-heading\">T\u0142umaczenie dokument\u00f3w technicznych na j\u0119zyk turecki<\/h2>\n\n\n\n<p>Poni\u017cej znajdziesz kilka przyk\u0142ad\u00f3w <a href=\"https:\/\/culturesconnection.com\/pl\/nasze-tlumaczenia-dokumentow-technicznych\/\">dokument\u00f3w technicznych<\/a>, kt\u00f3re nasze biuro przek\u0142ada z j\u0119zyka tureckiego i na j\u0119zyk turecki:<\/p>\n\n\n\n<ul class=\"wp-block-list\"><li>Wycena<\/li><li>Teksty in\u017cynieryjne<\/li><li>Podr\u0119czniki dla obrabiarek (lub innych rodzaj\u00f3w maszyn)<\/li><li>Opisy i arkusze danych technicznych<\/li><li>Standardy techniczne<\/li><li>Specyfikacje techniczne<\/li><li>Patenty techniczne<\/li><li>Instrukcje techniczne<\/li><li>Instrukcje obs\u0142ugi<\/li><li>Przewodniki u\u017cytkownika<\/li><\/ul>\n\n\n\n<h3 class=\"wp-block-heading\">&nbsp;T\u0142umaczenia techniczne we wszystkich j\u0119zykach<\/h3>\n\n\n\n<ul class=\"wp-block-list\"><li><a href=\"https:\/\/culturesconnection.com\/pl\/nasze-francuskie-tlumaczenia-techniczne\/\">T\u0142umaczenia techniczne na j\u0119zyk francuski<\/a><\/li><li><a href=\"https:\/\/culturesconnection.com\/pl\/nasze-uslugi-tlumaczen-technicznych-z-jezyka-hiszpanskiego\/\">T\u0142umaczenia techniczne na j\u0119zyk hiszpa\u0144ski<\/a><\/li><li><a href=\"https:\/\/culturesconnection.com\/pl\/nasze-niemieckie-tlumaczenia-techniczne\/\">T\u0142umaczenia techniczne na j\u0119zyk niemiecki<\/a><\/li><li><a href=\"https:\/\/culturesconnection.com\/pl\/nasze-chinskie-tlumaczenia-techniczne\/\">T\u0142umaczenia techniczne na j\u0119zyk chi\u0144ski<\/a><\/li><li><a href=\"https:\/\/culturesconnection.com\/pl\/nasze-uslugi-tlumaczen-technicznych-z-jezyka-arabskiego\/\">T\u0142umaczenia techniczne na j\u0119zyk arabski<\/a><\/li><li><a href=\"https:\/\/culturesconnection.com\/pl\/?page_id=13395\">T\u0142umaczenia techniczne na j\u0119zyk portugalski<\/a><\/li><li><a href=\"https:\/\/culturesconnection.com\/pl\/nasze-wloskie-uslugi-tlumaczen-technicznych\/\">T\u0142umaczenia techniczne na j\u0119zyk w\u0142oski<\/a><\/li><li><a href=\"https:\/\/culturesconnection.com\/pl\/nasze-niderlandzkie-uslugi-tlumaczen-technicznych\/\">T\u0142umaczenia techniczne na j\u0119zyk niderlandzki<\/a><\/li><li><a href=\"https:\/\/culturesconnection.com\/pl\/nasze-uslugi-w-zakresie-japonskich-tlumaczen-technicznych\/\">T\u0142umaczenia techniczne na j\u0119zyk japo\u0144ski<\/a><\/li><li><a href=\"https:\/\/culturesconnection.com\/pl\/nasze-uslugi-tlumaczen-technicznych-z-jezyka-rosyjskiego\/\">T\u0142umaczenia techniczne na j\u0119zyk rosyjski<\/a><\/li><\/ul>\n","protected":false},"excerpt":{"rendered":"<p>Nasze polsko-tureckie us\u0142ugi t\u0142umacze\u0144 technicznych Wraz z globalizacj\u0105, t\u0142umaczenie dokument\u00f3w technicznych sta\u0142o si\u0119 zadaniem niezb\u0119dnym dla firm, kt\u00f3re chcia\u0142yby rozszerzy\u0107 sw\u00f3j biznes i wej\u015b\u0107 na [&#8230;]<\/p>\n<p><a class=\"btn btn-secondary understrap-read-more-link\" href=\"https:\/\/culturesconnection.com\/pl\/nasze-uslugi-tlumaczen-tureckich\/nasze-uslugi-tlumaczen-technicznych-z-tureckiego\/\">Czytaj dalej\u2026<span class=\"screen-reader-text\"> from Nasze us\u0142ugi t\u0142umacze\u0144 technicznych z tureckiego<\/span><\/a><\/p>\n","protected":false},"author":22,"featured_media":24334,"parent":11786,"menu_order":0,"comment_status":"closed","ping_status":"closed","template":"","meta":{"_acf_changed":false,"_editorskit_title_hidden":false,"_editorskit_reading_time":0,"_editorskit_is_block_options_detached":false,"_editorskit_block_options_position":"{}","footnotes":""},"class_list":["post-13388","page","type-page","status-publish","has-post-thumbnail","hentry"],"acf":[],"yoast_head":"<!-- This site is optimized with the Yoast SEO Premium plugin v23.4 (Yoast SEO v27.3) - https:\/\/yoast.com\/product\/yoast-seo-premium-wordpress\/ -->\n<title>Us\u0142ugi t\u0142umacze\u0144 technicznych z tureckiego<\/title>\n<meta name=\"description\" content=\"Cultures Connection oferuje profesjonalne us\u0142ugi t\u0142umacze\u0144 technicznych z tureckiego. Terminowo\u015b\u0107, konkurencyjne ceny, do\u015bwiadczenie, darmowa wycena.\" \/>\n<meta name=\"robots\" content=\"index, follow, max-snippet:-1, max-image-preview:large, max-video-preview:-1\" \/>\n<link rel=\"canonical\" href=\"https:\/\/culturesconnection.com\/pl\/nasze-uslugi-tlumaczen-tureckich\/nasze-uslugi-tlumaczen-technicznych-z-tureckiego\/\" \/>\n<meta property=\"og:locale\" content=\"pl_PL\" \/>\n<meta property=\"og:type\" content=\"article\" \/>\n<meta property=\"og:title\" content=\"Nasze us\u0142ugi t\u0142umacze\u0144 technicznych z tureckiego\" \/>\n<meta property=\"og:description\" content=\"Cultures Connection oferuje profesjonalne us\u0142ugi t\u0142umacze\u0144 technicznych z tureckiego. Terminowo\u015b\u0107, konkurencyjne ceny, do\u015bwiadczenie, darmowa wycena.\" \/>\n<meta property=\"og:url\" content=\"https:\/\/culturesconnection.com\/pl\/nasze-uslugi-tlumaczen-tureckich\/nasze-uslugi-tlumaczen-technicznych-z-tureckiego\/\" \/>\n<meta property=\"og:site_name\" content=\"Cultures Connection\" \/>\n<meta property=\"article:publisher\" content=\"https:\/\/www.facebook.com\/CulturesConnection\" \/>\n<meta property=\"article:modified_time\" content=\"2022-06-18T19:05:51+00:00\" \/>\n<meta property=\"og:image\" content=\"https:\/\/culturesconnection.com\/wp-content\/uploads\/2020\/09\/P\u00e1gina_Subservicios_de_traducci\u00f3n_por_idioma.png\" \/>\n\t<meta property=\"og:image:width\" content=\"1417\" \/>\n\t<meta property=\"og:image:height\" content=\"561\" \/>\n\t<meta property=\"og:image:type\" content=\"image\/png\" \/>\n<meta name=\"twitter:card\" content=\"summary_large_image\" \/>\n<meta name=\"twitter:site\" content=\"@CulturesCo_\" \/>\n<meta name=\"twitter:label1\" content=\"Szacowany czas czytania\" \/>\n\t<meta name=\"twitter:data1\" content=\"2 minuty\" \/>\n<script type=\"application\/ld+json\" class=\"yoast-schema-graph\">{\"@context\":\"https:\\\/\\\/schema.org\",\"@graph\":[{\"@type\":\"WebPage\",\"@id\":\"https:\\\/\\\/culturesconnection.com\\\/pl\\\/nasze-uslugi-tlumaczen-tureckich\\\/nasze-uslugi-tlumaczen-technicznych-z-tureckiego\\\/\",\"url\":\"https:\\\/\\\/culturesconnection.com\\\/pl\\\/nasze-uslugi-tlumaczen-tureckich\\\/nasze-uslugi-tlumaczen-technicznych-z-tureckiego\\\/\",\"name\":\"Us\u0142ugi t\u0142umacze\u0144 technicznych z tureckiego\",\"isPartOf\":{\"@id\":\"https:\\\/\\\/culturesconnection.com\\\/fr\\\/#website\"},\"primaryImageOfPage\":{\"@id\":\"https:\\\/\\\/culturesconnection.com\\\/pl\\\/nasze-uslugi-tlumaczen-tureckich\\\/nasze-uslugi-tlumaczen-technicznych-z-tureckiego\\\/#primaryimage\"},\"image\":{\"@id\":\"https:\\\/\\\/culturesconnection.com\\\/pl\\\/nasze-uslugi-tlumaczen-tureckich\\\/nasze-uslugi-tlumaczen-technicznych-z-tureckiego\\\/#primaryimage\"},\"thumbnailUrl\":\"https:\\\/\\\/culturesconnection.com\\\/wp-content\\\/uploads\\\/2020\\\/09\\\/P\u00e1gina_Subservicios_de_traducci\u00f3n_por_idioma.png\",\"datePublished\":\"2018-12-11T15:27:47+00:00\",\"dateModified\":\"2022-06-18T19:05:51+00:00\",\"description\":\"Cultures Connection oferuje profesjonalne us\u0142ugi t\u0142umacze\u0144 technicznych z tureckiego. Terminowo\u015b\u0107, konkurencyjne ceny, do\u015bwiadczenie, darmowa wycena.\",\"breadcrumb\":{\"@id\":\"https:\\\/\\\/culturesconnection.com\\\/pl\\\/nasze-uslugi-tlumaczen-tureckich\\\/nasze-uslugi-tlumaczen-technicznych-z-tureckiego\\\/#breadcrumb\"},\"inLanguage\":\"pl-PL\",\"potentialAction\":[{\"@type\":\"ReadAction\",\"target\":[\"https:\\\/\\\/culturesconnection.com\\\/pl\\\/nasze-uslugi-tlumaczen-tureckich\\\/nasze-uslugi-tlumaczen-technicznych-z-tureckiego\\\/\"]}]},{\"@type\":\"ImageObject\",\"inLanguage\":\"pl-PL\",\"@id\":\"https:\\\/\\\/culturesconnection.com\\\/pl\\\/nasze-uslugi-tlumaczen-tureckich\\\/nasze-uslugi-tlumaczen-technicznych-z-tureckiego\\\/#primaryimage\",\"url\":\"https:\\\/\\\/culturesconnection.com\\\/wp-content\\\/uploads\\\/2020\\\/09\\\/P\u00e1gina_Subservicios_de_traducci\u00f3n_por_idioma.png\",\"contentUrl\":\"https:\\\/\\\/culturesconnection.com\\\/wp-content\\\/uploads\\\/2020\\\/09\\\/P\u00e1gina_Subservicios_de_traducci\u00f3n_por_idioma.png\",\"width\":1417,\"height\":561},{\"@type\":\"BreadcrumbList\",\"@id\":\"https:\\\/\\\/culturesconnection.com\\\/pl\\\/nasze-uslugi-tlumaczen-tureckich\\\/nasze-uslugi-tlumaczen-technicznych-z-tureckiego\\\/#breadcrumb\",\"itemListElement\":[{\"@type\":\"ListItem\",\"position\":1,\"name\":\"Home\",\"item\":\"https:\\\/\\\/culturesconnection.com\\\/pl\\\/\"},{\"@type\":\"ListItem\",\"position\":2,\"name\":\"Nasze us\u0142ugi t\u0142umacze\u0144 tureckich\",\"item\":\"https:\\\/\\\/culturesconnection.com\\\/pl\\\/nasze-uslugi-tlumaczen-tureckich\\\/\"},{\"@type\":\"ListItem\",\"position\":3,\"name\":\"Nasze us\u0142ugi t\u0142umacze\u0144 technicznych z tureckiego\"}]},{\"@type\":\"WebSite\",\"@id\":\"https:\\\/\\\/culturesconnection.com\\\/fr\\\/#website\",\"url\":\"https:\\\/\\\/culturesconnection.com\\\/fr\\\/\",\"name\":\"Cultures Connection\",\"description\":\"Cultures Connection is a translation agency dedicated to the success of its international clients.\",\"publisher\":{\"@id\":\"https:\\\/\\\/culturesconnection.com\\\/fr\\\/#organization\"},\"potentialAction\":[{\"@type\":\"SearchAction\",\"target\":{\"@type\":\"EntryPoint\",\"urlTemplate\":\"https:\\\/\\\/culturesconnection.com\\\/fr\\\/?s={search_term_string}\"},\"query-input\":{\"@type\":\"PropertyValueSpecification\",\"valueRequired\":true,\"valueName\":\"search_term_string\"}}],\"inLanguage\":\"pl-PL\"},{\"@type\":\"Organization\",\"@id\":\"https:\\\/\\\/culturesconnection.com\\\/fr\\\/#organization\",\"name\":\"Cultures Connection\",\"url\":\"https:\\\/\\\/culturesconnection.com\\\/fr\\\/\",\"logo\":{\"@type\":\"ImageObject\",\"inLanguage\":\"pl-PL\",\"@id\":\"https:\\\/\\\/culturesconnection.com\\\/fr\\\/#\\\/schema\\\/logo\\\/image\\\/\",\"url\":\"https:\\\/\\\/culturesconnection.com\\\/wp-content\\\/uploads\\\/2022\\\/06\\\/cropped-favicon512x512.png\",\"contentUrl\":\"https:\\\/\\\/culturesconnection.com\\\/wp-content\\\/uploads\\\/2022\\\/06\\\/cropped-favicon512x512.png\",\"width\":512,\"height\":512,\"caption\":\"Cultures Connection\"},\"image\":{\"@id\":\"https:\\\/\\\/culturesconnection.com\\\/fr\\\/#\\\/schema\\\/logo\\\/image\\\/\"},\"sameAs\":[\"https:\\\/\\\/www.facebook.com\\\/CulturesConnection\",\"https:\\\/\\\/x.com\\\/CulturesCo_\"]}]}<\/script>\n<!-- \/ Yoast SEO Premium plugin. -->","yoast_head_json":{"title":"Us\u0142ugi t\u0142umacze\u0144 technicznych z tureckiego","description":"Cultures Connection oferuje profesjonalne us\u0142ugi t\u0142umacze\u0144 technicznych z tureckiego. Terminowo\u015b\u0107, konkurencyjne ceny, do\u015bwiadczenie, darmowa wycena.","robots":{"index":"index","follow":"follow","max-snippet":"max-snippet:-1","max-image-preview":"max-image-preview:large","max-video-preview":"max-video-preview:-1"},"canonical":"https:\/\/culturesconnection.com\/pl\/nasze-uslugi-tlumaczen-tureckich\/nasze-uslugi-tlumaczen-technicznych-z-tureckiego\/","og_locale":"pl_PL","og_type":"article","og_title":"Nasze us\u0142ugi t\u0142umacze\u0144 technicznych z tureckiego","og_description":"Cultures Connection oferuje profesjonalne us\u0142ugi t\u0142umacze\u0144 technicznych z tureckiego. Terminowo\u015b\u0107, konkurencyjne ceny, do\u015bwiadczenie, darmowa wycena.","og_url":"https:\/\/culturesconnection.com\/pl\/nasze-uslugi-tlumaczen-tureckich\/nasze-uslugi-tlumaczen-technicznych-z-tureckiego\/","og_site_name":"Cultures Connection","article_publisher":"https:\/\/www.facebook.com\/CulturesConnection","article_modified_time":"2022-06-18T19:05:51+00:00","og_image":[{"width":1417,"height":561,"url":"https:\/\/culturesconnection.com\/wp-content\/uploads\/2020\/09\/P\u00e1gina_Subservicios_de_traducci\u00f3n_por_idioma.png","type":"image\/png"}],"twitter_card":"summary_large_image","twitter_site":"@CulturesCo_","twitter_misc":{"Szacowany czas czytania":"2 minuty"},"schema":{"@context":"https:\/\/schema.org","@graph":[{"@type":"WebPage","@id":"https:\/\/culturesconnection.com\/pl\/nasze-uslugi-tlumaczen-tureckich\/nasze-uslugi-tlumaczen-technicznych-z-tureckiego\/","url":"https:\/\/culturesconnection.com\/pl\/nasze-uslugi-tlumaczen-tureckich\/nasze-uslugi-tlumaczen-technicznych-z-tureckiego\/","name":"Us\u0142ugi t\u0142umacze\u0144 technicznych z tureckiego","isPartOf":{"@id":"https:\/\/culturesconnection.com\/fr\/#website"},"primaryImageOfPage":{"@id":"https:\/\/culturesconnection.com\/pl\/nasze-uslugi-tlumaczen-tureckich\/nasze-uslugi-tlumaczen-technicznych-z-tureckiego\/#primaryimage"},"image":{"@id":"https:\/\/culturesconnection.com\/pl\/nasze-uslugi-tlumaczen-tureckich\/nasze-uslugi-tlumaczen-technicznych-z-tureckiego\/#primaryimage"},"thumbnailUrl":"https:\/\/culturesconnection.com\/wp-content\/uploads\/2020\/09\/P\u00e1gina_Subservicios_de_traducci\u00f3n_por_idioma.png","datePublished":"2018-12-11T15:27:47+00:00","dateModified":"2022-06-18T19:05:51+00:00","description":"Cultures Connection oferuje profesjonalne us\u0142ugi t\u0142umacze\u0144 technicznych z tureckiego. Terminowo\u015b\u0107, konkurencyjne ceny, do\u015bwiadczenie, darmowa wycena.","breadcrumb":{"@id":"https:\/\/culturesconnection.com\/pl\/nasze-uslugi-tlumaczen-tureckich\/nasze-uslugi-tlumaczen-technicznych-z-tureckiego\/#breadcrumb"},"inLanguage":"pl-PL","potentialAction":[{"@type":"ReadAction","target":["https:\/\/culturesconnection.com\/pl\/nasze-uslugi-tlumaczen-tureckich\/nasze-uslugi-tlumaczen-technicznych-z-tureckiego\/"]}]},{"@type":"ImageObject","inLanguage":"pl-PL","@id":"https:\/\/culturesconnection.com\/pl\/nasze-uslugi-tlumaczen-tureckich\/nasze-uslugi-tlumaczen-technicznych-z-tureckiego\/#primaryimage","url":"https:\/\/culturesconnection.com\/wp-content\/uploads\/2020\/09\/P\u00e1gina_Subservicios_de_traducci\u00f3n_por_idioma.png","contentUrl":"https:\/\/culturesconnection.com\/wp-content\/uploads\/2020\/09\/P\u00e1gina_Subservicios_de_traducci\u00f3n_por_idioma.png","width":1417,"height":561},{"@type":"BreadcrumbList","@id":"https:\/\/culturesconnection.com\/pl\/nasze-uslugi-tlumaczen-tureckich\/nasze-uslugi-tlumaczen-technicznych-z-tureckiego\/#breadcrumb","itemListElement":[{"@type":"ListItem","position":1,"name":"Home","item":"https:\/\/culturesconnection.com\/pl\/"},{"@type":"ListItem","position":2,"name":"Nasze us\u0142ugi t\u0142umacze\u0144 tureckich","item":"https:\/\/culturesconnection.com\/pl\/nasze-uslugi-tlumaczen-tureckich\/"},{"@type":"ListItem","position":3,"name":"Nasze us\u0142ugi t\u0142umacze\u0144 technicznych z tureckiego"}]},{"@type":"WebSite","@id":"https:\/\/culturesconnection.com\/fr\/#website","url":"https:\/\/culturesconnection.com\/fr\/","name":"Cultures Connection","description":"Cultures Connection is a translation agency dedicated to the success of its international clients.","publisher":{"@id":"https:\/\/culturesconnection.com\/fr\/#organization"},"potentialAction":[{"@type":"SearchAction","target":{"@type":"EntryPoint","urlTemplate":"https:\/\/culturesconnection.com\/fr\/?s={search_term_string}"},"query-input":{"@type":"PropertyValueSpecification","valueRequired":true,"valueName":"search_term_string"}}],"inLanguage":"pl-PL"},{"@type":"Organization","@id":"https:\/\/culturesconnection.com\/fr\/#organization","name":"Cultures Connection","url":"https:\/\/culturesconnection.com\/fr\/","logo":{"@type":"ImageObject","inLanguage":"pl-PL","@id":"https:\/\/culturesconnection.com\/fr\/#\/schema\/logo\/image\/","url":"https:\/\/culturesconnection.com\/wp-content\/uploads\/2022\/06\/cropped-favicon512x512.png","contentUrl":"https:\/\/culturesconnection.com\/wp-content\/uploads\/2022\/06\/cropped-favicon512x512.png","width":512,"height":512,"caption":"Cultures Connection"},"image":{"@id":"https:\/\/culturesconnection.com\/fr\/#\/schema\/logo\/image\/"},"sameAs":["https:\/\/www.facebook.com\/CulturesConnection","https:\/\/x.com\/CulturesCo_"]}]}},"_links":{"self":[{"href":"https:\/\/culturesconnection.com\/pl\/wp-json\/wp\/v2\/pages\/13388","targetHints":{"allow":["GET"]}}],"collection":[{"href":"https:\/\/culturesconnection.com\/pl\/wp-json\/wp\/v2\/pages"}],"about":[{"href":"https:\/\/culturesconnection.com\/pl\/wp-json\/wp\/v2\/types\/page"}],"author":[{"embeddable":true,"href":"https:\/\/culturesconnection.com\/pl\/wp-json\/wp\/v2\/users\/22"}],"replies":[{"embeddable":true,"href":"https:\/\/culturesconnection.com\/pl\/wp-json\/wp\/v2\/comments?post=13388"}],"version-history":[{"count":0,"href":"https:\/\/culturesconnection.com\/pl\/wp-json\/wp\/v2\/pages\/13388\/revisions"}],"up":[{"embeddable":true,"href":"https:\/\/culturesconnection.com\/pl\/wp-json\/wp\/v2\/pages\/11786"}],"wp:featuredmedia":[{"embeddable":true,"href":"https:\/\/culturesconnection.com\/pl\/wp-json\/wp\/v2\/media\/24334"}],"wp:attachment":[{"href":"https:\/\/culturesconnection.com\/pl\/wp-json\/wp\/v2\/media?parent=13388"}],"curies":[{"name":"wp","href":"https:\/\/api.w.org\/{rel}","templated":true}]}}