{"id":13386,"date":"2018-12-11T15:34:55","date_gmt":"2018-12-11T13:34:55","guid":{"rendered":"http:\/\/culturesconnection.com\/?page_id=13386"},"modified":"2022-06-21T06:22:47","modified_gmt":"2022-06-21T04:22:47","slug":"nasze-uslugi-tlumaczen-naukowych-z-tureckiego","status":"publish","type":"page","link":"https:\/\/culturesconnection.com\/pl\/nasze-uslugi-tlumaczen-tureckich\/nasze-uslugi-tlumaczen-naukowych-z-tureckiego\/","title":{"rendered":"Nasze us\u0142ugi t\u0142umacze\u0144 naukowych z tureckiego"},"content":{"rendered":"\n<h2 class=\"wp-block-heading\">T\u0142umaczenie naukowe z polskiego na turecki wymaga sumiennej pracy<\/h2>\n\n\n\n<p>T\u0142umaczenia naukowe i badania terminologii id\u0105 ze sob\u0105 w parze. Rzeczywi\u015bcie, jest to nie do pomy\u015blenia, \u017ceby zacz\u0105\u0107 t\u0142umaczenie naukowe z tureckiego bez uprzedniego przygotowania z terminologii. Jest to \u017cmudna analiza, poniewa\u017c istnieje wiele r\u00f3\u017cnych dziedzin naukowych, a termin nie zawsze jest ten sam w ka\u017cdej z nich. Specjalistyczne podr\u0119czniki i s\u0142owniki s\u0105 po to, aby wspiera\u0107 t\u0142umacza technicznego, ale czasem wymagana jest pomoc klienta.<\/p>\n\n\n\n<h2 class=\"wp-block-heading\">Nasza agencja t\u0142umacze\u0144<\/h2>\n\n\n\n<p><a href=\"https:\/\/culturesconnection.com\/\">Cultures Connection <\/a>wsp\u00f3\u0142pracuje z wieloma tureckimi t\u0142umaczami i korektorami. Ich du\u017ca liczba umo\u017cliwia nam zaoferowanie szerokiej oferty naukowych specjalizacji, takich jak manipulacje DNA, geologia, zr\u00f3wnowa\u017cony rozw\u00f3j i medycyna, wymieniaj\u0105c kilka spo\u015br\u00f3d wielu. Posiadaj\u0105 bieg\u0142\u0105 znajomo\u015b\u0107 j\u0119zyk\u00f3w i w\u0142a\u015bnie dlatego s\u0105 kompetentni z terminologii polskiej i tureckiej. Nasi tureccy t\u0142umacze naukowi wykonuj\u0105 prac\u0119, kt\u00f3ra \u0142\u0105czy precyzj\u0119, jako\u015b\u0107 i terminowo\u015b\u0107. Je\u015bli szukasz \u015bwietnych <a href=\"https:\/\/culturesconnection.com\/pl\/profesjonalne-uslugi-tlumaczeniowe-we-wszystkich-jezykach\/\">us\u0142ug t\u0142umaczeniowych<\/a>, wybierz nasz\u0105 agencj\u0119.<\/p>\n\n\n\n<h2 class=\"wp-block-heading\">T\u0142umaczenie dokument\u00f3w naukowych na j\u0119zyk turecki<\/h2>\n\n\n\n<p>Nasza agencja oferuje swoje tureckie us\u0142ugi t\u0142umacze\u0144 naukowych dla szerokiej gamy <a href=\"https:\/\/culturesconnection.com\/pl\/nasze-tlumaczenia-materialow-naukowych\/\">dokument\u00f3w<\/a>. Oto kilka przyk\u0142ad\u00f3w:<\/p>\n\n\n\n<ul class=\"wp-block-list\"><li>Leksykony, encyklopedie naukowe i s\u0142owniki<\/li><li>Dokumenty techniczne i artyku\u0142y naukowe<\/li><li>Podr\u0119czniki operatora i instrukcje obs\u0142ugi<\/li><li>Badania laboratoryjne, protoko\u0142y bada\u0144<\/li><li>Dokumenty prawne, patenty i wytyczne<\/li><li>Specyfikacje<\/li><li>Mi\u0119dzynarodowe badania projektu i rynku<\/li><li>Oprogramowania symulacyjne (biotechnologia, \u015brodowisko, przekszta\u0142cenie teren\u00f3w przemys\u0142owych)<\/li><li>Prezentacje multimedialne i wideo<\/li><li>T\u0142umaczenie i lokalizacja stron internetowych<\/li><li>T\u0142umaczenie podr\u0119cznik\u00f3w technicznych, prezentacje konferencyjne<\/li><\/ul>\n\n\n\n<h2 class=\"wp-block-heading\">T\u0142umaczenia naukowe we wszystkich j\u0119zykach<\/h2>\n\n\n\n<ul class=\"wp-block-list\"><li><a href=\"https:\/\/culturesconnection.com\/pl\/nasze-francuskie-uslugi-tlumaczen-naukowych\/\">T\u0142umaczenia naukowe na j\u0119zyk francuski<\/a><\/li><li><a href=\"https:\/\/culturesconnection.com\/pl\/nasze-tlumaczenia-naukowe-z-jezyka-hiszpanskiego\/\">T\u0142umaczenia naukowe na j\u0119zyk hiszpa\u0144ski<\/a><\/li><li><a href=\"https:\/\/culturesconnection.com\/pl\/nasze-niemieckie-uslugi-tlumaczen-naukowych\/\">T\u0142umaczenia naukowe na j\u0119zyk niemiecki<\/a><\/li><li><a href=\"https:\/\/culturesconnection.com\/pl\/nasze-tlumaczenia-naukowe-z-jezyka-chinskiego\/\">T\u0142umaczenia naukowe na j\u0119zyk chi\u0144ski<\/a><\/li><li><a href=\"https:\/\/culturesconnection.com\/pl\/nasze-arabskie-uslugi-tlumaczen-naukowych\/\">T\u0142umaczenia naukowe na j\u0119zyk arabski<\/a><\/li><li><a href=\"https:\/\/culturesconnection.com\/pl\/?page_id=13394\">T\u0142umaczenia naukowe na j\u0119zyk portugalski<\/a><\/li><li><a href=\"https:\/\/culturesconnection.com\/pl\/nasze-wloskie-tlumaczenia-naukowe\/\">T\u0142umaczenia naukowe na j\u0119zyk w\u0142oski<\/a><\/li><li><a href=\"https:\/\/culturesconnection.com\/pl\/nasze-niderlandzkie-uslugi-tlumaczen-naukowych\/\">T\u0142umaczenia naukowe na j\u0119zyk niderlandzki<\/a><\/li><li><a href=\"https:\/\/culturesconnection.com\/pl\/nasze-japonskie-uslugi-tlumaczen-naukowych\/\">T\u0142umaczenia naukowe na j\u0119zyk japo\u0144ski<\/a><\/li><li><a href=\"https:\/\/culturesconnection.com\/pl\/nasze-tlumaczenia-naukowe-z-jezyka-rosyjskiego\/\">T\u0142umaczenia naukowe na j\u0119zyk rosyjski<\/a><\/li><\/ul>\n","protected":false},"excerpt":{"rendered":"<p>T\u0142umaczenie naukowe z polskiego na turecki wymaga sumiennej pracy T\u0142umaczenia naukowe i badania terminologii id\u0105 ze sob\u0105 w parze. Rzeczywi\u015bcie, jest to nie do pomy\u015blenia, [&#8230;]<\/p>\n<p><a class=\"btn btn-secondary understrap-read-more-link\" href=\"https:\/\/culturesconnection.com\/pl\/nasze-uslugi-tlumaczen-tureckich\/nasze-uslugi-tlumaczen-naukowych-z-tureckiego\/\">Czytaj dalej\u2026<span class=\"screen-reader-text\"> from Nasze us\u0142ugi t\u0142umacze\u0144 naukowych z tureckiego<\/span><\/a><\/p>\n","protected":false},"author":22,"featured_media":24334,"parent":11786,"menu_order":0,"comment_status":"closed","ping_status":"closed","template":"","meta":{"_acf_changed":false,"_editorskit_title_hidden":false,"_editorskit_reading_time":0,"_editorskit_is_block_options_detached":false,"_editorskit_block_options_position":"{}","footnotes":""},"class_list":["post-13386","page","type-page","status-publish","has-post-thumbnail","hentry"],"acf":[],"_links":{"self":[{"href":"https:\/\/culturesconnection.com\/pl\/wp-json\/wp\/v2\/pages\/13386","targetHints":{"allow":["GET"]}}],"collection":[{"href":"https:\/\/culturesconnection.com\/pl\/wp-json\/wp\/v2\/pages"}],"about":[{"href":"https:\/\/culturesconnection.com\/pl\/wp-json\/wp\/v2\/types\/page"}],"author":[{"embeddable":true,"href":"https:\/\/culturesconnection.com\/pl\/wp-json\/wp\/v2\/users\/22"}],"replies":[{"embeddable":true,"href":"https:\/\/culturesconnection.com\/pl\/wp-json\/wp\/v2\/comments?post=13386"}],"version-history":[{"count":0,"href":"https:\/\/culturesconnection.com\/pl\/wp-json\/wp\/v2\/pages\/13386\/revisions"}],"up":[{"embeddable":true,"href":"https:\/\/culturesconnection.com\/pl\/wp-json\/wp\/v2\/pages\/11786"}],"wp:featuredmedia":[{"embeddable":true,"href":"https:\/\/culturesconnection.com\/pl\/wp-json\/wp\/v2\/media\/24334"}],"wp:attachment":[{"href":"https:\/\/culturesconnection.com\/pl\/wp-json\/wp\/v2\/media?parent=13386"}],"curies":[{"name":"wp","href":"https:\/\/api.w.org\/{rel}","templated":true}]}}