{"id":13385,"date":"2018-12-11T11:56:18","date_gmt":"2018-12-11T09:56:18","guid":{"rendered":"http:\/\/culturesconnection.com\/?page_id=13385"},"modified":"2022-06-19T00:52:33","modified_gmt":"2022-06-18T22:52:33","slug":"tureckie-uslugi-tlumaczen-medycznych","status":"publish","type":"page","link":"https:\/\/culturesconnection.com\/pl\/nasze-uslugi-tlumaczen-tureckich\/tureckie-uslugi-tlumaczen-medycznych\/","title":{"rendered":"Nasze us\u0142ugi t\u0142umacze\u0144 medycznych z tureckiego"},"content":{"rendered":"\n<h2 class=\"wp-block-heading\">Polsko-tureckie t\u0142umaczenia medyczne<\/h2>\n\n\n\n<p>Aby poinformowa\u0107 \u015bwiat o post\u0119pach w medycynie, t\u0142umaczenie z tej dziedziny jest konieczno\u015bci\u0105. Pomy\u0142ki nie s\u0105 tolerowane, gdy\u017c mog\u0105 mie\u0107 powa\u017cne konsekwencje i by\u0107 niebezpieczne dla ludzkiego zdrowia. Wszystkie obszary specjalizacji maj\u0105 w\u0142asn\u0105 terminologi\u0119; dlatego w\u0142a\u015bnie wa\u017cne jest, \u017ceby t\u0142umacz medyczny by\u0142 profesjonalist\u0105 od opieki zdrowotnej i posiada\u0142 doskona\u0142\u0105 znajomo\u015b\u0107 medycznego \u017cargonu. <a href=\"https:\/\/culturesconnection.com\/\">Cultures Connection<\/a> oferuje medyczne <a href=\"https:\/\/culturesconnection.com\/pl\/profesjonalne-uslugi-tlumaczeniowe-we-wszystkich-jezykach\/\">us\u0142ugi t\u0142umaczeniowe<\/a>, kt\u00f3re obejmuj\u0105 specjalno\u015bci takie jak kardiologia, chirurgia, okulistyka, psychiatria i wiele innych.<\/p>\n\n\n\n<h2 class=\"wp-block-heading\">Szukasz agencji t\u0142umacze\u0144 medycznych?<\/h2>\n\n\n\n<p>Szukasz t\u0142umacza medycyny turecko-polskiego lub polsko-tureckiego? Dla Twoich t\u0142umacze\u0144 <a href=\"https:\/\/culturesconnection.com\/pl\/nasze-uslugi-tlumaczen-medycznych\/\">dokument\u00f3w medycznych<\/a>, Cultures Connection oferuje us\u0142ugi powa\u017cnych i do\u015bwiadczonych t\u0142umaczy. Maj\u0105 szerok\u0105 wiedz\u0119 ze swojej dziedziny, co im pozwala na dostarczenie jako\u015bciowych t\u0142umacze\u0144 i sprosta\u0107 napi\u0119tym terminom. Nasi specjali\u015bci od medycznego t\u0142umaczenia r\u00f3wnie\u017c podo\u0142aj\u0105 \u015bcis\u0142ym standardom reguluj\u0105cym form\u0119 dokumentu zgodnie z jego j\u0119zykiem docelowym. Mo\u017cesz liczy\u0107 na nasz\u0105 firm\u0119 t\u0142umaczeniow\u0105 dla Twoich projekt\u00f3w, zar\u00f3wno w Turcji, czy w ka\u017cdym innym miejscu. Gwarantujemy dyskrecj\u0119 i lekarsk\u0105 poufno\u015b\u0107.<\/p>\n\n\n\n<h2 class=\"wp-block-heading\">T\u0142umaczenie dokument\u00f3w prawniczych na j\u0119zyk turecki<\/h2>\n\n\n\n<p>Poni\u017cej znajdziesz przyk\u0142ady t\u0142umacze\u0144 dokument\u00f3w medycznych, kt\u00f3re ju\u017c zosta\u0142y nam zlecone w przesz\u0142o\u015bci:<\/p>\n\n\n\n<ul class=\"wp-block-list\"><li>Czasopisma<\/li><li>Relacje z konferencji<\/li><li>Publikacje<\/li><li>Sprawozdania z projekt\u00f3w i bada\u0144<\/li><li>Wyniki bada\u0144 naukowych i doniesienia naukowe<\/li><li>Prace dotycz\u0105ce interesu publicznego<\/li><li>Raporty bada\u0144<\/li><li>Kwestionariusze<\/li><li>Ulotki<\/li><li>Dawkowanie nowych produkt\u00f3w<\/li><li>Wyniki bada\u0144 klinicznych<\/li><li>Regulacje farmaceutyczne<\/li><li>Raporty medyczne<\/li><\/ul>\n\n\n\n<h3 class=\"wp-block-heading\">&nbsp;T\u0142umaczenia medyczne we wszystkich j\u0119zykach<\/h3>\n\n\n\n<ul class=\"wp-block-list\"><li><a href=\"https:\/\/culturesconnection.com\/pl\/nasze-francuskie-tlumaczenia-medyczne\/\">T\u0142umaczenia medyczne na j\u0119zyk francuski<\/a><\/li><li><a href=\"https:\/\/culturesconnection.com\/pl\/nasze-tlumaczenia-medyczne-z-jezyka-hiszpanskiego\/\">T\u0142umaczenia medyczne na j\u0119zyk hiszpa\u0144ski<\/a><\/li><li><a href=\"https:\/\/culturesconnection.com\/pl\/nasze-niemieckie-tlumaczenia-medyczne\/\">T\u0142umaczenia medyczne na j\u0119zyk niemiecki<\/a><\/li><li><a href=\"https:\/\/culturesconnection.com\/pl\/nasze-chinskie-tlumaczenia-medyczne\/\">T\u0142umaczenia medyczne na j\u0119zyk chi\u0144ski<\/a><\/li><li><a href=\"https:\/\/culturesconnection.com\/pl\/nasze-arabskie-tlumaczenia-medyczne\/\">T\u0142umaczenia medyczne na j\u0119zyk arabski<\/a><\/li><li><a href=\"https:\/\/culturesconnection.com\/pl\/?page_id=13690\">T\u0142umaczenia medyczne na j\u0119zyk portugalski<\/a><\/li><li><a href=\"https:\/\/culturesconnection.com\/pl\/nasze-wloskie-tlumaczenia-medyczne\/\">T\u0142umaczenia medyczne na j\u0119zyk w\u0142oski<\/a><\/li><li><a href=\"https:\/\/culturesconnection.com\/pl\/nasze-niderlandzkie-uslugi-tlumaczen-medycznych\/\">T\u0142umaczenia medyczne na j\u0119zyk niderlandzki<\/a><\/li><li><a href=\"https:\/\/culturesconnection.com\/pl\/nasze-japonskie-tlumaczenia-medyczne\/\">T\u0142umaczenia medyczne na j\u0119zyk japo\u0144ski<\/a><\/li><li><a href=\"https:\/\/culturesconnection.com\/pl\/nasze-medyczne-tlumaczenia-z-jezyka-rosyjskiego\/\">T\u0142umaczenia medyczne na j\u0119zyk rosyjski<\/a><\/li><\/ul>\n","protected":false},"excerpt":{"rendered":"<p>Polsko-tureckie t\u0142umaczenia medyczne Aby poinformowa\u0107 \u015bwiat o post\u0119pach w medycynie, t\u0142umaczenie z tej dziedziny jest konieczno\u015bci\u0105. Pomy\u0142ki nie s\u0105 tolerowane, gdy\u017c mog\u0105 mie\u0107 powa\u017cne konsekwencje [&#8230;]<\/p>\n<p><a class=\"btn btn-secondary understrap-read-more-link\" href=\"https:\/\/culturesconnection.com\/pl\/nasze-uslugi-tlumaczen-tureckich\/tureckie-uslugi-tlumaczen-medycznych\/\">Czytaj dalej\u2026<span class=\"screen-reader-text\"> from Nasze us\u0142ugi t\u0142umacze\u0144 medycznych z tureckiego<\/span><\/a><\/p>\n","protected":false},"author":22,"featured_media":24334,"parent":11786,"menu_order":0,"comment_status":"closed","ping_status":"closed","template":"","meta":{"_acf_changed":false,"_editorskit_title_hidden":false,"_editorskit_reading_time":0,"_editorskit_is_block_options_detached":false,"_editorskit_block_options_position":"{}","footnotes":""},"class_list":["post-13385","page","type-page","status-publish","has-post-thumbnail","hentry"],"acf":[],"_links":{"self":[{"href":"https:\/\/culturesconnection.com\/pl\/wp-json\/wp\/v2\/pages\/13385","targetHints":{"allow":["GET"]}}],"collection":[{"href":"https:\/\/culturesconnection.com\/pl\/wp-json\/wp\/v2\/pages"}],"about":[{"href":"https:\/\/culturesconnection.com\/pl\/wp-json\/wp\/v2\/types\/page"}],"author":[{"embeddable":true,"href":"https:\/\/culturesconnection.com\/pl\/wp-json\/wp\/v2\/users\/22"}],"replies":[{"embeddable":true,"href":"https:\/\/culturesconnection.com\/pl\/wp-json\/wp\/v2\/comments?post=13385"}],"version-history":[{"count":0,"href":"https:\/\/culturesconnection.com\/pl\/wp-json\/wp\/v2\/pages\/13385\/revisions"}],"up":[{"embeddable":true,"href":"https:\/\/culturesconnection.com\/pl\/wp-json\/wp\/v2\/pages\/11786"}],"wp:featuredmedia":[{"embeddable":true,"href":"https:\/\/culturesconnection.com\/pl\/wp-json\/wp\/v2\/media\/24334"}],"wp:attachment":[{"href":"https:\/\/culturesconnection.com\/pl\/wp-json\/wp\/v2\/media?parent=13385"}],"curies":[{"name":"wp","href":"https:\/\/api.w.org\/{rel}","templated":true}]}}