{"id":13312,"date":"2018-12-04T16:28:23","date_gmt":"2018-12-04T14:28:23","guid":{"rendered":"http:\/\/culturesconnection.com\/?page_id=13312"},"modified":"2022-06-22T00:18:48","modified_gmt":"2022-06-21T22:18:48","slug":"nasze-uslugi-tureckich-tlumaczen-biznesowych","status":"publish","type":"page","link":"https:\/\/culturesconnection.com\/pl\/nasze-uslugi-tlumaczen-tureckich\/nasze-uslugi-tureckich-tlumaczen-biznesowych\/","title":{"rendered":"Nasze us\u0142ugi tureckich t\u0142umacze\u0144 biznesowych"},"content":{"rendered":"\n<h2 class=\"wp-block-heading\">Us\u0142ugi polsko-tureckich t\u0142umacze\u0144 biznesowych: sprzymierzeniec w Twojej mi\u0119dzynarodowej ekspansji<\/h2>\n\n\n\n<p>Twoja firma chcia\u0142aby rozszerzy\u0107 dzia\u0142alno\u015b\u0107 w Turcji? Rozwa\u017c wyb\u00f3r us\u0142ugi tureckich t\u0142umacze\u0144 biznesowych, mo\u017ce to by\u0107 Tw\u00f3j najlepszy sprzymierzeniec w negocjacjach z przysz\u0142ymi klientami. W rzeczywisto\u015bci, badania pokazuj\u0105, \u017ce wp\u0142yw dokumentu przet\u0142umaczonego na j\u0119zyk ojczysty danej osoby osi\u0105ga znacznie wi\u0119kszy wp\u0142yw ni\u017c gdyby zosta\u0142 przedstawiony w innym j\u0119zyku, nawet je\u015bli m\u00f3wca p\u0142ynnie si\u0119 nim pos\u0142uguje. Dokument biznesowy lub marketingowy musi by\u0107 dostosowany do lokalnej kultury docelowej spo\u0142eczno\u015bci. Aby to wykona\u0107, t\u0142umacz biznesowy musi perfekcyjnie zna\u0107 j\u0119zyki i kultury tekstu \u017ar\u00f3d\u0142owego i docelowego, \u017ceby wiedzie\u0107 jak\u0105 przyj\u0105\u0107 postaw\u0119, jak r\u00f3wnie\u017c jakich u\u017cy\u0107 styl\u00f3w pisania i powszechnych praktyk.<\/p>\n\n\n\n<h2 class=\"wp-block-heading\">Szukasz agencji t\u0142umacze\u0144 biznesowych?<\/h2>\n\n\n\n<p>Wybrani na podstawie do\u015bwiadczenia i kwalifikacji, nasi t\u0142umacze i weryfikatorzy, kt\u00f3rzy s\u0105 wyspecjalizowani w t\u0142umaczeniu tureckich dokument\u00f3w biznesowych, maj\u0105 dog\u0142\u0119bn\u0105 znajomo\u015b\u0107 tureckiego i polskiego oraz kultur kraj\u00f3w, gdzie te j\u0119zyki s\u0105 u\u017cywane. Do\u015bwiadczenie zawodowe w danej dziedzinie zdobyte poprzez szkolenia lub wcze\u015bniejsz\u0105 prac\u0119 zagwarantuje wysok\u0105 jako\u015b\u0107 t\u0142umacze\u0144. Ponadto przek\u0142adaj\u0105 jedynie na sw\u00f3j j\u0119zyk ojczysty i s\u0105 w stanie lepiej zrozumie\u0107 potrzeby rynku docelowego. Cultures Connection oferuje \u015bwietne <a href=\"https:\/\/culturesconnection.com\/pl\/profesjonalne-uslugi-tlumaczeniowe-we-wszystkich-jezykach\/\">us\u0142ugi t\u0142umaczeniowe<\/a>&nbsp;i dlatego jest najrozs\u0105dniejszym wyborem dla Twoich projekt\u00f3w t\u0142umacze\u0144 marketingowych i biznesowych w j\u0119zyku tureckim i dla Twojej firmy, w celu rozszerzenia dzia\u0142alno\u015bci na nowe rynki tureckie.<\/p>\n\n\n\n<h2 class=\"wp-block-heading\">T\u0142umaczenie dokument\u00f3w biznesowych na j\u0119zyk turecki<\/h2>\n\n\n\n<p>Nasza firma t\u0142umaczeniowa oferuje szeroki wachlarz us\u0142ug t\u0142umacze\u0144 dokument\u00f3w biznesowych i marketingowych. Poni\u017cej znajdziesz list\u0119 przyk\u0142ad\u00f3w tego typu dokument\u00f3w:<\/p>\n\n\n\n<ul class=\"wp-block-list\"><li>Broszury<\/li><li>Ulotki<\/li><li>Wizyt\u00f3wki s\u0142u\u017cbowe<\/li><li>Publikacje<\/li><li>Kampanie<\/li><li>Strony internetowe<\/li><li>Katalogi<\/li><li>Prezentacje<\/li><li>Reklamy<\/li><li>Badania rynku<\/li><li>Newslettery biznesowe<\/li><li>Bia\u0142e ksi\u0119gi<\/li><li>Dokumenty reklamowe<\/li><\/ul>\n\n\n\n<h3 class=\"wp-block-heading\">&nbsp;T\u0142umaczenia biznesowe we wszystkich j\u0119zykach<\/h3>\n\n\n\n<ul class=\"wp-block-list\"><li><a href=\"https:\/\/culturesconnection.com\/pl\/nasze-francuskie-uslugi-tlumaczen-biznesowych\/\">T\u0142umaczenia biznesowe na j\u0119zyk francuski<\/a><\/li><li><a href=\"https:\/\/culturesconnection.com\/pl\/nasze-uslugi-tlumaczen-biznesowych-z-jezyka-hiszpanskiego\/\">T\u0142umaczenia biznesowe na j\u0119zyk hiszpa\u0144ski<\/a><\/li><li><a href=\"https:\/\/culturesconnection.com\/pl\/nasze-niemieckie-tlumaczenia-biznesowe\/\">T\u0142umaczenia biznesowe na j\u0119zyk niemiecki<\/a><\/li><li><a href=\"https:\/\/culturesconnection.com\/pl\/nasze-chinskie-tlumaczenia-biznesowe\/\">T\u0142umaczenia biznesowe na j\u0119zyk chi\u0144ski<\/a><\/li><li><a href=\"https:\/\/culturesconnection.com\/pl\/nasze-biznesowe-tlumaczenia-polsko-arabskie\/\">T\u0142umaczenia biznesowe na j\u0119zyk arabski<\/a><\/li><li><a href=\"https:\/\/culturesconnection.com\/pl\/?page_id=13688\">T\u0142umaczenia biznesowe na j\u0119zyk portugalski<\/a><\/li><li><a href=\"https:\/\/culturesconnection.com\/pl\/nasze-wloskie-tlumaczenia-biznesowe\/\">T\u0142umaczenia biznesowe na j\u0119zyk w\u0142oski<\/a><\/li><li><a href=\"https:\/\/culturesconnection.com\/pl\/nasze-niderlandzkie-uslugi-tlumaczen-biznesowych\/\">T\u0142umaczenia biznesowe na j\u0119zyk niderlandzki<\/a><\/li><li><a href=\"https:\/\/culturesconnection.com\/pl\/nasze-japonskie-tlumaczenia-biznesowe\/\">T\u0142umaczenia biznesowe na j\u0119zyk japo\u0144ski<\/a><\/li><li><a href=\"https:\/\/culturesconnection.com\/pl\/nasze-rosyjskie-tlumaczenia-biznesowe\/\">T\u0142umaczenia biznesowe na j\u0119zyk rosyjski<\/a><\/li><\/ul>\n","protected":false},"excerpt":{"rendered":"<p>Us\u0142ugi polsko-tureckich t\u0142umacze\u0144 biznesowych: sprzymierzeniec w Twojej mi\u0119dzynarodowej ekspansji Twoja firma chcia\u0142aby rozszerzy\u0107 dzia\u0142alno\u015b\u0107 w Turcji? Rozwa\u017c wyb\u00f3r us\u0142ugi tureckich t\u0142umacze\u0144 biznesowych, mo\u017ce to by\u0107 [&#8230;]<\/p>\n<p><a class=\"btn btn-secondary understrap-read-more-link\" href=\"https:\/\/culturesconnection.com\/pl\/nasze-uslugi-tlumaczen-tureckich\/nasze-uslugi-tureckich-tlumaczen-biznesowych\/\">Czytaj dalej\u2026<span class=\"screen-reader-text\"> from Nasze us\u0142ugi tureckich t\u0142umacze\u0144 biznesowych<\/span><\/a><\/p>\n","protected":false},"author":22,"featured_media":24334,"parent":11786,"menu_order":0,"comment_status":"closed","ping_status":"closed","template":"","meta":{"_acf_changed":false,"_editorskit_title_hidden":false,"_editorskit_reading_time":0,"_editorskit_is_block_options_detached":false,"_editorskit_block_options_position":"{}","footnotes":""},"class_list":["post-13312","page","type-page","status-publish","has-post-thumbnail","hentry"],"acf":[],"_links":{"self":[{"href":"https:\/\/culturesconnection.com\/pl\/wp-json\/wp\/v2\/pages\/13312","targetHints":{"allow":["GET"]}}],"collection":[{"href":"https:\/\/culturesconnection.com\/pl\/wp-json\/wp\/v2\/pages"}],"about":[{"href":"https:\/\/culturesconnection.com\/pl\/wp-json\/wp\/v2\/types\/page"}],"author":[{"embeddable":true,"href":"https:\/\/culturesconnection.com\/pl\/wp-json\/wp\/v2\/users\/22"}],"replies":[{"embeddable":true,"href":"https:\/\/culturesconnection.com\/pl\/wp-json\/wp\/v2\/comments?post=13312"}],"version-history":[{"count":0,"href":"https:\/\/culturesconnection.com\/pl\/wp-json\/wp\/v2\/pages\/13312\/revisions"}],"up":[{"embeddable":true,"href":"https:\/\/culturesconnection.com\/pl\/wp-json\/wp\/v2\/pages\/11786"}],"wp:featuredmedia":[{"embeddable":true,"href":"https:\/\/culturesconnection.com\/pl\/wp-json\/wp\/v2\/media\/24334"}],"wp:attachment":[{"href":"https:\/\/culturesconnection.com\/pl\/wp-json\/wp\/v2\/media?parent=13312"}],"curies":[{"name":"wp","href":"https:\/\/api.w.org\/{rel}","templated":true}]}}