{"id":12495,"date":"2018-11-02T12:54:07","date_gmt":"2018-11-02T10:54:07","guid":{"rendered":"http:\/\/culturesconnection.com\/?page_id=12495"},"modified":"2022-08-03T10:21:35","modified_gmt":"2022-08-03T08:21:35","slug":"szwedzkie-uslugi-tlumaczeniowe","status":"publish","type":"page","link":"https:\/\/culturesconnection.com\/pl\/szwedzkie-uslugi-tlumaczeniowe\/","title":{"rendered":"Szwedzkie us\u0142ugi t\u0142umaczeniowe"},"content":{"rendered":"\n<h2 class=\"wp-block-heading\">Profesjonalne szwedzkie us\u0142ugi t\u0142umaczeniowe<\/h2>\n\n\n\n<p>Szwecja jest wa\u017cnym partnerem ekonomicznym Polski z obrotem handlowym wynosz\u0105cym oko\u0142o 5 miliard\u00f3w euro. Wiele firm polskich za\u0142o\u017cy\u0142o swoj\u0105 dzia\u0142alno\u015b\u0107 biznesow\u0105 w tym kraju i na odwr\u00f3t. Dlaczego ty nie mia\u0142by\u015b by\u0107 nast\u0119pny? Je\u015bli chcia\u0142by\u015b wcieli\u0107 w \u017cycie ten projekt, jednym z pierwszych krok\u00f3w jest powierzenie swoich dokument\u00f3w<a href=\"https:\/\/culturesconnection.com\/pl\/\"> t\u0142umaczeniowej&nbsp;<\/a><a href=\"https:\/\/culturesconnection.com\/pl\/\">agencji<\/a>, kt\u00f3ra oferuje jako\u015bciowe szwedzkie us\u0142ugi t\u0142umaczeniowe, jak na przyk\u0142ad Cultures Connection: udost\u0119pnimy je Twojemu nowemu rynkowi docelowemu.<\/p>\n\n\n\n<h2 class=\"wp-block-heading\">Poszukujesz szwedzkiego t\u0142umacza?<\/h2>\n\n\n\n<p>Cultures Connection: jako\u015b\u0107 jest zawsze najlepszym wyborem. W\u0142a\u015bnie dlatego uwa\u017cnie wybieramy profesjonalist\u00f3w, kt\u00f3rym przypisujemy projekty t\u0142umaczeniowe. Wszyscy nasi t\u0142umacze posiadaj\u0105 wy\u017csze wykszta\u0142cenie i ponad 5 lat do\u015bwiadczenia zawodowego. Zawsze wykonuj\u0105 t\u0142umaczenia na sw\u00f3j <a href=\"https:\/\/culturesconnection.com\/pl\/profesjonalne-tlumaczenia-w-ponad-40-jezykach\/\">j\u0119zyk<\/a> ojczysty i z dziedziny, w kt\u00f3rej si\u0119 specjalizuj\u0105. Czy Tw\u00f3j projekt ma zwi\u0105zek z medycyn\u0105, nauk\u0105 lub prawem? Powierzymy go najlepszemu specjali\u015bcie, b\u0119d\u0105cemu w stanie dostarczy\u0107 rezultat, kt\u00f3ry sprosta Twoim wymaganiom.<\/p>\n\n\n\n<h2 class=\"wp-block-heading\">Nasza agencja t\u0142umaczeniowa<\/h2>\n\n\n\n<p>Od 2007 Cultures Connection oferuje us\u0142ugi t\u0142umaczeniowe wielu klientom na ca\u0142ym \u015bwiecie. Lojalno\u015b\u0107 \u015bwiadczy o naszej powadze i profesjonalizmie. Zajmujemy si\u0119 wszelkiego typu projektami w ponad 80 kombinacjach j\u0119zykowych. Oto list najcz\u0119\u015bciej wybieranych sektor\u00f3w t\u0142umacze\u0144:<\/p>\n\n\n\n<ul class=\"wp-block-list\"><li>T\u0142umaczenia finansowe ze szwedzkiego<\/li><li>T\u0142umaczenia biznesowe ze szwedzkiego<\/li><li>T\u0142umaczenia naukowe ze szwedzkiego<\/li><li>T\u0142umaczenia medyczne ze szwedzkiego<\/li><li>T\u0142umaczenia techniczne ze szwedzkiego<\/li><li>T\u0142umaczenia prawnicze ze szwedzkiego<\/li><li>T\u0142umaczenia marketingowe ze szwedzkiego<\/li><li>T\u0142umaczenia stron internetowych ze szwedzkiego<\/li><li>Tworzenie napis\u00f3w ze szwedzkiego<\/li><li>T\u0142umaczenia gier wideo ze szwedzkiego<\/li><li>T\u0142umaczenia ekspresowe ze szwedzkiego<\/li><\/ul>\n","protected":false},"excerpt":{"rendered":"<p>Profesjonalne szwedzkie us\u0142ugi t\u0142umaczeniowe Szwecja jest wa\u017cnym partnerem ekonomicznym Polski z obrotem handlowym wynosz\u0105cym oko\u0142o 5 miliard\u00f3w euro. Wiele firm polskich za\u0142o\u017cy\u0142o swoj\u0105 dzia\u0142alno\u015b\u0107 biznesow\u0105 [&#8230;]<\/p>\n<p><a class=\"btn btn-secondary understrap-read-more-link\" href=\"https:\/\/culturesconnection.com\/pl\/szwedzkie-uslugi-tlumaczeniowe\/\">Czytaj dalej\u2026<span class=\"screen-reader-text\"> from Szwedzkie us\u0142ugi t\u0142umaczeniowe<\/span><\/a><\/p>\n","protected":false},"author":22,"featured_media":23256,"parent":0,"menu_order":0,"comment_status":"closed","ping_status":"closed","template":"","meta":{"_acf_changed":false,"_editorskit_title_hidden":false,"_editorskit_reading_time":1,"_editorskit_is_block_options_detached":false,"_editorskit_block_options_position":"{}","footnotes":""},"class_list":["post-12495","page","type-page","status-publish","has-post-thumbnail","hentry"],"acf":[],"_links":{"self":[{"href":"https:\/\/culturesconnection.com\/pl\/wp-json\/wp\/v2\/pages\/12495","targetHints":{"allow":["GET"]}}],"collection":[{"href":"https:\/\/culturesconnection.com\/pl\/wp-json\/wp\/v2\/pages"}],"about":[{"href":"https:\/\/culturesconnection.com\/pl\/wp-json\/wp\/v2\/types\/page"}],"author":[{"embeddable":true,"href":"https:\/\/culturesconnection.com\/pl\/wp-json\/wp\/v2\/users\/22"}],"replies":[{"embeddable":true,"href":"https:\/\/culturesconnection.com\/pl\/wp-json\/wp\/v2\/comments?post=12495"}],"version-history":[{"count":0,"href":"https:\/\/culturesconnection.com\/pl\/wp-json\/wp\/v2\/pages\/12495\/revisions"}],"wp:featuredmedia":[{"embeddable":true,"href":"https:\/\/culturesconnection.com\/pl\/wp-json\/wp\/v2\/media\/23256"}],"wp:attachment":[{"href":"https:\/\/culturesconnection.com\/pl\/wp-json\/wp\/v2\/media?parent=12495"}],"curies":[{"name":"wp","href":"https:\/\/api.w.org\/{rel}","templated":true}]}}