{"id":12494,"date":"2018-11-02T12:48:09","date_gmt":"2018-11-02T10:48:09","guid":{"rendered":"http:\/\/culturesconnection.com\/?page_id=12494"},"modified":"2022-08-03T09:57:54","modified_gmt":"2022-08-03T07:57:54","slug":"rumunskie-uslugi-tlumaczeniowe","status":"publish","type":"page","link":"https:\/\/culturesconnection.com\/pl\/rumunskie-uslugi-tlumaczeniowe\/","title":{"rendered":"Rumu\u0144skie us\u0142ugi t\u0142umaczeniowe"},"content":{"rendered":"\n<h2 class=\"wp-block-heading\">Nasze rumu\u0144skie us\u0142ugi t\u0142umaczeniowe<\/h2>\n\n\n\n<p>Relacje gospodarcze mi\u0119dzy Polsk\u0105, a Rumuni\u0105 stale przybieraj\u0105 na sile Polska jest pi\u0105tym co do wielko\u015bci partnerem handlowym Rumuni. Je\u015bli chcia\u0142by\u015b rozszerzy\u0107 swoj\u0105 dzia\u0142alno\u015b\u0107 na ten kraj, Cultures Connection we\u017amie odpowiedzialno\u015b\u0107 za Tw\u00f3j projekt t\u0142umaczeniowy, niezale\u017cnie od terminu, dziedziny dzia\u0142alno\u015bci lub Twojego bud\u017cetu. Aby jak najlepiej sprosta\u0107 Twoim wymaganiom pod wzgl\u0119dem finansowym i jako\u015bciowym, stworzyli\u015bmy 4-poziomowy system rodzaj\u00f3w us\u0142ug (podstawowy, standardowy, profesjonalny i premium).<\/p>\n\n\n\n<h2 class=\"wp-block-heading\">Szukasz t\u0142umacza rumu\u0144skiego?<\/h2>\n\n\n\n<p>Nasza profesjonalna<a href=\"https:\/\/culturesconnection.com\/pl\/\"> t\u0142umaczeniowa<\/a> <a href=\"https:\/\/culturesconnection.com\/pl\/\">agencja<\/a> wybiera swoich t\u0142umaczy na podstawie surowych kryteri\u00f3w. Selekcja odbywa si\u0119 w oparciu o kwalifikacje i umiej\u0119tno\u015bci. Wymagamy minimum 5 lat do\u015bwiadczenia w danej dziedzinie, w\u0142a\u015bnie dlatego zawsze mo\u017cemy dostarczy\u0107 \u015bwietnej jako\u015bci rumu\u0144skie us\u0142ugi t\u0142umaczeniowe. Rumu\u0144ski jest szczeg\u00f3lnie z\u0142o\u017conym <a href=\"https:\/\/culturesconnection.com\/pl\/profesjonalne-tlumaczenia-w-ponad-40-jezykach\/\">j\u0119zykiem <\/a>i aby wykona\u0107 t\u0142umaczenie z lub na ten j\u0119zyk, potrzebne s\u0105 solidne umiej\u0119tno\u015bci lingwistyczne i kulturowe. Nasi j\u0119zykowi eksperci opanowali do perfekcji wszystkie niuanse tego j\u0119zyka i t\u0142umacz\u0105 wy\u0142\u0105cznie na sw\u00f3j j\u0119zyk ojczysty.<\/p>\n\n\n\n<h2 class=\"wp-block-heading\">Nasza agencja t\u0142umaczeniowa<\/h2>\n\n\n\n<p>Przez prawie 10 lat Cultures Connection udzieli\u0142 profesjonalnych us\u0142ug t\u0142umaczeniowych wielu klientom we Francji i za granic\u0105. Nasz zesp\u00f3\u0142 poprowadzi Ci\u0119 przez proces t\u0142umaczenia, bez wzgl\u0119du na dziedzin\u0119 w jakiej wyst\u0119puje Twoja dokumentacja. Poni\u017cej podajemy przyk\u0142ady t\u0142umaczonych sektor\u00f3w:<\/p>\n\n\n\n<ul class=\"wp-block-list\"><li>Rumu\u0144skie t\u0142umaczenia finansowe<\/li><li>Rumu\u0144skie t\u0142umaczenia biznesowe<\/li><li>Rumu\u0144skie t\u0142umaczenia naukowe<\/li><li>Rumu\u0144skie t\u0142umaczenia medyczne<\/li><li>Rumu\u0144skie t\u0142umaczenia techniczne<\/li><li>Rumu\u0144skie t\u0142umaczenia prawnicze<\/li><li>Rumu\u0144skie t\u0142umaczenia marketingowe<\/li><li>Rumu\u0144skie t\u0142umaczenia stron internetowych<\/li><li>Rumu\u0144skie us\u0142ugi tworzenia napis\u00f3w<\/li><li>Rumu\u0144skie t\u0142umaczenia gier wideo<\/li><li>Rumu\u0144skie t\u0142umaczenia ekspresowe<\/li><\/ul>\n","protected":false},"excerpt":{"rendered":"<p>Nasze rumu\u0144skie us\u0142ugi t\u0142umaczeniowe Relacje gospodarcze mi\u0119dzy Polsk\u0105, a Rumuni\u0105 stale przybieraj\u0105 na sile Polska jest pi\u0105tym co do wielko\u015bci partnerem handlowym Rumuni. Je\u015bli chcia\u0142by\u015b [&#8230;]<\/p>\n<p><a class=\"btn btn-secondary understrap-read-more-link\" href=\"https:\/\/culturesconnection.com\/pl\/rumunskie-uslugi-tlumaczeniowe\/\">Czytaj dalej\u2026<span class=\"screen-reader-text\"> from Rumu\u0144skie us\u0142ugi t\u0142umaczeniowe<\/span><\/a><\/p>\n","protected":false},"author":22,"featured_media":23256,"parent":0,"menu_order":0,"comment_status":"closed","ping_status":"closed","template":"","meta":{"_acf_changed":false,"_editorskit_title_hidden":false,"_editorskit_reading_time":1,"_editorskit_is_block_options_detached":false,"_editorskit_block_options_position":"{}","footnotes":""},"class_list":["post-12494","page","type-page","status-publish","has-post-thumbnail","hentry"],"acf":[],"_links":{"self":[{"href":"https:\/\/culturesconnection.com\/pl\/wp-json\/wp\/v2\/pages\/12494","targetHints":{"allow":["GET"]}}],"collection":[{"href":"https:\/\/culturesconnection.com\/pl\/wp-json\/wp\/v2\/pages"}],"about":[{"href":"https:\/\/culturesconnection.com\/pl\/wp-json\/wp\/v2\/types\/page"}],"author":[{"embeddable":true,"href":"https:\/\/culturesconnection.com\/pl\/wp-json\/wp\/v2\/users\/22"}],"replies":[{"embeddable":true,"href":"https:\/\/culturesconnection.com\/pl\/wp-json\/wp\/v2\/comments?post=12494"}],"version-history":[{"count":0,"href":"https:\/\/culturesconnection.com\/pl\/wp-json\/wp\/v2\/pages\/12494\/revisions"}],"wp:featuredmedia":[{"embeddable":true,"href":"https:\/\/culturesconnection.com\/pl\/wp-json\/wp\/v2\/media\/23256"}],"wp:attachment":[{"href":"https:\/\/culturesconnection.com\/pl\/wp-json\/wp\/v2\/media?parent=12494"}],"curies":[{"name":"wp","href":"https:\/\/api.w.org\/{rel}","templated":true}]}}