{"id":11799,"date":"2018-11-02T10:46:39","date_gmt":"2018-11-02T08:46:39","guid":{"rendered":"http:\/\/culturesconnection.com\/?page_id=11799"},"modified":"2022-10-12T12:12:46","modified_gmt":"2022-10-12T10:12:46","slug":"tlumaczenie-strony-internetowej-nasze-uslugi-tlumaczen-stron-internetowych","status":"publish","type":"page","link":"https:\/\/culturesconnection.com\/pl\/tlumaczenie-strony-internetowej-nasze-uslugi-tlumaczen-stron-internetowych\/","title":{"rendered":"Nasze us\u0142ugi t\u0142umacze\u0144 stron internetowych"},"content":{"rendered":"\n<h2 class=\"wp-block-heading\">T\u0142umaczenie strony internetowej daje Twoim interesom globaln\u0105 widoczno\u015b\u0107<\/h2>\n\n\n\n<p>T\u0142umaczenie strony internetowej jest najlepszym sposobem, aby dotrze\u0107 do rynk\u00f3w zagranicznych i zwi\u0119kszy\u0107 sprzeda\u017c mi\u0119dzynarodow\u0105.&nbsp;Prawd\u0105 jest, \u017ce angielski jest \u201a,j\u0119zykiem globalnym\u2019\u2019 i ludzie na ca\u0142ym \u015bwiecie czytaj\u0105 po angielsku i go rozumiej\u0105, jednak u\u017cytkownicy korzystaj\u0105 z internetu w swoim ojczystym j\u0119zyku. R\u00f3wnie\u017c ludzie czuj\u0105 si\u0119 bardziej komfortowo kupuj\u0105c Twoje produkty i korzystaj\u0105c z Twoich us\u0142ug je\u015bli porozumiewasz si\u0119 nimi w ich rodzimym j\u0119zyku. T\u0142umaczenie strony internetowej jest zatem niezb\u0119dnym krokiem w stron\u0119 umi\u0119dzynarodowienia Twojej dzia\u0142alno\u015bci, w szczeg\u00f3lno\u015bci zwi\u0105zanej z <strong>e-commerce<\/strong>. Jednak\u017ce, inne czynniki r\u00f3wnie\u017c powinny by\u0107 wzi\u0119te pod uwag\u0119, aby zapewni\u0107 sukces Twojej witryny internetowej.<\/p>\n\n\n\n<h2 class=\"wp-block-heading\">Uniknij pomy\u0142ek kulturalnych dzi\u0119ki<br>lokalizacji stron internetowych<\/h2>\n\n\n\n<p>Udane t\u0142umaczenie portalu mo\u017ce w ten spos\u00f3b przyci\u0105gn\u0105\u0107 tysi\u0105ce potencjalnych klient\u00f3w. Internet wprowadza mi\u0119dzynarodowy marketing do innego wymiaru i czyni mo\u017cliwym wej\u015bcie na nowe rynki tak jakby znajdowa\u0142y si\u0119 tu\u017c obok.&nbsp;Aczkolwiek, r\u00f3\u017cnice kulturowe mog\u0105 prowadzi\u0107 do nieporozumie\u0144 i namiesza\u0107 w przekazie Twojej wiadomo\u015bci. M\u00f3wi\u0105c dok\u0142adniej, t\u0142umaczenie strony internetowej, z uwzgl\u0119dnieniem drobnych r\u00f3\u017cnic kulturowych, jest kluczem do sukcesu na rynkach online.<\/p>\n\n\n\n<p>T\u0142umaczenie witryny internetowej jest sztuk\u0105, kt\u00f3rej nawet niekt\u00f3rzy partnerzy biznesowi nie doceniaj\u0105. Internet jest pe\u0142ny przyk\u0142ad\u00f3w niepoprawnych t\u0142umacze\u0144 i zaskakuj\u0105ce jest widzie\u0107, \u017ce nawet mi\u0119dzynarodowe organizacje pope\u0142niaj\u0105 b\u0142\u0119dy w tej dziedzinie, kt\u00f3re mog\u0105 mie\u0107 cenny wp\u0142yw na reputacj\u0119 i dochody.<\/p>\n\n\n\n<p>Ka\u017cdej pr\u00f3bie rozszerzenia Twojej dzia\u0142alno\u015bci na nowe rynki musi towarzyszy\u0107 <strong>jako\u015bci t\u0142umaczenia strony internetowej<\/strong> z zachowaniem poszanowania kultury kraju docelowego. Powierz swoje projekty t\u0142umaczeniowe <a href=\"https:\/\/culturesconnection.com\/pl\/\">Cultures Connection<\/a>, idealnemu partnerowi dla Twoich interes\u00f3w mi\u0119dzynarodowych.<\/p>\n\n\n\n<h2 class=\"wp-block-heading\">Nasze us\u0142ugi t\u0142umacze\u0144 stron internetowych<\/h2>\n\n\n\n<p>Nasza firma codziennie otrzymuje pro\u015bby od klient\u00f3w, kt\u00f3rzy chcieliby <strong>przet\u0142umaczy\u0107 swoj\u0105 stron\u0119 internetow\u0105<\/strong>. Nasi t\u0142umacze i lokalizatorzy mog\u0105 bezpo\u015brednio przet\u0142umaczy\u0107 stron\u0119 internetow\u0105 w pakiecie MS Word (.docx) lub w kodzie \u017ar\u00f3d\u0142owym (.htm(l), .php, .asp, .xml, java&#8230;) je\u015bli chcia\u0142by\u015b otrzyma\u0107 now\u0105 wersj\u0119 swojej witryny tak szybko, jak to tylko mo\u017cliwe.<\/p>\n\n\n\n<p>Specjalizujemy si\u0119 w t\u0142umaczeniu zawarto\u015bci stron internetowych, stron e-commerce, aplikacji mobilnych i platform handlowych, jak r\u00f3wnie\u017c w t\u0142umaczeniu karty charakterystyki produktu w wielu dyscyplinach takich jak turystyka, kosmetyka, sport, ekonomia, finanse, zdrowie, \u017cywno\u015b\u0107, chemia, i wiele wi\u0119cej. Opr\u00f3cz t\u0142umaczenia stron internetowych nasze <a href=\"https:\/\/culturesconnection.com\/pl\/profesjonalne-uslugi-tlumaczeniowe-we-wszystkich-jezykach\/\">us\u0142ugi<\/a> obejmuj\u0105 formowanie tre\u015bci dla witryn internetowych (pozycjonowanie SEO) zoptymalizowane dla wyszukiwarek internetowych.<\/p>\n\n\n\n<h2 class=\"wp-block-heading\">T\u0142umaczenia stron internetowych we wszystkich j\u0119zykach<\/h2>\n\n\n\n<ul class=\"wp-block-list\"><li><a href=\"https:\/\/culturesconnection.com\/pl\/nasze-francuskie-uslugi-tlumaczen-stron-internetowych\/\">T\u0142umaczenia stron internetowych na j\u0119zyk francuski<\/a><\/li><li><a href=\"https:\/\/culturesconnection.com\/pl\/nasze-uslugi-tlumaczen-stron-internetowych-z-hiszpanskiego\/\">T\u0142umaczenia stron internetowych na j\u0119zyk hiszpa\u0144ski<\/a><\/li><li><a href=\"https:\/\/culturesconnection.com\/pl\/nasze-tlumaczenia-stron-internetowych-w-jezyku-niemieckim\/\">T\u0142umaczenia stron internetowych na j\u0119zyk niemiecki<\/a><\/li><li><a href=\"https:\/\/culturesconnection.com\/pl\/nasze-chinskie-tlumaczenia-stron-internetowych\/\">T\u0142umaczenia stron internetowych na j\u0119zyk chi\u0144ski<\/a><\/li><li><a href=\"https:\/\/culturesconnection.com\/pl\/nasze-uslugi-tlumaczen-arabskich-stron-internetowych\/\">T\u0142umaczenia stron internetowych na j\u0119zyk arabski<\/a><\/li><li><a href=\"https:\/\/culturesconnection.com\/pl\/?page_id=13396\">T\u0142umaczenia stron internetowych na j\u0119zyk portugalski<\/a><\/li><li><a href=\"https:\/\/culturesconnection.com\/pl\/uslugi-tlumaczen-stron-internetowych-z-wloskiego\/\">T\u0142umaczenia stron internetowych na j\u0119zyk w\u0142oski<\/a><\/li><li><a href=\"https:\/\/culturesconnection.com\/pl\/nasze-uslugi-tlumaczen-stron-internetowych-na-jezyk-niderlandzki\/\">T\u0142umaczenia stron internetowych na j\u0119zyk niderlandzki<\/a><\/li><li><a href=\"https:\/\/culturesconnection.com\/pl\/?page_id=13389\">T\u0142umaczenia stron internetowych na j\u0119zyk turecki<\/a><\/li><li><a href=\"https:\/\/culturesconnection.com\/pl\/nasze-japonskie-tlumaczenia-stron-internetowych\/\">T\u0142umaczenia stron internetowych na j\u0119zyk japo\u0144ski<\/a><\/li><li><a href=\"https:\/\/culturesconnection.com\/pl\/nasze-tlumaczenia-stron-internetowych-z-jezyka-rosyjskiego\/\">T\u0142umaczenia stron internetowych na j\u0119zyk rosyjski<\/a><\/li><\/ul>\n","protected":false},"excerpt":{"rendered":"<p>T\u0142umaczenie strony internetowej daje Twoim interesom globaln\u0105 widoczno\u015b\u0107 T\u0142umaczenie strony internetowej jest najlepszym sposobem, aby dotrze\u0107 do rynk\u00f3w zagranicznych i zwi\u0119kszy\u0107 sprzeda\u017c mi\u0119dzynarodow\u0105.&nbsp;Prawd\u0105 jest, \u017ce [&#8230;]<\/p>\n<p><a class=\"btn btn-secondary understrap-read-more-link\" href=\"https:\/\/culturesconnection.com\/pl\/tlumaczenie-strony-internetowej-nasze-uslugi-tlumaczen-stron-internetowych\/\">Czytaj dalej\u2026<span class=\"screen-reader-text\"> from Nasze us\u0142ugi t\u0142umacze\u0144 stron internetowych<\/span><\/a><\/p>\n","protected":false},"author":22,"featured_media":11804,"parent":0,"menu_order":0,"comment_status":"closed","ping_status":"closed","template":"","meta":{"_acf_changed":false,"_editorskit_title_hidden":false,"_editorskit_reading_time":2,"_editorskit_is_block_options_detached":false,"_editorskit_block_options_position":"{}","footnotes":""},"class_list":["post-11799","page","type-page","status-publish","has-post-thumbnail","hentry"],"acf":[],"yoast_head":"<!-- This site is optimized with the Yoast SEO Premium plugin v23.4 (Yoast SEO v27.3) - https:\/\/yoast.com\/product\/yoast-seo-premium-wordpress\/ -->\n<title>T\u0142umaczenie strony internetowej<\/title>\n<meta name=\"description\" content=\"Agencja Cultures Connection oferuje t\u0142umaczenie strony internetowej. Bezp\u0142atna wycena, konkurencyjne ceny, wysoka jako\u015b\u0107 us\u0142ug.\" \/>\n<meta name=\"robots\" content=\"index, follow, max-snippet:-1, max-image-preview:large, max-video-preview:-1\" \/>\n<link rel=\"canonical\" href=\"https:\/\/culturesconnection.com\/pl\/tlumaczenie-strony-internetowej-nasze-uslugi-tlumaczen-stron-internetowych\/\" \/>\n<meta property=\"og:locale\" content=\"pl_PL\" \/>\n<meta property=\"og:type\" content=\"article\" \/>\n<meta property=\"og:title\" content=\"Nasze us\u0142ugi t\u0142umacze\u0144 stron internetowych\" \/>\n<meta property=\"og:description\" content=\"Agencja Cultures Connection oferuje t\u0142umaczenie strony internetowej. Bezp\u0142atna wycena, konkurencyjne ceny, wysoka jako\u015b\u0107 us\u0142ug.\" \/>\n<meta property=\"og:url\" content=\"https:\/\/culturesconnection.com\/pl\/tlumaczenie-strony-internetowej-nasze-uslugi-tlumaczen-stron-internetowych\/\" \/>\n<meta property=\"og:site_name\" content=\"Cultures Connection\" \/>\n<meta property=\"article:publisher\" content=\"https:\/\/www.facebook.com\/CulturesConnection\" \/>\n<meta property=\"article:modified_time\" content=\"2022-10-12T10:12:46+00:00\" \/>\n<meta property=\"og:image\" content=\"https:\/\/culturesconnection.com\/wp-content\/uploads\/2013\/06\/background_website-translation.png\" \/>\n\t<meta property=\"og:image:width\" content=\"1440\" \/>\n\t<meta property=\"og:image:height\" content=\"570\" \/>\n\t<meta property=\"og:image:type\" content=\"image\/png\" \/>\n<meta name=\"twitter:card\" content=\"summary_large_image\" \/>\n<meta name=\"twitter:site\" content=\"@CulturesCo_\" \/>\n<meta name=\"twitter:label1\" content=\"Szacowany czas czytania\" \/>\n\t<meta name=\"twitter:data1\" content=\"3 minuty\" \/>\n<script type=\"application\/ld+json\" class=\"yoast-schema-graph\">{\"@context\":\"https:\\\/\\\/schema.org\",\"@graph\":[{\"@type\":\"WebPage\",\"@id\":\"https:\\\/\\\/culturesconnection.com\\\/pl\\\/tlumaczenie-strony-internetowej-nasze-uslugi-tlumaczen-stron-internetowych\\\/\",\"url\":\"https:\\\/\\\/culturesconnection.com\\\/pl\\\/tlumaczenie-strony-internetowej-nasze-uslugi-tlumaczen-stron-internetowych\\\/\",\"name\":\"T\u0142umaczenie strony internetowej\",\"isPartOf\":{\"@id\":\"https:\\\/\\\/culturesconnection.com\\\/fr\\\/#website\"},\"primaryImageOfPage\":{\"@id\":\"https:\\\/\\\/culturesconnection.com\\\/pl\\\/tlumaczenie-strony-internetowej-nasze-uslugi-tlumaczen-stron-internetowych\\\/#primaryimage\"},\"image\":{\"@id\":\"https:\\\/\\\/culturesconnection.com\\\/pl\\\/tlumaczenie-strony-internetowej-nasze-uslugi-tlumaczen-stron-internetowych\\\/#primaryimage\"},\"thumbnailUrl\":\"https:\\\/\\\/culturesconnection.com\\\/wp-content\\\/uploads\\\/2013\\\/06\\\/background_website-translation.png\",\"datePublished\":\"2018-11-02T08:46:39+00:00\",\"dateModified\":\"2022-10-12T10:12:46+00:00\",\"description\":\"Agencja Cultures Connection oferuje t\u0142umaczenie strony internetowej. Bezp\u0142atna wycena, konkurencyjne ceny, wysoka jako\u015b\u0107 us\u0142ug.\",\"breadcrumb\":{\"@id\":\"https:\\\/\\\/culturesconnection.com\\\/pl\\\/tlumaczenie-strony-internetowej-nasze-uslugi-tlumaczen-stron-internetowych\\\/#breadcrumb\"},\"inLanguage\":\"pl-PL\",\"potentialAction\":[{\"@type\":\"ReadAction\",\"target\":[\"https:\\\/\\\/culturesconnection.com\\\/pl\\\/tlumaczenie-strony-internetowej-nasze-uslugi-tlumaczen-stron-internetowych\\\/\"]}]},{\"@type\":\"ImageObject\",\"inLanguage\":\"pl-PL\",\"@id\":\"https:\\\/\\\/culturesconnection.com\\\/pl\\\/tlumaczenie-strony-internetowej-nasze-uslugi-tlumaczen-stron-internetowych\\\/#primaryimage\",\"url\":\"https:\\\/\\\/culturesconnection.com\\\/wp-content\\\/uploads\\\/2013\\\/06\\\/background_website-translation.png\",\"contentUrl\":\"https:\\\/\\\/culturesconnection.com\\\/wp-content\\\/uploads\\\/2013\\\/06\\\/background_website-translation.png\",\"width\":1440,\"height\":570,\"caption\":\"background_website-translation\"},{\"@type\":\"BreadcrumbList\",\"@id\":\"https:\\\/\\\/culturesconnection.com\\\/pl\\\/tlumaczenie-strony-internetowej-nasze-uslugi-tlumaczen-stron-internetowych\\\/#breadcrumb\",\"itemListElement\":[{\"@type\":\"ListItem\",\"position\":1,\"name\":\"Home\",\"item\":\"https:\\\/\\\/culturesconnection.com\\\/pl\\\/\"},{\"@type\":\"ListItem\",\"position\":2,\"name\":\"Nasze us\u0142ugi t\u0142umacze\u0144 stron internetowych\"}]},{\"@type\":\"WebSite\",\"@id\":\"https:\\\/\\\/culturesconnection.com\\\/fr\\\/#website\",\"url\":\"https:\\\/\\\/culturesconnection.com\\\/fr\\\/\",\"name\":\"Cultures Connection\",\"description\":\"Cultures Connection is a translation agency dedicated to the success of its international clients.\",\"publisher\":{\"@id\":\"https:\\\/\\\/culturesconnection.com\\\/fr\\\/#organization\"},\"potentialAction\":[{\"@type\":\"SearchAction\",\"target\":{\"@type\":\"EntryPoint\",\"urlTemplate\":\"https:\\\/\\\/culturesconnection.com\\\/fr\\\/?s={search_term_string}\"},\"query-input\":{\"@type\":\"PropertyValueSpecification\",\"valueRequired\":true,\"valueName\":\"search_term_string\"}}],\"inLanguage\":\"pl-PL\"},{\"@type\":\"Organization\",\"@id\":\"https:\\\/\\\/culturesconnection.com\\\/fr\\\/#organization\",\"name\":\"Cultures Connection\",\"url\":\"https:\\\/\\\/culturesconnection.com\\\/fr\\\/\",\"logo\":{\"@type\":\"ImageObject\",\"inLanguage\":\"pl-PL\",\"@id\":\"https:\\\/\\\/culturesconnection.com\\\/fr\\\/#\\\/schema\\\/logo\\\/image\\\/\",\"url\":\"https:\\\/\\\/culturesconnection.com\\\/wp-content\\\/uploads\\\/2022\\\/06\\\/cropped-favicon512x512.png\",\"contentUrl\":\"https:\\\/\\\/culturesconnection.com\\\/wp-content\\\/uploads\\\/2022\\\/06\\\/cropped-favicon512x512.png\",\"width\":512,\"height\":512,\"caption\":\"Cultures Connection\"},\"image\":{\"@id\":\"https:\\\/\\\/culturesconnection.com\\\/fr\\\/#\\\/schema\\\/logo\\\/image\\\/\"},\"sameAs\":[\"https:\\\/\\\/www.facebook.com\\\/CulturesConnection\",\"https:\\\/\\\/x.com\\\/CulturesCo_\"]}]}<\/script>\n<!-- \/ Yoast SEO Premium plugin. -->","yoast_head_json":{"title":"T\u0142umaczenie strony internetowej","description":"Agencja Cultures Connection oferuje t\u0142umaczenie strony internetowej. Bezp\u0142atna wycena, konkurencyjne ceny, wysoka jako\u015b\u0107 us\u0142ug.","robots":{"index":"index","follow":"follow","max-snippet":"max-snippet:-1","max-image-preview":"max-image-preview:large","max-video-preview":"max-video-preview:-1"},"canonical":"https:\/\/culturesconnection.com\/pl\/tlumaczenie-strony-internetowej-nasze-uslugi-tlumaczen-stron-internetowych\/","og_locale":"pl_PL","og_type":"article","og_title":"Nasze us\u0142ugi t\u0142umacze\u0144 stron internetowych","og_description":"Agencja Cultures Connection oferuje t\u0142umaczenie strony internetowej. Bezp\u0142atna wycena, konkurencyjne ceny, wysoka jako\u015b\u0107 us\u0142ug.","og_url":"https:\/\/culturesconnection.com\/pl\/tlumaczenie-strony-internetowej-nasze-uslugi-tlumaczen-stron-internetowych\/","og_site_name":"Cultures Connection","article_publisher":"https:\/\/www.facebook.com\/CulturesConnection","article_modified_time":"2022-10-12T10:12:46+00:00","og_image":[{"width":1440,"height":570,"url":"https:\/\/culturesconnection.com\/wp-content\/uploads\/2013\/06\/background_website-translation.png","type":"image\/png"}],"twitter_card":"summary_large_image","twitter_site":"@CulturesCo_","twitter_misc":{"Szacowany czas czytania":"3 minuty"},"schema":{"@context":"https:\/\/schema.org","@graph":[{"@type":"WebPage","@id":"https:\/\/culturesconnection.com\/pl\/tlumaczenie-strony-internetowej-nasze-uslugi-tlumaczen-stron-internetowych\/","url":"https:\/\/culturesconnection.com\/pl\/tlumaczenie-strony-internetowej-nasze-uslugi-tlumaczen-stron-internetowych\/","name":"T\u0142umaczenie strony internetowej","isPartOf":{"@id":"https:\/\/culturesconnection.com\/fr\/#website"},"primaryImageOfPage":{"@id":"https:\/\/culturesconnection.com\/pl\/tlumaczenie-strony-internetowej-nasze-uslugi-tlumaczen-stron-internetowych\/#primaryimage"},"image":{"@id":"https:\/\/culturesconnection.com\/pl\/tlumaczenie-strony-internetowej-nasze-uslugi-tlumaczen-stron-internetowych\/#primaryimage"},"thumbnailUrl":"https:\/\/culturesconnection.com\/wp-content\/uploads\/2013\/06\/background_website-translation.png","datePublished":"2018-11-02T08:46:39+00:00","dateModified":"2022-10-12T10:12:46+00:00","description":"Agencja Cultures Connection oferuje t\u0142umaczenie strony internetowej. Bezp\u0142atna wycena, konkurencyjne ceny, wysoka jako\u015b\u0107 us\u0142ug.","breadcrumb":{"@id":"https:\/\/culturesconnection.com\/pl\/tlumaczenie-strony-internetowej-nasze-uslugi-tlumaczen-stron-internetowych\/#breadcrumb"},"inLanguage":"pl-PL","potentialAction":[{"@type":"ReadAction","target":["https:\/\/culturesconnection.com\/pl\/tlumaczenie-strony-internetowej-nasze-uslugi-tlumaczen-stron-internetowych\/"]}]},{"@type":"ImageObject","inLanguage":"pl-PL","@id":"https:\/\/culturesconnection.com\/pl\/tlumaczenie-strony-internetowej-nasze-uslugi-tlumaczen-stron-internetowych\/#primaryimage","url":"https:\/\/culturesconnection.com\/wp-content\/uploads\/2013\/06\/background_website-translation.png","contentUrl":"https:\/\/culturesconnection.com\/wp-content\/uploads\/2013\/06\/background_website-translation.png","width":1440,"height":570,"caption":"background_website-translation"},{"@type":"BreadcrumbList","@id":"https:\/\/culturesconnection.com\/pl\/tlumaczenie-strony-internetowej-nasze-uslugi-tlumaczen-stron-internetowych\/#breadcrumb","itemListElement":[{"@type":"ListItem","position":1,"name":"Home","item":"https:\/\/culturesconnection.com\/pl\/"},{"@type":"ListItem","position":2,"name":"Nasze us\u0142ugi t\u0142umacze\u0144 stron internetowych"}]},{"@type":"WebSite","@id":"https:\/\/culturesconnection.com\/fr\/#website","url":"https:\/\/culturesconnection.com\/fr\/","name":"Cultures Connection","description":"Cultures Connection is a translation agency dedicated to the success of its international clients.","publisher":{"@id":"https:\/\/culturesconnection.com\/fr\/#organization"},"potentialAction":[{"@type":"SearchAction","target":{"@type":"EntryPoint","urlTemplate":"https:\/\/culturesconnection.com\/fr\/?s={search_term_string}"},"query-input":{"@type":"PropertyValueSpecification","valueRequired":true,"valueName":"search_term_string"}}],"inLanguage":"pl-PL"},{"@type":"Organization","@id":"https:\/\/culturesconnection.com\/fr\/#organization","name":"Cultures Connection","url":"https:\/\/culturesconnection.com\/fr\/","logo":{"@type":"ImageObject","inLanguage":"pl-PL","@id":"https:\/\/culturesconnection.com\/fr\/#\/schema\/logo\/image\/","url":"https:\/\/culturesconnection.com\/wp-content\/uploads\/2022\/06\/cropped-favicon512x512.png","contentUrl":"https:\/\/culturesconnection.com\/wp-content\/uploads\/2022\/06\/cropped-favicon512x512.png","width":512,"height":512,"caption":"Cultures Connection"},"image":{"@id":"https:\/\/culturesconnection.com\/fr\/#\/schema\/logo\/image\/"},"sameAs":["https:\/\/www.facebook.com\/CulturesConnection","https:\/\/x.com\/CulturesCo_"]}]}},"_links":{"self":[{"href":"https:\/\/culturesconnection.com\/pl\/wp-json\/wp\/v2\/pages\/11799","targetHints":{"allow":["GET"]}}],"collection":[{"href":"https:\/\/culturesconnection.com\/pl\/wp-json\/wp\/v2\/pages"}],"about":[{"href":"https:\/\/culturesconnection.com\/pl\/wp-json\/wp\/v2\/types\/page"}],"author":[{"embeddable":true,"href":"https:\/\/culturesconnection.com\/pl\/wp-json\/wp\/v2\/users\/22"}],"replies":[{"embeddable":true,"href":"https:\/\/culturesconnection.com\/pl\/wp-json\/wp\/v2\/comments?post=11799"}],"version-history":[{"count":0,"href":"https:\/\/culturesconnection.com\/pl\/wp-json\/wp\/v2\/pages\/11799\/revisions"}],"wp:featuredmedia":[{"embeddable":true,"href":"https:\/\/culturesconnection.com\/pl\/wp-json\/wp\/v2\/media\/11804"}],"wp:attachment":[{"href":"https:\/\/culturesconnection.com\/pl\/wp-json\/wp\/v2\/media?parent=11799"}],"curies":[{"name":"wp","href":"https:\/\/api.w.org\/{rel}","templated":true}]}}