{"id":11797,"date":"2018-11-02T10:24:57","date_gmt":"2018-11-02T08:24:57","guid":{"rendered":"http:\/\/culturesconnection.com\/?page_id=11797"},"modified":"2022-06-18T01:39:46","modified_gmt":"2022-06-17T23:39:46","slug":"wycena-tlumaczen","status":"publish","type":"page","link":"https:\/\/culturesconnection.com\/pl\/wycena-tlumaczen\/","title":{"rendered":"Wycena t\u0142umacze\u0144"},"content":{"rendered":"\n<h2 class=\"wp-block-heading\">Wycena t\u0142umacze\u0144<\/h2>\n\n\n\n<p>Posiadaj\u0105c siedziby we Francji i w Argentynie, <a href=\"https:\/\/culturesconnection.com\/pl\/\">Cultures Connection<\/a> jest agencj\u0105 t\u0142umaczeniow\u0105, oferuj\u0105c\u0105 profesjonalne us\u0142ugi t\u0142umacze\u0144 <a href=\"https:\/\/culturesconnection.com\/pl\/profesjonalne-uslugi-tlumaczeniowe-we-wszystkich-jezykach\/\">pisemnych<\/a> i <a href=\"https:\/\/culturesconnection.com\/pl\/nasze-uslugi-tlumaczen-ustnych\/\">ustnych<\/a>, <a href=\"https:\/\/culturesconnection.com\/pl\/uslugi-w-zakresie-seo-copywriting\/\">optymalizacj\u0119 stron internetowych SEO<\/a>, tworzenie napis\u00f3w, a tak\u017ce kursy j\u0119zykowe. W Cultures Connection wycena t\u0142umacze\u0144 jest darmowa, dla bardziej z\u0142o\u017conych projekt\u00f3w wykonujemy j\u0105 do 24 godzin, a dla prostszych projekt\u00f3w do dw\u00f3ch godzin. Nasz zesp\u00f3\u0142 tworzy codziennie wiele wycen i z tego powodu jest \u015bwiadomy, \u017ce klienci wymagaj\u0105 jasno\u015bci w kwestii oceny oferowanych us\u0142ug i ich koszt\u00f3w.<\/p>\n\n\n\n<h2 class=\"wp-block-heading\">Jak trzeba rozumie\u0107 wycen\u0119 t\u0142umaczenia?<\/h2>\n\n\n\n<p>Przed utworzeniem wyceny bierzemy pod uwag\u0119 ilo\u015b\u0107 znak\u00f3w, od kt\u00f3rych b\u0119dzie zale\u017ce\u0107 cena us\u0142ugi:<\/p>\n\n\n\n<p>&#8211; <strong>Format dokumentu<\/strong>: odtworzenie formatu dokumentu mo\u017ce by\u0107 skomplikowane i czasoch\u0142onne. Na przyk\u0142ad, je\u015bli materia\u0142 zawiera grafik\u0119 lub obrazy, przet\u0142umaczenie b\u0119dzie wymaga\u0107 wi\u0119cej pracy.<br>&#8211; <strong>Wielko\u015b\u0107<\/strong>: r\u00f3wnie\u017c wp\u0142ywa na ostateczn\u0105 cen\u0119. Wyliczenie jest wykonywane na podstawie liczby s\u0142\u00f3w, ilo\u015bci stron lub je\u015bli dokument nie zawiera tych informacji (np. obraz), dokonujemy szacowania, kt\u00f3re nast\u0119pnie dostosowujemy kiedy t\u0142umaczenie jest gotowe;<br>&#8211; <strong>Kopie<\/strong>: bierzemy pod uwag\u0119 wszystkie przet\u0142umaczone pliki tego samego klienta. Je\u015bli zawarto\u015b\u0107 tych dokument\u00f3w si\u0119 powtarza, daje to pow\u00f3d do udzielenia znacznych zni\u017cek;<br>&#8211; <strong>T\u0142umaczenia ekspresowe<\/strong>: aby wykona\u0107 t\u0142umaczenie ekspresowe, nasi t\u0142umacze musz\u0105 pracowa\u0107 w nocy, weekendy i czasem przerwa\u0107 bie\u017c\u0105cy projekt;<br>&#8211; <strong>Kombinacja j\u0119zyk\u00f3w<\/strong>: r\u00f3wnie\u017c wp\u0142ywa na cen\u0119. Im bardziej j\u0119zyk jest niespotykany, tym wi\u0119ksza b\u0119dzie cena t\u0142umaczenia. Przyk\u0142adowo, t\u0142umaczenie na j\u0119zyki roma\u0144skie b\u0119dzie ta\u0144sze ni\u017c na j\u0119zyki germa\u0144skie;<br>&#8211; <strong>Poziom zawarto\u015bci technicznej<\/strong>: im bardziej techniczne s\u0105 dokumenty, tym wy\u017csza b\u0119dzie cena;<br>&#8211; <strong>Poziomu \u017c\u0105danej us\u0142ugi<\/strong>: na przyk\u0142ad, je\u015bli chcia\u0142by\u015b sprawdzenia i\/lub korekty drugiego t\u0142umacza;<br>&#8211; <strong>T\u0142umacz przysi\u0119g\u0142y<\/strong>: w tej sytuacji musimy zatrudni\u0107 t\u0142umacza przysi\u0119g\u0142ego, kt\u00f3ry we\u017amie pe\u0142n\u0105 odpowiedzialno\u015b\u0107 za ca\u0142o\u015b\u0107 pracy;<br>&#8211; <strong>DTP<\/strong>: tworzenie nowych wykres\u00f3w, tabel i obraz\u00f3w powoduje dodatkow\u0105 prac\u0119.<\/p>\n","protected":false},"excerpt":{"rendered":"<p>Wycena t\u0142umacze\u0144 Posiadaj\u0105c siedziby we Francji i w Argentynie, Cultures Connection jest agencj\u0105 t\u0142umaczeniow\u0105, oferuj\u0105c\u0105 profesjonalne us\u0142ugi t\u0142umacze\u0144 pisemnych i ustnych, optymalizacj\u0119 stron internetowych SEO, [&#8230;]<\/p>\n<p><a class=\"btn btn-secondary understrap-read-more-link\" href=\"https:\/\/culturesconnection.com\/pl\/wycena-tlumaczen\/\">Czytaj dalej\u2026<span class=\"screen-reader-text\"> from Wycena t\u0142umacze\u0144<\/span><\/a><\/p>\n","protected":false},"author":22,"featured_media":19576,"parent":0,"menu_order":0,"comment_status":"closed","ping_status":"closed","template":"","meta":{"_acf_changed":false,"_editorskit_title_hidden":false,"_editorskit_reading_time":0,"_editorskit_is_block_options_detached":false,"_editorskit_block_options_position":"{}","footnotes":""},"class_list":["post-11797","page","type-page","status-publish","has-post-thumbnail","hentry"],"acf":[],"_links":{"self":[{"href":"https:\/\/culturesconnection.com\/pl\/wp-json\/wp\/v2\/pages\/11797","targetHints":{"allow":["GET"]}}],"collection":[{"href":"https:\/\/culturesconnection.com\/pl\/wp-json\/wp\/v2\/pages"}],"about":[{"href":"https:\/\/culturesconnection.com\/pl\/wp-json\/wp\/v2\/types\/page"}],"author":[{"embeddable":true,"href":"https:\/\/culturesconnection.com\/pl\/wp-json\/wp\/v2\/users\/22"}],"replies":[{"embeddable":true,"href":"https:\/\/culturesconnection.com\/pl\/wp-json\/wp\/v2\/comments?post=11797"}],"version-history":[{"count":0,"href":"https:\/\/culturesconnection.com\/pl\/wp-json\/wp\/v2\/pages\/11797\/revisions"}],"wp:featuredmedia":[{"embeddable":true,"href":"https:\/\/culturesconnection.com\/pl\/wp-json\/wp\/v2\/media\/19576"}],"wp:attachment":[{"href":"https:\/\/culturesconnection.com\/pl\/wp-json\/wp\/v2\/media?parent=11797"}],"curies":[{"name":"wp","href":"https:\/\/api.w.org\/{rel}","templated":true}]}}