{"id":11796,"date":"2018-11-02T10:42:26","date_gmt":"2018-11-02T08:42:26","guid":{"rendered":"http:\/\/culturesconnection.com\/?page_id=11796"},"modified":"2022-07-18T14:22:26","modified_gmt":"2022-07-18T12:22:26","slug":"tlumaczenia-dla-organizacji-miedzynarodowych-instytucji-europejskich-i-miedzynarodowych","status":"publish","type":"page","link":"https:\/\/culturesconnection.com\/pl\/tlumaczenia-dla-organizacji-miedzynarodowych-instytucji-europejskich-i-miedzynarodowych\/","title":{"rendered":"T\u0142umaczenia dla organizacji mi\u0119dzynarodowych, instytucji europejskich i mi\u0119dzynarodowych"},"content":{"rendered":"\n<h2 class=\"wp-block-heading\">T\u0142umaczenia dla organizacji mi\u0119dzynarodowych: kwestia wiedzy<\/h2>\n\n\n\n<p>Specjalizujemy si\u0119 w t\u0142umaczeniu dokument\u00f3w administracyjnych, finansowych i prawniczych oraz raport\u00f3w zwi\u0105zanych z mi\u0119dzynarodowymi organizacjami: mi\u0119dzynarodowe instytucje finansowe (MFW, Bank \u015awiatowy<em>)<\/em>, agendy Organizacji Narod\u00f3w Zjednoczonych (WHO, Unesco), instytucje europejskie, organizacje pozarz\u0105dowe, itp.&nbsp;Polegamy na zespole zaufanych profesjonalist\u00f3w \u015bwiadcz\u0105cych t\u0142umaczenia dla organizacji mi\u0119dzynarodowych, a ka\u017cdy z nich posiada szerokie do\u015bwiadczenie zawodowe w pracy z organizacjami mi\u0119dzynarodowymi i g\u0142\u0119bok\u0105 wiedz\u0119 o ich potrzebach i metodach pracy.<\/p>\n\n\n\n<h2 class=\"wp-block-heading\">Wysoka jako\u015b\u0107 ma kluczowe znaczenie<\/h2>\n\n\n\n<p>Organizacje mi\u0119dzynarodowe s\u0105 szczeg\u00f3lnie skoncentrowane na jako\u015bci ich t\u0142umacze\u0144. Z tego powodu nasza <a href=\"https:\/\/culturesconnection.com\/pl\/\">agencja<\/a> opracowa\u0142a konkretne glosariusze dla ka\u017cdej organizacji, z kt\u00f3r\u0105 wsp\u00f3\u0142pracujemy (na przyk\u0142ad z bran\u017cy bior\u00f3\u017cnorodno\u015bci), kt\u00f3re s\u0105 regularnie aktualizowane i weryfikowane na bie\u017c\u0105co.&nbsp;Posiadamy szerokie poj\u0119cie na r\u00f3\u017cne tematy w odniesieniu do organizacji mi\u0119dzynarodowych i w ten spos\u00f3b jeste\u015bmy w stanie udzieli\u0107 szybkiej odpowiedzi naszym klientom, jednocze\u015bnie gwarantuj\u0105c wysokiej jako\u015bci standardy. Zapewnianie <a href=\"https:\/\/culturesconnection.com\/pl\/profesjonalne-uslugi-tlumaczeniowe-we-wszystkich-jezykach\/\">us\u0142ug t\u0142umaczeniowych<\/a> organizacjom mi\u0119dzynarodowym jest wymagaj\u0105ce z uwagi na jako\u015b\u0107 i ograniczenia czasowe, co zmusza do zaaplikowania jak najlepszych praktyk; w rezultacie, mo\u017cemy je nast\u0119pnie zastosowa\u0107 w takich dziedzinach jak finanse, prawo i t\u0142umaczenia naukowe.<\/p>\n\n\n\n<h2 class=\"wp-block-heading\">Zapytaj o oferty konkurencyjne<\/h2>\n\n\n\n<p>Ka\u017cda umowa zawarta z organizacj\u0105 mi\u0119dzynarodow\u0105 jest rozsy\u0142ana je\u015bli zainteresowani wyka\u017c\u0105 zainteresowanie i wysun\u0105 pro\u015bb\u0119 o oferty konkurencyjne. Konkurencja jest ogromna, gdy\u017c wiele agencji konkuruje ze sob\u0105 w sprawie tego typu um\u00f3w. Odpowiadaj\u0105c na zapytania w kwestii ofert konkurencyjnych, stawiamy sobie wysok\u0105 poprzeczk\u0119 je\u015bli chodzi o jako\u015b\u0107 naszego procesu, naszego zespo\u0142u i naszej wiarygodno\u015bci. Nasza agencja t\u0142umaczeniowa od 2007 pracuje dla kilku oddzia\u0142\u00f3w ONZ, daj\u0105c tym samym dow\u00f3d \u015bwiadczenia wysokiej jako\u015bci us\u0142ug.<\/p>\n","protected":false},"excerpt":{"rendered":"<p>T\u0142umaczenia dla organizacji mi\u0119dzynarodowych: kwestia wiedzy Specjalizujemy si\u0119 w t\u0142umaczeniu dokument\u00f3w administracyjnych, finansowych i prawniczych oraz raport\u00f3w zwi\u0105zanych z mi\u0119dzynarodowymi organizacjami: mi\u0119dzynarodowe instytucje finansowe (MFW, [&#8230;]<\/p>\n<p><a class=\"btn btn-secondary understrap-read-more-link\" href=\"https:\/\/culturesconnection.com\/pl\/tlumaczenia-dla-organizacji-miedzynarodowych-instytucji-europejskich-i-miedzynarodowych\/\">Czytaj dalej\u2026<span class=\"screen-reader-text\"> from T\u0142umaczenia dla organizacji mi\u0119dzynarodowych, instytucji europejskich i mi\u0119dzynarodowych<\/span><\/a><\/p>\n","protected":false},"author":22,"featured_media":12145,"parent":0,"menu_order":0,"comment_status":"closed","ping_status":"closed","template":"","meta":{"_acf_changed":false,"_editorskit_title_hidden":false,"_editorskit_reading_time":1,"_editorskit_is_block_options_detached":false,"_editorskit_block_options_position":"{}","footnotes":""},"class_list":["post-11796","page","type-page","status-publish","has-post-thumbnail","hentry"],"acf":[],"_links":{"self":[{"href":"https:\/\/culturesconnection.com\/pl\/wp-json\/wp\/v2\/pages\/11796","targetHints":{"allow":["GET"]}}],"collection":[{"href":"https:\/\/culturesconnection.com\/pl\/wp-json\/wp\/v2\/pages"}],"about":[{"href":"https:\/\/culturesconnection.com\/pl\/wp-json\/wp\/v2\/types\/page"}],"author":[{"embeddable":true,"href":"https:\/\/culturesconnection.com\/pl\/wp-json\/wp\/v2\/users\/22"}],"replies":[{"embeddable":true,"href":"https:\/\/culturesconnection.com\/pl\/wp-json\/wp\/v2\/comments?post=11796"}],"version-history":[{"count":0,"href":"https:\/\/culturesconnection.com\/pl\/wp-json\/wp\/v2\/pages\/11796\/revisions"}],"wp:featuredmedia":[{"embeddable":true,"href":"https:\/\/culturesconnection.com\/pl\/wp-json\/wp\/v2\/media\/12145"}],"wp:attachment":[{"href":"https:\/\/culturesconnection.com\/pl\/wp-json\/wp\/v2\/media?parent=11796"}],"curies":[{"name":"wp","href":"https:\/\/api.w.org\/{rel}","templated":true}]}}